{"id":6795,"date":"2025-05-19T08:51:28","date_gmt":"2025-05-19T08:51:28","guid":{"rendered":"https:\/\/stem-eshop.gr\/product\/4m-toys-%ce%b5%cf%80%ce%b9%cf%83%cf%84%ce%ae%ce%bc%ce%b7-%cf%80%ce%b5%cf%80%cf%84%ce%b9%ce%ba%ce%bf-%cf%83%cf%85%cf%83%cf%84%ce%b7%ce%bc%ce%b1-%ce%bc%ce%b5-buzzer\/"},"modified":"2025-11-06T11:25:35","modified_gmt":"2025-11-06T08:25:35","slug":"4m-toys-%ce%b5%cf%80%ce%b9%cf%83%cf%84%ce%ae%ce%bc%ce%b7-%cf%80%ce%b5%cf%80%cf%84%ce%b9%ce%ba%ce%bf-%cf%83%cf%85%cf%83%cf%84%ce%b7%ce%bc%ce%b1-%ce%bc%ce%b5-buzzer","status":"publish","type":"product","link":"https:\/\/stem-eshop.gr\/sq\/produkt\/4m-toys-%ce%b5%cf%80%ce%b9%cf%83%cf%84%ce%ae%ce%bc%ce%b7-%cf%80%ce%b5%cf%80%cf%84%ce%b9%ce%ba%ce%bf-%cf%83%cf%85%cf%83%cf%84%ce%b7%ce%bc%ce%b1-%ce%bc%ce%b5-buzzer\/","title":{"rendered":"Lodrat 4M \u2013 Shkenca: SISTEMI TRET\u00cbS ME ZIL\u00cbZ\u00cb"},"content":{"rendered":"<p style=\"margin:0px 0px 10px;padding:0px;font-family:'Open Sans', sans-serif;font-size:15px;line-height:1.3;letter-spacing:0.7px;background-color:#ffffff\">\u03a4\u03a1\u039f\u03a0\u039f\u03a3 \u039b\u0395\u0399\u03a4\u039f\u03a5\u03a1\u0393\u0399\u0391\u03a3: \u0397 \u03ac\u03ba\u03c1\u03b7 \u03c4\u03bf\u03c5 \u03c1\u03b1\u03b2\u03b4\u03b9\u03bf\u03cd \u03b1\u03c0\u03bf\u03c4\u03b5\u03bb\u03b5\u03af\u03c4\u03b1\u03b9 \u03b1\u03c0\u03cc \u03ad\u03bd\u03b1 \u03ba\u03b5\u03bd\u03c4\u03c1\u03b9\u03ba\u03cc \u03ba\u03b1\u03c1\u03c6\u03af\u03bf \u03bc\u03b5 \u03ad\u03bd\u03b1 \u03b5\u03bb\u03b1\u03c4\u03ae\u03c1\u03b9\u03bf \u03b3\u03cd\u03c1\u03c9 \u03c4\u03bf\u03c5. \u0397 \u03bc\u03c0\u03b1\u03c4\u03b1\u03c1\u03af\u03b1, \u03bf \u03b4\u03b9\u03b1\u03ba\u03cc\u03c0\u03c4\u03b7\u03c2, \u03c4\u03bf buzzer, \u03c4\u03bf \u03ba\u03b1\u03c1\u03c6\u03af\u03bf \u03ba\u03b1\u03b9 \u03c4\u03bf \u03ba\u03b1\u03bb\u03ce\u03b4\u03b9\u03bf \u03c3\u03c5\u03bd\u03b4\u03ad\u03bf\u03bd\u03c4\u03b1\u03b9 \u03b3\u03b9\u03b1 \u03bd\u03b1 \u03b4\u03b7\u03bc\u03b9\u03bf\u03c5\u03c1\u03b3\u03ae\u03c3\u03bf\u03c5\u03bd \u03ad\u03bd\u03b1 \u03b7\u03bb\u03b5\u03ba\u03c4\u03c1\u03b9\u03ba\u03cc \u03ba\u03cd\u03ba\u03bb\u03c9\u03bc\u03b1. \u03a4\u03bf \u03c1\u03b1\u03b2\u03b4\u03af \u03bb\u03b5\u03b9\u03c4\u03bf\u03c5\u03c1\u03b3\u03b5\u03af \u03c3\u03b1\u03bd \u03ad\u03be\u03c4\u03c1\u03b1 \u03b4\u03b9\u03b1\u03ba\u03cc\u03c0\u03c4\u03b7\u03c2 \u03c4\u03bf\u03c5 \u03ba\u03c5\u03ba\u03bb\u03ce\u03bc\u03b1\u03c4\u03bf\u03c2. \u038c\u03c4\u03b1\u03bd \u03b1\u03b3\u03b3\u03af\u03b6\u03b5\u03c4\u03b5 \u03c4\u03b9\u03c2 \u03ac\u03ba\u03c1\u03b5\u03c2 \u03c4\u03b7\u03c2 \u03b4\u03b9\u03b1\u03b4\u03c1\u03bf\u03bc\u03ae\u03c2 \u03bc\u03b5 \u03c4\u03bf \u03c1\u03b1\u03b2\u03b4\u03af, \u03c4\u03bf \u03b5\u03bb\u03b1\u03c4\u03ae\u03c1\u03b9\u03bf \u03bb\u03c5\u03b3\u03af\u03b6\u03b5\u03b9 \u03ba\u03b1\u03b9 \u03b1\u03ba\u03bf\u03c5\u03bc\u03c0\u03ac\u03b5\u03b9 \u03c4\u03bf \u03ba\u03b1\u03c1\u03c6\u03af\u03bf. \u0391\u03c5\u03c4\u03cc \u03bf\u03bb\u03bf\u03ba\u03bb\u03b7\u03c1\u03ce\u03bd\u03b5\u03b9 \u03c4\u03bf \u03ba\u03cd\u03ba\u03bb\u03c9\u03bc\u03b1, \u03bc\u03b5 \u03b1\u03c0\u03bf\u03c4\u03ad\u03bb\u03b5\u03c3\u03bc\u03b1 \u03bd\u03b1 \u03c1\u03ad\u03b5\u03b9 \u03b7 \u03b5\u03bd\u03ad\u03c1\u03b3\u03b5\u03b9\u03b1 \u03bc\u03ad\u03c3\u03c9 \u03c4\u03bf\u03c5 buzzer \u03b5\u03bd\u03b5\u03c1\u03b3\u03bf\u03c0\u03bf\u03b9\u03ce\u03bd\u03c4\u03b1\u03c2 \u03c4\u03bf. \u00a0 \u00a0 \u00a0 \u00a0 \u00a0 \u00a0 \u00a0 \u00a0 \u00a0 \u00a0 \u00a0 \u00a0 \u00a0<\/p>\n<p style=\"margin:0px 0px 10px;padding:0px;font-family:'Open Sans', sans-serif;font-size:15px;line-height:1.3;letter-spacing:0.7px;background-color:#ffffff\">\u03a0\u03b5\u03c1\u03b9\u03ad\u03c7\u03bf\u03bd\u03c4\u03b1\u03b9 \u03bf\u03b4\u03b7\u03b3\u03af\u03b5\u03c2 \u03c3\u03c4\u03b1 \u0395\u03bb\u03bb\u03b7\u03bd\u03b9\u03ba\u03ac.\u00a0<\/p>","protected":false},"excerpt":{"rendered":"<p style=\"margin:0px 0px 10px;padding:0px;font-family:'Open Sans', sans-serif;font-size:15px;line-height:1.3;letter-spacing:0.7px;background-color:#ffffff\">\u0391\u03bd\u03b1\u03ba\u03ac\u03bb\u03c5\u03c8\u03b5 \u03c4\u03bf \u03c4\u03b1\u03be\u03af\u03b4\u03b9 \u03c0\u03bf\u03c5 \u03ba\u03ac\u03bd\u03b5\u03b9 \u03b7 \u03c4\u03c1\u03bf\u03c6\u03ae \u03bc\u03ad\u03c3\u03b1 \u03b1\u03c0\u03cc \u03c4\u03bf \u03b1\u03bd\u03b8\u03c1\u03ce\u03c0\u03b9\u03bd\u03bf \u03c3\u03cd\u03c3\u03c4\u03b7\u03bc\u03b1 \u03ba\u03b1\u03b9 \u03bc\u03ac\u03b8\u03b5 \u03b3\u03b9\u03b1 \u03c4\u03b9\u03c2 \u03bb\u03b5\u03b9\u03c4\u03bf\u03c5\u03c1\u03b3\u03af\u03b5\u03c2 \u03c4\u03bf\u03c5 \u03c0\u03b5\u03c0\u03c4\u03b9\u03ba\u03bf\u03cd \u03c3\u03c5\u03c3\u03c4\u03ae\u03bc\u03b1\u03c4\u03bf\u03c2. \u0398\u03b1 \u03ba\u03b1\u03c4\u03b1\u03c6\u03ad\u03c1\u03b5\u03b9\u03c2 \u03bd\u03b1 \u03ba\u03ac\u03bd\u03b5\u03b9\u03c2 \u03c4\u03b7 \u03b4\u03b9\u03b1\u03b4\u03c1\u03bf\u03bc\u03ae \u03bc\u03b5 \u03c4\u03bf \u03c1\u03b1\u03b2\u03b4\u03af \u03c7\u03c9\u03c1\u03af\u03c2 \u03bd\u03b1 \u03c7\u03c4\u03c5\u03c0\u03ae\u03c3\u03b5\u03b9 \u03c4\u03bf buzzer; \u0394\u03b9\u03ac\u03b2\u03b1\u03c3\u03b5 \u03c4\u03b1 \u03c8\u03c5\u03c7\u03b1\u03b3\u03c9\u03b3\u03b9\u03ba\u03ac \u03c3\u03c4\u03bf\u03b9\u03c7\u03b5\u03af\u03b1 \u03c0\u03bf\u03c5 \u03c0\u03b5\u03c1\u03b9\u03bb\u03b1\u03bc\u03b2\u03ac\u03bd\u03bf\u03bd\u03c4\u03b1\u03b9 \u03c3\u03c4\u03b9\u03c2 \u03bf\u03b4\u03b7\u03b3\u03af\u03b5\u03c2 \u03ba\u03b1\u03b9 \u03bc\u03ac\u03b8\u03b5 \u03b5\u03bd\u03b4\u03b9\u03b1\u03c6\u03ad\u03c1\u03bf\u03c5\u03c3\u03b5\u03c2 \u00a0\u03c0\u03bb\u03b7\u03c1\u03bf\u03c6\u03bf\u03c1\u03af\u03b5\u03c2 \u03b3\u03b9\u03b1 \u03c4\u03b1 \u03cc\u03c1\u03b3\u03b1\u03bd\u03b1 \u03c4\u03bf\u03c5 \u03c0\u03b5\u03c0\u03c4\u03b9\u03ba\u03bf\u03cd \u03c3\u03c5\u03c3\u03c4\u03ae\u03bc\u03b1\u03c4\u03bf\u03c2.<\/p>\n<p style=\"margin:0px 0px 10px;padding:0px;font-family:'Open Sans', sans-serif;font-size:15px;line-height:1.3;letter-spacing:0.7px;background-color:#ffffff\">\u03a0\u0395\u03a1\u0399\u0395\u03a7\u039f\u039c\u0395\u039d\u0391: \u039c\u03ad\u03c1\u03bf\u03c2 1: \u0392\u03ac\u03c3\u03b7 \u03a7 1, \u039c\u03ad\u03c1\u03bf\u03c2 2: \u039a\u03b1\u03c1\u03c4\u03ad\u03bb\u03b1 \u03a7 2, \u039c\u03ad\u03c1\u03bf\u03c2 3: \u03a1\u03b1\u03b2\u03b4\u03af \u03a7 1, \u039c\u03ad\u03c1\u03bf\u03c2 4: \u039a\u03ac\u03bb\u03c5\u03bc\u03bc\u03b1 \u03b8\u03ae\u03ba\u03b7\u03c2 \u03bc\u03c0\u03b1\u03c4\u03b1\u03c1\u03af\u03b1\u03c2 \u03a7 1, \u039c\u03ad\u03c1\u03bf\u03c2 5: \u03a0\u03bb\u03b1\u03c3\u03c4\u03b9\u03ba\u03cc \u03ba\u03b1\u03c1\u03c6\u03af\u03bf \u03a7 4, \u039c\u03ad\u03c1\u03bf\u03c2 6: \u039a\u03b1\u03c0\u03ac\u03ba\u03b9 \u03b1\u03ba\u03c1\u03bf\u03b4\u03ad\u03ba\u03c4\u03b7 \u03a7 2, \u039c\u03ad\u03c1\u03bf\u03c2 7: \u03a0\u03cc\u03b4\u03b9 \u03a7 2, \u039c\u03ad\u03c1\u03bf\u03c2 8: \u0392\u03af\u03b4\u03b1 \u03a7 1.<\/p>","protected":false},"featured_media":4765,"comment_status":"open","ping_status":"closed","template":"","meta":{"site-sidebar-layout":"default","site-content-layout":"","ast-site-content-layout":"default","site-content-style":"default","site-sidebar-style":"default","ast-global-header-display":"","ast-banner-title-visibility":"","ast-main-header-display":"","ast-hfb-above-header-display":"","ast-hfb-below-header-display":"","ast-hfb-mobile-header-display":"","site-post-title":"","ast-breadcrumbs-content":"","ast-featured-img":"","footer-sml-layout":"","ast-disable-related-posts":"","theme-transparent-header-meta":"","adv-header-id-meta":"","stick-header-meta":"","header-above-stick-meta":"","header-main-stick-meta":"","header-below-stick-meta":"","astra-migrate-meta-layouts":"default","ast-page-background-enabled":"default","ast-page-background-meta":{"desktop":{"background-color":"var(--ast-global-color-5)","background-image":"","background-repeat":"repeat","background-position":"center center","background-size":"auto","background-attachment":"scroll","background-type":"","background-media":"","overlay-type":"","overlay-color":"","overlay-opacity":"","overlay-gradient":""},"tablet":{"background-color":"","background-image":"","background-repeat":"repeat","background-position":"center center","background-size":"auto","background-attachment":"scroll","background-type":"","background-media":"","overlay-type":"","overlay-color":"","overlay-opacity":"","overlay-gradient":""},"mobile":{"background-color":"","background-image":"","background-repeat":"repeat","background-position":"center center","background-size":"auto","background-attachment":"scroll","background-type":"","background-media":"","overlay-type":"","overlay-color":"","overlay-opacity":"","overlay-gradient":""}},"ast-content-background-meta":{"desktop":{"background-color":"var(--ast-global-color-4)","background-image":"","background-repeat":"repeat","background-position":"center center","background-size":"auto","background-attachment":"scroll","background-type":"","background-media":"","overlay-type":"","overlay-color":"","overlay-opacity":"","overlay-gradient":""},"tablet":{"background-color":"var(--ast-global-color-4)","background-image":"","background-repeat":"repeat","background-position":"center center","background-size":"auto","background-attachment":"scroll","background-type":"","background-media":"","overlay-type":"","overlay-color":"","overlay-opacity":"","overlay-gradient":""},"mobile":{"background-color":"var(--ast-global-color-4)","background-image":"","background-repeat":"repeat","background-position":"center center","background-size":"auto","background-attachment":"scroll","background-type":"","background-media":"","overlay-type":"","overlay-color":"","overlay-opacity":"","overlay-gradient":""}}},"product_brand":[96],"product_cat":[126,53,39,38,56,47,35,40,30],"product_tag":[],"class_list":{"0":"post-6795","1":"product","2":"type-product","3":"status-publish","4":"has-post-thumbnail","6":"product_brand-4m","7":"product_cat-126","8":"product_cat-53","9":"product_cat-39","10":"product_cat-38","11":"product_cat-56","12":"product_cat-47","13":"product_cat--10-12-","14":"product_cat--12-","15":"product_cat--6-9-","16":"desktop-align-left","17":"tablet-align-left","18":"mobile-align-left","20":"first","21":"instock","22":"taxable","23":"shipping-taxable","24":"purchasable","25":"product-type-simple"},"_links":{"self":[{"href":"https:\/\/stem-eshop.gr\/sq\/wp-json\/wp\/v2\/product\/6795","targetHints":{"allow":["GET"]}}],"collection":[{"href":"https:\/\/stem-eshop.gr\/sq\/wp-json\/wp\/v2\/product"}],"about":[{"href":"https:\/\/stem-eshop.gr\/sq\/wp-json\/wp\/v2\/types\/product"}],"replies":[{"embeddable":true,"href":"https:\/\/stem-eshop.gr\/sq\/wp-json\/wp\/v2\/comments?post=6795"}],"wp:featuredmedia":[{"embeddable":true,"href":"https:\/\/stem-eshop.gr\/sq\/wp-json\/wp\/v2\/media\/4765"}],"wp:attachment":[{"href":"https:\/\/stem-eshop.gr\/sq\/wp-json\/wp\/v2\/media?parent=6795"}],"wp:term":[{"taxonomy":"product_brand","embeddable":true,"href":"https:\/\/stem-eshop.gr\/sq\/wp-json\/wp\/v2\/product_brand?post=6795"},{"taxonomy":"product_cat","embeddable":true,"href":"https:\/\/stem-eshop.gr\/sq\/wp-json\/wp\/v2\/product_cat?post=6795"},{"taxonomy":"product_tag","embeddable":true,"href":"https:\/\/stem-eshop.gr\/sq\/wp-json\/wp\/v2\/product_tag?post=6795"}],"curies":[{"name":"wp","href":"https:\/\/api.w.org\/{rel}","templated":true}]}}