{"id":6695,"date":"2025-05-19T08:33:27","date_gmt":"2025-05-19T08:33:27","guid":{"rendered":"https:\/\/stem-eshop.gr\/product\/funduino-starter-kit-uno-r3-ultimate-education-%ce%b3%ce%b9%ce%b1-arduino-%ce%bc%ce%b5-%ce%b2%ce%b9%ce%b2%ce%bb%ce%af%ce%bf-%ce%b5%cf%81%ce%b3%ce%b1%cf%83%ce%af%ce%b1%cf%82\/"},"modified":"2025-12-24T10:46:43","modified_gmt":"2025-12-24T07:46:43","slug":"funduino-starter-kit-uno-r3-ultimate-education-%ce%b3%ce%b9%ce%b1-arduino-%ce%bc%ce%b5-%ce%b2%ce%b9%ce%b2%ce%bb%ce%af%ce%bf-%ce%b5%cf%81%ce%b3%ce%b1%cf%83%ce%af%ce%b1%cf%82","status":"publish","type":"product","link":"https:\/\/stem-eshop.gr\/sq\/produkt\/funduino-starter-kit-uno-r3-ultimate-education-%ce%b3%ce%b9%ce%b1-arduino-%ce%bc%ce%b5-%ce%b2%ce%b9%ce%b2%ce%bb%ce%af%ce%bf-%ce%b5%cf%81%ce%b3%ce%b1%cf%83%ce%af%ce%b1%cf%82\/","title":{"rendered":"Funduino Starter Kit-UNO R3 - Edukim p\u00ebrfundimtar p\u00ebr Arduino me lib\u00ebr pune"},"content":{"rendered":"<p class=\"MsoNormal\">\u03a0\u03b5\u03c1\u03b9\u03bb\u03b1\u03bc\u03b2\u03ac\u03bd\u03b5\u03b9 \u03c3\u03c5\u03bd\u03bf\u03b4\u03b5\u03c5\u03c4\u03b9\u03ba\u03cc \u03b2\u03b9\u03b2\u03bb\u03b9\u03b1\u03c1\u03ac\u03ba\u03b9 \/ \u03b2\u03b9\u03b2\u03bb\u03af\u03bf \u03b5\u03c1\u03b3\u03b1\u03c3\u03af\u03b1\u03c2 (130+ \u03c3\u03b5\u03bb\u03af\u03b4\u03b5\u03c2, 29 \u03ad\u03c1\u03b3\u03b1)<\/p>\n<p class=\"MsoNormal\">\u03a0\u03b5\u03c1\u03b9\u03ad\u03c7\u03b5\u03b9 \u03c0\u03b1\u03c1\u03b1\u03b4\u03b5\u03af\u03b3\u03bc\u03b1\u03c4\u03b1 \u03b4\u03b9\u03b1\u03c6\u03cc\u03c1\u03c9\u03bd \u03ad\u03c1\u03b3\u03c9\u03bd, \u03c0.\u03c7. \u03ad\u03bb\u03b5\u03b3\u03c7\u03bf\u03c2 LED, \u03bc\u03b5\u03c4\u03c1\u03ae\u03c3\u03b5\u03b9\u03c2 \u03b8\u03b5\u03c1\u03bc\u03bf\u03ba\u03c1\u03b1\u03c3\u03af\u03b1\u03c2 \u03ba\u03b1\u03b9 \u03ad\u03bb\u03b5\u03b3\u03c7\u03bf\u03c2 \u03ba\u03b9\u03bd\u03b7\u03c4\u03ae\u03c1\u03b1<\/p>\n<p class=\"MsoNormal\">\u038c\u03bb\u03b1 \u03c4\u03b1 \u03b5\u03be\u03b1\u03c1\u03c4\u03ae\u03bc\u03b1\u03c4\u03b1 \u03b5\u03af\u03bd\u03b1\u03b9 \u03b5\u03cd\u03ba\u03bf\u03bb\u03b1 \u03c3\u03c4\u03b7 \u03c3\u03cd\u03bd\u03b4\u03b5\u03c3\u03b7 \u03ba\u03b1\u03b9 \u03c7\u03c1\u03ae\u03c3\u03b7 (plug-and-play)<\/p>\n<p class=\"MsoNormal\">\u039c\u03b5 \u03b1\u03bd\u03b8\u03b5\u03ba\u03c4\u03b9\u03ba\u03ae \u03c0\u03bb\u03b1\u03c3\u03c4\u03b9\u03ba\u03ae \u03b8\u03ae\u03ba\u03b7 \u03c4\u03b1\u03be\u03b9\u03bd\u03cc\u03bc\u03b7\u03c3\u03b7\u03c2, \u03ba\u03b1\u03b8\u03b9\u03c3\u03c4\u03ce\u03bd\u03c4\u03b1\u03c2 \u03c4\u03bf \u03b9\u03b4\u03b9\u03b1\u03af\u03c4\u03b5\u03c1\u03b1 \u03b2\u03b9\u03ce\u03c3\u03b9\u03bc\u03bf \u03c3\u03c4\u03b7 \u03c7\u03c1\u03ae\u03c3\u03b7<\/p>\n<p>\u039f \u03ba\u03b1\u03b8\u03ad\u03bd\u03b1\u03c2 \u03bc\u03c0\u03bf\u03c1\u03b5\u03af \u03bd\u03b1 \u03bc\u03ac\u03b8\u03b5\u03b9 \u03c0\u03c1\u03bf\u03b3\u03c1\u03b1\u03bc\u03bc\u03b1\u03c4\u03b9\u03c3\u03bc\u03cc \u03bc\u03b5 \u03c4\u03bf Funduino Starter Kit \u03b3\u03b9\u03b1 Arduino<\/p>\n<p>\u03a4\u03bf Starter Kit \u03bc\u03b1\u03c2 \u03b3\u03b9\u03b1 Arduino \u03b4\u03b5\u03bd \u03b1\u03c0\u03b1\u03b9\u03c4\u03b5\u03af \u03c0\u03c1\u03bf\u03b7\u03b3\u03bf\u03cd\u03bc\u03b5\u03bd\u03b5\u03c2 \u03b3\u03bd\u03ce\u03c3\u03b5\u03b9\u03c2 \u03ba\u03b1\u03b9 \u03b5\u03af\u03bd\u03b1\u03b9 \u03b5\u03b9\u03b4\u03b9\u03ba\u03ac \u03c3\u03c7\u03b5\u03b4\u03b9\u03b1\u03c3\u03bc\u03ad\u03bd\u03bf \u03b3\u03b9\u03b1 \u03b1\u03c1\u03c7\u03ac\u03c1\u03b9\u03bf\u03c5\u03c2.<\/p>\n<p>\u0391\u03c0\u03cc \u03c4\u03b7\u03bd \u03b1\u03c1\u03c7\u03ae, \u03bc\u03b1\u03b8\u03b1\u03af\u03bd\u03bf\u03c5\u03bc\u03b5 \u03bc\u03b1\u03b6\u03af \u03c4\u03b1 \u03b2\u03b1\u03c3\u03b9\u03ba\u03ac \u03c4\u03b7\u03c2 \u03bc\u03b9\u03ba\u03c1\u03bf\u03b7\u03bb\u03b5\u03ba\u03c4\u03c1\u03bf\u03bd\u03b9\u03ba\u03ae\u03c2 \u2013 \u03ba\u03b1\u03b9 \u03c0\u03c1\u03bf\u03bf\u03b4\u03b5\u03c5\u03c4\u03b9\u03ba\u03ac \u03b2\u03b5\u03bb\u03c4\u03b9\u03c9\u03bd\u03cc\u03bc\u03b1\u03c3\u03c4\u03b5!<\/p>\n<p>\u038c\u03c4\u03b1\u03bd \u03b7 Funduino \u03b4\u03b7\u03bc\u03b9\u03bf\u03cd\u03c1\u03b3\u03b7\u03c3\u03b5 \u03c4\u03bf Starter Kit \u03b3\u03b9\u03b1 Arduino, \u03b5\u03af\u03c7\u03b5 \u03b4\u03cd\u03bf \u03b2\u03b1\u03c3\u03b9\u03ba\u03bf\u03cd\u03c2 \u03c3\u03c4\u03cc\u03c7\u03bf\u03c5\u03c2:<\/p>\n<p>\u0391\u03bd\u03c4\u03af \u03b3\u03b9\u03b1 \u03c4\u03c5\u03c7\u03b1\u03af\u03b1 \u03b5\u03c0\u03b9\u03bb\u03b5\u03b3\u03bc\u03ad\u03bd\u03b1 \u03b7\u03bb\u03b5\u03ba\u03c4\u03c1\u03bf\u03bd\u03b9\u03ba\u03ac \u03b5\u03be\u03b1\u03c1\u03c4\u03ae\u03bc\u03b1\u03c4\u03b1, \u03c3\u03c4\u03b7 Funduino \u03b2\u03b1\u03c3\u03af\u03b6\u03bf\u03bd\u03c4\u03b1\u03b9 \u03c3\u03b5 \u03bc\u03b9\u03b1 \u03c4\u03ad\u03bb\u03b5\u03b9\u03b1 \u03c3\u03c5\u03bd\u03c4\u03bf\u03bd\u03b9\u03c3\u03bc\u03ad\u03bd\u03b7 \u03b5\u03c0\u03b9\u03bb\u03bf\u03b3\u03ae \u03b5\u03be\u03b1\u03c1\u03c4\u03b7\u03bc\u03ac\u03c4\u03c9\u03bd \u03c0\u03bf\u03c5 \u03bc\u03c0\u03bf\u03c1\u03bf\u03cd\u03bd \u03bd\u03b1 \u03c3\u03c5\u03bd\u03b4\u03c5\u03b1\u03c3\u03c4\u03bf\u03cd\u03bd \u03bc\u03b5\u03c4\u03b1\u03be\u03cd \u03c4\u03bf\u03c5\u03c2 \u03b3\u03b9\u03b1 \u03c4\u03b7 \u03b4\u03b7\u03bc\u03b9\u03bf\u03c5\u03c1\u03b3\u03af\u03b1 \u03c3\u03c0\u03bf\u03c5\u03b4\u03b1\u03af\u03c9\u03bd \u03ad\u03c1\u03b3\u03c9\u03bd. \u0393\u03b9\u2019 \u03b1\u03c5\u03c4\u03cc, \u03c3\u03c4\u03bf starter kit \u03b4\u03b5\u03bd \u03b8\u03b1 \u03b2\u03c1\u03b5\u03af\u03c4\u03b5 \u03ac\u03c7\u03c1\u03b7\u03c3\u03c4\u03b1 \u03b5\u03be\u03b1\u03c1\u03c4\u03ae\u03bc\u03b1\u03c4\u03b1, \u03c0\u03b1\u03c1\u03ac \u03bc\u03cc\u03bd\u03bf \u03c7\u03c1\u03ae\u03c3\u03b9\u03bc\u03b1 \u03ba\u03b1\u03b9 \u03c3\u03c5\u03bd\u03b1\u03c1\u03c0\u03b1\u03c3\u03c4\u03b9\u03ba\u03ac!<\/p>\n<p>\u039c\u03bf\u03bd\u03b1\u03b4\u03b9\u03ba\u03cc \u03c7\u03b1\u03c1\u03b1\u03ba\u03c4\u03b7\u03c1\u03b9\u03c3\u03c4\u03b9\u03ba\u03cc: \u039a\u03ac\u03b8\u03b5 \u03ba\u03b9\u03c4 \u03c3\u03c5\u03bd\u03bf\u03b4\u03b5\u03cd\u03b5\u03c4\u03b1\u03b9 \u03b1\u03c0\u03cc \u03ad\u03bd\u03b1 \u03b1\u03bd\u03c4\u03af\u03b3\u03c1\u03b1\u03c6\u03bf \u03c4\u03bf\u03c5 \u03b2\u03b9\u03b2\u03bb\u03af\u03bf\u03c5 &#8220;ARDUINO lernen &#8211; Arbeitsbuch zum Erlernen der Arduino Entwicklungsumgebung&#8221;. \u03a3\u03c4\u03b9\u03c2 130+ \u03c3\u03b5\u03bb\u03af\u03b4\u03b5\u03c2 \u03c4\u03bf\u03c5 \u03ba\u03b1\u03b9 \u03bc\u03ad\u03c3\u03b1 \u03b1\u03c0\u03cc 29 \u03ad\u03c1\u03b3\u03b1, \u03b5\u03be\u03b7\u03b3\u03b5\u03af \u03b1\u03bd\u03b1\u03bb\u03c5\u03c4\u03b9\u03ba\u03ac \u03ba\u03ac\u03b8\u03b5 \u03b7\u03bb\u03b5\u03ba\u03c4\u03c1\u03bf\u03bd\u03b9\u03ba\u03cc \u03b5\u03be\u03ac\u03c1\u03c4\u03b7\u03bc\u03b1 \u03c4\u03bf\u03c5 \u03ba\u03b9\u03c4. \u0395\u03ba\u03c4\u03cc\u03c2 \u03b1\u03c0\u03cc \u03c0\u03bb\u03b7\u03c1\u03bf\u03c6\u03bf\u03c1\u03af\u03b5\u03c2 \u03b3\u03b9\u03b1 \u03c4\u03b1 \u03b5\u03be\u03b1\u03c1\u03c4\u03ae\u03bc\u03b1\u03c4\u03b1, \u03c0\u03b5\u03c1\u03b9\u03bb\u03b1\u03bc\u03b2\u03ac\u03bd\u03b5\u03b9 \u03b5\u03c0\u03af\u03c3\u03b7\u03c2 \u03c0\u03af\u03bd\u03b1\u03ba\u03b1 \u03c5\u03bb\u03b9\u03ba\u03ce\u03bd, \u03b4\u03b9\u03b1\u03b3\u03c1\u03ac\u03bc\u03bc\u03b1\u03c4\u03b1 \u03ba\u03c5\u03ba\u03bb\u03c9\u03bc\u03ac\u03c4\u03c9\u03bd \u03ba\u03b1\u03b9 \u03c0\u03b1\u03c1\u03b1\u03b4\u03b5\u03af\u03b3\u03bc\u03b1\u03c4\u03b1 \u03c0\u03c1\u03bf\u03b3\u03c1\u03b1\u03bc\u03bc\u03ac\u03c4\u03c9\u03bd.<\/p>\n<\/p>\n<p class=\"MsoNormal\">\u0388\u03ba\u03b4\u03bf\u03c3\u03b7 &#8220;Ultimate Education&#8221;<\/p>\n<\/p>\n<p class=\"MsoNormal\">\u038c\u03bb\u03b1 \u03c4\u03b1 \u03ad\u03c1\u03b3\u03b1 \u03c4\u03c9\u03bd \u03b5\u03ba\u03b4\u03cc\u03c3\u03b5\u03c9\u03bd &#8220;Basic&#8221; \u03ba\u03b1\u03b9 &#8220;Education&#8221;<\/p>\n<\/p>\n<p class=\"MsoNormal\">\u039c\u03ad\u03c4\u03c1\u03b7\u03c3\u03b7 \u03b8\u03b5\u03c1\u03bc\u03bf\u03ba\u03c1\u03b1\u03c3\u03af\u03b1\u03c2 \u03c0\u03b5\u03c1\u03b9\u03b2\u03ac\u03bb\u03bb\u03bf\u03bd\u03c4\u03bf\u03c2 \u03bc\u03b5 \u03b1\u03b9\u03c3\u03b8\u03b7\u03c4\u03ae\u03c1\u03b1 TMP36<\/p>\n<\/p>\n<p class=\"MsoNormal\">\u03a7\u03c1\u03ae\u03c3\u03b7 joystick<\/p>\n<\/p>\n<p class=\"MsoNormal\">\u03a0\u03bf\u03bb\u03cd\u03c7\u03c1\u03c9\u03bc\u03b1 \u03c6\u03ce\u03c4\u03b1 &#8211; LED WS2812B<\/p>\n<\/p>\n<p class=\"MsoNormal\">\u03a0\u03c1\u03bf\u03c3\u03b4\u03b9\u03bf\u03c1\u03b9\u03c3\u03bc\u03cc\u03c2 \u03b8\u03ad\u03c3\u03b7\u03c2 \u03bc\u03b5 \u03b3\u03c5\u03c1\u03bf\u03c3\u03ba\u03cc\u03c0\u03b9\u03bf \u03ba\u03b1\u03b9 \u03b1\u03b9\u03c3\u03b8\u03b7\u03c4\u03ae\u03c1\u03b1 \u03b5\u03c0\u03b9\u03c4\u03ac\u03c7\u03c5\u03bd\u03c3\u03b7\u03c2<\/p>\n<\/p>\n<p class=\"MsoNormal\">\u03a6\u03c9\u03c4\u03bf\u03b7\u03bb\u03b5\u03ba\u03c4\u03c1\u03b9\u03ba\u03cc\u03c2 \u03b1\u03b9\u03c3\u03b8\u03b7\u03c4\u03ae\u03c1\u03b1\u03c2 (light barrier)<\/p>\n<\/p>\n<p class=\"MsoNormal\">\u03a4\u03c1\u03b1\u03bd\u03b6\u03af\u03c3\u03c4\u03bf\u03c1 \u03ba\u03b1\u03b9 \u03b7\u03bb\u03b5\u03ba\u03c4\u03c1\u03b9\u03ba\u03bf\u03af \u03ba\u03b9\u03bd\u03b7\u03c4\u03ae\u03c1\u03b5\u03c2<\/p>\n<\/p>\n<p class=\"MsoNormal\">\u0388\u03bb\u03b5\u03b3\u03c7\u03bf\u03c2 \u03b1\u03bd\u03b5\u03bc\u03b9\u03c3\u03c4\u03ae\u03c1\u03b1 \u03bc\u03b5 \u03c4\u03c1\u03b1\u03bd\u03b6\u03af\u03c3\u03c4\u03bf\u03c1<\/p><\/p>","protected":false},"excerpt":{"rendered":"<p class=\"MsoNormal\">\u0397 \u03b5\u03af\u03c3\u03bf\u03b4\u03cc\u03c2 \u03c3\u03b1\u03c2 \u03c3\u03c4\u03bf\u03bd \u03ba\u03cc\u03c3\u03bc\u03bf \u03c4\u03b7\u03c2 \u03bc\u03b9\u03ba\u03c1\u03bf\u03b7\u03bb\u03b5\u03ba\u03c4\u03c1\u03bf\u03bd\u03b9\u03ba\u03ae\u03c2!!!<\/p>\n<p class=\"MsoNormal\">Starter kit \u03bc\u03b5 \u03c4\u03b1 \u03c0\u03b9\u03bf \u03c3\u03b7\u03bc\u03b1\u03bd\u03c4\u03b9\u03ba\u03ac \u03b7\u03bb\u03b5\u03ba\u03c4\u03c1\u03bf\u03bd\u03b9\u03ba\u03ac \u03b5\u03be\u03b1\u03c1\u03c4\u03ae\u03bc\u03b1\u03c4\u03b1 \u03b3\u03b9\u03b1 \u03bc\u03b9\u03ba\u03c1\u03bf\u03b5\u03bb\u03b5\u03b3\u03ba\u03c4\u03ad\u03c2 Arduino<\/p>\n<p class=\"MsoNormal\">\u0391\u03bd\u03b1\u03c0\u03c4\u03cd\u03c3\u03c3\u03b5\u03c4\u03b1\u03b9 \u03c3\u03c5\u03bd\u03b5\u03c7\u03ce\u03c2 \u03c3\u03b5 \u03c3\u03c4\u03b5\u03bd\u03ae \u03c3\u03c5\u03bd\u03b5\u03c1\u03b3\u03b1\u03c3\u03af\u03b1 \u03bc\u03b5 \u03b5\u03ba\u03c0\u03b1\u03b9\u03b4\u03b5\u03c5\u03c4\u03b9\u03ba\u03bf\u03cd\u03c2 \u03ba\u03b1\u03b9 \u03ba\u03b1\u03b8\u03b7\u03b3\u03b7\u03c4\u03ad\u03c2<\/p>\n<p class=\"MsoNormal\">\u0399\u03b4\u03b1\u03bd\u03b9\u03ba\u03cc \u03b3\u03b9\u03b1 \u03b1\u03c1\u03c7\u03ac\u03c1\u03b9\u03bf\u03c5\u03c2 \u03c3\u03c4\u03bf\u03bd \u03c4\u03bf\u03bc\u03ad\u03b1 \u03c4\u03b7\u03c2 \u03b7\u03bb\u03b5\u03ba\u03c4\u03c1\u03bf\u03bd\u03b9\u03ba\u03ae\u03c2 \u03ba\u03b1\u03b9 \u03c4\u03b7\u03c2 \u03c0\u03bb\u03b7\u03c1\u03bf\u03c6\u03bf\u03c1\u03b9\u03ba\u03ae\u03c2<\/p>","protected":false},"featured_media":5626,"comment_status":"open","ping_status":"closed","template":"","meta":{"site-sidebar-layout":"default","site-content-layout":"","ast-site-content-layout":"default","site-content-style":"default","site-sidebar-style":"default","ast-global-header-display":"","ast-banner-title-visibility":"","ast-main-header-display":"","ast-hfb-above-header-display":"","ast-hfb-below-header-display":"","ast-hfb-mobile-header-display":"","site-post-title":"","ast-breadcrumbs-content":"","ast-featured-img":"","footer-sml-layout":"","ast-disable-related-posts":"","theme-transparent-header-meta":"","adv-header-id-meta":"","stick-header-meta":"","header-above-stick-meta":"","header-main-stick-meta":"","header-below-stick-meta":"","astra-migrate-meta-layouts":"default","ast-page-background-enabled":"default","ast-page-background-meta":{"desktop":{"background-color":"var(--ast-global-color-5)","background-image":"","background-repeat":"repeat","background-position":"center center","background-size":"auto","background-attachment":"scroll","background-type":"","background-media":"","overlay-type":"","overlay-color":"","overlay-opacity":"","overlay-gradient":""},"tablet":{"background-color":"","background-image":"","background-repeat":"repeat","background-position":"center center","background-size":"auto","background-attachment":"scroll","background-type":"","background-media":"","overlay-type":"","overlay-color":"","overlay-opacity":"","overlay-gradient":""},"mobile":{"background-color":"","background-image":"","background-repeat":"repeat","background-position":"center center","background-size":"auto","background-attachment":"scroll","background-type":"","background-media":"","overlay-type":"","overlay-color":"","overlay-opacity":"","overlay-gradient":""}},"ast-content-background-meta":{"desktop":{"background-color":"var(--ast-global-color-4)","background-image":"","background-repeat":"repeat","background-position":"center center","background-size":"auto","background-attachment":"scroll","background-type":"","background-media":"","overlay-type":"","overlay-color":"","overlay-opacity":"","overlay-gradient":""},"tablet":{"background-color":"var(--ast-global-color-4)","background-image":"","background-repeat":"repeat","background-position":"center center","background-size":"auto","background-attachment":"scroll","background-type":"","background-media":"","overlay-type":"","overlay-color":"","overlay-opacity":"","overlay-gradient":""},"mobile":{"background-color":"var(--ast-global-color-4)","background-image":"","background-repeat":"repeat","background-position":"center center","background-size":"auto","background-attachment":"scroll","background-type":"","background-media":"","overlay-type":"","overlay-color":"","overlay-opacity":"","overlay-gradient":""}}},"product_brand":[103],"product_cat":[33,52,29,32,57,35,40,45,59],"product_tag":[],"class_list":{"0":"post-6695","1":"product","2":"type-product","3":"status-publish","4":"has-post-thumbnail","6":"product_brand-funduino","7":"product_cat-33","8":"product_cat-52","9":"product_cat-29","10":"product_cat-32","11":"product_cat-57","12":"product_cat--10-12-","13":"product_cat--12-","14":"product_cat-45","15":"product_cat-59","16":"desktop-align-left","17":"tablet-align-left","18":"mobile-align-left","20":"first","21":"instock","22":"taxable","23":"shipping-taxable","24":"purchasable","25":"product-type-simple"},"_links":{"self":[{"href":"https:\/\/stem-eshop.gr\/sq\/wp-json\/wp\/v2\/product\/6695","targetHints":{"allow":["GET"]}}],"collection":[{"href":"https:\/\/stem-eshop.gr\/sq\/wp-json\/wp\/v2\/product"}],"about":[{"href":"https:\/\/stem-eshop.gr\/sq\/wp-json\/wp\/v2\/types\/product"}],"replies":[{"embeddable":true,"href":"https:\/\/stem-eshop.gr\/sq\/wp-json\/wp\/v2\/comments?post=6695"}],"wp:featuredmedia":[{"embeddable":true,"href":"https:\/\/stem-eshop.gr\/sq\/wp-json\/wp\/v2\/media\/5626"}],"wp:attachment":[{"href":"https:\/\/stem-eshop.gr\/sq\/wp-json\/wp\/v2\/media?parent=6695"}],"wp:term":[{"taxonomy":"product_brand","embeddable":true,"href":"https:\/\/stem-eshop.gr\/sq\/wp-json\/wp\/v2\/product_brand?post=6695"},{"taxonomy":"product_cat","embeddable":true,"href":"https:\/\/stem-eshop.gr\/sq\/wp-json\/wp\/v2\/product_cat?post=6695"},{"taxonomy":"product_tag","embeddable":true,"href":"https:\/\/stem-eshop.gr\/sq\/wp-json\/wp\/v2\/product_tag?post=6695"}],"curies":[{"name":"wp","href":"https:\/\/api.w.org\/{rel}","templated":true}]}}