{"id":6291,"date":"2025-05-19T07:28:05","date_gmt":"2025-05-19T07:28:05","guid":{"rendered":"https:\/\/stem-eshop.gr\/product\/lego-education-storytales\/"},"modified":"2025-10-23T11:11:29","modified_gmt":"2025-10-23T08:11:29","slug":"lego-education-storytales","status":"publish","type":"product","link":"https:\/\/stem-eshop.gr\/sq\/produkt\/lego-education-storytales\/","title":{"rendered":"LEGO\u00ae Education StoryTales"},"content":{"rendered":"<p>Ndihmojini f\u00ebmij\u00ebt tuaj t\u00eb krijojn\u00eb dhe t\u00eb tregojn\u00eb histori t\u00eb mrekullueshme me k\u00ebto tulla, personazhe dhe karta sfondi t\u00eb mrekullueshme. Ky paket\u00eb t\u00ebrheq\u00ebse dhe e leht\u00eb p\u00ebr t\u2019u p\u00ebrdorur nxit kreativitetin, rr\u00ebfimin e historive dhe ritregimin e historive imagjinative. LEGO Education StoryTales bazohet n\u00eb p\u00ebrrall\u00ebn e Billy Goat Scruff.<\/p>\n<p>Seti p\u00ebrmban tre platforma q\u00eb mund t\u00eb p\u00ebrdoren me pes\u00eb skena t\u00eb dyanshme. K\u00ebta element\u00eb mund t\u00eb p\u00ebrdoren p\u00ebr t\u00eb treguar nj\u00eb histori nga fillimi n\u00eb fund, p\u00ebr t\u00eb zgjedhur skena ky\u00e7e ose edhe p\u00ebr nj\u00eb rr\u00ebfim historish emocionuese n\u00eb form\u00eb t\u00eb lir\u00eb, n\u00eb t\u00eb cilin f\u00ebmij\u00ebt mund t\u00eb imagjinojn\u00eb dhe t\u00eb interpretojn\u00eb historit\u00eb e tyre.<\/p>\n<p>Ky set \u00ebsht\u00eb hartuar p\u00ebr t\u00eb m\u00ebsuar parimet e rr\u00ebfimit t\u00eb historive dhe p\u00ebr t\u00eb ndihmuar n\u00eb zhvillimin e gjuh\u00ebs. Mund t\u00eb p\u00ebrdoret n\u00eb shum\u00eb fusha t\u00eb kurrikul\u00ebs. Seti \u00ebsht\u00eb hartuar p\u00ebr nj\u00eb minimum prej kat\u00ebr f\u00ebmij\u00ebsh dhe vjen me nj\u00eb s\u00ebr\u00eb aktivitetesh p\u00ebr t&#039;i frym\u00ebzuar ata.<\/p>\n<p>Karakteristikat:<\/p>\n<p>I projektuar posa\u00e7\u00ebrisht p\u00ebr rr\u00ebfim historish<\/p>\n<p>P\u00ebrfshin 3 pllaka nd\u00ebrtimi dhe 5 skena me dy an\u00eb, si dhe tulla<\/p>\n<p>Nxit zhvillimin social-emocional, f\u00ebmij\u00ebt bashk\u00ebpunojn\u00eb n\u00eb rr\u00ebfimin dhe p\u00ebrs\u00ebritjen e \u00e7do historie.<\/p>","protected":false},"excerpt":{"rendered":"<p>Ndihmojini f\u00ebmij\u00ebt tuaj t\u00eb krijojn\u00eb dhe t\u00eb tregojn\u00eb histori t\u00eb mrekullueshme me k\u00ebto tulla, personazhe dhe karta sfondi t\u00eb mrekullueshme. Ky set t\u00ebrheq\u00ebs dhe i leht\u00eb p\u00ebr t\u2019u p\u00ebrdorur promovon kreativitetin, rr\u00ebfimin e historive dhe ritregimin e historive imagjinative. LEGO Education StoryTales bazohet n\u00eb p\u00ebrrall\u00ebn e Billy Goat Scruff. Seti p\u00ebrmban tre platforma q\u00eb mund t\u00eb p\u00ebrdoren me pes\u00eb skena t\u00eb dyanshme.<\/p>","protected":false},"featured_media":3605,"comment_status":"open","ping_status":"closed","template":"","meta":{"site-sidebar-layout":"default","site-content-layout":"","ast-site-content-layout":"default","site-content-style":"default","site-sidebar-style":"default","ast-global-header-display":"","ast-banner-title-visibility":"","ast-main-header-display":"","ast-hfb-above-header-display":"","ast-hfb-below-header-display":"","ast-hfb-mobile-header-display":"","site-post-title":"","ast-breadcrumbs-content":"","ast-featured-img":"","footer-sml-layout":"","ast-disable-related-posts":"","theme-transparent-header-meta":"default","adv-header-id-meta":"","stick-header-meta":"","header-above-stick-meta":"","header-main-stick-meta":"","header-below-stick-meta":"","astra-migrate-meta-layouts":"set","ast-page-background-enabled":"default","ast-page-background-meta":{"desktop":{"background-color":"var(--ast-global-color-5)","background-image":"","background-repeat":"repeat","background-position":"center center","background-size":"auto","background-attachment":"scroll","background-type":"","background-media":"","overlay-type":"","overlay-color":"","overlay-opacity":"","overlay-gradient":""},"tablet":{"background-color":"","background-image":"","background-repeat":"repeat","background-position":"center center","background-size":"auto","background-attachment":"scroll","background-type":"","background-media":"","overlay-type":"","overlay-color":"","overlay-opacity":"","overlay-gradient":""},"mobile":{"background-color":"","background-image":"","background-repeat":"repeat","background-position":"center center","background-size":"auto","background-attachment":"scroll","background-type":"","background-media":"","overlay-type":"","overlay-color":"","overlay-opacity":"","overlay-gradient":""}},"ast-content-background-meta":{"desktop":{"background-color":"var(--ast-global-color-4)","background-image":"","background-repeat":"repeat","background-position":"center center","background-size":"auto","background-attachment":"scroll","background-type":"","background-media":"","overlay-type":"","overlay-color":"","overlay-opacity":"","overlay-gradient":""},"tablet":{"background-color":"var(--ast-global-color-4)","background-image":"","background-repeat":"repeat","background-position":"center center","background-size":"auto","background-attachment":"scroll","background-type":"","background-media":"","overlay-type":"","overlay-color":"","overlay-opacity":"","overlay-gradient":""},"mobile":{"background-color":"var(--ast-global-color-4)","background-image":"","background-repeat":"repeat","background-position":"center center","background-size":"auto","background-attachment":"scroll","background-type":"","background-media":"","overlay-type":"","overlay-color":"","overlay-opacity":"","overlay-gradient":""}}},"product_brand":[105],"product_cat":[42,43,29,56,30,26],"product_tag":[],"class_list":{"0":"post-6291","1":"product","2":"type-product","3":"status-publish","4":"has-post-thumbnail","6":"product_brand-lego","7":"product_cat-42","8":"product_cat-43","9":"product_cat-29","10":"product_cat-56","11":"product_cat--6-9-","12":"product_cat-26","13":"desktop-align-left","14":"tablet-align-left","15":"mobile-align-left","17":"first","18":"instock","19":"taxable","20":"shipping-taxable","21":"purchasable","22":"product-type-simple"},"_links":{"self":[{"href":"https:\/\/stem-eshop.gr\/sq\/wp-json\/wp\/v2\/product\/6291","targetHints":{"allow":["GET"]}}],"collection":[{"href":"https:\/\/stem-eshop.gr\/sq\/wp-json\/wp\/v2\/product"}],"about":[{"href":"https:\/\/stem-eshop.gr\/sq\/wp-json\/wp\/v2\/types\/product"}],"replies":[{"embeddable":true,"href":"https:\/\/stem-eshop.gr\/sq\/wp-json\/wp\/v2\/comments?post=6291"}],"wp:featuredmedia":[{"embeddable":true,"href":"https:\/\/stem-eshop.gr\/sq\/wp-json\/wp\/v2\/media\/3605"}],"wp:attachment":[{"href":"https:\/\/stem-eshop.gr\/sq\/wp-json\/wp\/v2\/media?parent=6291"}],"wp:term":[{"taxonomy":"product_brand","embeddable":true,"href":"https:\/\/stem-eshop.gr\/sq\/wp-json\/wp\/v2\/product_brand?post=6291"},{"taxonomy":"product_cat","embeddable":true,"href":"https:\/\/stem-eshop.gr\/sq\/wp-json\/wp\/v2\/product_cat?post=6291"},{"taxonomy":"product_tag","embeddable":true,"href":"https:\/\/stem-eshop.gr\/sq\/wp-json\/wp\/v2\/product_tag?post=6291"}],"curies":[{"name":"wp","href":"https:\/\/api.w.org\/{rel}","templated":true}]}}