{"id":9634,"date":"2025-06-16T09:43:04","date_gmt":"2025-06-16T06:43:04","guid":{"rendered":"https:\/\/stem-eshop.gr\/?post_type=product&#038;p=9634"},"modified":"2025-06-16T09:43:44","modified_gmt":"2025-06-16T06:43:44","slug":"%ce%bc%ce%b1%ce%b8%ce%b1%ce%af%ce%bd%cf%89-%ce%ba%ce%b1%ce%b9-%ce%b4%ce%b7%ce%bc%ce%b9%ce%bf%cf%85%cf%81%ce%b3%cf%8e-lab-play-for-future-%ce%b5%ce%ba%cf%80%ce%b1%ce%b9%ce%b4%ce%b5%cf%85%cf%84%ce%b9","status":"publish","type":"product","link":"https:\/\/stem-eshop.gr\/sl\/izdelek\/%ce%bc%ce%b1%ce%b8%ce%b1%ce%af%ce%bd%cf%89-%ce%ba%ce%b1%ce%b9-%ce%b4%ce%b7%ce%bc%ce%b9%ce%bf%cf%85%cf%81%ce%b3%cf%8e-lab-play-for-future-%ce%b5%ce%ba%cf%80%ce%b1%ce%b9%ce%b4%ce%b5%cf%85%cf%84%ce%b9\/","title":{"rendered":"U\u010dim se in ustvarjam laboratorijsko igro za prihodnjo izobra\u017eevalno igro Planet Zemlja za otroke nad 7 let"},"content":{"rendered":"<p>Prilo\u017een je ilustriran priro\u010dnik s podrobnimi informacijami o vseh pojavih, ki obkro\u017eajo planete in Zemljo, ter opazoval\u010dev zvezek, v katerega si lahko s pomo\u010djo gradiva, prilo\u017eenega kompletu, vodite vse zapiske.<\/p>\n<p>Igra vklju\u010duje:<\/p>\n<p>Plasti\u010dna podlaga<\/p>\n<p>Sezonski diski<\/p>\n<p>Vremenske oznake<\/p>\n<p>Vrtljiva roka<\/p>\n<p>Diski z luninimi fazami<\/p>\n<p>Dvostranski lepilni trak<\/p>\n<p>Zobniki<\/p>\n<p>Zemlja z ilustracijami<\/p>\n<p>Sonce<\/p>\n<p>Luna<\/p>\n<p>Zvezek opazovalca<\/p>\n<p>Ilustriran priro\u010dnik iz recikliranega papirja<\/p>\n<p><em>Primerno za uporabo pri otrocih, starih 7 let in ve\u010d<br \/>\nIzdelano v Italiji<br \/>\n<\/em><\/p>\n<p>Izdelki Play For Future so oprijemljiv znak Clementonijeve zavezanosti k bolj odgovornim izdelkom. S sporo\u010dilom spo\u0161tovanja do narave in logotipom lista v obliki srca, ki je viden na vseh izdelkih iz recikliranih materialov, je Clementoni \u017ee naredil korak naprej z ustvarjanjem nove serije okolju prijaznih igra\u010d. Z cenjenjem dragocenih zemeljskih virov, varovanjem narave in dajanjem prednosti recikliranim materialom se otrok skozi igro u\u010di ljubiti naravo!<\/p>\n<p>Serija igra\u010d U\u010di se in ustvarjaj je vodilna v kategoriji znanstvenih igra\u010d, saj ponuja bogato opremo, podrobne informacije in navodila za izvajanje impresivnih varnih poskusov in konstrukcij, s \u010dimer otrokom daje prilo\u017enost, da se u\u010dijo o znanosti. Gre za inovativno serijo igra\u010d, s katerimi se bodo otroci zabavali pri izvajanju poskusov, uporabi znanstvenih orodij, odkrivanju fizike, kemije, astronomije, biologije, botanike ter glavnih znanstvenih in naravnih pojavov. Igra\u010de U\u010di se in ustvarjaj so najbolj ustvarjalen, prijeten in varen na\u010din za otroke, da se nau\u010dijo skrivnosti znanosti!<\/p>","protected":false},"excerpt":{"rendered":"<p>Ste se kdaj vpra\u0161ali, kaj povzro\u010da menjavo letnih \u010dasov na Zemlji?<\/p>\n<p>Ta komplet vam bo pomagal odkriti vlogo Sonca pri tem pojavu, kaj je globalno segrevanje in kaj lahko na svoj majhen na\u010din storimo, da bi pomagali na\u0161emu planetu, Zemlji. Znanstveni komplet, izdelan iz visokokakovostnih recikliranih materialov, za raziskovanje gibanja Zemlje, letnih \u010dasov, ekologije in \u0161e veliko ve\u010d! Zahvaljujo\u010d fantasti\u010dnemu 3D-modelu lahko odkrijete vse o vrtenju Zemlje okoli Sonca. Z realisti\u010dnimi barvnimi planeti za \u0161e bolj \u017eivo predstavitev!<\/p>","protected":false},"featured_media":9642,"comment_status":"open","ping_status":"closed","template":"","meta":{"site-sidebar-layout":"default","site-content-layout":"","ast-site-content-layout":"default","site-content-style":"default","site-sidebar-style":"default","ast-global-header-display":"","ast-banner-title-visibility":"","ast-main-header-display":"","ast-hfb-above-header-display":"","ast-hfb-below-header-display":"","ast-hfb-mobile-header-display":"","site-post-title":"","ast-breadcrumbs-content":"","ast-featured-img":"","footer-sml-layout":"","ast-disable-related-posts":"","theme-transparent-header-meta":"default","adv-header-id-meta":"","stick-header-meta":"","header-above-stick-meta":"","header-main-stick-meta":"","header-below-stick-meta":"","astra-migrate-meta-layouts":"set","ast-page-background-enabled":"default","ast-page-background-meta":{"desktop":{"background-color":"var(--ast-global-color-5)","background-image":"","background-repeat":"repeat","background-position":"center center","background-size":"auto","background-attachment":"scroll","background-type":"","background-media":"","overlay-type":"","overlay-color":"","overlay-opacity":"","overlay-gradient":""},"tablet":{"background-color":"","background-image":"","background-repeat":"repeat","background-position":"center center","background-size":"auto","background-attachment":"scroll","background-type":"","background-media":"","overlay-type":"","overlay-color":"","overlay-opacity":"","overlay-gradient":""},"mobile":{"background-color":"","background-image":"","background-repeat":"repeat","background-position":"center center","background-size":"auto","background-attachment":"scroll","background-type":"","background-media":"","overlay-type":"","overlay-color":"","overlay-opacity":"","overlay-gradient":""}},"ast-content-background-meta":{"desktop":{"background-color":"var(--ast-global-color-4)","background-image":"","background-repeat":"repeat","background-position":"center center","background-size":"auto","background-attachment":"scroll","background-type":"","background-media":"","overlay-type":"","overlay-color":"","overlay-opacity":"","overlay-gradient":""},"tablet":{"background-color":"var(--ast-global-color-4)","background-image":"","background-repeat":"repeat","background-position":"center center","background-size":"auto","background-attachment":"scroll","background-type":"","background-media":"","overlay-type":"","overlay-color":"","overlay-opacity":"","overlay-gradient":""},"mobile":{"background-color":"var(--ast-global-color-4)","background-image":"","background-repeat":"repeat","background-position":"center center","background-size":"auto","background-attachment":"scroll","background-type":"","background-media":"","overlay-type":"","overlay-color":"","overlay-opacity":"","overlay-gradient":""}}},"product_brand":[114],"product_cat":[43,39,30,54,59,58],"product_tag":[],"class_list":{"0":"post-9634","1":"product","2":"type-product","3":"status-publish","4":"has-post-thumbnail","6":"product_brand-mathenw","7":"product_cat-43","8":"product_cat-39","9":"product_cat--6-9-","10":"product_cat-54","11":"product_cat-59","12":"product_cat-58","13":"desktop-align-left","14":"tablet-align-left","15":"mobile-align-left","17":"first","18":"instock","19":"taxable","20":"shipping-taxable","21":"purchasable","22":"product-type-simple"},"_links":{"self":[{"href":"https:\/\/stem-eshop.gr\/sl\/wp-json\/wp\/v2\/product\/9634","targetHints":{"allow":["GET"]}}],"collection":[{"href":"https:\/\/stem-eshop.gr\/sl\/wp-json\/wp\/v2\/product"}],"about":[{"href":"https:\/\/stem-eshop.gr\/sl\/wp-json\/wp\/v2\/types\/product"}],"replies":[{"embeddable":true,"href":"https:\/\/stem-eshop.gr\/sl\/wp-json\/wp\/v2\/comments?post=9634"}],"wp:featuredmedia":[{"embeddable":true,"href":"https:\/\/stem-eshop.gr\/sl\/wp-json\/wp\/v2\/media\/9642"}],"wp:attachment":[{"href":"https:\/\/stem-eshop.gr\/sl\/wp-json\/wp\/v2\/media?parent=9634"}],"wp:term":[{"taxonomy":"product_brand","embeddable":true,"href":"https:\/\/stem-eshop.gr\/sl\/wp-json\/wp\/v2\/product_brand?post=9634"},{"taxonomy":"product_cat","embeddable":true,"href":"https:\/\/stem-eshop.gr\/sl\/wp-json\/wp\/v2\/product_cat?post=9634"},{"taxonomy":"product_tag","embeddable":true,"href":"https:\/\/stem-eshop.gr\/sl\/wp-json\/wp\/v2\/product_tag?post=9634"}],"curies":[{"name":"wp","href":"https:\/\/api.w.org\/{rel}","templated":true}]}}