{"id":8359,"date":"2025-05-23T13:31:48","date_gmt":"2025-05-23T10:31:48","guid":{"rendered":"https:\/\/stem-eshop.gr\/?post_type=product&#038;p=8359"},"modified":"2025-06-24T11:22:24","modified_gmt":"2025-06-24T08:22:24","slug":"30-models-motorized-set-multi-model-set","status":"publish","type":"product","link":"https:\/\/stem-eshop.gr\/sl\/izdelek\/30-models-motorized-set-multi-model-set\/","title":{"rendered":"KOMPLET Z 30 MOTORIZIRANIMI MODELI \u2013 KOMPLET Z VE\u010c MODELI"},"content":{"rendered":"<p>Uporabljen je klasi\u010dni sistem gradnje, zaradi \u010desar so kompleti primerni za otroke, stare 6 let in ve\u010d, in ponujajo most med serijama Qboidz in Mechanics. Glavni poudarek te serije je razvijanje ustvarjalnosti, za\u010den\u0161i s kompleti 10 modelov in vse do kompletov 120 modelov!<\/p>\n<p>Vsi kompleti s 30 ali ve\u010d modeli vklju\u010dujejo nov 2-hitrostni motor ENGINO\u00ae za premikanje konstrukcij, od avtomobilov do \u017eerjavov, dinozavrov in helikopterjev. Edina omejitev je otro\u0161ka domi\u0161ljija!<\/p>","protected":false},"excerpt":{"rendered":"<p>Nova serija CREATIVE BUILDER \u2013 Multimodel je najnovej\u0161a nadgradnja uspe\u0161ne linije INVENTOR 2017, ki predstavlja najbolj\u0161e od ENGINO\u00ae: mo\u017enost hitre in enostavne izdelave \u010dim ve\u010djega \u0161tevila modelov!<\/p>","protected":false},"featured_media":8367,"comment_status":"open","ping_status":"closed","template":"","meta":{"site-sidebar-layout":"default","site-content-layout":"","ast-site-content-layout":"default","site-content-style":"default","site-sidebar-style":"default","ast-global-header-display":"","ast-banner-title-visibility":"","ast-main-header-display":"","ast-hfb-above-header-display":"","ast-hfb-below-header-display":"","ast-hfb-mobile-header-display":"","site-post-title":"","ast-breadcrumbs-content":"","ast-featured-img":"","footer-sml-layout":"","ast-disable-related-posts":"","theme-transparent-header-meta":"default","adv-header-id-meta":"","stick-header-meta":"","header-above-stick-meta":"","header-main-stick-meta":"","header-below-stick-meta":"","astra-migrate-meta-layouts":"set","ast-page-background-enabled":"default","ast-page-background-meta":{"desktop":{"background-color":"var(--ast-global-color-5)","background-image":"","background-repeat":"repeat","background-position":"center center","background-size":"auto","background-attachment":"scroll","background-type":"","background-media":"","overlay-type":"","overlay-color":"","overlay-opacity":"","overlay-gradient":""},"tablet":{"background-color":"","background-image":"","background-repeat":"repeat","background-position":"center center","background-size":"auto","background-attachment":"scroll","background-type":"","background-media":"","overlay-type":"","overlay-color":"","overlay-opacity":"","overlay-gradient":""},"mobile":{"background-color":"","background-image":"","background-repeat":"repeat","background-position":"center center","background-size":"auto","background-attachment":"scroll","background-type":"","background-media":"","overlay-type":"","overlay-color":"","overlay-opacity":"","overlay-gradient":""}},"ast-content-background-meta":{"desktop":{"background-color":"var(--ast-global-color-4)","background-image":"","background-repeat":"repeat","background-position":"center center","background-size":"auto","background-attachment":"scroll","background-type":"","background-media":"","overlay-type":"","overlay-color":"","overlay-opacity":"","overlay-gradient":""},"tablet":{"background-color":"var(--ast-global-color-4)","background-image":"","background-repeat":"repeat","background-position":"center center","background-size":"auto","background-attachment":"scroll","background-type":"","background-media":"","overlay-type":"","overlay-color":"","overlay-opacity":"","overlay-gradient":""},"mobile":{"background-color":"var(--ast-global-color-4)","background-image":"","background-repeat":"repeat","background-position":"center center","background-size":"auto","background-attachment":"scroll","background-type":"","background-media":"","overlay-type":"","overlay-color":"","overlay-opacity":"","overlay-gradient":""}}},"product_brand":[95],"product_cat":[43,52,29,32,57,35,30,34,59],"product_tag":[],"class_list":{"0":"post-8359","1":"product","2":"type-product","3":"status-publish","4":"has-post-thumbnail","6":"product_brand-engino","7":"product_cat-43","8":"product_cat-52","9":"product_cat-29","10":"product_cat-32","11":"product_cat-57","12":"product_cat--10-12-","13":"product_cat--6-9-","14":"product_cat-34","15":"product_cat-59","16":"desktop-align-left","17":"tablet-align-left","18":"mobile-align-left","20":"first","21":"instock","22":"taxable","23":"shipping-taxable","24":"purchasable","25":"product-type-simple"},"_links":{"self":[{"href":"https:\/\/stem-eshop.gr\/sl\/wp-json\/wp\/v2\/product\/8359","targetHints":{"allow":["GET"]}}],"collection":[{"href":"https:\/\/stem-eshop.gr\/sl\/wp-json\/wp\/v2\/product"}],"about":[{"href":"https:\/\/stem-eshop.gr\/sl\/wp-json\/wp\/v2\/types\/product"}],"replies":[{"embeddable":true,"href":"https:\/\/stem-eshop.gr\/sl\/wp-json\/wp\/v2\/comments?post=8359"}],"wp:featuredmedia":[{"embeddable":true,"href":"https:\/\/stem-eshop.gr\/sl\/wp-json\/wp\/v2\/media\/8367"}],"wp:attachment":[{"href":"https:\/\/stem-eshop.gr\/sl\/wp-json\/wp\/v2\/media?parent=8359"}],"wp:term":[{"taxonomy":"product_brand","embeddable":true,"href":"https:\/\/stem-eshop.gr\/sl\/wp-json\/wp\/v2\/product_brand?post=8359"},{"taxonomy":"product_cat","embeddable":true,"href":"https:\/\/stem-eshop.gr\/sl\/wp-json\/wp\/v2\/product_cat?post=8359"},{"taxonomy":"product_tag","embeddable":true,"href":"https:\/\/stem-eshop.gr\/sl\/wp-json\/wp\/v2\/product_tag?post=8359"}],"curies":[{"name":"wp","href":"https:\/\/api.w.org\/{rel}","templated":true}]}}