{"id":7508,"date":"2025-05-19T10:41:31","date_gmt":"2025-05-19T10:41:31","guid":{"rendered":"https:\/\/stem-eshop.gr\/product\/%ce%b1%ce%bd%ce%b1%ce%ba%ce%b1%ce%bb%cf%8d%cf%80%cf%84%ce%bf%ce%bd%cf%84%ce%b1%cf%82-%cf%84%ce%b7%ce%bd-%cf%81%ce%b5%cf%85%cf%83%cf%84%ce%bf%ce%b4%cf%85%ce%bd%ce%b1%ce%bc%ce%b9%ce%ba%ce%ae-%ce%b1\/"},"modified":"2025-05-22T21:13:30","modified_gmt":"2025-05-22T18:13:30","slug":"%ce%b1%ce%bd%ce%b1%ce%ba%ce%b1%ce%bb%cf%8d%cf%80%cf%84%ce%bf%ce%bd%cf%84%ce%b1%cf%82-%cf%84%ce%b7%ce%bd-%cf%81%ce%b5%cf%85%cf%83%cf%84%ce%bf%ce%b4%cf%85%ce%bd%ce%b1%ce%bc%ce%b9%ce%ba%ce%ae-%ce%b1","status":"publish","type":"product","link":"https:\/\/stem-eshop.gr\/sl\/izdelek\/%ce%b1%ce%bd%ce%b1%ce%ba%ce%b1%ce%bb%cf%8d%cf%80%cf%84%ce%bf%ce%bd%cf%84%ce%b1%cf%82-%cf%84%ce%b7%ce%bd-%cf%81%ce%b5%cf%85%cf%83%cf%84%ce%bf%ce%b4%cf%85%ce%bd%ce%b1%ce%bc%ce%b9%ce%ba%ce%ae-%ce%b1\/","title":{"rendered":"Odkrivanje dinamike teko\u010din: Arhimedov princip, vzgon in hidravlika"},"content":{"rendered":"<p>S tem kompletom lahko sestavite 6 razli\u010dnih modelov, vklju\u010dno z ladjo in podmornico, ter razli\u010dne eksperimentalne postavitve za u\u010denje dinamike teko\u010din! Prilo\u017eena so tiskana navodila za sestavljanje 4 modelov, 2 dodatna modela pa sta na voljo na spletu in prek brezpla\u010dne aplikacije kidCAD za pametne naprave.<br \/>\nOpomba: Plasti\u010dne steklenice in lon\u010dki, prikazani na slikah, niso prilo\u017eeni.<\/p>","protected":false},"excerpt":{"rendered":"<p>Eno najpomembnej\u0161ih podro\u010dij fizike je preu\u010devanje teko\u010din in njihovih osnovnih na\u010del. Voda in zrak sta dva najpomembnej\u0161a elementa za \u017eivljenje in oba sta kategorizirana kot teko\u010dina. Gibanje zraka dolo\u010da temperaturo v na\u0161ih prostorih. Vodovodne cevi dovajajo vodo v na\u0161e domove. Industrijski in gradbeni stroji uporabljajo hidravli\u010dne sisteme za enostavno dvigovanje te\u017ekih predmetov. Letala in ladje spreminjajo smer z uporabo aerodinamike oziroma hidrodinamike. Ste se kdaj vpra\u0161ali, zakaj nekateri predmeti potonejo v vodi, drugi pa plavajo? Kako kri kro\u017ei v na\u0161ih telesih? Kako delujejo rezervoarji za vodo?<\/p>","protected":false},"featured_media":7509,"comment_status":"open","ping_status":"closed","template":"","meta":{"site-sidebar-layout":"default","site-content-layout":"","ast-site-content-layout":"default","site-content-style":"default","site-sidebar-style":"default","ast-global-header-display":"","ast-banner-title-visibility":"","ast-main-header-display":"","ast-hfb-above-header-display":"","ast-hfb-below-header-display":"","ast-hfb-mobile-header-display":"","site-post-title":"","ast-breadcrumbs-content":"","ast-featured-img":"","footer-sml-layout":"","ast-disable-related-posts":"","theme-transparent-header-meta":"default","adv-header-id-meta":"","stick-header-meta":"","header-above-stick-meta":"","header-main-stick-meta":"","header-below-stick-meta":"","astra-migrate-meta-layouts":"set","ast-page-background-enabled":"default","ast-page-background-meta":{"desktop":{"background-color":"var(--ast-global-color-5)","background-image":"","background-repeat":"repeat","background-position":"center center","background-size":"auto","background-attachment":"scroll","background-type":"","background-media":"","overlay-type":"","overlay-color":"","overlay-opacity":"","overlay-gradient":""},"tablet":{"background-color":"","background-image":"","background-repeat":"repeat","background-position":"center center","background-size":"auto","background-attachment":"scroll","background-type":"","background-media":"","overlay-type":"","overlay-color":"","overlay-opacity":"","overlay-gradient":""},"mobile":{"background-color":"","background-image":"","background-repeat":"repeat","background-position":"center center","background-size":"auto","background-attachment":"scroll","background-type":"","background-media":"","overlay-type":"","overlay-color":"","overlay-opacity":"","overlay-gradient":""}},"ast-content-background-meta":{"desktop":{"background-color":"var(--ast-global-color-4)","background-image":"","background-repeat":"repeat","background-position":"center center","background-size":"auto","background-attachment":"scroll","background-type":"","background-media":"","overlay-type":"","overlay-color":"","overlay-opacity":"","overlay-gradient":""},"tablet":{"background-color":"var(--ast-global-color-4)","background-image":"","background-repeat":"repeat","background-position":"center center","background-size":"auto","background-attachment":"scroll","background-type":"","background-media":"","overlay-type":"","overlay-color":"","overlay-opacity":"","overlay-gradient":""},"mobile":{"background-color":"var(--ast-global-color-4)","background-image":"","background-repeat":"repeat","background-position":"center center","background-size":"auto","background-attachment":"scroll","background-type":"","background-media":"","overlay-type":"","overlay-color":"","overlay-opacity":"","overlay-gradient":""}}},"product_brand":[95],"product_cat":[39,38,29,56,32,57,35,40,30,58],"product_tag":[],"class_list":{"0":"post-7508","1":"product","2":"type-product","3":"status-publish","4":"has-post-thumbnail","6":"product_brand-engino","7":"product_cat-39","8":"product_cat-38","9":"product_cat-29","10":"product_cat-56","11":"product_cat-32","12":"product_cat-57","13":"product_cat--10-12-","14":"product_cat--12-","15":"product_cat--6-9-","16":"product_cat-58","17":"desktop-align-left","18":"tablet-align-left","19":"mobile-align-left","21":"first","22":"instock","23":"taxable","24":"shipping-taxable","25":"purchasable","26":"product-type-simple"},"_links":{"self":[{"href":"https:\/\/stem-eshop.gr\/sl\/wp-json\/wp\/v2\/product\/7508","targetHints":{"allow":["GET"]}}],"collection":[{"href":"https:\/\/stem-eshop.gr\/sl\/wp-json\/wp\/v2\/product"}],"about":[{"href":"https:\/\/stem-eshop.gr\/sl\/wp-json\/wp\/v2\/types\/product"}],"replies":[{"embeddable":true,"href":"https:\/\/stem-eshop.gr\/sl\/wp-json\/wp\/v2\/comments?post=7508"}],"wp:featuredmedia":[{"embeddable":true,"href":"https:\/\/stem-eshop.gr\/sl\/wp-json\/wp\/v2\/media\/7509"}],"wp:attachment":[{"href":"https:\/\/stem-eshop.gr\/sl\/wp-json\/wp\/v2\/media?parent=7508"}],"wp:term":[{"taxonomy":"product_brand","embeddable":true,"href":"https:\/\/stem-eshop.gr\/sl\/wp-json\/wp\/v2\/product_brand?post=7508"},{"taxonomy":"product_cat","embeddable":true,"href":"https:\/\/stem-eshop.gr\/sl\/wp-json\/wp\/v2\/product_cat?post=7508"},{"taxonomy":"product_tag","embeddable":true,"href":"https:\/\/stem-eshop.gr\/sl\/wp-json\/wp\/v2\/product_tag?post=7508"}],"curies":[{"name":"wp","href":"https:\/\/api.w.org\/{rel}","templated":true}]}}