{"id":7457,"date":"2025-05-19T10:39:51","date_gmt":"2025-05-19T10:39:51","guid":{"rendered":"https:\/\/stem-eshop.gr\/product\/%ce%b1%ce%bd%ce%b1%ce%ba%ce%b1%ce%bb%cf%8d%cf%80%cf%84%ce%bf%ce%bd%cf%84%ce%b1%cf%82-%cf%84%ce%b9%cf%82-%ce%bc%ce%b7%cf%87%ce%b1%ce%bd%ce%b9%ce%ba%ce%ad%cf%82-%ce%b1%cf%81%cf%87%ce%ad%cf%82-%cf%84-5\/"},"modified":"2025-05-22T21:13:29","modified_gmt":"2025-05-22T18:13:29","slug":"%ce%b1%ce%bd%ce%b1%ce%ba%ce%b1%ce%bb%cf%8d%cf%80%cf%84%ce%bf%ce%bd%cf%84%ce%b1%cf%82-%cf%84%ce%b9%cf%82-%ce%bc%ce%b7%cf%87%ce%b1%ce%bd%ce%b9%ce%ba%ce%ad%cf%82-%ce%b1%cf%81%cf%87%ce%ad%cf%82-%cf%84-5","status":"publish","type":"product","link":"https:\/\/stem-eshop.gr\/sl\/izdelek\/%ce%b1%ce%bd%ce%b1%ce%ba%ce%b1%ce%bb%cf%8d%cf%80%cf%84%ce%bf%ce%bd%cf%84%ce%b1%cf%82-%cf%84%ce%b9%cf%82-%ce%bc%ce%b7%cf%87%ce%b1%ce%bd%ce%b9%ce%ba%ce%ad%cf%82-%ce%b1%cf%81%cf%87%ce%ad%cf%82-%cf%84-5\/","title":{"rendered":"Odkrivanje mehanskih na\u010del STEM: odmi\u010dne gredi in ro\u010di\u010dne gredi"},"content":{"rendered":"<p>Sestavite 8 delujo\u010dih modelov odmi\u010dne gredi in ro\u010di\u010dne gredi, vklju\u010dno z ribi\u0161kim \u017eerjavom, oljno \u010drpalko, premikajo\u010do se figuro, dvi\u017enim mostom, \u0161ivalnim strojem in lete\u010dim orlom. Preprosta navodila za sestavljanje vseh modelov najdete na spletu ali v prilo\u017eenem priro\u010dniku. Priro\u010dnik ponuja podrobne razlage razli\u010dnih znanstvenih na\u010del in vklju\u010duje inovativne eksperimentalne dejavnosti za prakti\u010dno u\u010denje. Na voljo je tudi razdelek s kvizom, s katerim lahko preizkusite svoje novo pridobljeno znanje!<\/p>","protected":false},"excerpt":{"rendered":"<p>Nau\u010dite se, kako lahko prena\u0161ate mo\u010d z odmi\u010dnimi in ro\u010di\u010dnimi gredmi ter kako jih lahko uporabite za pretvorbo izmeni\u010dnega gibanja v linearno gibanje. Odkrijte, kako so ti mehanizmi klju\u010dne komponente mnogih strojev, \u010deprav jih ne smatramo za &quot;preproste stroje&quot;.<\/p>","protected":false},"featured_media":5730,"comment_status":"open","ping_status":"closed","template":"","meta":{"site-sidebar-layout":"default","site-content-layout":"","ast-site-content-layout":"default","site-content-style":"default","site-sidebar-style":"default","ast-global-header-display":"","ast-banner-title-visibility":"","ast-main-header-display":"","ast-hfb-above-header-display":"","ast-hfb-below-header-display":"","ast-hfb-mobile-header-display":"","site-post-title":"","ast-breadcrumbs-content":"","ast-featured-img":"","footer-sml-layout":"","ast-disable-related-posts":"","theme-transparent-header-meta":"","adv-header-id-meta":"","stick-header-meta":"","header-above-stick-meta":"","header-main-stick-meta":"","header-below-stick-meta":"","astra-migrate-meta-layouts":"default","ast-page-background-enabled":"default","ast-page-background-meta":{"desktop":{"background-color":"var(--ast-global-color-5)","background-image":"","background-repeat":"repeat","background-position":"center center","background-size":"auto","background-attachment":"scroll","background-type":"","background-media":"","overlay-type":"","overlay-color":"","overlay-opacity":"","overlay-gradient":""},"tablet":{"background-color":"","background-image":"","background-repeat":"repeat","background-position":"center center","background-size":"auto","background-attachment":"scroll","background-type":"","background-media":"","overlay-type":"","overlay-color":"","overlay-opacity":"","overlay-gradient":""},"mobile":{"background-color":"","background-image":"","background-repeat":"repeat","background-position":"center center","background-size":"auto","background-attachment":"scroll","background-type":"","background-media":"","overlay-type":"","overlay-color":"","overlay-opacity":"","overlay-gradient":""}},"ast-content-background-meta":{"desktop":{"background-color":"var(--ast-global-color-4)","background-image":"","background-repeat":"repeat","background-position":"center center","background-size":"auto","background-attachment":"scroll","background-type":"","background-media":"","overlay-type":"","overlay-color":"","overlay-opacity":"","overlay-gradient":""},"tablet":{"background-color":"var(--ast-global-color-4)","background-image":"","background-repeat":"repeat","background-position":"center center","background-size":"auto","background-attachment":"scroll","background-type":"","background-media":"","overlay-type":"","overlay-color":"","overlay-opacity":"","overlay-gradient":""},"mobile":{"background-color":"var(--ast-global-color-4)","background-image":"","background-repeat":"repeat","background-position":"center center","background-size":"auto","background-attachment":"scroll","background-type":"","background-media":"","overlay-type":"","overlay-color":"","overlay-opacity":"","overlay-gradient":""}}},"product_brand":[95],"product_cat":[39,38,29,56,32,57,35,40,30,58],"product_tag":[],"class_list":{"0":"post-7457","1":"product","2":"type-product","3":"status-publish","4":"has-post-thumbnail","6":"product_brand-engino","7":"product_cat-39","8":"product_cat-38","9":"product_cat-29","10":"product_cat-56","11":"product_cat-32","12":"product_cat-57","13":"product_cat--10-12-","14":"product_cat--12-","15":"product_cat--6-9-","16":"product_cat-58","17":"desktop-align-left","18":"tablet-align-left","19":"mobile-align-left","21":"first","22":"instock","23":"taxable","24":"shipping-taxable","25":"purchasable","26":"product-type-simple"},"_links":{"self":[{"href":"https:\/\/stem-eshop.gr\/sl\/wp-json\/wp\/v2\/product\/7457","targetHints":{"allow":["GET"]}}],"collection":[{"href":"https:\/\/stem-eshop.gr\/sl\/wp-json\/wp\/v2\/product"}],"about":[{"href":"https:\/\/stem-eshop.gr\/sl\/wp-json\/wp\/v2\/types\/product"}],"replies":[{"embeddable":true,"href":"https:\/\/stem-eshop.gr\/sl\/wp-json\/wp\/v2\/comments?post=7457"}],"wp:featuredmedia":[{"embeddable":true,"href":"https:\/\/stem-eshop.gr\/sl\/wp-json\/wp\/v2\/media\/5730"}],"wp:attachment":[{"href":"https:\/\/stem-eshop.gr\/sl\/wp-json\/wp\/v2\/media?parent=7457"}],"wp:term":[{"taxonomy":"product_brand","embeddable":true,"href":"https:\/\/stem-eshop.gr\/sl\/wp-json\/wp\/v2\/product_brand?post=7457"},{"taxonomy":"product_cat","embeddable":true,"href":"https:\/\/stem-eshop.gr\/sl\/wp-json\/wp\/v2\/product_cat?post=7457"},{"taxonomy":"product_tag","embeddable":true,"href":"https:\/\/stem-eshop.gr\/sl\/wp-json\/wp\/v2\/product_tag?post=7457"}],"curies":[{"name":"wp","href":"https:\/\/api.w.org\/{rel}","templated":true}]}}