{"id":7384,"date":"2025-05-19T10:34:28","date_gmt":"2025-05-19T10:34:28","guid":{"rendered":"https:\/\/stem-eshop.gr\/product\/makerzoid-programmable-toys-robot-master-200-in-1-coding-robot-kit\/"},"modified":"2026-04-28T18:26:25","modified_gmt":"2026-04-28T15:26:25","slug":"makerzoid-programmable-toys-robot-master-200-in-1-coding-robot-kit","status":"publish","type":"product","link":"https:\/\/stem-eshop.gr\/sl\/izdelek\/makerzoid-programmable-toys-robot-master-200-in-1-coding-robot-kit\/","title":{"rendered":"Makerzoid Programmable Toys Robot Master, komplet za kodiranje 200-v-1,"},"content":{"rendered":"<p>\u039c\u03b5 \u03b1\u03bd\u03b1\u03b2\u03b1\u03b8\u03bc\u03b9\u03c3\u03bc\u03ad\u03bd\u03bf \u03ba\u03b5\u03bd\u03c4\u03c1\u03b9\u03ba\u03cc \u03b5\u03bb\u03b5\u03b3\u03ba\u03c4\u03ae \u03ba\u03b1\u03b9 \u03ba\u03b9\u03bd\u03b7\u03c4\u03ae\u03c1\u03b1, \u03c4\u03bf Robot Master (Premium) \u03c5\u03c0\u03bf\u03c3\u03c4\u03b7\u03c1\u03af\u03b6\u03b5\u03b9 \u03ad\u03c9\u03c2 \u03ba\u03b1\u03b9 200 \u03c1\u03bf\u03bc\u03c0\u03cc\u03c4 \u03b1\u03c0\u03cc \u03b1\u03c0\u03bb\u03ac \u03ad\u03c9\u03c2 \u03c3\u03cd\u03bd\u03b8\u03b5\u03c4\u03b1, \u03c4\u03b1 \u03bf\u03c0\u03bf\u03af\u03b1 \u03c0\u03b5\u03c1\u03b9\u03ad\u03c7\u03bf\u03c5\u03bd \u03c0\u03bf\u03bb\u03bb\u03ad\u03c2 \u03b3\u03bd\u03ce\u03c3\u03b5\u03b9\u03c2 \u03b5\u03c0\u03b9\u03c3\u03c4\u03b7\u03bc\u03bf\u03bd\u03b9\u03ba\u03ae\u03c2 \u03bc\u03b7\u03c7\u03b1\u03bd\u03b9\u03ba\u03ae\u03c2 \u03ba\u03b1\u03b9 \u03c1\u03bf\u03bc\u03c0\u03cc\u03c4, \u03cc\u03c0\u03c9\u03c2 \u03bc\u03b7\u03c7\u03b1\u03bd\u03ae\u03bc\u03b1\u03c4\u03b1, \u03b3\u03c1\u03b1\u03bd\u03ac\u03b6\u03b9\u03b1, \u03b4\u03bf\u03bc\u03ae, \u03bc\u03b5\u03c4\u03ac\u03b4\u03bf\u03c3\u03b7, \u03ba\u03bb\u03c0.<\/p>\n<p>\u0391\u03c5\u03c4\u03cc \u03c4\u03bf \u03c3\u03b5\u03c4 \u03b5\u03af\u03bd\u03b1\u03b9 \u03b5\u03be\u03bf\u03c0\u03bb\u03b9\u03c3\u03bc\u03ad\u03bd\u03bf \u03bc\u03b5 47 \u03bc\u03b1\u03b8\u03ae\u03bc\u03b1\u03c4\u03b1 \u03c1\u03bf\u03bc\u03c0\u03bf\u03c4\u03b9\u03ba\u03ae\u03c2 \u03c7\u03c9\u03c1\u03b9\u03c3\u03bc\u03ad\u03bd\u03b1 \u03c3\u03b5 3 \u03b5\u03c0\u03af\u03c0\u03b5\u03b4\u03b1 \u03b3\u03b9\u03b1 \u03bd\u03b1 \u03bc\u03ac\u03b8\u03bf\u03c5\u03bd \u03c4\u03b1 \u03c0\u03b1\u03b9\u03b4\u03b9\u03ac \u03c0\u03ce\u03c2 \u03bd\u03b1 \u03ba\u03b1\u03c4\u03b1\u03c3\u03ba\u03b5\u03c5\u03ac\u03b6\u03bf\u03c5\u03bd, \u03bd\u03b1 \u03b5\u03bb\u03ad\u03b3\u03c7\u03bf\u03c5\u03bd \u03ba\u03b1\u03b9 \u03bd\u03b1 \u03ba\u03c9\u03b4\u03b9\u03ba\u03bf\u03c0\u03bf\u03b9\u03bf\u03cd\u03bd \u03c3\u03c4\u03bf \u03c3\u03c0\u03af\u03c4\u03b9, \u03b5\u03bd\u03ce \u03c0\u03b1\u03af\u03b6\u03bf\u03c5\u03bd \u03bc\u03b5 \u03b1\u03c5\u03c4\u03cc \u03c4\u03bf \u03c0\u03b1\u03b9\u03c7\u03bd\u03af\u03b4\u03b9. \u0391\u03c5\u03c4\u03cc \u03b5\u03af\u03bd\u03b1\u03b9 \u03b5\u03c0\u03af\u03c3\u03b7\u03c2 \u03ad\u03bd\u03b1 \u03b9\u03c3\u03c7\u03c5\u03c1\u03cc \u03b5\u03c1\u03b3\u03b1\u03bb\u03b5\u03af\u03bf \u03b4\u03b9\u03b4\u03b1\u03c3\u03ba\u03b1\u03bb\u03af\u03b1\u03c2 \u03b3\u03b9\u03b1 \u03ba\u03ad\u03bd\u03c4\u03c1\u03b1 \u03c0\u03bf\u03c5 \u03b4\u03b9\u03b4\u03ac\u03c3\u03ba\u03bf\u03c5\u03bd \u03b3\u03b9\u03b1 \u03c4\u03b7\u03bd \u03ba\u03c9\u03b4\u03b9\u03ba\u03bf\u03c0\u03bf\u03af\u03b7\u03c3\u03b7 \u03ad\u03c4\u03c3\u03b9 \u03ce\u03c3\u03c4\u03b5 \u03bd\u03b1 \u03c7\u03c1\u03b7\u03c3\u03b9\u03bc\u03bf\u03c0\u03bf\u03b9\u03b7\u03b8\u03bf\u03cd\u03bd \u03b3\u03b9\u03b1 \u03c4\u03b7 \u03b4\u03b9\u03b5\u03be\u03b1\u03b3\u03c9\u03b3\u03ae \u03bc\u03b1\u03b8\u03b7\u03bc\u03ac\u03c4\u03c9\u03bd \u03c1\u03bf\u03bc\u03c0\u03bf\u03c4\u03b9\u03ba\u03ae\u03c2.<\/p>\n<p>Otroci se bodo nau\u010dili programirati in razvijati ustvarjalne sposobnosti re\u0161evanja problemov, medtem ko se bodo igrali s to interaktivno izobra\u017eevalno igra\u010do, ki ponuja grafi\u010dno programiranje, preprosto kot igra povleci in spusti. To tehnolo\u0161ko igra\u010do lahko o\u017eivijo tudi z upravljanjem prek aplikacije.<\/p>\n<p>\u03a4\u03bf \u03b5\u03b3\u03c7\u03b5\u03b9\u03c1\u03af\u03b4\u03b9\u03bf \u03b4\u03b9\u03b4\u03ac\u03c3\u03ba\u03b5\u03b9 \u03c3\u03c4\u03b1 \u03c0\u03b1\u03b9\u03b4\u03b9\u03ac \u03c0\u03ce\u03c2 \u03bd\u03b1 \u03ba\u03b1\u03c4\u03b1\u03c3\u03ba\u03b5\u03c5\u03ac\u03b6\u03bf\u03c5\u03bd \u03c4\u03b1 \u03c1\u03bf\u03bc\u03c0\u03cc\u03c4 \u03b1\u03c0\u03cc \u03b1\u03c0\u03bb\u03ac \u03ad\u03c9\u03c2 \u03c3\u03cd\u03bd\u03b8\u03b5\u03c4\u03b1, \u03ce\u03c3\u03c4\u03b5 \u03c4\u03b1 \u03c0\u03b1\u03b9\u03b4\u03b9\u03ac \u03bd\u03b1 \u03bc\u03c0\u03bf\u03c1\u03bf\u03cd\u03bd \u03bd\u03b1 \u03b1\u03c0\u03bf\u03bb\u03b1\u03cd\u03c3\u03bf\u03c5\u03bd \u03c4\u03b7 \u03b4\u03b7\u03bc\u03b9\u03bf\u03c5\u03c1\u03b3\u03af\u03b1 \u03c7\u03c9\u03c1\u03af\u03c2 \u03c4\u03b7\u03bd \u03c0\u03b1\u03c1\u03b5\u03bc\u03b2\u03bf\u03bb\u03ae \u03ad\u03be\u03c5\u03c0\u03bd\u03c9\u03bd \u03c3\u03c5\u03c3\u03ba\u03b5\u03c5\u03ce\u03bd. \u039a\u03b1\u03b9 \u03b5\u03af\u03bd\u03b1\u03b9 \u03b5\u03c0\u03af\u03c3\u03b7\u03c2 \u03b5\u03be\u03bf\u03c0\u03bb\u03b9\u03c3\u03bc\u03ad\u03bd\u03bf \u03bc\u03b5 \u03ad\u03bd\u03b1 APP \u03b3\u03b9\u03b1 \u03bd\u03b1 \u03c4\u03bf\u03c5\u03c2 \u03b4\u03b9\u03b4\u03ac\u03be\u03b5\u03b9 \u03c0\u03ce\u03c2 \u03bd\u03b1 \u03ba\u03b1\u03c4\u03b1\u03c3\u03ba\u03b5\u03c5\u03ac\u03b6\u03bf\u03c5\u03bd, \u03bd\u03b1 \u03b5\u03bb\u03ad\u03b3\u03c7\u03bf\u03c5\u03bd \u03c4\u03b1 \u03c1\u03bf\u03bc\u03c0\u03cc\u03c4 \u03ba\u03b1\u03b9 \u03bd\u03b1 \u03b3\u03c1\u03ac\u03c6\u03bf\u03c5\u03bd \u03ad\u03bd\u03b1 \u03c0\u03c1\u03cc\u03b3\u03c1\u03b1\u03bc\u03bc\u03b1.<\/p><\/p>","protected":false},"excerpt":{"rendered":"<p>Igro ROBOT MASTER je razvila ekipa strokovnjakov za robotiko, da bi otrokom na vznemirljiv in zabaven na\u010din ponudila bogato znanje o STEAM-u. Otroci se ob tem u\u010dijo graditi, programirati in ustvarjati.<\/p>","protected":false},"featured_media":7385,"comment_status":"open","ping_status":"closed","template":"","meta":{"site-sidebar-layout":"default","site-content-layout":"","ast-site-content-layout":"default","site-content-style":"default","site-sidebar-style":"default","ast-global-header-display":"","ast-banner-title-visibility":"","ast-main-header-display":"","ast-hfb-above-header-display":"","ast-hfb-below-header-display":"","ast-hfb-mobile-header-display":"","site-post-title":"","ast-breadcrumbs-content":"","ast-featured-img":"","footer-sml-layout":"","ast-disable-related-posts":"","theme-transparent-header-meta":"","adv-header-id-meta":"","stick-header-meta":"","header-above-stick-meta":"","header-main-stick-meta":"","header-below-stick-meta":"","astra-migrate-meta-layouts":"default","ast-page-background-enabled":"default","ast-page-background-meta":{"desktop":{"background-color":"var(--ast-global-color-5)","background-image":"","background-repeat":"repeat","background-position":"center center","background-size":"auto","background-attachment":"scroll","background-type":"","background-media":"","overlay-type":"","overlay-color":"","overlay-opacity":"","overlay-gradient":""},"tablet":{"background-color":"","background-image":"","background-repeat":"repeat","background-position":"center center","background-size":"auto","background-attachment":"scroll","background-type":"","background-media":"","overlay-type":"","overlay-color":"","overlay-opacity":"","overlay-gradient":""},"mobile":{"background-color":"","background-image":"","background-repeat":"repeat","background-position":"center center","background-size":"auto","background-attachment":"scroll","background-type":"","background-media":"","overlay-type":"","overlay-color":"","overlay-opacity":"","overlay-gradient":""}},"ast-content-background-meta":{"desktop":{"background-color":"var(--ast-global-color-4)","background-image":"","background-repeat":"repeat","background-position":"center center","background-size":"auto","background-attachment":"scroll","background-type":"","background-media":"","overlay-type":"","overlay-color":"","overlay-opacity":"","overlay-gradient":""},"tablet":{"background-color":"var(--ast-global-color-4)","background-image":"","background-repeat":"repeat","background-position":"center center","background-size":"auto","background-attachment":"scroll","background-type":"","background-media":"","overlay-type":"","overlay-color":"","overlay-opacity":"","overlay-gradient":""},"mobile":{"background-color":"var(--ast-global-color-4)","background-image":"","background-repeat":"repeat","background-position":"center center","background-size":"auto","background-attachment":"scroll","background-type":"","background-media":"","overlay-type":"","overlay-color":"","overlay-opacity":"","overlay-gradient":""}}},"product_brand":[106],"product_cat":[43,33,29,57,35,30,45,34,28,59],"product_tag":[],"class_list":{"0":"post-7384","1":"product","2":"type-product","3":"status-publish","4":"has-post-thumbnail","6":"product_brand-makerzoid","7":"product_cat-43","8":"product_cat-33","9":"product_cat-29","10":"product_cat-57","11":"product_cat--10-12-","12":"product_cat--6-9-","13":"product_cat-45","14":"product_cat-34","15":"product_cat-28","16":"product_cat-59","17":"desktop-align-left","18":"tablet-align-left","19":"mobile-align-left","21":"first","22":"instock","23":"taxable","24":"shipping-taxable","25":"purchasable","26":"product-type-simple"},"_links":{"self":[{"href":"https:\/\/stem-eshop.gr\/sl\/wp-json\/wp\/v2\/product\/7384","targetHints":{"allow":["GET"]}}],"collection":[{"href":"https:\/\/stem-eshop.gr\/sl\/wp-json\/wp\/v2\/product"}],"about":[{"href":"https:\/\/stem-eshop.gr\/sl\/wp-json\/wp\/v2\/types\/product"}],"replies":[{"embeddable":true,"href":"https:\/\/stem-eshop.gr\/sl\/wp-json\/wp\/v2\/comments?post=7384"}],"wp:featuredmedia":[{"embeddable":true,"href":"https:\/\/stem-eshop.gr\/sl\/wp-json\/wp\/v2\/media\/7385"}],"wp:attachment":[{"href":"https:\/\/stem-eshop.gr\/sl\/wp-json\/wp\/v2\/media?parent=7384"}],"wp:term":[{"taxonomy":"product_brand","embeddable":true,"href":"https:\/\/stem-eshop.gr\/sl\/wp-json\/wp\/v2\/product_brand?post=7384"},{"taxonomy":"product_cat","embeddable":true,"href":"https:\/\/stem-eshop.gr\/sl\/wp-json\/wp\/v2\/product_cat?post=7384"},{"taxonomy":"product_tag","embeddable":true,"href":"https:\/\/stem-eshop.gr\/sl\/wp-json\/wp\/v2\/product_tag?post=7384"}],"curies":[{"name":"wp","href":"https:\/\/api.w.org\/{rel}","templated":true}]}}