{"id":7364,"date":"2025-05-19T10:34:16","date_gmt":"2025-05-19T10:34:16","guid":{"rendered":"https:\/\/stem-eshop.gr\/product\/makerzoid-superbot-26-in-1-coding-robot-kit\/"},"modified":"2025-12-25T19:51:00","modified_gmt":"2025-12-25T16:51:00","slug":"makerzoid-superbot-26-in-1-coding-robot-kit","status":"publish","type":"product","link":"https:\/\/stem-eshop.gr\/sl\/izdelek\/makerzoid-superbot-26-in-1-coding-robot-kit\/","title":{"rendered":"Makerzoid SUPERBOT 26-v-1 komplet kodirnega robota"},"content":{"rendered":"<p>Superbot ima ve\u010d kot 400 kock in ve\u010d kot 26 modelov za sestavljanje.<\/p>\n<p>Ve\u010dinoma gre za razli\u010dne dirkalne avtomobile, tovornjake, oblikovalske stroje ... itd.<\/p>\n<p>Vgrajen motor (baterije niso prilo\u017eene) olaj\u0161a sestavljanje.<\/p>\n<p>Za za\u010detnike programerje je priporo\u010dljivo kot prvi korak.<\/p>\n<p>Superbot otroku prina\u0161a neskon\u010dno zabavo pri skupnem sestavljanju, igranju in nato bojevanju z modeli avtomobilov.<\/p>\n<p>Z BREZPLA\u010cNO aplikacijo MAKZERZOID iz App Store in Google Play lahko otroci prek povezave Bluetooth s pametnimi napravami preprosto sestavijo modele iz razdelka \u00bbSestavi\u00ab in nato upravljajo motoriziranega robota, ki se premika v vse smeri, kar prina\u0161a toliko veselja.<\/p>\n<p>Dodatne prednosti Superbota<\/p>\n<p>Superbot otrokom na preprost in enostaven na\u010din doda nekaj znanja kodiranja, da ga bolje razumejo.<\/p>\n<p>Njegova osnovna zasnova temelji tudi na znanju znanosti, tehnologije, in\u017eenirstva, matematike in umetnosti, kar bi otrokom lahko pomagalo razviti logi\u010dno mi\u0161ljenje, domi\u0161ljijo, ustvarjalnost in sposobnost re\u0161evanja problemov.<\/p>","protected":false},"excerpt":{"rendered":"<p>Superbot si je pridobil veliko obo\u017eevalcev, saj temelji na kul modelih dirkalnih avtomobilov in tovornjakov ter \u017eivih barvah.<\/p>\n<p>Samo povle\u010di in spustiti morate nekaj ukazov v razdelek \u00bbKodiranje\u00ab in ga nato premakniti.<\/p>\n<p>Preprosto, a polno osnovnega znanja kodiranja!!!!<\/p>","protected":false},"featured_media":7365,"comment_status":"open","ping_status":"closed","template":"","meta":{"site-sidebar-layout":"default","site-content-layout":"","ast-site-content-layout":"default","site-content-style":"default","site-sidebar-style":"default","ast-global-header-display":"","ast-banner-title-visibility":"","ast-main-header-display":"","ast-hfb-above-header-display":"","ast-hfb-below-header-display":"","ast-hfb-mobile-header-display":"","site-post-title":"","ast-breadcrumbs-content":"","ast-featured-img":"","footer-sml-layout":"","ast-disable-related-posts":"","theme-transparent-header-meta":"default","adv-header-id-meta":"","stick-header-meta":"","header-above-stick-meta":"","header-main-stick-meta":"","header-below-stick-meta":"","astra-migrate-meta-layouts":"set","ast-page-background-enabled":"default","ast-page-background-meta":{"desktop":{"background-color":"var(--ast-global-color-5)","background-image":"","background-repeat":"repeat","background-position":"center center","background-size":"auto","background-attachment":"scroll","background-type":"","background-media":"","overlay-type":"","overlay-color":"","overlay-opacity":"","overlay-gradient":""},"tablet":{"background-color":"","background-image":"","background-repeat":"repeat","background-position":"center center","background-size":"auto","background-attachment":"scroll","background-type":"","background-media":"","overlay-type":"","overlay-color":"","overlay-opacity":"","overlay-gradient":""},"mobile":{"background-color":"","background-image":"","background-repeat":"repeat","background-position":"center center","background-size":"auto","background-attachment":"scroll","background-type":"","background-media":"","overlay-type":"","overlay-color":"","overlay-opacity":"","overlay-gradient":""}},"ast-content-background-meta":{"desktop":{"background-color":"var(--ast-global-color-4)","background-image":"","background-repeat":"repeat","background-position":"center center","background-size":"auto","background-attachment":"scroll","background-type":"","background-media":"","overlay-type":"","overlay-color":"","overlay-opacity":"","overlay-gradient":""},"tablet":{"background-color":"var(--ast-global-color-4)","background-image":"","background-repeat":"repeat","background-position":"center center","background-size":"auto","background-attachment":"scroll","background-type":"","background-media":"","overlay-type":"","overlay-color":"","overlay-opacity":"","overlay-gradient":""},"mobile":{"background-color":"var(--ast-global-color-4)","background-image":"","background-repeat":"repeat","background-position":"center center","background-size":"auto","background-attachment":"scroll","background-type":"","background-media":"","overlay-type":"","overlay-color":"","overlay-opacity":"","overlay-gradient":""}}},"product_brand":[106],"product_cat":[33,29,56,57,35,30,45,34,28,59],"product_tag":[],"class_list":{"0":"post-7364","1":"product","2":"type-product","3":"status-publish","4":"has-post-thumbnail","6":"product_brand-makerzoid","7":"product_cat-33","8":"product_cat-29","9":"product_cat-56","10":"product_cat-57","11":"product_cat--10-12-","12":"product_cat--6-9-","13":"product_cat-45","14":"product_cat-34","15":"product_cat-28","16":"product_cat-59","17":"desktop-align-left","18":"tablet-align-left","19":"mobile-align-left","21":"first","22":"instock","23":"taxable","24":"shipping-taxable","25":"purchasable","26":"product-type-simple"},"_links":{"self":[{"href":"https:\/\/stem-eshop.gr\/sl\/wp-json\/wp\/v2\/product\/7364","targetHints":{"allow":["GET"]}}],"collection":[{"href":"https:\/\/stem-eshop.gr\/sl\/wp-json\/wp\/v2\/product"}],"about":[{"href":"https:\/\/stem-eshop.gr\/sl\/wp-json\/wp\/v2\/types\/product"}],"replies":[{"embeddable":true,"href":"https:\/\/stem-eshop.gr\/sl\/wp-json\/wp\/v2\/comments?post=7364"}],"wp:featuredmedia":[{"embeddable":true,"href":"https:\/\/stem-eshop.gr\/sl\/wp-json\/wp\/v2\/media\/7365"}],"wp:attachment":[{"href":"https:\/\/stem-eshop.gr\/sl\/wp-json\/wp\/v2\/media?parent=7364"}],"wp:term":[{"taxonomy":"product_brand","embeddable":true,"href":"https:\/\/stem-eshop.gr\/sl\/wp-json\/wp\/v2\/product_brand?post=7364"},{"taxonomy":"product_cat","embeddable":true,"href":"https:\/\/stem-eshop.gr\/sl\/wp-json\/wp\/v2\/product_cat?post=7364"},{"taxonomy":"product_tag","embeddable":true,"href":"https:\/\/stem-eshop.gr\/sl\/wp-json\/wp\/v2\/product_tag?post=7364"}],"curies":[{"name":"wp","href":"https:\/\/api.w.org\/{rel}","templated":true}]}}