{"id":7329,"date":"2025-05-19T10:13:00","date_gmt":"2025-05-19T10:13:00","guid":{"rendered":"https:\/\/stem-eshop.gr\/product\/%ce%b5%ce%ba%cf%80%ce%b1%ce%b9%ce%b4%ce%b5%cf%85%cf%84%ce%b9%ce%ba%cf%8c-%cf%80%ce%b1%ce%b9%cf%87%ce%bd%ce%af%ce%b4%ce%b9-%ce%b2%ce%b1%cf%83%ce%b9%ce%ba%ce%ad%cf%82-%ce%ba%ce%b1%ce%b8%ce%b7%ce%bc\/"},"modified":"2025-11-19T11:14:47","modified_gmt":"2025-11-19T08:14:47","slug":"%ce%b5%ce%ba%cf%80%ce%b1%ce%b9%ce%b4%ce%b5%cf%85%cf%84%ce%b9%ce%ba%cf%8c-%cf%80%ce%b1%ce%b9%cf%87%ce%bd%ce%af%ce%b4%ce%b9-%ce%b2%ce%b1%cf%83%ce%b9%ce%ba%ce%ad%cf%82-%ce%ba%ce%b1%ce%b8%ce%b7%ce%bc","status":"publish","type":"product","link":"https:\/\/stem-eshop.gr\/sl\/izdelek\/%ce%b5%ce%ba%cf%80%ce%b1%ce%b9%ce%b4%ce%b5%cf%85%cf%84%ce%b9%ce%ba%cf%8c-%cf%80%ce%b1%ce%b9%cf%87%ce%bd%ce%af%ce%b4%ce%b9-%ce%b2%ce%b1%cf%83%ce%b9%ce%ba%ce%ad%cf%82-%ce%ba%ce%b1%ce%b8%ce%b7%ce%bc\/","title":{"rendered":"Izobra\u017eevalna igra - Osnovne dnevne navade"},"content":{"rendered":"<p>Igra je sestavljena iz kart, ki prikazujejo razli\u010dne dejavnosti, kot so umivanje zob, umivanje rok, obla\u010denje, prehranjevanje in uporaba strani\u0161\u010da. Kartice se lahko uporabljajo v razli\u010dnih igrah povezovanja in pripovedovanja zgodb, kar otrokom pomaga razviti opazovalne sposobnosti in se nau\u010diti upo\u0161tevati dnevno rutino.<\/p>\n<p>Ta igra pomaga otrokom pridobiti samostojnost in sprejeti dobre navade, povezane s higieno, samooskrbo in socialnim vedenjem. Primerna je za pred\u0161olske in \u0161olske otroke ter se lahko uporablja v \u0161oli, doma ali v terapevtskem okolju.<\/p>\n<p>Posebej primerno za otroke s posebnimi potrebami. Pomaga spodbujati ve\u010djo avtonomijo, samozavest in samospo\u0161tovanje.<\/p><\/p>","protected":false},"excerpt":{"rendered":"<\/p>\n<p class=\"MsoNormal\">\u00bbOsnovne dnevne navade\u00ab podjetja AKROS Educational je izobra\u017eevalna igra, katere cilj je otroke nau\u010diti najpomembnej\u0161ih dnevnih navad, povezanih s higieno, samooskrbo in socialnim vedenjem. Skozi to igro se otroci nau\u010dijo prepoznavati in izvajati dobre navade, ki so bistvene za vsakdanje \u017eivljenje.<\/p>\n<p class=\"MsoNormal\">Je uporabno, visokokakovostno u\u010dno gradivo, bistveno v specialni pedagogiki.<\/p>\n<\/p>\n<p class=\"MsoNormal\">Komplet 5 zelo preprostih zaporedij s 4 koraki, z velikimi fotografijami, ki omogo\u010dajo urjenje osnovnih vsakodnevnih higienskih navad, samostojnosti in sodelovanja pri gospodinjskih opravilih.<\/p>\n<\/p><\/p>","protected":false},"featured_media":7330,"comment_status":"open","ping_status":"closed","template":"","meta":{"site-sidebar-layout":"default","site-content-layout":"","ast-site-content-layout":"default","site-content-style":"default","site-sidebar-style":"default","ast-global-header-display":"","ast-banner-title-visibility":"","ast-main-header-display":"","ast-hfb-above-header-display":"","ast-hfb-below-header-display":"","ast-hfb-mobile-header-display":"","site-post-title":"","ast-breadcrumbs-content":"","ast-featured-img":"","footer-sml-layout":"","ast-disable-related-posts":"","theme-transparent-header-meta":"","adv-header-id-meta":"","stick-header-meta":"","header-above-stick-meta":"","header-main-stick-meta":"","header-below-stick-meta":"","astra-migrate-meta-layouts":"default","ast-page-background-enabled":"default","ast-page-background-meta":{"desktop":{"background-color":"var(--ast-global-color-5)","background-image":"","background-repeat":"repeat","background-position":"center center","background-size":"auto","background-attachment":"scroll","background-type":"","background-media":"","overlay-type":"","overlay-color":"","overlay-opacity":"","overlay-gradient":""},"tablet":{"background-color":"","background-image":"","background-repeat":"repeat","background-position":"center center","background-size":"auto","background-attachment":"scroll","background-type":"","background-media":"","overlay-type":"","overlay-color":"","overlay-opacity":"","overlay-gradient":""},"mobile":{"background-color":"","background-image":"","background-repeat":"repeat","background-position":"center center","background-size":"auto","background-attachment":"scroll","background-type":"","background-media":"","overlay-type":"","overlay-color":"","overlay-opacity":"","overlay-gradient":""}},"ast-content-background-meta":{"desktop":{"background-color":"var(--ast-global-color-4)","background-image":"","background-repeat":"repeat","background-position":"center center","background-size":"auto","background-attachment":"scroll","background-type":"","background-media":"","overlay-type":"","overlay-color":"","overlay-opacity":"","overlay-gradient":""},"tablet":{"background-color":"var(--ast-global-color-4)","background-image":"","background-repeat":"repeat","background-position":"center center","background-size":"auto","background-attachment":"scroll","background-type":"","background-media":"","overlay-type":"","overlay-color":"","overlay-opacity":"","overlay-gradient":""},"mobile":{"background-color":"var(--ast-global-color-4)","background-image":"","background-repeat":"repeat","background-position":"center center","background-size":"auto","background-attachment":"scroll","background-type":"","background-media":"","overlay-type":"","overlay-color":"","overlay-opacity":"","overlay-gradient":""}}},"product_brand":[98],"product_cat":[42,39,38,56,30,26,48],"product_tag":[],"class_list":{"0":"post-7329","1":"product","2":"type-product","3":"status-publish","4":"has-post-thumbnail","6":"product_brand-akros","7":"product_cat-42","8":"product_cat-39","9":"product_cat-38","10":"product_cat-56","11":"product_cat--6-9-","12":"product_cat-26","13":"product_cat-48","14":"desktop-align-left","15":"tablet-align-left","16":"mobile-align-left","18":"first","19":"instock","20":"taxable","21":"shipping-taxable","22":"purchasable","23":"product-type-simple"},"_links":{"self":[{"href":"https:\/\/stem-eshop.gr\/sl\/wp-json\/wp\/v2\/product\/7329","targetHints":{"allow":["GET"]}}],"collection":[{"href":"https:\/\/stem-eshop.gr\/sl\/wp-json\/wp\/v2\/product"}],"about":[{"href":"https:\/\/stem-eshop.gr\/sl\/wp-json\/wp\/v2\/types\/product"}],"replies":[{"embeddable":true,"href":"https:\/\/stem-eshop.gr\/sl\/wp-json\/wp\/v2\/comments?post=7329"}],"wp:featuredmedia":[{"embeddable":true,"href":"https:\/\/stem-eshop.gr\/sl\/wp-json\/wp\/v2\/media\/7330"}],"wp:attachment":[{"href":"https:\/\/stem-eshop.gr\/sl\/wp-json\/wp\/v2\/media?parent=7329"}],"wp:term":[{"taxonomy":"product_brand","embeddable":true,"href":"https:\/\/stem-eshop.gr\/sl\/wp-json\/wp\/v2\/product_brand?post=7329"},{"taxonomy":"product_cat","embeddable":true,"href":"https:\/\/stem-eshop.gr\/sl\/wp-json\/wp\/v2\/product_cat?post=7329"},{"taxonomy":"product_tag","embeddable":true,"href":"https:\/\/stem-eshop.gr\/sl\/wp-json\/wp\/v2\/product_tag?post=7329"}],"curies":[{"name":"wp","href":"https:\/\/api.w.org\/{rel}","templated":true}]}}