{"id":7306,"date":"2025-05-19T10:12:36","date_gmt":"2025-05-19T10:12:36","guid":{"rendered":"https:\/\/stem-eshop.gr\/product\/as-magnet-box-%ce%bc%ce%b1%ce%b8%ce%b1%ce%af%ce%bd%cf%89-%ce%bd%ce%b1-%ce%b3%cf%81%ce%ac%cf%86%cf%89-72-%ce%b5%ce%ba%cf%80%ce%b1%ce%b9%ce%b4%ce%b5%cf%85%cf%84%ce%b9%ce%ba%ce%bf%ce%af-%cf%87%ce%ac\/"},"modified":"2026-04-26T11:26:18","modified_gmt":"2026-04-26T08:26:18","slug":"as-magnet-box-%ce%bc%ce%b1%ce%b8%ce%b1%ce%af%ce%bd%cf%89-%ce%bd%ce%b1-%ce%b3%cf%81%ce%ac%cf%86%cf%89-72-%ce%b5%ce%ba%cf%80%ce%b1%ce%b9%ce%b4%ce%b5%cf%85%cf%84%ce%b9%ce%ba%ce%bf%ce%af-%cf%87%ce%ac","status":"publish","type":"product","link":"https:\/\/stem-eshop.gr\/sl\/izdelek\/as-magnet-box-%ce%bc%ce%b1%ce%b8%ce%b1%ce%af%ce%bd%cf%89-%ce%bd%ce%b1-%ce%b3%cf%81%ce%ac%cf%86%cf%89-72-%ce%b5%ce%ba%cf%80%ce%b1%ce%b9%ce%b4%ce%b5%cf%85%cf%84%ce%b9%ce%ba%ce%bf%ce%af-%cf%87%ce%ac\/","title":{"rendered":"AS Magnet Box U\u010denje pisanja 72 izobra\u017eevalnih papirnatih magnetov za otroke, starej\u0161e od 4 let"},"content":{"rendered":"<p class=\"MsoNormal\">Igra stopenjske te\u017eavnosti, ki otroku zaradi posebne pisalne in brisajo\u010de tablice ter prilo\u017eenega gobastega markerja omogo\u010da, da vaje ponavlja kolikokrat \u017eeli, pa tudi, da pi\u0161e svoje besede!<\/p>\n<\/p>\n<p class=\"MsoNormal\">Vklju\u010duje:<\/p>\n<\/p>\n<p>72 papirnatih magnetov<\/p>\n<\/p>\n<p>1 marker z gobico<\/p>\n<\/p>\n<p>1 magnetna tabla<\/p>\n<\/p>\n<p>Ilustriran vodnik za u\u010denje besed in z vajami za izgovorjavo<\/p>\n<\/p>\n<p class=\"MsoNormal\">Kaj so magnetne \u0161katle AS?<\/p>\n<\/p>\n<p class=\"MsoNormal\">Serija Magnet Box uporablja lesene in papirnate magnete, ki otroke u\u010dijo razvijati spretnosti in hkrati spro\u0161\u010dajo njihovo domi\u0161ljijo. Z igro z Magnet Box otrok vadi finomotoriko in koordinacijo rok in o\u010di, saj se u\u010di kombinirati magnete. Najpomembneje pa je, da serija pomaga otrokovemu socialnemu in \u010dustvenemu razvoju s sodelovanjem in gojenjem empatije. Serija je na podelitvi nagrad Toys Awards 2021 prejela srebrno nagrado v kategoriji Najbolj\u0161a izobra\u017eevalna igra\u010da.<\/p><\/p>","protected":false},"excerpt":{"rendered":"<p class=\"MsoNormal\">Magnetna \u0161katla AS U\u010dim se pisati je izobra\u017eevalna magnetna igra\u010da, ki otroka spodbuja k u\u010denju pisanja z igro z magneti.<\/p>\n<\/p>\n<p class=\"MsoNormal\">Otrok najprej spozna \u010drke in njihovo pisanje, nato magnete s \u010drkami pove\u017ee z ustreznimi slikami preprostih besed in na koncu vadi pisanje besed na tablo po \u010drkovanju, ki je navedeno v prilo\u017eeni knji\u017eici.<\/p><\/p>","protected":false},"featured_media":7307,"comment_status":"open","ping_status":"closed","template":"","meta":{"site-sidebar-layout":"default","site-content-layout":"","ast-site-content-layout":"default","site-content-style":"default","site-sidebar-style":"default","ast-global-header-display":"","ast-banner-title-visibility":"","ast-main-header-display":"","ast-hfb-above-header-display":"","ast-hfb-below-header-display":"","ast-hfb-mobile-header-display":"","site-post-title":"","ast-breadcrumbs-content":"","ast-featured-img":"","footer-sml-layout":"","ast-disable-related-posts":"","theme-transparent-header-meta":"","adv-header-id-meta":"","stick-header-meta":"","header-above-stick-meta":"","header-main-stick-meta":"","header-below-stick-meta":"","astra-migrate-meta-layouts":"default","ast-page-background-enabled":"default","ast-page-background-meta":{"desktop":{"background-color":"var(--ast-global-color-5)","background-image":"","background-repeat":"repeat","background-position":"center center","background-size":"auto","background-attachment":"scroll","background-type":"","background-media":"","overlay-type":"","overlay-color":"","overlay-opacity":"","overlay-gradient":""},"tablet":{"background-color":"","background-image":"","background-repeat":"repeat","background-position":"center center","background-size":"auto","background-attachment":"scroll","background-type":"","background-media":"","overlay-type":"","overlay-color":"","overlay-opacity":"","overlay-gradient":""},"mobile":{"background-color":"","background-image":"","background-repeat":"repeat","background-position":"center center","background-size":"auto","background-attachment":"scroll","background-type":"","background-media":"","overlay-type":"","overlay-color":"","overlay-opacity":"","overlay-gradient":""}},"ast-content-background-meta":{"desktop":{"background-color":"var(--ast-global-color-4)","background-image":"","background-repeat":"repeat","background-position":"center center","background-size":"auto","background-attachment":"scroll","background-type":"","background-media":"","overlay-type":"","overlay-color":"","overlay-opacity":"","overlay-gradient":""},"tablet":{"background-color":"var(--ast-global-color-4)","background-image":"","background-repeat":"repeat","background-position":"center center","background-size":"auto","background-attachment":"scroll","background-type":"","background-media":"","overlay-type":"","overlay-color":"","overlay-opacity":"","overlay-gradient":""},"mobile":{"background-color":"var(--ast-global-color-4)","background-image":"","background-repeat":"repeat","background-position":"center center","background-size":"auto","background-attachment":"scroll","background-type":"","background-media":"","overlay-type":"","overlay-color":"","overlay-opacity":"","overlay-gradient":""}}},"product_brand":[99],"product_cat":[126,42,43,38,29,47,30,26],"product_tag":[],"class_list":{"0":"post-7306","1":"product","2":"type-product","3":"status-publish","4":"has-post-thumbnail","6":"product_brand-as","7":"product_cat-126","8":"product_cat-42","9":"product_cat-43","10":"product_cat-38","11":"product_cat-29","12":"product_cat-47","13":"product_cat--6-9-","14":"product_cat-26","15":"desktop-align-left","16":"tablet-align-left","17":"mobile-align-left","19":"first","20":"instock","21":"taxable","22":"shipping-taxable","23":"purchasable","24":"product-type-simple"},"_links":{"self":[{"href":"https:\/\/stem-eshop.gr\/sl\/wp-json\/wp\/v2\/product\/7306","targetHints":{"allow":["GET"]}}],"collection":[{"href":"https:\/\/stem-eshop.gr\/sl\/wp-json\/wp\/v2\/product"}],"about":[{"href":"https:\/\/stem-eshop.gr\/sl\/wp-json\/wp\/v2\/types\/product"}],"replies":[{"embeddable":true,"href":"https:\/\/stem-eshop.gr\/sl\/wp-json\/wp\/v2\/comments?post=7306"}],"wp:featuredmedia":[{"embeddable":true,"href":"https:\/\/stem-eshop.gr\/sl\/wp-json\/wp\/v2\/media\/7307"}],"wp:attachment":[{"href":"https:\/\/stem-eshop.gr\/sl\/wp-json\/wp\/v2\/media?parent=7306"}],"wp:term":[{"taxonomy":"product_brand","embeddable":true,"href":"https:\/\/stem-eshop.gr\/sl\/wp-json\/wp\/v2\/product_brand?post=7306"},{"taxonomy":"product_cat","embeddable":true,"href":"https:\/\/stem-eshop.gr\/sl\/wp-json\/wp\/v2\/product_cat?post=7306"},{"taxonomy":"product_tag","embeddable":true,"href":"https:\/\/stem-eshop.gr\/sl\/wp-json\/wp\/v2\/product_tag?post=7306"}],"curies":[{"name":"wp","href":"https:\/\/api.w.org\/{rel}","templated":true}]}}