{"id":7228,"date":"2025-05-19T09:55:26","date_gmt":"2025-05-19T09:55:26","guid":{"rendered":"https:\/\/stem-eshop.gr\/product\/%ce%bd%cf%8c%ce%bc%ce%bf%ce%b9-%cf%86%cf%85%cf%83%ce%b9%ce%ba%ce%ae%cf%82-%ce%b1%ce%b4%cf%81%ce%ac%ce%bd%ce%b5%ce%b9%ce%b1-%cf%84%cf%81%ce%b9%ce%b2%ce%ae-%ce%ba%cf%85%ce%ba%ce%bb%ce%b9%ce%ba%ce%ae\/"},"modified":"2025-05-22T21:13:29","modified_gmt":"2025-05-22T18:13:29","slug":"%ce%bd%cf%8c%ce%bc%ce%bf%ce%b9-%cf%86%cf%85%cf%83%ce%b9%ce%ba%ce%ae%cf%82-%ce%b1%ce%b4%cf%81%ce%ac%ce%bd%ce%b5%ce%b9%ce%b1-%cf%84%cf%81%ce%b9%ce%b2%ce%ae-%ce%ba%cf%85%ce%ba%ce%bb%ce%b9%ce%ba%ce%ae","status":"publish","type":"product","link":"https:\/\/stem-eshop.gr\/sl\/izdelek\/%ce%bd%cf%8c%ce%bc%ce%bf%ce%b9-%cf%86%cf%85%cf%83%ce%b9%ce%ba%ce%ae%cf%82-%ce%b1%ce%b4%cf%81%ce%ac%ce%bd%ce%b5%ce%b9%ce%b1-%cf%84%cf%81%ce%b9%ce%b2%ce%ae-%ce%ba%cf%85%ce%ba%ce%bb%ce%b9%ce%ba%ce%ae\/","title":{"rendered":"Zakoni fizike: vztrajnost, trenje, kro\u017eno gibanje in pretvorba energije"},"content":{"rendered":"<p>Eksperimentirajte s kineti\u010dno in potencialno energijo, da odkrijete lastnosti energije in kako se ta pretvarja iz ene oblike v drugo.<\/p>\n<p>Sestavite 6 funkcionalnih modelov, vklju\u010dno z napravo za preskusne trke, raketnim metalcem, brusilnim kolesom, lokom in pu\u0161\u010dico, gumijastim avtomobilom in inercialno testno plo\u0161\u010dadjo.<\/p>\n<p>Preprosta navodila za sestavljanje vseh modelov najdete na spletu ali v prilo\u017eenem priro\u010dniku.<\/p>\n<p>Priro\u010dnik ponuja podrobne razlage razli\u010dnih uporabljenih znanstvenih na\u010del in vklju\u010duje inovativne eksperimentalne dejavnosti za izkustveno u\u010denje.<\/p>\n<p>Na voljo je tudi razdelek s kvizom, kjer lahko preizkusite svoje novo pridobljeno znanje<\/p>","protected":false},"excerpt":{"rendered":"<p>Spoznajte vse o Newtonovih zakonih gibanja, ki so osnova klasi\u010dne mehanike in \u0161e vedno opisujejo ve\u010dino situacij v vsakdanjem \u017eivljenju.<\/p><\/p>","protected":false},"featured_media":7229,"comment_status":"open","ping_status":"closed","template":"","meta":{"site-sidebar-layout":"default","site-content-layout":"","ast-site-content-layout":"default","site-content-style":"default","site-sidebar-style":"default","ast-global-header-display":"","ast-banner-title-visibility":"","ast-main-header-display":"","ast-hfb-above-header-display":"","ast-hfb-below-header-display":"","ast-hfb-mobile-header-display":"","site-post-title":"","ast-breadcrumbs-content":"","ast-featured-img":"","footer-sml-layout":"","ast-disable-related-posts":"","theme-transparent-header-meta":"","adv-header-id-meta":"","stick-header-meta":"","header-above-stick-meta":"","header-main-stick-meta":"","header-below-stick-meta":"","astra-migrate-meta-layouts":"default","ast-page-background-enabled":"default","ast-page-background-meta":{"desktop":{"background-color":"var(--ast-global-color-5)","background-image":"","background-repeat":"repeat","background-position":"center center","background-size":"auto","background-attachment":"scroll","background-type":"","background-media":"","overlay-type":"","overlay-color":"","overlay-opacity":"","overlay-gradient":""},"tablet":{"background-color":"","background-image":"","background-repeat":"repeat","background-position":"center center","background-size":"auto","background-attachment":"scroll","background-type":"","background-media":"","overlay-type":"","overlay-color":"","overlay-opacity":"","overlay-gradient":""},"mobile":{"background-color":"","background-image":"","background-repeat":"repeat","background-position":"center center","background-size":"auto","background-attachment":"scroll","background-type":"","background-media":"","overlay-type":"","overlay-color":"","overlay-opacity":"","overlay-gradient":""}},"ast-content-background-meta":{"desktop":{"background-color":"var(--ast-global-color-4)","background-image":"","background-repeat":"repeat","background-position":"center center","background-size":"auto","background-attachment":"scroll","background-type":"","background-media":"","overlay-type":"","overlay-color":"","overlay-opacity":"","overlay-gradient":""},"tablet":{"background-color":"var(--ast-global-color-4)","background-image":"","background-repeat":"repeat","background-position":"center center","background-size":"auto","background-attachment":"scroll","background-type":"","background-media":"","overlay-type":"","overlay-color":"","overlay-opacity":"","overlay-gradient":""},"mobile":{"background-color":"var(--ast-global-color-4)","background-image":"","background-repeat":"repeat","background-position":"center center","background-size":"auto","background-attachment":"scroll","background-type":"","background-media":"","overlay-type":"","overlay-color":"","overlay-opacity":"","overlay-gradient":""}}},"product_brand":[95],"product_cat":[39,38,29,56,32,57,35,40,30,58],"product_tag":[],"class_list":{"0":"post-7228","1":"product","2":"type-product","3":"status-publish","4":"has-post-thumbnail","6":"product_brand-engino","7":"product_cat-39","8":"product_cat-38","9":"product_cat-29","10":"product_cat-56","11":"product_cat-32","12":"product_cat-57","13":"product_cat--10-12-","14":"product_cat--12-","15":"product_cat--6-9-","16":"product_cat-58","17":"desktop-align-left","18":"tablet-align-left","19":"mobile-align-left","21":"first","22":"instock","23":"taxable","24":"shipping-taxable","25":"purchasable","26":"product-type-simple"},"_links":{"self":[{"href":"https:\/\/stem-eshop.gr\/sl\/wp-json\/wp\/v2\/product\/7228","targetHints":{"allow":["GET"]}}],"collection":[{"href":"https:\/\/stem-eshop.gr\/sl\/wp-json\/wp\/v2\/product"}],"about":[{"href":"https:\/\/stem-eshop.gr\/sl\/wp-json\/wp\/v2\/types\/product"}],"replies":[{"embeddable":true,"href":"https:\/\/stem-eshop.gr\/sl\/wp-json\/wp\/v2\/comments?post=7228"}],"wp:featuredmedia":[{"embeddable":true,"href":"https:\/\/stem-eshop.gr\/sl\/wp-json\/wp\/v2\/media\/7229"}],"wp:attachment":[{"href":"https:\/\/stem-eshop.gr\/sl\/wp-json\/wp\/v2\/media?parent=7228"}],"wp:term":[{"taxonomy":"product_brand","embeddable":true,"href":"https:\/\/stem-eshop.gr\/sl\/wp-json\/wp\/v2\/product_brand?post=7228"},{"taxonomy":"product_cat","embeddable":true,"href":"https:\/\/stem-eshop.gr\/sl\/wp-json\/wp\/v2\/product_cat?post=7228"},{"taxonomy":"product_tag","embeddable":true,"href":"https:\/\/stem-eshop.gr\/sl\/wp-json\/wp\/v2\/product_tag?post=7228"}],"curies":[{"name":"wp","href":"https:\/\/api.w.org\/{rel}","templated":true}]}}