{"id":7217,"date":"2025-05-19T09:55:11","date_gmt":"2025-05-19T09:55:11","guid":{"rendered":"https:\/\/stem-eshop.gr\/product\/%cf%80%cf%89%cf%82-%ce%bb%ce%b5%ce%b9%cf%84%ce%bf%cf%85%cf%81%ce%b3%ce%b5%ce%af-%ce%b7-%cf%85%ce%b4%cf%81%ce%b1%cf%85%ce%bb%ce%b9%ce%ba%ce%ae\/"},"modified":"2025-05-22T21:13:29","modified_gmt":"2025-05-22T18:13:29","slug":"%cf%80%cf%89%cf%82-%ce%bb%ce%b5%ce%b9%cf%84%ce%bf%cf%85%cf%81%ce%b3%ce%b5%ce%af-%ce%b7-%cf%85%ce%b4%cf%81%ce%b1%cf%85%ce%bb%ce%b9%ce%ba%ce%ae","status":"publish","type":"product","link":"https:\/\/stem-eshop.gr\/sl\/izdelek\/%cf%80%cf%89%cf%82-%ce%bb%ce%b5%ce%b9%cf%84%ce%bf%cf%85%cf%81%ce%b3%ce%b5%ce%af-%ce%b7-%cf%85%ce%b4%cf%81%ce%b1%cf%85%ce%bb%ce%b9%ce%ba%ce%ae\/","title":{"rendered":"Kako deluje hidravlika?"},"content":{"rendered":"<p>Ko otroci kon\u010dajo s poskusi, si lahko snamejo klobuke in primejo za barvice, da okrasijo svoje lastne nalepke.<\/p>\n<p>Poleg tega bodo mladi u\u010denci prejeli 9-stransko barvno knji\u017eico, ki vklju\u010duje:<\/p>\n<p>Kratka zgodovina hidromehanike z zanimivimi dejstvi<\/p>\n<p>Zabaven STEM eksperiment s hidravli\u010dnim \u017eerjavom<\/p>\n<p>Teorija, na kateri temeljijo Torricellijev in Pascalov zakon, enostavna za razumevanje<\/p>\n<p>Kviz za preverjanje znanja osnovnih konceptov STEM<\/p>\n<p>Enostavna navodila za gradnjo<\/p>\n<p>Natisljive skine za vadbo oblikovalskih ve\u0161\u010din<\/p>\n<p>Potrebujete navdih? Uporabite na\u0161o interaktivno 3D aplikacijo na svojem ra\u010dunalniku in gradite v virtualni resni\u010dnosti!<\/p>\n<p>Enginove izobra\u017eevalne igra\u010de STEAM so celovita u\u010dna orodja STEAM, zasnovana tako, da mlade u\u010dence pripravijo na vse\u017eivljenjsko znanstveno odkrivanje. Za ve\u010d informacij o na\u0161em izobra\u017eevalnem sistemu kliknite tukaj.<\/p>\n<p>Opozorilo: Izdelek vsebuje majhne dele, ki jih je mogo\u010de pogoltniti. Ni primerno za otroke, mlaj\u0161e od 3 let.<\/p>","protected":false},"excerpt":{"rendered":"<p>Mladi in\u017eenirji se poglobljeno potopijo v svet hidrodinamike tako, da s tem interaktivnim kompletom STEAM zgradijo in opremijo svojo hidravli\u010dno napravo.<\/p>","protected":false},"featured_media":7218,"comment_status":"open","ping_status":"closed","template":"","meta":{"site-sidebar-layout":"default","site-content-layout":"","ast-site-content-layout":"default","site-content-style":"default","site-sidebar-style":"default","ast-global-header-display":"","ast-banner-title-visibility":"","ast-main-header-display":"","ast-hfb-above-header-display":"","ast-hfb-below-header-display":"","ast-hfb-mobile-header-display":"","site-post-title":"","ast-breadcrumbs-content":"","ast-featured-img":"","footer-sml-layout":"","ast-disable-related-posts":"","theme-transparent-header-meta":"default","adv-header-id-meta":"","stick-header-meta":"","header-above-stick-meta":"","header-main-stick-meta":"","header-below-stick-meta":"","astra-migrate-meta-layouts":"set","ast-page-background-enabled":"default","ast-page-background-meta":{"desktop":{"background-color":"var(--ast-global-color-5)","background-image":"","background-repeat":"repeat","background-position":"center center","background-size":"auto","background-attachment":"scroll","background-type":"","background-media":"","overlay-type":"","overlay-color":"","overlay-opacity":"","overlay-gradient":""},"tablet":{"background-color":"","background-image":"","background-repeat":"repeat","background-position":"center center","background-size":"auto","background-attachment":"scroll","background-type":"","background-media":"","overlay-type":"","overlay-color":"","overlay-opacity":"","overlay-gradient":""},"mobile":{"background-color":"","background-image":"","background-repeat":"repeat","background-position":"center center","background-size":"auto","background-attachment":"scroll","background-type":"","background-media":"","overlay-type":"","overlay-color":"","overlay-opacity":"","overlay-gradient":""}},"ast-content-background-meta":{"desktop":{"background-color":"var(--ast-global-color-4)","background-image":"","background-repeat":"repeat","background-position":"center center","background-size":"auto","background-attachment":"scroll","background-type":"","background-media":"","overlay-type":"","overlay-color":"","overlay-opacity":"","overlay-gradient":""},"tablet":{"background-color":"var(--ast-global-color-4)","background-image":"","background-repeat":"repeat","background-position":"center center","background-size":"auto","background-attachment":"scroll","background-type":"","background-media":"","overlay-type":"","overlay-color":"","overlay-opacity":"","overlay-gradient":""},"mobile":{"background-color":"var(--ast-global-color-4)","background-image":"","background-repeat":"repeat","background-position":"center center","background-size":"auto","background-attachment":"scroll","background-type":"","background-media":"","overlay-type":"","overlay-color":"","overlay-opacity":"","overlay-gradient":""}}},"product_brand":[95],"product_cat":[44,39,38,56,32,57,35,30,58],"product_tag":[],"class_list":{"0":"post-7217","1":"product","2":"type-product","3":"status-publish","4":"has-post-thumbnail","6":"product_brand-engino","7":"product_cat-44","8":"product_cat-39","9":"product_cat-38","10":"product_cat-56","11":"product_cat-32","12":"product_cat-57","13":"product_cat--10-12-","14":"product_cat--6-9-","15":"product_cat-58","16":"desktop-align-left","17":"tablet-align-left","18":"mobile-align-left","20":"first","21":"instock","22":"taxable","23":"shipping-taxable","24":"purchasable","25":"product-type-simple"},"_links":{"self":[{"href":"https:\/\/stem-eshop.gr\/sl\/wp-json\/wp\/v2\/product\/7217","targetHints":{"allow":["GET"]}}],"collection":[{"href":"https:\/\/stem-eshop.gr\/sl\/wp-json\/wp\/v2\/product"}],"about":[{"href":"https:\/\/stem-eshop.gr\/sl\/wp-json\/wp\/v2\/types\/product"}],"replies":[{"embeddable":true,"href":"https:\/\/stem-eshop.gr\/sl\/wp-json\/wp\/v2\/comments?post=7217"}],"wp:featuredmedia":[{"embeddable":true,"href":"https:\/\/stem-eshop.gr\/sl\/wp-json\/wp\/v2\/media\/7218"}],"wp:attachment":[{"href":"https:\/\/stem-eshop.gr\/sl\/wp-json\/wp\/v2\/media?parent=7217"}],"wp:term":[{"taxonomy":"product_brand","embeddable":true,"href":"https:\/\/stem-eshop.gr\/sl\/wp-json\/wp\/v2\/product_brand?post=7217"},{"taxonomy":"product_cat","embeddable":true,"href":"https:\/\/stem-eshop.gr\/sl\/wp-json\/wp\/v2\/product_cat?post=7217"},{"taxonomy":"product_tag","embeddable":true,"href":"https:\/\/stem-eshop.gr\/sl\/wp-json\/wp\/v2\/product_tag?post=7217"}],"curies":[{"name":"wp","href":"https:\/\/api.w.org\/{rel}","templated":true}]}}