{"id":7206,"date":"2025-05-19T09:54:49","date_gmt":"2025-05-19T09:54:49","guid":{"rendered":"https:\/\/stem-eshop.gr\/product\/qboidz-%cf%84%cf%81%ce%b1%ce%ba%cf%84%ce%ad%cf%81-%cf%86%ce%ac%cf%81%ce%bc%ce%b1%cf%82-%ce%bc%ce%b5-10-%ce%bc%ce%bf%ce%bd%cf%84%ce%ad%ce%bb%ce%b1\/"},"modified":"2025-05-22T21:13:28","modified_gmt":"2025-05-22T18:13:28","slug":"qboidz-%cf%84%cf%81%ce%b1%ce%ba%cf%84%ce%ad%cf%81-%cf%86%ce%ac%cf%81%ce%bc%ce%b1%cf%82-%ce%bc%ce%b5-10-%ce%bc%ce%bf%ce%bd%cf%84%ce%ad%ce%bb%ce%b1","status":"publish","type":"product","link":"https:\/\/stem-eshop.gr\/sl\/izdelek\/qboidz-%cf%84%cf%81%ce%b1%ce%ba%cf%84%ce%ad%cf%81-%cf%86%ce%ac%cf%81%ce%bc%ce%b1%cf%82-%ce%bc%ce%b5-10-%ce%bc%ce%bf%ce%bd%cf%84%ce%ad%ce%bb%ce%b1\/","title":{"rendered":"Qboidzov &quot;kmetijski traktor&quot; z 10 modeli"},"content":{"rendered":"<p>Razvoj Qboidz\u2122 temelji na najsodobnej\u0161ih pedago\u0161kih na\u010delih STEM (znanost, tehnologija, in\u017eenirstvo in matematika), s ciljem, da tako deklicam kot de\u010dkom zagotovi potrebne izku\u0161nje, spretnosti in znanje za soo\u010danje s tehnolo\u0161kim razvojem prihodnosti. Deli so primerni \u017ee za otroke od 2. leta starosti, vendar je zaradi kompleksnosti nekaterih modelov priporo\u010dljiv za starost od 4. do 7. leta.<\/p>","protected":false},"excerpt":{"rendered":"<p>Novi sistem Qboidz\u2122 zdru\u017euje nagrajeno povezavo s sistemom Engino\u00ae s funkcijo enostavne gradnje z zlaganjem kock! Sistem spodbuja pred\u0161olske otroke k razvoju kognitivnih, socialnih in motori\u010dnih sposobnosti skozi zabavno in ustvarjalno igro.<\/p>","protected":false},"featured_media":7207,"comment_status":"open","ping_status":"closed","template":"","meta":{"site-sidebar-layout":"default","site-content-layout":"","ast-site-content-layout":"default","site-content-style":"default","site-sidebar-style":"default","ast-global-header-display":"","ast-banner-title-visibility":"","ast-main-header-display":"","ast-hfb-above-header-display":"","ast-hfb-below-header-display":"","ast-hfb-mobile-header-display":"","site-post-title":"","ast-breadcrumbs-content":"","ast-featured-img":"","footer-sml-layout":"","ast-disable-related-posts":"","theme-transparent-header-meta":"default","adv-header-id-meta":"","stick-header-meta":"","header-above-stick-meta":"","header-main-stick-meta":"","header-below-stick-meta":"","astra-migrate-meta-layouts":"set","ast-page-background-enabled":"default","ast-page-background-meta":{"desktop":{"background-color":"var(--ast-global-color-5)","background-image":"","background-repeat":"repeat","background-position":"center center","background-size":"auto","background-attachment":"scroll","background-type":"","background-media":"","overlay-type":"","overlay-color":"","overlay-opacity":"","overlay-gradient":""},"tablet":{"background-color":"","background-image":"","background-repeat":"repeat","background-position":"center center","background-size":"auto","background-attachment":"scroll","background-type":"","background-media":"","overlay-type":"","overlay-color":"","overlay-opacity":"","overlay-gradient":""},"mobile":{"background-color":"","background-image":"","background-repeat":"repeat","background-position":"center center","background-size":"auto","background-attachment":"scroll","background-type":"","background-media":"","overlay-type":"","overlay-color":"","overlay-opacity":"","overlay-gradient":""}},"ast-content-background-meta":{"desktop":{"background-color":"var(--ast-global-color-4)","background-image":"","background-repeat":"repeat","background-position":"center center","background-size":"auto","background-attachment":"scroll","background-type":"","background-media":"","overlay-type":"","overlay-color":"","overlay-opacity":"","overlay-gradient":""},"tablet":{"background-color":"var(--ast-global-color-4)","background-image":"","background-repeat":"repeat","background-position":"center center","background-size":"auto","background-attachment":"scroll","background-type":"","background-media":"","overlay-type":"","overlay-color":"","overlay-opacity":"","overlay-gradient":""},"mobile":{"background-color":"var(--ast-global-color-4)","background-image":"","background-repeat":"repeat","background-position":"center center","background-size":"auto","background-attachment":"scroll","background-type":"","background-media":"","overlay-type":"","overlay-color":"","overlay-opacity":"","overlay-gradient":""}}},"product_brand":[95],"product_cat":[126,43,38,29,32,26],"product_tag":[],"class_list":{"0":"post-7206","1":"product","2":"type-product","3":"status-publish","4":"has-post-thumbnail","6":"product_brand-engino","7":"product_cat-126","8":"product_cat-43","9":"product_cat-38","10":"product_cat-29","11":"product_cat-32","12":"product_cat-26","13":"desktop-align-left","14":"tablet-align-left","15":"mobile-align-left","17":"first","18":"instock","19":"taxable","20":"shipping-taxable","21":"purchasable","22":"product-type-simple"},"_links":{"self":[{"href":"https:\/\/stem-eshop.gr\/sl\/wp-json\/wp\/v2\/product\/7206","targetHints":{"allow":["GET"]}}],"collection":[{"href":"https:\/\/stem-eshop.gr\/sl\/wp-json\/wp\/v2\/product"}],"about":[{"href":"https:\/\/stem-eshop.gr\/sl\/wp-json\/wp\/v2\/types\/product"}],"replies":[{"embeddable":true,"href":"https:\/\/stem-eshop.gr\/sl\/wp-json\/wp\/v2\/comments?post=7206"}],"wp:featuredmedia":[{"embeddable":true,"href":"https:\/\/stem-eshop.gr\/sl\/wp-json\/wp\/v2\/media\/7207"}],"wp:attachment":[{"href":"https:\/\/stem-eshop.gr\/sl\/wp-json\/wp\/v2\/media?parent=7206"}],"wp:term":[{"taxonomy":"product_brand","embeddable":true,"href":"https:\/\/stem-eshop.gr\/sl\/wp-json\/wp\/v2\/product_brand?post=7206"},{"taxonomy":"product_cat","embeddable":true,"href":"https:\/\/stem-eshop.gr\/sl\/wp-json\/wp\/v2\/product_cat?post=7206"},{"taxonomy":"product_tag","embeddable":true,"href":"https:\/\/stem-eshop.gr\/sl\/wp-json\/wp\/v2\/product_tag?post=7206"}],"curies":[{"name":"wp","href":"https:\/\/api.w.org\/{rel}","templated":true}]}}