{"id":7144,"date":"2025-05-19T09:52:28","date_gmt":"2025-05-19T09:52:28","guid":{"rendered":"https:\/\/stem-eshop.gr\/product\/inventor-mechanics-%ce%b5%ce%ba%cf%83%ce%ba%ce%b1%cf%86%ce%ad%ce%b1%cf%82-%ce%bc%ce%b5-5-%ce%bc%ce%bf%ce%bd%cf%84%ce%ad%ce%bb%ce%b1-bonus\/"},"modified":"2025-05-22T21:13:27","modified_gmt":"2025-05-22T18:13:27","slug":"inventor-mechanics-%ce%b5%ce%ba%cf%83%ce%ba%ce%b1%cf%86%ce%ad%ce%b1%cf%82-%ce%bc%ce%b5-5-%ce%bc%ce%bf%ce%bd%cf%84%ce%ad%ce%bb%ce%b1-bonus","status":"publish","type":"product","link":"https:\/\/stem-eshop.gr\/sl\/izdelek\/inventor-mechanics-%ce%b5%ce%ba%cf%83%ce%ba%ce%b1%cf%86%ce%ad%ce%b1%cf%82-%ce%bc%ce%b5-5-%ce%bc%ce%bf%ce%bd%cf%84%ce%ad%ce%bb%ce%b1-bonus\/","title":{"rendered":"IZUMITELJ MEHANIKOV \u00bbbager\u00ab s 5 dodatnimi modeli"},"content":{"rendered":"<p>Te komponente vklju\u010dujejo visoko natan\u010dna kolesa, mehanizme in ukrivljene povr\u0161ine z zasko\u010dnim pritrjevanjem.<\/p>\n<p>Primerno za \u0161olanje na domu<\/p>\n<p>3D-graditelj<\/p>","protected":false},"excerpt":{"rendered":"<p>Nova serija INVENTOR MECHANICS ima tematski pristop z ve\u010d mo\u017enostmi ustvarjanja modelov, vklju\u010dno z impresivnim glavnim modelom. Sistemu ENGINO\u00ae je bila dodana nova knji\u017enica komponent, za katere je v postopku pridobitve patenta, kar izbolj\u0161uje tako estetiko kot tehni\u010dne lastnosti.<\/p>","protected":false},"featured_media":7145,"comment_status":"open","ping_status":"closed","template":"","meta":{"site-sidebar-layout":"default","site-content-layout":"","ast-site-content-layout":"default","site-content-style":"default","site-sidebar-style":"default","ast-global-header-display":"","ast-banner-title-visibility":"","ast-main-header-display":"","ast-hfb-above-header-display":"","ast-hfb-below-header-display":"","ast-hfb-mobile-header-display":"","site-post-title":"","ast-breadcrumbs-content":"","ast-featured-img":"","footer-sml-layout":"","ast-disable-related-posts":"","theme-transparent-header-meta":"default","adv-header-id-meta":"","stick-header-meta":"","header-above-stick-meta":"","header-main-stick-meta":"","header-below-stick-meta":"","astra-migrate-meta-layouts":"set","ast-page-background-enabled":"default","ast-page-background-meta":{"desktop":{"background-color":"var(--ast-global-color-5)","background-image":"","background-repeat":"repeat","background-position":"center center","background-size":"auto","background-attachment":"scroll","background-type":"","background-media":"","overlay-type":"","overlay-color":"","overlay-opacity":"","overlay-gradient":""},"tablet":{"background-color":"","background-image":"","background-repeat":"repeat","background-position":"center center","background-size":"auto","background-attachment":"scroll","background-type":"","background-media":"","overlay-type":"","overlay-color":"","overlay-opacity":"","overlay-gradient":""},"mobile":{"background-color":"","background-image":"","background-repeat":"repeat","background-position":"center center","background-size":"auto","background-attachment":"scroll","background-type":"","background-media":"","overlay-type":"","overlay-color":"","overlay-opacity":"","overlay-gradient":""}},"ast-content-background-meta":{"desktop":{"background-color":"var(--ast-global-color-4)","background-image":"","background-repeat":"repeat","background-position":"center center","background-size":"auto","background-attachment":"scroll","background-type":"","background-media":"","overlay-type":"","overlay-color":"","overlay-opacity":"","overlay-gradient":""},"tablet":{"background-color":"var(--ast-global-color-4)","background-image":"","background-repeat":"repeat","background-position":"center center","background-size":"auto","background-attachment":"scroll","background-type":"","background-media":"","overlay-type":"","overlay-color":"","overlay-opacity":"","overlay-gradient":""},"mobile":{"background-color":"var(--ast-global-color-4)","background-image":"","background-repeat":"repeat","background-position":"center center","background-size":"auto","background-attachment":"scroll","background-type":"","background-media":"","overlay-type":"","overlay-color":"","overlay-opacity":"","overlay-gradient":""}}},"product_brand":[95],"product_cat":[39,38,29,56,32,57,35,40,30,58],"product_tag":[],"class_list":{"0":"post-7144","1":"product","2":"type-product","3":"status-publish","4":"has-post-thumbnail","6":"product_brand-engino","7":"product_cat-39","8":"product_cat-38","9":"product_cat-29","10":"product_cat-56","11":"product_cat-32","12":"product_cat-57","13":"product_cat--10-12-","14":"product_cat--12-","15":"product_cat--6-9-","16":"product_cat-58","17":"desktop-align-left","18":"tablet-align-left","19":"mobile-align-left","21":"first","22":"instock","23":"taxable","24":"shipping-taxable","25":"purchasable","26":"product-type-simple"},"_links":{"self":[{"href":"https:\/\/stem-eshop.gr\/sl\/wp-json\/wp\/v2\/product\/7144","targetHints":{"allow":["GET"]}}],"collection":[{"href":"https:\/\/stem-eshop.gr\/sl\/wp-json\/wp\/v2\/product"}],"about":[{"href":"https:\/\/stem-eshop.gr\/sl\/wp-json\/wp\/v2\/types\/product"}],"replies":[{"embeddable":true,"href":"https:\/\/stem-eshop.gr\/sl\/wp-json\/wp\/v2\/comments?post=7144"}],"wp:featuredmedia":[{"embeddable":true,"href":"https:\/\/stem-eshop.gr\/sl\/wp-json\/wp\/v2\/media\/7145"}],"wp:attachment":[{"href":"https:\/\/stem-eshop.gr\/sl\/wp-json\/wp\/v2\/media?parent=7144"}],"wp:term":[{"taxonomy":"product_brand","embeddable":true,"href":"https:\/\/stem-eshop.gr\/sl\/wp-json\/wp\/v2\/product_brand?post=7144"},{"taxonomy":"product_cat","embeddable":true,"href":"https:\/\/stem-eshop.gr\/sl\/wp-json\/wp\/v2\/product_cat?post=7144"},{"taxonomy":"product_tag","embeddable":true,"href":"https:\/\/stem-eshop.gr\/sl\/wp-json\/wp\/v2\/product_tag?post=7144"}],"curies":[{"name":"wp","href":"https:\/\/api.w.org\/{rel}","templated":true}]}}