{"id":7119,"date":"2025-05-19T09:34:07","date_gmt":"2025-05-19T09:34:07","guid":{"rendered":"https:\/\/stem-eshop.gr\/product\/%ce%bc%ce%b1%ce%b8%ce%b1%ce%af%ce%bd%cf%89-%ce%ba%ce%b1%ce%b9-%ce%b4%ce%b7%ce%bc%ce%b9%ce%bf%cf%85%cf%81%ce%b3%cf%8e-robotics-%ce%b5%ce%ba%cf%80%ce%b1%ce%b9%ce%b4%ce%b5%cf%85%cf%84%ce%b9%ce%ba%cf%8c\/"},"modified":"2026-01-03T22:34:14","modified_gmt":"2026-01-03T19:34:14","slug":"%ce%bc%ce%b1%ce%b8%ce%b1%ce%af%ce%bd%cf%89-%ce%ba%ce%b1%ce%b9-%ce%b4%ce%b7%ce%bc%ce%b9%ce%bf%cf%85%cf%81%ce%b3%cf%8e-robotics-%ce%b5%ce%ba%cf%80%ce%b1%ce%b9%ce%b4%ce%b5%cf%85%cf%84%ce%b9%ce%ba%cf%8c","status":"publish","type":"product","link":"https:\/\/stem-eshop.gr\/sl\/izdelek\/%ce%bc%ce%b1%ce%b8%ce%b1%ce%af%ce%bd%cf%89-%ce%ba%ce%b1%ce%b9-%ce%b4%ce%b7%ce%bc%ce%b9%ce%bf%cf%85%cf%81%ce%b3%cf%8e-robotics-%ce%b5%ce%ba%cf%80%ce%b1%ce%b9%ce%b4%ce%b5%cf%85%cf%84%ce%b9%ce%ba%cf%8c\/","title":{"rendered":"U\u010dite se in ustvarjajte robotiko Izobra\u017eevalna igra\u010da Robotska laboratorija Robo Panda za 8+ let"},"content":{"rendered":"<p class=\"MsoNormal\">Vrte\u010de gibanje omogo\u010da, da se &quot;odbija&quot; od sten s spreminjanjem smeri. Skozi igro otroka privla\u010di zabavna in hkrati vznemirljiva dinamika igre, ki mu omogo\u010da, da vidi delovanje dolo\u010dene vrste motorja. Ko ga sestavite, ga vedno postavite na noge, ga rahlo potisnite in opazujte, kako se enkrat, dvakrat, trikrat, ne\u0161tetokrat prevrne!<\/p>\n<p class=\"MsoNormal\">Primerno za uporabo pri otrocih, starih 8 let in ve\u010d.<\/p>\n<p class=\"MsoNormal\">Proizvaja se v Italiji.<\/p>\n<p class=\"MsoNormal\">Serija U\u010di se in ustvarjaj robotiko spodbuja predmete STEM (znanost, tehnologija, in\u017eenirstvo, matematika) za razvoj in spodbujanje otrokovega znanja na teh podro\u010djih. Z izvajanjem poskusov otroci izbolj\u0161ujejo svoje spretnosti in se seznanjajo s svetom znanosti in tehnologije.<\/p>\n<p class=\"MsoNormal\">Serija igra\u010d U\u010di se in ustvarjaj je vodilna v kategoriji znanstvenih igra\u010d, saj ponuja bogato opremo, podrobne informacije in navodila za izvajanje impresivnih varnih poskusov in konstrukcij, s \u010dimer otrokom daje prilo\u017enost, da se u\u010dijo o znanosti. Gre za inovativno serijo igra\u010d, s katerimi se bodo otroci zabavali pri izvajanju poskusov, uporabi znanstvenih orodij, odkrivanju fizike, kemije, astronomije, biologije, botanike ter glavnih znanstvenih in naravnih pojavov. Igra\u010de U\u010di se in ustvarjaj so najbolj ustvarjalen, prijeten in varen na\u010din za otroke, da se nau\u010dijo skrivnosti znanosti!<\/p>","protected":false},"excerpt":{"rendered":"<p class=\"MsoNormal\">Zaradi ljubkega videza ga bodo vsi vzljubili! Igriv robotski panda, ki ga je mogo\u010de sestaviti, za neprimerljivo igralno izku\u0161njo. 25 cm visok robot, ki s sme\u0161no spretnostjo posnema gibanje pande, zaradi \u010desar je videti kot pravi! Motor omogo\u010da pandi, da izvaja salte enega za drugim v zaporednih samodejnih gibih.<\/p>","protected":false},"featured_media":7120,"comment_status":"open","ping_status":"closed","template":"","meta":{"site-sidebar-layout":"default","site-content-layout":"","ast-site-content-layout":"default","site-content-style":"default","site-sidebar-style":"default","ast-global-header-display":"","ast-banner-title-visibility":"","ast-main-header-display":"","ast-hfb-above-header-display":"","ast-hfb-below-header-display":"","ast-hfb-mobile-header-display":"","site-post-title":"","ast-breadcrumbs-content":"","ast-featured-img":"","footer-sml-layout":"","ast-disable-related-posts":"","theme-transparent-header-meta":"default","adv-header-id-meta":"","stick-header-meta":"","header-above-stick-meta":"","header-main-stick-meta":"","header-below-stick-meta":"","astra-migrate-meta-layouts":"set","ast-page-background-enabled":"default","ast-page-background-meta":{"desktop":{"background-color":"var(--ast-global-color-5)","background-image":"","background-repeat":"repeat","background-position":"center center","background-size":"auto","background-attachment":"scroll","background-type":"","background-media":"","overlay-type":"","overlay-color":"","overlay-opacity":"","overlay-gradient":""},"tablet":{"background-color":"","background-image":"","background-repeat":"repeat","background-position":"center center","background-size":"auto","background-attachment":"scroll","background-type":"","background-media":"","overlay-type":"","overlay-color":"","overlay-opacity":"","overlay-gradient":""},"mobile":{"background-color":"","background-image":"","background-repeat":"repeat","background-position":"center center","background-size":"auto","background-attachment":"scroll","background-type":"","background-media":"","overlay-type":"","overlay-color":"","overlay-opacity":"","overlay-gradient":""}},"ast-content-background-meta":{"desktop":{"background-color":"var(--ast-global-color-4)","background-image":"","background-repeat":"repeat","background-position":"center center","background-size":"auto","background-attachment":"scroll","background-type":"","background-media":"","overlay-type":"","overlay-color":"","overlay-opacity":"","overlay-gradient":""},"tablet":{"background-color":"var(--ast-global-color-4)","background-image":"","background-repeat":"repeat","background-position":"center center","background-size":"auto","background-attachment":"scroll","background-type":"","background-media":"","overlay-type":"","overlay-color":"","overlay-opacity":"","overlay-gradient":""},"mobile":{"background-color":"var(--ast-global-color-4)","background-image":"","background-repeat":"repeat","background-position":"center center","background-size":"auto","background-attachment":"scroll","background-type":"","background-media":"","overlay-type":"","overlay-color":"","overlay-opacity":"","overlay-gradient":""}}},"product_brand":[114],"product_cat":[33,38,29,56,35,30,45,34,28,59],"product_tag":[],"class_list":{"0":"post-7119","1":"product","2":"type-product","3":"status-publish","4":"has-post-thumbnail","6":"product_brand-mathenw","7":"product_cat-33","8":"product_cat-38","9":"product_cat-29","10":"product_cat-56","11":"product_cat--10-12-","12":"product_cat--6-9-","13":"product_cat-45","14":"product_cat-34","15":"product_cat-28","16":"product_cat-59","17":"desktop-align-left","18":"tablet-align-left","19":"mobile-align-left","21":"first","22":"instock","23":"taxable","24":"shipping-taxable","25":"purchasable","26":"product-type-simple"},"_links":{"self":[{"href":"https:\/\/stem-eshop.gr\/sl\/wp-json\/wp\/v2\/product\/7119","targetHints":{"allow":["GET"]}}],"collection":[{"href":"https:\/\/stem-eshop.gr\/sl\/wp-json\/wp\/v2\/product"}],"about":[{"href":"https:\/\/stem-eshop.gr\/sl\/wp-json\/wp\/v2\/types\/product"}],"replies":[{"embeddable":true,"href":"https:\/\/stem-eshop.gr\/sl\/wp-json\/wp\/v2\/comments?post=7119"}],"wp:featuredmedia":[{"embeddable":true,"href":"https:\/\/stem-eshop.gr\/sl\/wp-json\/wp\/v2\/media\/7120"}],"wp:attachment":[{"href":"https:\/\/stem-eshop.gr\/sl\/wp-json\/wp\/v2\/media?parent=7119"}],"wp:term":[{"taxonomy":"product_brand","embeddable":true,"href":"https:\/\/stem-eshop.gr\/sl\/wp-json\/wp\/v2\/product_brand?post=7119"},{"taxonomy":"product_cat","embeddable":true,"href":"https:\/\/stem-eshop.gr\/sl\/wp-json\/wp\/v2\/product_cat?post=7119"},{"taxonomy":"product_tag","embeddable":true,"href":"https:\/\/stem-eshop.gr\/sl\/wp-json\/wp\/v2\/product_tag?post=7119"}],"curies":[{"name":"wp","href":"https:\/\/api.w.org\/{rel}","templated":true}]}}