{"id":7075,"date":"2025-05-19T09:32:48","date_gmt":"2025-05-19T09:32:48","guid":{"rendered":"https:\/\/stem-eshop.gr\/product\/lego-education-spike-prime-set\/"},"modified":"2025-12-30T13:57:37","modified_gmt":"2025-12-30T10:57:37","slug":"lego-education-spike-prime-set","status":"publish","type":"product","link":"https:\/\/stem-eshop.gr\/sl\/izdelek\/lego-education-spike-prime-set\/","title":{"rendered":"Komplet LEGO\u00ae Education SPIKE\u2122 Prime"},"content":{"rendered":"<p>Od programov, v katere je enostavno vpisati, do neomejenih mo\u017enosti kreativnega oblikovanja, SPIKE Prime pomaga \u0161tudentom obvladati ve\u0161\u010dine STEAM 21. stoletja, ki jih potrebujejo, da postanejo inovativni umi jutri\u0161njega dne ... skozi zabavo!<\/p>\n<p>Srce sistema SPIKE Prime je programabilni Hub. Ta napredna, a preprosta naprava v obliki opeke ima 6 vhodno\/izhodnih vrat, svetel 5x5 zaslon, povezljivost Bluetooth, zvo\u010dnik, 6-osni giroskop in polnilno baterijo. Paket SPIKE Prime vklju\u010duje tudi zelo natan\u010dne motorje in senzorje, ki skupaj s \u0161iroko paleto barvitih LEGO gradbenih materialov u\u010dencem omogo\u010dajo na\u010drtovanje in gradnjo zabavnih robotov, dinami\u010dnih naprav in drugih interaktivnih modelov. Ve\u010d priklju\u010dnih to\u010dk na Hubu, motorji in senzorji ter novi, veliki gradbeni elementi pomenijo, da u\u010denci porabijo manj \u010dasa za gradnjo in ve\u010d \u010dasa za u\u010denje. Trpe\u017ena \u0161katla za shranjevanje in 2 pladnja za sortiranje pomenijo tudi, da je \u010das, porabljen za postavitev in \u010di\u0161\u010denje, \u010dim kraj\u0161i, manj\u0161i pladnji pa so idealni, kadar je prostor na mizi omejen.<\/p>\n<p>Intuitivno okolje za kodiranje za tabli\u010dne ra\u010dunalnike in ra\u010dunalnike zdru\u017euje najbolj\u0161e elemente priljubljenega programskega jezika Scratch in ustvarja sistem, ki ga bodo vzljubili tako u\u010ditelji kot u\u010denci. Poleg gradiv za za\u010detek aplikacija vklju\u010duje 3 u\u010dne na\u010drte, ki so usklajene z u\u010dnim na\u010drtom in se osredoto\u010dajo na in\u017eenirstvo in ra\u010dunalni\u0161tvo. Te enote, zasnovane za u\u010dence od 5. razreda naprej in optimizirane za 45-minutne delavnice, pospe\u0161ujejo u\u010denje STEAM tako, da u\u010dence nenehno vklju\u010dujejo v kriti\u010dno razmi\u0161ljanje in re\u0161evanje kompleksnih problemov, ne glede na njihovo raven znanja.<\/p>\n<p>Celoviti spletni na\u010drti u\u010dnih ur z bogatimi, dostopnimi in interaktivnimi podpornimi gradivi u\u010diteljem nudijo vse, kar potrebujejo za samozavestno izvajanje u\u010dnih ur, ne glede na njihove prej\u0161nje izku\u0161nje.<\/p>\n<p>Podpora za izobra\u017eevanje LEGO\u00ae:<\/p>\n<p>https:\/\/education.lego.com\/en-us\/support\/spike-prime<\/p>","protected":false},"excerpt":{"rendered":"<p>Izobra\u017eevalni paket LEGO\u00ae Education SPIKE\u2122 je u\u010dno orodje STEAM za u\u010dence od 5. do 12. razreda. SPIKE Prime zdru\u017euje barvite LEGO zgradbe, enostavne materiale in intuitiven programski jezik, ki temelji na Scratchu, ter u\u010dence skozi igrive u\u010dne dejavnosti nenehno spodbuja h kriti\u010dnemu razmi\u0161ljanju in re\u0161evanju kompleksnih problemov, ne glede na njihovo raven znanja.<\/p>","protected":false},"featured_media":7076,"comment_status":"open","ping_status":"closed","template":"","meta":{"site-sidebar-layout":"default","site-content-layout":"","ast-site-content-layout":"default","site-content-style":"default","site-sidebar-style":"default","ast-global-header-display":"","ast-banner-title-visibility":"","ast-main-header-display":"","ast-hfb-above-header-display":"","ast-hfb-below-header-display":"","ast-hfb-mobile-header-display":"","site-post-title":"","ast-breadcrumbs-content":"","ast-featured-img":"","footer-sml-layout":"","ast-disable-related-posts":"","theme-transparent-header-meta":"default","adv-header-id-meta":"","stick-header-meta":"","header-above-stick-meta":"","header-main-stick-meta":"","header-below-stick-meta":"","astra-migrate-meta-layouts":"set","ast-page-background-enabled":"default","ast-page-background-meta":{"desktop":{"background-color":"var(--ast-global-color-5)","background-image":"","background-repeat":"repeat","background-position":"center center","background-size":"auto","background-attachment":"scroll","background-type":"","background-media":"","overlay-type":"","overlay-color":"","overlay-opacity":"","overlay-gradient":""},"tablet":{"background-color":"","background-image":"","background-repeat":"repeat","background-position":"center center","background-size":"auto","background-attachment":"scroll","background-type":"","background-media":"","overlay-type":"","overlay-color":"","overlay-opacity":"","overlay-gradient":""},"mobile":{"background-color":"","background-image":"","background-repeat":"repeat","background-position":"center center","background-size":"auto","background-attachment":"scroll","background-type":"","background-media":"","overlay-type":"","overlay-color":"","overlay-opacity":"","overlay-gradient":""}},"ast-content-background-meta":{"desktop":{"background-color":"var(--ast-global-color-4)","background-image":"","background-repeat":"repeat","background-position":"center center","background-size":"auto","background-attachment":"scroll","background-type":"","background-media":"","overlay-type":"","overlay-color":"","overlay-opacity":"","overlay-gradient":""},"tablet":{"background-color":"var(--ast-global-color-4)","background-image":"","background-repeat":"repeat","background-position":"center center","background-size":"auto","background-attachment":"scroll","background-type":"","background-media":"","overlay-type":"","overlay-color":"","overlay-opacity":"","overlay-gradient":""},"mobile":{"background-color":"var(--ast-global-color-4)","background-image":"","background-repeat":"repeat","background-position":"center center","background-size":"auto","background-attachment":"scroll","background-type":"","background-media":"","overlay-type":"","overlay-color":"","overlay-opacity":"","overlay-gradient":""}}},"product_brand":[105],"product_cat":[33,38,29,32,35,40,45,34,28,48],"product_tag":[],"class_list":{"0":"post-7075","1":"product","2":"type-product","3":"status-publish","4":"has-post-thumbnail","6":"product_brand-lego","7":"product_cat-33","8":"product_cat-38","9":"product_cat-29","10":"product_cat-32","11":"product_cat--10-12-","12":"product_cat--12-","13":"product_cat-45","14":"product_cat-34","15":"product_cat-28","16":"product_cat-48","17":"desktop-align-left","18":"tablet-align-left","19":"mobile-align-left","21":"first","22":"instock","23":"taxable","24":"shipping-taxable","25":"purchasable","26":"product-type-simple"},"_links":{"self":[{"href":"https:\/\/stem-eshop.gr\/sl\/wp-json\/wp\/v2\/product\/7075","targetHints":{"allow":["GET"]}}],"collection":[{"href":"https:\/\/stem-eshop.gr\/sl\/wp-json\/wp\/v2\/product"}],"about":[{"href":"https:\/\/stem-eshop.gr\/sl\/wp-json\/wp\/v2\/types\/product"}],"replies":[{"embeddable":true,"href":"https:\/\/stem-eshop.gr\/sl\/wp-json\/wp\/v2\/comments?post=7075"}],"wp:featuredmedia":[{"embeddable":true,"href":"https:\/\/stem-eshop.gr\/sl\/wp-json\/wp\/v2\/media\/7076"}],"wp:attachment":[{"href":"https:\/\/stem-eshop.gr\/sl\/wp-json\/wp\/v2\/media?parent=7075"}],"wp:term":[{"taxonomy":"product_brand","embeddable":true,"href":"https:\/\/stem-eshop.gr\/sl\/wp-json\/wp\/v2\/product_brand?post=7075"},{"taxonomy":"product_cat","embeddable":true,"href":"https:\/\/stem-eshop.gr\/sl\/wp-json\/wp\/v2\/product_cat?post=7075"},{"taxonomy":"product_tag","embeddable":true,"href":"https:\/\/stem-eshop.gr\/sl\/wp-json\/wp\/v2\/product_tag?post=7075"}],"curies":[{"name":"wp","href":"https:\/\/api.w.org\/{rel}","templated":true}]}}