{"id":7031,"date":"2025-05-19T09:30:41","date_gmt":"2025-05-19T09:30:41","guid":{"rendered":"https:\/\/stem-eshop.gr\/product\/ngs-%ce%ba%ce%b9%cf%84-%cf%80%ce%b5%ce%b9%cf%81%ce%b1%ce%bc%ce%b1%cf%84%ce%b9%ce%ba%ce%bf%cf%8d-%cf%81%ce%bf%ce%bb%ce%bf%ce%b3%ce%b9%ce%bf%cf%8d-%ce%b1%ce%bb%ce%bc%cf%85%cf%81%ce%bf%cf%8d-%ce%bd%ce%b5\/"},"modified":"2025-05-22T07:40:39","modified_gmt":"2025-05-22T07:40:39","slug":"ngs-%ce%ba%ce%b9%cf%84-%cf%80%ce%b5%ce%b9%cf%81%ce%b1%ce%bc%ce%b1%cf%84%ce%b9%ce%ba%ce%bf%cf%8d-%cf%81%ce%bf%ce%bb%ce%bf%ce%b3%ce%b9%ce%bf%cf%8d-%ce%b1%ce%bb%ce%bc%cf%85%cf%81%ce%bf%cf%8d-%ce%bd%ce%b5","status":"publish","type":"product","link":"https:\/\/stem-eshop.gr\/sl\/izdelek\/ngs-%ce%ba%ce%b9%cf%84-%cf%80%ce%b5%ce%b9%cf%81%ce%b1%ce%bc%ce%b1%cf%84%ce%b9%ce%ba%ce%bf%cf%8d-%cf%81%ce%bf%ce%bb%ce%bf%ce%b3%ce%b9%ce%bf%cf%8d-%ce%b1%ce%bb%ce%bc%cf%85%cf%81%ce%bf%cf%8d-%ce%bd%ce%b5\/","title":{"rendered":"Komplet za eksperimentiranje s slano uro NGS"},"content":{"rendered":"<p>Glavna uporaba na\u010dela prevodnosti slane vode.<\/p>\n<p>Cink je bolj aktiven kot baker, zato la\u017eje izgubi elektrone in dose\u017ee pozitivni pol. Baker pride na negativni pol. Slana voda deluje kot elektrolit. Elektrolit je material, ki lahko prena\u0161a elektriko.<\/p>\n<p>Slana voda se bo aktivirala, ko se ocetna kislina zme\u0161a. Ko bakreno in cinkovo palico potopimo v teko\u010dino s soljo in ocetno kislino, se bo sprostila elektri\u010dna napetost in elektri\u010dna energija bo pre\u0161la iz bakrene palice v cinkovo palico. Tako bo ura lahko delovala.<\/p><\/p>","protected":false},"excerpt":{"rendered":"<p>Glavna uporaba na\u010dela prevodnosti slane vode.<\/p>\n<\/p>\n<p>Cink je bolj aktiven kot baker, zato la\u017eje izgubi elektrone in dose\u017ee pozitivni pol. Baker pride na negativni pol. Slana voda deluje kot elektrolit. Elektrolit je material, ki lahko prena\u0161a elektriko.<\/p>\n<\/p>\n<p>Slana voda se bo aktivirala, ko se ocetna kislina zme\u0161a. Ko bakreno in cinkovo palico potopimo v teko\u010dino s soljo in ocetno kislino, se bo sprostila elektri\u010dna napetost in elektri\u010dna energija bo pre\u0161la iz bakrene palice v cinkovo palico. Tako bo ura lahko delovala.<\/p><\/p>","protected":false},"featured_media":7032,"comment_status":"open","ping_status":"closed","template":"","meta":{"site-sidebar-layout":"default","site-content-layout":"","ast-site-content-layout":"default","site-content-style":"default","site-sidebar-style":"default","ast-global-header-display":"","ast-banner-title-visibility":"","ast-main-header-display":"","ast-hfb-above-header-display":"","ast-hfb-below-header-display":"","ast-hfb-mobile-header-display":"","site-post-title":"","ast-breadcrumbs-content":"","ast-featured-img":"","footer-sml-layout":"","ast-disable-related-posts":"","theme-transparent-header-meta":"","adv-header-id-meta":"","stick-header-meta":"","header-above-stick-meta":"","header-main-stick-meta":"","header-below-stick-meta":"","astra-migrate-meta-layouts":"default","ast-page-background-enabled":"default","ast-page-background-meta":{"desktop":{"background-color":"var(--ast-global-color-5)","background-image":"","background-repeat":"repeat","background-position":"center center","background-size":"auto","background-attachment":"scroll","background-type":"","background-media":"","overlay-type":"","overlay-color":"","overlay-opacity":"","overlay-gradient":""},"tablet":{"background-color":"","background-image":"","background-repeat":"repeat","background-position":"center center","background-size":"auto","background-attachment":"scroll","background-type":"","background-media":"","overlay-type":"","overlay-color":"","overlay-opacity":"","overlay-gradient":""},"mobile":{"background-color":"","background-image":"","background-repeat":"repeat","background-position":"center center","background-size":"auto","background-attachment":"scroll","background-type":"","background-media":"","overlay-type":"","overlay-color":"","overlay-opacity":"","overlay-gradient":""}},"ast-content-background-meta":{"desktop":{"background-color":"var(--ast-global-color-4)","background-image":"","background-repeat":"repeat","background-position":"center center","background-size":"auto","background-attachment":"scroll","background-type":"","background-media":"","overlay-type":"","overlay-color":"","overlay-opacity":"","overlay-gradient":""},"tablet":{"background-color":"var(--ast-global-color-4)","background-image":"","background-repeat":"repeat","background-position":"center center","background-size":"auto","background-attachment":"scroll","background-type":"","background-media":"","overlay-type":"","overlay-color":"","overlay-opacity":"","overlay-gradient":""},"mobile":{"background-color":"var(--ast-global-color-4)","background-image":"","background-repeat":"repeat","background-position":"center center","background-size":"auto","background-attachment":"scroll","background-type":"","background-media":"","overlay-type":"","overlay-color":"","overlay-opacity":"","overlay-gradient":""}}},"product_brand":[107],"product_cat":[143,39,38,29,56,35,40,30,59,58,51],"product_tag":[],"class_list":{"0":"post-7031","1":"product","2":"type-product","3":"status-publish","4":"has-post-thumbnail","6":"product_brand-ngs","7":"product_cat-143","8":"product_cat-39","9":"product_cat-38","10":"product_cat-29","11":"product_cat-56","12":"product_cat--10-12-","13":"product_cat--12-","14":"product_cat--6-9-","15":"product_cat-59","16":"product_cat-58","17":"product_cat-51","18":"desktop-align-left","19":"tablet-align-left","20":"mobile-align-left","22":"first","23":"instock","24":"taxable","25":"shipping-taxable","26":"purchasable","27":"product-type-simple"},"_links":{"self":[{"href":"https:\/\/stem-eshop.gr\/sl\/wp-json\/wp\/v2\/product\/7031","targetHints":{"allow":["GET"]}}],"collection":[{"href":"https:\/\/stem-eshop.gr\/sl\/wp-json\/wp\/v2\/product"}],"about":[{"href":"https:\/\/stem-eshop.gr\/sl\/wp-json\/wp\/v2\/types\/product"}],"replies":[{"embeddable":true,"href":"https:\/\/stem-eshop.gr\/sl\/wp-json\/wp\/v2\/comments?post=7031"}],"wp:featuredmedia":[{"embeddable":true,"href":"https:\/\/stem-eshop.gr\/sl\/wp-json\/wp\/v2\/media\/7032"}],"wp:attachment":[{"href":"https:\/\/stem-eshop.gr\/sl\/wp-json\/wp\/v2\/media?parent=7031"}],"wp:term":[{"taxonomy":"product_brand","embeddable":true,"href":"https:\/\/stem-eshop.gr\/sl\/wp-json\/wp\/v2\/product_brand?post=7031"},{"taxonomy":"product_cat","embeddable":true,"href":"https:\/\/stem-eshop.gr\/sl\/wp-json\/wp\/v2\/product_cat?post=7031"},{"taxonomy":"product_tag","embeddable":true,"href":"https:\/\/stem-eshop.gr\/sl\/wp-json\/wp\/v2\/product_tag?post=7031"}],"curies":[{"name":"wp","href":"https:\/\/api.w.org\/{rel}","templated":true}]}}