{"id":7023,"date":"2025-05-19T09:11:47","date_gmt":"2025-05-19T09:11:47","guid":{"rendered":"https:\/\/stem-eshop.gr\/product\/makerzoid-200-in-1-scratch-jr-coding-robot-kit-stem-smart-robot-premium-education\/"},"modified":"2026-03-17T15:36:48","modified_gmt":"2026-03-17T12:36:48","slug":"makerzoid-200-in-1-scratch-jr-coding-robot-kit-stem-smart-robot-premium-education","status":"publish","type":"product","link":"https:\/\/stem-eshop.gr\/sl\/izdelek\/makerzoid-200-in-1-scratch-jr-coding-robot-kit-stem-smart-robot-premium-education\/","title":{"rendered":"Makerzoid 200-v-1 komplet robotskega programiranja Scratch Jr \u2013 STEM pametni robot Premium Education"},"content":{"rendered":"<p>Podajte se na izobra\u017eevalno pustolov\u0161\u010dino s programsko igro STEM in revolucionirajte svet programiranja za mlade ume.<\/p>\n<p>Inovativni komplet za izobra\u017eevanje o programiranju vsebuje Scratch Jr, kar poenostavlja programiranje in je idealna vstopna to\u010dka za otroke, da brez napora razi\u0161\u010dejo osnove programiranja.<\/p>\n<p>U\u010dni komplet STEM je vsekakor vrata v svet, kjer programiranje ni le izobra\u017eevalno, ampak tudi zelo zabavno!<\/p>\n<p>Poleg kodiranja Scratch Jr podpira interdisciplinarno u\u010denje z integracijo elementov matematike, jezika in umetnosti.<\/p>\n<p>Interakcija z na\u0161im vrhunskim gradbenim kompletom odli\u010dno zagotavlja celostno izobra\u017eevalno izku\u0161njo za mlaj\u0161e otroke in spodbuja ustvarjalnost, saj otrokom omogo\u010da, da se izrazijo s kodiranjem in pripovedovanjem zgodb.<\/p>\n<p>Komplet robotike razvija kriti\u010dno mi\u0161ljenje, kar otrokom omogo\u010da, da samostojno re\u0161ujejo probleme.<\/p>\n<p>Sprostite mo\u010d ustvarjalnosti z na\u0161im kompletom za samostojno izdelavo robotike, ki je me\u0161anica inovativnosti in navdu\u0161enja.<\/p>\n<p>V kombinaciji z robustnim motorjem Bluetooth ta znanstveni komplet ponuja tri mo\u017enosti upravljanja.<\/p>\n<p>Ukvarjajte se s taktilno natan\u010dnostjo prek gumbov (ELEKTRI\u010cNI NA\u010cIN), izkusite interaktivne odzive z integracijo senzorjev v INTELIGENTNEM NA\u010cINU ali napredne zmogljivosti z NA\u010cINOM BLUETOOTH.<\/p>\n<p>Tukaj se nadzor sre\u010da s prilagodljivostjo, idealno za vse starosti.<\/p>\n<p>Elektri\u010dno upravljanje (neposredno upravljanje) \u2013 Dotik gumbov za natan\u010dno ro\u010dno upravljanje.<\/p>\n<p>Inteligentni na\u010din \u2013 Interaktivna interakcija z IR senzorjem za doseganje bolj vznemirljivih trenutkov.<\/p>\n<p>Na\u010din Bluetooth \u2013 Izpopolnjen na\u010din programiranja za tiste, ki i\u0161\u010dejo napredne funkcije.<\/p>\n<p>Izobra\u017eevalni komplet Smart Robot Premium, ki ponuja vrsto izzivov, vodi mlade raziskovalce na vznemirljivo izobra\u017eevalno potovanje od osnovnih struktur do kompleksnih elektri\u010dno gnanih in daljinsko vodenih, programabilnih konfiguracij, ki ponujajo prilagodljive izku\u0161nje.<\/p>\n<p>O\u010dara um z ve\u010dplastno paleto mo\u017enosti, ki rastejo skupaj z otrokovimi razvijajo\u010dimi se interesi in spretnostmi.<\/p>\n<p>Z inovativnimi navodili za sestavljanje, ilustriranimi v 2D in prelomnem 3D, komplet za kodiranje znatno nadgradi proces sestavljanja in izbolj\u0161a otrokovo prostorsko domi\u0161ljijo in logi\u010dno mi\u0161ljenje, zaradi \u010desar je igranje prijetno in smiselno.<\/p>\n<p>Tak\u0161na navodila po korakih na novo opredeljujejo izku\u0161njo sestavljanja, saj zagotavljajo, da je privla\u010dna in preprosta.<\/p>\n<p>Spodbujajte ustvarjalnost in kognitivni razvoj otrok, medtem ko se potopite v poglobljen svet gradnje.<\/p>","protected":false},"excerpt":{"rendered":"<p>Odklenite neomejene mo\u017enosti z revolucionarno igro kodiranja robotov Smart Robot Premium, neprimerljivim \u010dude\u017eem, ki vam omogo\u010da, da vzletite v nebo.<\/p>\n<p>Zgradite ve\u010d kot 200 razli\u010dnih robotskih stvaritev in se potopite v pustolov\u0161\u010dino neskon\u010dnega raziskovanja, medtem ko sestavljate in ustvarjate, ter sprostite celoten spekter zabave.<\/p>\n<p>Z vsestranskim kompletom za kodiranje je vsaka sestava edinstvena mojstrovina, ki \u010daka, da jo odkrijete. Podajte se na potovanje domi\u0161ljije in odkrivanja kot \u0161e nikoli!<\/p>","protected":false},"featured_media":8408,"comment_status":"open","ping_status":"closed","template":"","meta":{"site-sidebar-layout":"default","site-content-layout":"","ast-site-content-layout":"default","site-content-style":"default","site-sidebar-style":"default","ast-global-header-display":"","ast-banner-title-visibility":"","ast-main-header-display":"","ast-hfb-above-header-display":"","ast-hfb-below-header-display":"","ast-hfb-mobile-header-display":"","site-post-title":"","ast-breadcrumbs-content":"","ast-featured-img":"","footer-sml-layout":"","ast-disable-related-posts":"","theme-transparent-header-meta":"default","adv-header-id-meta":"","stick-header-meta":"","header-above-stick-meta":"","header-main-stick-meta":"","header-below-stick-meta":"","astra-migrate-meta-layouts":"set","ast-page-background-enabled":"default","ast-page-background-meta":{"desktop":{"background-color":"var(--ast-global-color-5)","background-image":"","background-repeat":"repeat","background-position":"center center","background-size":"auto","background-attachment":"scroll","background-type":"","background-media":"","overlay-type":"","overlay-color":"","overlay-opacity":"","overlay-gradient":""},"tablet":{"background-color":"","background-image":"","background-repeat":"repeat","background-position":"center center","background-size":"auto","background-attachment":"scroll","background-type":"","background-media":"","overlay-type":"","overlay-color":"","overlay-opacity":"","overlay-gradient":""},"mobile":{"background-color":"","background-image":"","background-repeat":"repeat","background-position":"center center","background-size":"auto","background-attachment":"scroll","background-type":"","background-media":"","overlay-type":"","overlay-color":"","overlay-opacity":"","overlay-gradient":""}},"ast-content-background-meta":{"desktop":{"background-color":"var(--ast-global-color-4)","background-image":"","background-repeat":"repeat","background-position":"center center","background-size":"auto","background-attachment":"scroll","background-type":"","background-media":"","overlay-type":"","overlay-color":"","overlay-opacity":"","overlay-gradient":""},"tablet":{"background-color":"var(--ast-global-color-4)","background-image":"","background-repeat":"repeat","background-position":"center center","background-size":"auto","background-attachment":"scroll","background-type":"","background-media":"","overlay-type":"","overlay-color":"","overlay-opacity":"","overlay-gradient":""},"mobile":{"background-color":"var(--ast-global-color-4)","background-image":"","background-repeat":"repeat","background-position":"center center","background-size":"auto","background-attachment":"scroll","background-type":"","background-media":"","overlay-type":"","overlay-color":"","overlay-opacity":"","overlay-gradient":""}}},"product_brand":[106],"product_cat":[43,33,29,57,35,30,45,34,28,59],"product_tag":[],"class_list":{"0":"post-7023","1":"product","2":"type-product","3":"status-publish","4":"has-post-thumbnail","6":"product_brand-makerzoid","7":"product_cat-43","8":"product_cat-33","9":"product_cat-29","10":"product_cat-57","11":"product_cat--10-12-","12":"product_cat--6-9-","13":"product_cat-45","14":"product_cat-34","15":"product_cat-28","16":"product_cat-59","17":"desktop-align-left","18":"tablet-align-left","19":"mobile-align-left","21":"first","22":"instock","23":"taxable","24":"shipping-taxable","25":"purchasable","26":"product-type-simple"},"_links":{"self":[{"href":"https:\/\/stem-eshop.gr\/sl\/wp-json\/wp\/v2\/product\/7023","targetHints":{"allow":["GET"]}}],"collection":[{"href":"https:\/\/stem-eshop.gr\/sl\/wp-json\/wp\/v2\/product"}],"about":[{"href":"https:\/\/stem-eshop.gr\/sl\/wp-json\/wp\/v2\/types\/product"}],"replies":[{"embeddable":true,"href":"https:\/\/stem-eshop.gr\/sl\/wp-json\/wp\/v2\/comments?post=7023"}],"wp:featuredmedia":[{"embeddable":true,"href":"https:\/\/stem-eshop.gr\/sl\/wp-json\/wp\/v2\/media\/8408"}],"wp:attachment":[{"href":"https:\/\/stem-eshop.gr\/sl\/wp-json\/wp\/v2\/media?parent=7023"}],"wp:term":[{"taxonomy":"product_brand","embeddable":true,"href":"https:\/\/stem-eshop.gr\/sl\/wp-json\/wp\/v2\/product_brand?post=7023"},{"taxonomy":"product_cat","embeddable":true,"href":"https:\/\/stem-eshop.gr\/sl\/wp-json\/wp\/v2\/product_cat?post=7023"},{"taxonomy":"product_tag","embeddable":true,"href":"https:\/\/stem-eshop.gr\/sl\/wp-json\/wp\/v2\/product_tag?post=7023"}],"curies":[{"name":"wp","href":"https:\/\/api.w.org\/{rel}","templated":true}]}}