{"id":6919,"date":"2025-05-19T09:09:20","date_gmt":"2025-05-19T09:09:20","guid":{"rendered":"https:\/\/stem-eshop.gr\/product\/ngs-%ce%b7%ce%bb%ce%b5%ce%ba%cf%84%cf%81%ce%bf%ce%bd%ce%b9%ce%ba%cf%8c-%cf%80%ce%b1%ce%b9%cf%87%ce%bd%ce%af%ce%b4%ce%b9-%ce%ba%cf%85%ce%ba%ce%bb%cf%89%ce%bc%ce%ac%cf%84%cf%89%ce%bd-diy\/"},"modified":"2025-11-19T11:09:31","modified_gmt":"2025-11-19T08:09:31","slug":"ngs-%ce%b7%ce%bb%ce%b5%ce%ba%cf%84%cf%81%ce%bf%ce%bd%ce%b9%ce%ba%cf%8c-%cf%80%ce%b1%ce%b9%cf%87%ce%bd%ce%af%ce%b4%ce%b9-%ce%ba%cf%85%ce%ba%ce%bb%cf%89%ce%bc%ce%ac%cf%84%cf%89%ce%bd-diy","status":"publish","type":"product","link":"https:\/\/stem-eshop.gr\/sl\/izdelek\/ngs-%ce%b7%ce%bb%ce%b5%ce%ba%cf%84%cf%81%ce%bf%ce%bd%ce%b9%ce%ba%cf%8c-%cf%80%ce%b1%ce%b9%cf%87%ce%bd%ce%af%ce%b4%ce%b9-%ce%ba%cf%85%ce%ba%ce%bb%cf%89%ce%bc%ce%ac%cf%84%cf%89%ce%bd-diy\/","title":{"rendered":"NGS Elektronsko vezje DIY igra\u010da"},"content":{"rendered":"<p class=\"MsoNormal\">Vklju\u010duje razli\u010dne komponente, kot so baterije, \u017eice, stikala, LED diode, upori in majhne elektronske komponente, ki jih je mogo\u010de povezati skupaj in ustvariti delujo\u010da vezja. Otroci se nau\u010dijo ustvarjati osnovna vezja, razumeti pretok elektri\u010dne energije in videti rezultate svojega dela s pomo\u010djo svetlobnih indikatorjev in gibanja.<\/p>\n<\/p>\n<p class=\"MsoNormal\">Otro\u0161ke znanstvene igra\u010de z vezji in elektronske igra\u010de z vezji \u00bbnaredi sam\u00ab ponujajo \u0161tevilne prednosti:<\/p>\n<\/p>\n<p>Izobra\u017eevanje in u\u010denje: Pomagajte otrokom razumeti osnovna na\u010dela elektronike in fizike<\/p>\n<\/p>\n<p>Prakti\u010dne izku\u0161nje: Otroci pridobijo izku\u0161nje z delom z resni\u010dnimi orodji in komponentami<\/p>\n<\/p>\n<p>Ustvarjalnost in inovativnost: Spodbujajte otroke k ustvarjalnemu razmi\u0161ljanju in eksperimentiranju z novimi idejami.<\/p>\n<\/p>\n<p>Re\u0161evanje problemov: Razviti ve\u0161\u010dine re\u0161evanja problemov in kriti\u010dnega mi\u0161ljenja<\/p>\n<\/p>\n<p>Zaupanje in samozavest: Krepijo otrokovo samozavest, ko vidijo, da so njihovi projekti kon\u010dani in delujo\u010di.<\/p><\/p>","protected":false},"excerpt":{"rendered":"<p class=\"MsoNormal\">Razumevanje osnovnih na\u010del elektronike in elektri\u010dnih vezij je v sodobnem svetu, kjer tehnologija igra prevladujo\u010do vlogo v na\u0161em vsakdanjem \u017eivljenju, temeljnega pomena. Otro\u0161ke znanstvene igra\u010de z vezji in igra\u010de z elektronskimi vezji za samostojno izdelavo so zasnovane tako, da otroke s temi koncepti seznanijo s prakti\u010dnimi in interaktivnimi dejavnostmi.<span lang=\"en-us\" xml:lang=\"en-us\"><\/span><\/p><\/p>","protected":false},"featured_media":6920,"comment_status":"open","ping_status":"closed","template":"","meta":{"site-sidebar-layout":"default","site-content-layout":"","ast-site-content-layout":"default","site-content-style":"default","site-sidebar-style":"default","ast-global-header-display":"","ast-banner-title-visibility":"","ast-main-header-display":"","ast-hfb-above-header-display":"","ast-hfb-below-header-display":"","ast-hfb-mobile-header-display":"","site-post-title":"","ast-breadcrumbs-content":"","ast-featured-img":"","footer-sml-layout":"","ast-disable-related-posts":"","theme-transparent-header-meta":"","adv-header-id-meta":"","stick-header-meta":"","header-above-stick-meta":"","header-main-stick-meta":"","header-below-stick-meta":"","astra-migrate-meta-layouts":"default","ast-page-background-enabled":"default","ast-page-background-meta":{"desktop":{"background-color":"var(--ast-global-color-5)","background-image":"","background-repeat":"repeat","background-position":"center center","background-size":"auto","background-attachment":"scroll","background-type":"","background-media":"","overlay-type":"","overlay-color":"","overlay-opacity":"","overlay-gradient":""},"tablet":{"background-color":"","background-image":"","background-repeat":"repeat","background-position":"center center","background-size":"auto","background-attachment":"scroll","background-type":"","background-media":"","overlay-type":"","overlay-color":"","overlay-opacity":"","overlay-gradient":""},"mobile":{"background-color":"","background-image":"","background-repeat":"repeat","background-position":"center center","background-size":"auto","background-attachment":"scroll","background-type":"","background-media":"","overlay-type":"","overlay-color":"","overlay-opacity":"","overlay-gradient":""}},"ast-content-background-meta":{"desktop":{"background-color":"var(--ast-global-color-4)","background-image":"","background-repeat":"repeat","background-position":"center center","background-size":"auto","background-attachment":"scroll","background-type":"","background-media":"","overlay-type":"","overlay-color":"","overlay-opacity":"","overlay-gradient":""},"tablet":{"background-color":"var(--ast-global-color-4)","background-image":"","background-repeat":"repeat","background-position":"center center","background-size":"auto","background-attachment":"scroll","background-type":"","background-media":"","overlay-type":"","overlay-color":"","overlay-opacity":"","overlay-gradient":""},"mobile":{"background-color":"var(--ast-global-color-4)","background-image":"","background-repeat":"repeat","background-position":"center center","background-size":"auto","background-attachment":"scroll","background-type":"","background-media":"","overlay-type":"","overlay-color":"","overlay-opacity":"","overlay-gradient":""}}},"product_brand":[107],"product_cat":[43,44,39,52,38,35,30,59,58],"product_tag":[],"class_list":{"0":"post-6919","1":"product","2":"type-product","3":"status-publish","4":"has-post-thumbnail","6":"product_brand-ngs","7":"product_cat-43","8":"product_cat-44","9":"product_cat-39","10":"product_cat-52","11":"product_cat-38","12":"product_cat--10-12-","13":"product_cat--6-9-","14":"product_cat-59","15":"product_cat-58","16":"desktop-align-left","17":"tablet-align-left","18":"mobile-align-left","20":"first","21":"instock","22":"taxable","23":"shipping-taxable","24":"purchasable","25":"product-type-simple"},"_links":{"self":[{"href":"https:\/\/stem-eshop.gr\/sl\/wp-json\/wp\/v2\/product\/6919","targetHints":{"allow":["GET"]}}],"collection":[{"href":"https:\/\/stem-eshop.gr\/sl\/wp-json\/wp\/v2\/product"}],"about":[{"href":"https:\/\/stem-eshop.gr\/sl\/wp-json\/wp\/v2\/types\/product"}],"replies":[{"embeddable":true,"href":"https:\/\/stem-eshop.gr\/sl\/wp-json\/wp\/v2\/comments?post=6919"}],"wp:featuredmedia":[{"embeddable":true,"href":"https:\/\/stem-eshop.gr\/sl\/wp-json\/wp\/v2\/media\/6920"}],"wp:attachment":[{"href":"https:\/\/stem-eshop.gr\/sl\/wp-json\/wp\/v2\/media?parent=6919"}],"wp:term":[{"taxonomy":"product_brand","embeddable":true,"href":"https:\/\/stem-eshop.gr\/sl\/wp-json\/wp\/v2\/product_brand?post=6919"},{"taxonomy":"product_cat","embeddable":true,"href":"https:\/\/stem-eshop.gr\/sl\/wp-json\/wp\/v2\/product_cat?post=6919"},{"taxonomy":"product_tag","embeddable":true,"href":"https:\/\/stem-eshop.gr\/sl\/wp-json\/wp\/v2\/product_tag?post=6919"}],"curies":[{"name":"wp","href":"https:\/\/api.w.org\/{rel}","templated":true}]}}