{"id":6913,"date":"2025-05-19T09:09:04","date_gmt":"2025-05-19T09:09:04","guid":{"rendered":"https:\/\/stem-eshop.gr\/product\/ngs-%cf%83%ce%b5%cf%84-1000-%cf%84%ce%bf%cf%85%ce%b2%ce%bb%ce%ac%ce%ba%ce%b9%ce%b1\/"},"modified":"2025-12-24T13:56:48","modified_gmt":"2025-12-24T10:56:48","slug":"ngs-%cf%83%ce%b5%cf%84-1000-%cf%84%ce%bf%cf%85%ce%b2%ce%bb%ce%ac%ce%ba%ce%b9%ce%b1","status":"publish","type":"product","link":"https:\/\/stem-eshop.gr\/sl\/izdelek\/ngs-%cf%83%ce%b5%cf%84-1000-%cf%84%ce%bf%cf%85%ce%b2%ce%bb%ce%ac%ce%ba%ce%b9%ce%b1\/","title":{"rendered":"NGS Komplet 1000 kock"},"content":{"rendered":"<p class=\"MsoNormal\">S 1000 kockami lahko naredi\u0161 veliko ustvarjalnih in zanimivih stvari.<\/p>\n<p class=\"MsoNormal\">Tukaj je nekaj idej:<\/p>\n<p class=\"MsoNormal\">Gradnje in objekti \u2013 majhna mesta ali vasi<\/p>\n<p class=\"MsoNormal\">Umetni\u0161ke stvaritve \u2013 3D \u010drke in \u0161tevilke<\/p>\n<p class=\"MsoNormal\">Izobra\u017eevalne igre in igre \u2013 matemati\u010dne igre ali strate\u0161ke igre<\/p>\n<p class=\"MsoNormal\">Interaktivne konstrukcije \u2013 mehanski modeli<\/p>\n<p class=\"MsoNormal\">Mo\u017enosti so neskon\u010dne, va\u0161a ustvarjalnost pa lahko privede do zelo zanimivih in edinstvenih rezultatov.<\/p>\n<p class=\"MsoNormal\">Zabavajte se s svojimi kockami!<\/p>","protected":false},"excerpt":{"rendered":"<p class=\"MsoNormal\">Opeka je odli\u010den material za ustvarjanje in izra\u017eanje domi\u0161ljije.<\/p>\n<p class=\"MsoNormal\">S 1000 kockami so mo\u017enosti neskon\u010dne in edini omejujo\u010di dejavnik je va\u0161a domi\u0161ljija. Od zapletenih konstrukcij in struktur do umetni\u0161kih stvaritev in izobra\u017eevalnih igra\u010d, kocke lahko postanejo orodje za gradnjo vsega, kar si lahko zamislite.<\/p>","protected":false},"featured_media":6914,"comment_status":"open","ping_status":"closed","template":"","meta":{"site-sidebar-layout":"default","site-content-layout":"","ast-site-content-layout":"default","site-content-style":"default","site-sidebar-style":"default","ast-global-header-display":"","ast-banner-title-visibility":"","ast-main-header-display":"","ast-hfb-above-header-display":"","ast-hfb-below-header-display":"","ast-hfb-mobile-header-display":"","site-post-title":"","ast-breadcrumbs-content":"","ast-featured-img":"","footer-sml-layout":"","ast-disable-related-posts":"","theme-transparent-header-meta":"default","adv-header-id-meta":"","stick-header-meta":"","header-above-stick-meta":"","header-main-stick-meta":"","header-below-stick-meta":"","astra-migrate-meta-layouts":"set","ast-page-background-enabled":"default","ast-page-background-meta":{"desktop":{"background-color":"var(--ast-global-color-5)","background-image":"","background-repeat":"repeat","background-position":"center center","background-size":"auto","background-attachment":"scroll","background-type":"","background-media":"","overlay-type":"","overlay-color":"","overlay-opacity":"","overlay-gradient":""},"tablet":{"background-color":"","background-image":"","background-repeat":"repeat","background-position":"center center","background-size":"auto","background-attachment":"scroll","background-type":"","background-media":"","overlay-type":"","overlay-color":"","overlay-opacity":"","overlay-gradient":""},"mobile":{"background-color":"","background-image":"","background-repeat":"repeat","background-position":"center center","background-size":"auto","background-attachment":"scroll","background-type":"","background-media":"","overlay-type":"","overlay-color":"","overlay-opacity":"","overlay-gradient":""}},"ast-content-background-meta":{"desktop":{"background-color":"var(--ast-global-color-4)","background-image":"","background-repeat":"repeat","background-position":"center center","background-size":"auto","background-attachment":"scroll","background-type":"","background-media":"","overlay-type":"","overlay-color":"","overlay-opacity":"","overlay-gradient":""},"tablet":{"background-color":"var(--ast-global-color-4)","background-image":"","background-repeat":"repeat","background-position":"center center","background-size":"auto","background-attachment":"scroll","background-type":"","background-media":"","overlay-type":"","overlay-color":"","overlay-opacity":"","overlay-gradient":""},"mobile":{"background-color":"var(--ast-global-color-4)","background-image":"","background-repeat":"repeat","background-position":"center center","background-size":"auto","background-attachment":"scroll","background-type":"","background-media":"","overlay-type":"","overlay-color":"","overlay-opacity":"","overlay-gradient":""}}},"product_brand":[107],"product_cat":[126,43,29,32,57,35,30,59],"product_tag":[],"class_list":{"0":"post-6913","1":"product","2":"type-product","3":"status-publish","4":"has-post-thumbnail","6":"product_brand-ngs","7":"product_cat-126","8":"product_cat-43","9":"product_cat-29","10":"product_cat-32","11":"product_cat-57","12":"product_cat--10-12-","13":"product_cat--6-9-","14":"product_cat-59","15":"desktop-align-left","16":"tablet-align-left","17":"mobile-align-left","19":"first","20":"outofstock","21":"taxable","22":"shipping-taxable","23":"purchasable","24":"product-type-simple"},"_links":{"self":[{"href":"https:\/\/stem-eshop.gr\/sl\/wp-json\/wp\/v2\/product\/6913","targetHints":{"allow":["GET"]}}],"collection":[{"href":"https:\/\/stem-eshop.gr\/sl\/wp-json\/wp\/v2\/product"}],"about":[{"href":"https:\/\/stem-eshop.gr\/sl\/wp-json\/wp\/v2\/types\/product"}],"replies":[{"embeddable":true,"href":"https:\/\/stem-eshop.gr\/sl\/wp-json\/wp\/v2\/comments?post=6913"}],"wp:featuredmedia":[{"embeddable":true,"href":"https:\/\/stem-eshop.gr\/sl\/wp-json\/wp\/v2\/media\/6914"}],"wp:attachment":[{"href":"https:\/\/stem-eshop.gr\/sl\/wp-json\/wp\/v2\/media?parent=6913"}],"wp:term":[{"taxonomy":"product_brand","embeddable":true,"href":"https:\/\/stem-eshop.gr\/sl\/wp-json\/wp\/v2\/product_brand?post=6913"},{"taxonomy":"product_cat","embeddable":true,"href":"https:\/\/stem-eshop.gr\/sl\/wp-json\/wp\/v2\/product_cat?post=6913"},{"taxonomy":"product_tag","embeddable":true,"href":"https:\/\/stem-eshop.gr\/sl\/wp-json\/wp\/v2\/product_tag?post=6913"}],"curies":[{"name":"wp","href":"https:\/\/api.w.org\/{rel}","templated":true}]}}