{"id":6879,"date":"2025-05-19T08:54:50","date_gmt":"2025-05-19T08:54:50","guid":{"rendered":"https:\/\/stem-eshop.gr\/product\/dr-stem-t%ce%bf-%ce%ad%ce%be%cf%85%cf%80%ce%bd%ce%bf-%cf%83%cf%80%ce%af%cf%84%ce%b9-%cf%83%cf%84%ce%bf-%ce%b5%cf%81%ce%b3%ce%b1%cf%83%cf%84%ce%ae%cf%81%ce%b9%ce%bf-%ce%b4%ce%b5%ce%be%ce%b9%ce%bf\/"},"modified":"2025-12-31T09:06:27","modified_gmt":"2025-12-31T06:06:27","slug":"dr-stem-t%ce%bf-%ce%ad%ce%be%cf%85%cf%80%ce%bd%ce%bf-%cf%83%cf%80%ce%af%cf%84%ce%b9-%cf%83%cf%84%ce%bf-%ce%b5%cf%81%ce%b3%ce%b1%cf%83%cf%84%ce%ae%cf%81%ce%b9%ce%bf-%ce%b4%ce%b5%ce%be%ce%b9%ce%bf","status":"publish","type":"product","link":"https:\/\/stem-eshop.gr\/sl\/izdelek\/dr-stem-t%ce%bf-%ce%ad%ce%be%cf%85%cf%80%ce%bd%ce%bf-%cf%83%cf%80%ce%af%cf%84%ce%b9-%cf%83%cf%84%ce%bf-%ce%b5%cf%81%ce%b3%ce%b1%cf%83%cf%84%ce%ae%cf%81%ce%b9%ce%bf-%ce%b4%ce%b5%ce%be%ce%b9%ce%bf\/","title":{"rendered":"Dr. STEM \u2013 Pametni dom v laboratoriju spretnosti \u2013 2. knjiga"},"content":{"rendered":"<p class=\"MsoNormal\">\u039f\u03b9 \u03c0\u03c1\u03bf\u03c4\u03b5\u03b9\u03bd\u03cc\u03bc\u03b5\u03bd\u03b5\u03c2 \u03b5\u03ba\u03c0\u03b1\u03b9\u03b4\u03b5\u03c5\u03c4\u03b9\u03ba\u03ad\u03c2 \u03b4\u03c1\u03b1\u03c3\u03c4\u03b7\u03c1\u03b9\u03cc\u03c4\u03b7\u03c4\u03b5\u03c2 \u03c0\u03bf\u03c5 \u03c0\u03b1\u03c1\u03bf\u03c5\u03c3\u03b9\u03ac\u03b6\u03bf\u03bd\u03c4\u03b1\u03b9 \u03c3\u03c4\u03bf 2\u03bf \u03b2\u03b9\u03b2\u03bb\u03af\u03bf \u03c4\u03b7\u03c2 \u03c3\u03b5\u03b9\u03c1\u03ac\u03c2 \u03a4\u03bf \u03ad\u03be\u03c5\u03c0\u03bd\u03bf \u03c3\u03c0\u03af\u03c4\u03b9 \u03c3\u03c4\u03bf \u0395\u03c1\u03b3\u03b1\u03c3\u03c4\u03ae\u03c1\u03b9\u03bf \u0394\u03b5\u03be\u03b9\u03bf\u03c4\u03ae\u03c4\u03c9\u03bd \u03c5\u03bb\u03bf\u03c0\u03bf\u03b9\u03bf\u03cd\u03bd\u03c4\u03b1\u03b9 \u03bc\u03ad\u03c3\u03c9 \u03c4\u03b7\u03c2 \u03bf\u03bb\u03b9\u03c3\u03c4\u03b9\u03ba\u03ae\u03c2 \u03c0\u03c1\u03bf\u03c3\u03ad\u03b3\u03b3\u03b9\u03c3\u03b7\u03c2 STE(A)M \u03bc\u03b5 \u03c3\u03c4\u03cc\u03c7\u03bf\u03c5\u03c2:<\/p>\n<p class=\"MsoNormal\">\u03c4\u03b7\u03bd \u03ba\u03b1\u03c4\u03b1\u03bd\u03cc\u03b7\u03c3\u03b7 \u03c4\u03b7\u03c2 \u03ad\u03bd\u03bd\u03bf\u03b9\u03b1\u03c2 \u03c4\u03bf\u03c5 \u03b1\u03c5\u03c4\u03bf\u03bc\u03b1\u03c4\u03b9\u03c3\u03bc\u03bf\u03cd,<\/p>\n<p class=\"MsoNormal\">\n<p>\u03c4\u03b7 \u03c7\u03c1\u03ae\u03c3\u03b7 \u03c4\u03b7\u03c2 \u03c5\u03c0\u03bf\u03bb\u03bf\u03b3\u03b9\u03c3\u03c4\u03b9\u03ba\u03ae\u03c2 \u03c0\u03bb\u03b1\u03c4\u03c6\u03cc\u03c1\u03bc\u03b1\u03c2 Arduino,<\/p>\n<p class=\"MsoNormal\">\u03c4\u03b7 \u03c7\u03c1\u03ae\u03c3\u03b7 \u03b1\u03b9\u03c3\u03b8\u03b7\u03c4\u03ae\u03c1\u03c9\u03bd \u03ba\u03b1\u03b9 \u03b5\u03bd\u03b5\u03c1\u03b3\u03bf\u03c0\u03bf\u03b9\u03b7\u03c4\u03ce\u03bd \u03c3\u03c4\u03b7\u03bd \u03ba\u03b1\u03c4\u03b1\u03c3\u03ba\u03b5\u03c5\u03ae \u03b5\u03bd\u03cc\u03c2 \u03ad\u03be\u03c5\u03c0\u03bd\u03bf\u03c5 \u03c3\u03c0\u03b9\u03c4\u03b9\u03bf\u03cd,<\/p>\n<p class=\"MsoNormal\">razvoj kode,<\/p>\n<p class=\"MsoNormal\">poznavanje procesov \u0161tudija, na\u010drtovanja, razvoja in vrednotenja.<\/p>\n<p class=\"MsoNormal\">\n<p class=\"MsoNormal\"><span lang=\"en-us\" xml:lang=\"en-us\">The<\/span>\u00a0akronim\u00a0<span lang=\"en-us\" xml:lang=\"en-us\">ST<\/span>A<span lang=\"en-us\" xml:lang=\"en-us\">M<\/span>\u00a0(<span lang=\"en-us\" xml:lang=\"en-us\">Znanost<\/span>,\u00a0<span lang=\"en-us\" xml:lang=\"en-us\">Tehnologija<\/span>,\u00a0<span lang=\"en-us\" xml:lang=\"en-us\">In\u017eenirstvo<\/span>,\u00a0<span lang=\"en-us\" xml:lang=\"en-us\">Umetnost<\/span>,\u00a0\u00a0<span lang=\"en-us\" xml:lang=\"en-us\">Matematika<\/span>\u00a0\u2013 znanost, tehnologija, in\u017eenirstvo, umetnost, matematika) se uporablja za opredelitev koncepta celostnega pristopa k u\u010denju prek petih disciplin: znanost, tehnologija, in\u017eenirstvo, umetnost in matematika.<\/p>\n<p class=\"MsoNormal\">Umetnost v svojih razli\u010dnih oblikah postaja pomemben del izobra\u017eevanja\u00a0<span lang=\"en-us\" xml:lang=\"en-us\">ST<\/span>A<span lang=\"en-us\" xml:lang=\"en-us\">M<\/span>, saj domi\u0161ljija in ustvarjalnost tvorita osnovo za nastanek inovacij, hkrati pa prispevata k razvoju kriti\u010dnega mi\u0161ljenja.<\/p>\n<p class=\"MsoNormal\">The\u00a0<span lang=\"en-us\" xml:lang=\"en-us\">ST<\/span>A<span lang=\"en-us\" xml:lang=\"en-us\">M<\/span>\u00a0Uokvirja na\u010din, kako se otrokov um u\u010di, ko raziskuje svet, hkrati pa prispeva k razvoju ra\u010dunalni\u0161kega mi\u0161ljenja!<\/p>\n<p class=\"MsoNormal\">\u039a\u03b1\u03c4\u03b1\u03bd\u03bf\u03bf\u03cd\u03bc\u03b5 \u03cc\u03bb\u03bf\u03b9 \u03bc\u03b1\u03c2 \u03cc\u03c4\u03b9 \u03c3\u03c0\u03ac\u03bd\u03b9\u03b1 \u03b7 \u03b1\u03bd\u03c4\u03b9\u03bc\u03b5\u03c4\u03ce\u03c0\u03b9\u03c3\u03b7 \u03b5\u03bd\u03cc\u03c2 \u03c0\u03c1\u03bf\u03b2\u03bb\u03ae\u03bc\u03b1\u03c4\u03bf\u03c2 \u03b1\u03c0\u03b1\u03b9\u03c4\u03b5\u03af \u03bc\u03cc\u03bd\u03bf \u03ad\u03bd\u03b1 \u03c3\u03cd\u03bd\u03bf\u03bb\u03bf \u03b3\u03bd\u03ce\u03c3\u03b5\u03c9\u03bd, \u03cc\u03c0\u03c9\u03c2 \u03bc\u03cc\u03bd\u03bf \u03c4\u03b1 \u03bc\u03b1\u03b8\u03b7\u03bc\u03b1\u03c4\u03b9\u03ba\u03ac \u03ae \u03bc\u03cc\u03bd\u03bf\u00a0\u00a0\u03c6\u03c5\u03c3\u03b9\u03ba\u03ae \u03ae \u03c7\u03b7\u03bc\u03b5\u03af\u03b1. \u0393\u03b9\u03b1 \u03c0\u03b1\u03c1\u03ac\u03b4\u03b5\u03b9\u03b3\u03bc\u03b1 \u03c6\u03b1\u03bd\u03c4\u03b1\u03c3\u03c4\u03b5\u03af\u03c4\u03b5 \u03ad\u03bd\u03b1\u03bd \u03b1\u03c1\u03c7\u03b9\u03c4\u03ad\u03ba\u03c4\u03bf\u03bd\u03b1 \u03cc\u03c0\u03bf\u03c5 \u03b3\u03b9\u03b1 \u03bd\u03b1 \u03c3\u03c7\u03b5\u03b4\u03b9\u03ac\u03c3\u03b5\u03b9 \u03c0\u03bf\u03bb\u03cd\u03c0\u03bb\u03bf\u03ba\u03b1 \u03ba\u03b1\u03b9 \u03b1\u03c3\u03c6\u03b1\u03bb\u03ae \u03ba\u03c4\u03af\u03c1\u03b9\u03b1 \u03c7\u03c1\u03b7\u03c3\u03b9\u03bc\u03bf\u03c0\u03bf\u03b9\u03b5\u03af \u03c3\u03c5\u03bd\u03b4\u03c5\u03b1\u03c3\u03c4\u03b9\u03ba\u03ac \u03c0\u03bf\u03bb\u03bb\u03ad\u03c2 \u03b5\u03c0\u03b9\u03c3\u03c4\u03ae\u03bc\u03b5\u03c2, \u03cc\u03c0\u03c9\u03c2 \u03c4\u03b5\u03c7\u03bd\u03bf\u03bb\u03bf\u03b3\u03af\u03b1, \u03bc\u03b7\u03c7\u03b1\u03bd\u03b9\u03ba\u03ae, \u03c4\u03ad\u03c7\u03bd\u03b7 \u03ba\u03b1\u03b9 \u03bc\u03b1\u03b8\u03b7\u03bc\u03b1\u03c4\u03b9\u03ba\u03ac!<\/p>\n<p class=\"MsoNormal\">Zato je\u00a0<span lang=\"en-us\" xml:lang=\"en-us\">PARA<\/span>\u00a0je integracija in vklju\u010devanje razli\u010dnih znanj in znanstvenih podro\u010dij.<\/p>\n<p class=\"MsoNormal\">Skozi izobra\u017eevalni pristop\u00a0\u00a0<span lang=\"en-us\" xml:lang=\"en-us\">ST<\/span>A<span lang=\"en-us\" xml:lang=\"en-us\">M<\/span>\u00a0\u03bf\u03b9 \u03bc\u03b1\u03b8\u03b7\u03c4\u03ad\u03c2 \u03b5\u03c6\u03b1\u03c1\u03bc\u03cc\u03b6\u03bf\u03c5\u03bd \u03c4\u03b9\u03c2 \u03c6\u03c5\u03c3\u03b9\u03ba\u03ad\u03c2 \u03b5\u03c0\u03b9\u03c3\u03c4\u03ae\u03bc\u03b5\u03c2, \u03c4\u03b7\u03bd \u03c4\u03b5\u03c7\u03bd\u03bf\u03bb\u03bf\u03b3\u03af\u03b1, \u03c4\u03b7 \u03bc\u03b7\u03c7\u03b1\u03bd\u03b9\u03ba\u03ae, \u03c4\u03b7\u03bd \u03c4\u03ad\u03c7\u03bd\u03b7 \u03ba\u03b1\u03b9 \u03c4\u03b1 \u03bc\u03b1\u03b8\u03b7\u03bc\u03b1\u03c4\u03b9\u03ba\u03ac, \u03c3\u03c4\u03bf\u03c7\u03b5\u03cd\u03bf\u03bd\u03c4\u03b1\u03c2:\u00a0\u00a0\u03b5\u03af\u03c4\u03b5 \u03c3\u03c4\u03b7\u03bd \u03b5\u03be\u03b5\u03cd\u03c1\u03b5\u03c3\u03b7 \u03bb\u03cd\u03c3\u03b7\u03c2 \u03c3\u03b5 \u03ad\u03bd\u03b1 \u03c0\u03c1\u03b1\u03b3\u03bc\u03b1\u03c4\u03b9\u03ba\u03cc \u03c0\u03c1\u03cc\u03b2\u03bb\u03b7\u03bc\u03b1, \u03b5\u03af\u03c4\u03b5 \u03c3\u03c4\u03b7\u03bd \u03ba\u03b1\u03c4\u03b1\u03bd\u03cc\u03b7\u03c3\u03b7 \u03c6\u03c5\u03c3\u03b9\u03ba\u03ce\u03bd \u03c6\u03b1\u03b9\u03bd\u03bf\u03bc\u03ad\u03bd\u03c9\u03bd, \u03b5\u03af\u03c4\u03b5 \u03c3\u03c4\u03b7\u03bd \u03b1\u03bd\u03ac\u03c0\u03c4\u03c5\u03be\u03b7 \u03ba\u03b1\u03c4\u03ac\u03bb\u03bb\u03b7\u03bb\u03c9\u03bd \u03b4\u03b5\u03be\u03b9\u03bf\u03c4\u03ae\u03c4\u03c9\u03bd \u03c0\u03bf\u03c5 \u03b8\u03b1 \u03c4\u03bf\u03c5\u03c2 \u03b2\u03bf\u03b7\u03b8\u03ae\u03c3\u03bf\u03c5\u03bd \u03bd\u03b1 \u03b5\u03af\u03bd\u03b1\u03b9 \u03b1\u03bd\u03c4\u03b1\u03b3\u03c9\u03bd\u03b9\u03c3\u03c4\u03b9\u03ba\u03bf\u03af \u03c3\u03c4\u03b7\u03bd \u03b4\u03b9\u03b1\u03c1\u03ba\u03ce\u03c2 \u03bc\u03b5\u03c4\u03b1\u03b2\u03b1\u03bb\u03bb\u03cc\u03bc\u03b5\u03bd\u03b7 \u03b1\u03b3\u03bf\u03c1\u03ac \u03b5\u03c1\u03b3\u03b1\u03c3\u03af\u03b1\u03c2 \u03c4\u03bf\u03c5 21\u03bf\u03c5 \u03b1\u03b9\u03ce\u03bd\u03b1.<\/p>\n<p class=\"MsoNormal\">Zato\u00a0<span lang=\"en-us\" xml:lang=\"en-us\">PARA<\/span>\u00a0Vsebuje \u0161tiri elemente, ki so prepoznani kot temeljni za izobra\u017eevanje 21. stoletja:<\/p>\n<p class=\"MsoNormal\">Ustvarjalnost, kriti\u010dno mi\u0161ljenje, sodelovanje in komunikacija<\/p>\n<p class=\"MsoNormal\">Izobra\u017eevanje\u00a0<span lang=\"en-us\" xml:lang=\"en-us\">ST<\/span>A<span lang=\"en-us\" xml:lang=\"en-us\">M<\/span>\u00a0je zdaj bistvenega pomena, saj bo ve\u010d kot 30 poklicev zahtevalo znanje\u00a0<span lang=\"en-us\" xml:lang=\"en-us\">ST<\/span>A<span lang=\"en-us\" xml:lang=\"en-us\">M<\/span>\u00a0v bli\u017enji prihodnosti!<\/p>\n<p class=\"MsoNormal\">Avtorji: Konstantinos Kalovrektis, Sarantos Psycharis<\/p>\n<p class=\"MsoNormal\">\u0394\u03b9\u03ac\u03c3\u03c4\u03b1\u03c3\u03b7: 21 x 29 \u03b5\u03ba.<\/p>\n<p class=\"MsoNormal\">\u03a3\u03b5\u03bb\u03af\u03b4\u03b5\u03c2: 104<\/p>\n<p class=\"MsoNormal\">BARCODE: 9789605634506<\/p>\n<p class=\"MsoNormal\">ISBN: 978-960-563-450-6<\/p>\n<p class=\"MsoNormal\">Platnica: Mehka vezava<\/p>\n<p class=\"MsoNormal\">\u0397\u03bc\u03b5\u03c1. \u03ba\u03c5\u03ba\u03bb\u03bf\u03c6\u03bf\u03c1\u03af\u03b1\u03c2: 18-11-2021<\/p>","protected":false},"excerpt":{"rendered":"<p class=\"MsoNormal\">Izobra\u017eevalna serija Dr. STEM si prizadeva pomagati u\u010diteljem in u\u010dencem (starim 8 let in ve\u010d) pri vklju\u010devanju v \u00bbSTE(A)M ve\u0161\u010dine\u00ab, kot jih zahteva gospodarstvo 21. stoletja in \u010detrta industrijska revolucija, ter pri razvoju miselnih ve\u0161\u010din s poudarkom na ra\u010dunalni\u0161kem mi\u0161ljenju.<\/p>","protected":false},"featured_media":5062,"comment_status":"open","ping_status":"closed","template":"","meta":{"site-sidebar-layout":"default","site-content-layout":"","ast-site-content-layout":"default","site-content-style":"default","site-sidebar-style":"default","ast-global-header-display":"","ast-banner-title-visibility":"","ast-main-header-display":"","ast-hfb-above-header-display":"","ast-hfb-below-header-display":"","ast-hfb-mobile-header-display":"","site-post-title":"","ast-breadcrumbs-content":"","ast-featured-img":"","footer-sml-layout":"","ast-disable-related-posts":"","theme-transparent-header-meta":"default","adv-header-id-meta":"","stick-header-meta":"","header-above-stick-meta":"","header-main-stick-meta":"","header-below-stick-meta":"","astra-migrate-meta-layouts":"set","ast-page-background-enabled":"default","ast-page-background-meta":{"desktop":{"background-color":"var(--ast-global-color-5)","background-image":"","background-repeat":"repeat","background-position":"center center","background-size":"auto","background-attachment":"scroll","background-type":"","background-media":"","overlay-type":"","overlay-color":"","overlay-opacity":"","overlay-gradient":""},"tablet":{"background-color":"","background-image":"","background-repeat":"repeat","background-position":"center center","background-size":"auto","background-attachment":"scroll","background-type":"","background-media":"","overlay-type":"","overlay-color":"","overlay-opacity":"","overlay-gradient":""},"mobile":{"background-color":"","background-image":"","background-repeat":"repeat","background-position":"center center","background-size":"auto","background-attachment":"scroll","background-type":"","background-media":"","overlay-type":"","overlay-color":"","overlay-opacity":"","overlay-gradient":""}},"ast-content-background-meta":{"desktop":{"background-color":"var(--ast-global-color-4)","background-image":"","background-repeat":"repeat","background-position":"center center","background-size":"auto","background-attachment":"scroll","background-type":"","background-media":"","overlay-type":"","overlay-color":"","overlay-opacity":"","overlay-gradient":""},"tablet":{"background-color":"var(--ast-global-color-4)","background-image":"","background-repeat":"repeat","background-position":"center center","background-size":"auto","background-attachment":"scroll","background-type":"","background-media":"","overlay-type":"","overlay-color":"","overlay-opacity":"","overlay-gradient":""},"mobile":{"background-color":"var(--ast-global-color-4)","background-image":"","background-repeat":"repeat","background-position":"center center","background-size":"auto","background-attachment":"scroll","background-type":"","background-media":"","overlay-type":"","overlay-color":"","overlay-opacity":"","overlay-gradient":""}}},"product_brand":[111],"product_cat":[25],"product_tag":[],"class_list":{"0":"post-6879","1":"product","2":"type-product","3":"status-publish","4":"has-post-thumbnail","6":"product_brand-ellinoekdotiki","7":"product_cat--steam","8":"desktop-align-left","9":"tablet-align-left","10":"mobile-align-left","12":"first","13":"instock","14":"taxable","15":"shipping-taxable","16":"purchasable","17":"product-type-simple"},"_links":{"self":[{"href":"https:\/\/stem-eshop.gr\/sl\/wp-json\/wp\/v2\/product\/6879","targetHints":{"allow":["GET"]}}],"collection":[{"href":"https:\/\/stem-eshop.gr\/sl\/wp-json\/wp\/v2\/product"}],"about":[{"href":"https:\/\/stem-eshop.gr\/sl\/wp-json\/wp\/v2\/types\/product"}],"replies":[{"embeddable":true,"href":"https:\/\/stem-eshop.gr\/sl\/wp-json\/wp\/v2\/comments?post=6879"}],"wp:featuredmedia":[{"embeddable":true,"href":"https:\/\/stem-eshop.gr\/sl\/wp-json\/wp\/v2\/media\/5062"}],"wp:attachment":[{"href":"https:\/\/stem-eshop.gr\/sl\/wp-json\/wp\/v2\/media?parent=6879"}],"wp:term":[{"taxonomy":"product_brand","embeddable":true,"href":"https:\/\/stem-eshop.gr\/sl\/wp-json\/wp\/v2\/product_brand?post=6879"},{"taxonomy":"product_cat","embeddable":true,"href":"https:\/\/stem-eshop.gr\/sl\/wp-json\/wp\/v2\/product_cat?post=6879"},{"taxonomy":"product_tag","embeddable":true,"href":"https:\/\/stem-eshop.gr\/sl\/wp-json\/wp\/v2\/product_tag?post=6879"}],"curies":[{"name":"wp","href":"https:\/\/api.w.org\/{rel}","templated":true}]}}