{"id":6875,"date":"2025-05-19T08:54:49","date_gmt":"2025-05-19T08:54:49","guid":{"rendered":"https:\/\/stem-eshop.gr\/product\/%ce%b5%ce%ba%cf%80%ce%b1%ce%b9%ce%b4%ce%b5%cf%85%cf%84%ce%b9%ce%ba%ce%ae-%cf%81%ce%bf%ce%bc%cf%80%ce%bf%cf%84%ce%b9%ce%ba%ce%ae-%ce%bc%ce%b5-spike-prime-%cf%84%cf%8c%ce%bc%ce%bf%cf%82-3\/"},"modified":"2025-10-23T13:09:52","modified_gmt":"2025-10-23T10:09:52","slug":"%ce%b5%ce%ba%cf%80%ce%b1%ce%b9%ce%b4%ce%b5%cf%85%cf%84%ce%b9%ce%ba%ce%ae-%cf%81%ce%bf%ce%bc%cf%80%ce%bf%cf%84%ce%b9%ce%ba%ce%ae-%ce%bc%ce%b5-spike-prime-%cf%84%cf%8c%ce%bc%ce%bf%cf%82-3","status":"publish","type":"product","link":"https:\/\/stem-eshop.gr\/sl\/izdelek\/%ce%b5%ce%ba%cf%80%ce%b1%ce%b9%ce%b4%ce%b5%cf%85%cf%84%ce%b9%ce%ba%ce%ae-%cf%81%ce%bf%ce%bc%cf%80%ce%bf%cf%84%ce%b9%ce%ba%ce%ae-%ce%bc%ce%b5-spike-prime-%cf%84%cf%8c%ce%bc%ce%bf%cf%82-3\/","title":{"rendered":"Izobra\u017eevalna robotika s Spikeom Primeom (3. del)"},"content":{"rendered":"<p class=\"MsoNormal\">Posebnost te knjige je, da so vse programske kode, ki so razvite in analizirane, napisane v visokonivojskem jeziku Python in ne s tradicionalnimi besednimi bloki. Zna\u010dilnost Pythona je njegova preprostost, saj nima zapletene sintakse ali te\u017eko razumljivih pravil, kar olaj\u0161a u\u010denje tudi za\u010detnikom programerjem. Ker so vsa navodila analizirana korak za korakom, z veliko slikami za bolj\u0161e razumevanje, lahko to knjigo uporabljajo tudi u\u010ditelji razli\u010dnih specializacij, ki so si s prvima dvema deloma pridobili potrebno znanje in seznanjenost s Spike Prime.<\/p>\n<p class=\"MsoNormal\">\u010cudovito potovanje v svet robotike se bli\u017ea koncu ...<\/p>\n<p class=\"MsoNormal\">Avtorji: Argyris Koureas, Konstantinos Natsikas, Alkiviadis Tsimiris<\/p>\n<p class=\"MsoNormal\">Te\u017ea: 0,242 kg.<\/p>\n<p class=\"MsoNormal\">Strani: 112<\/p>\n<p class=\"MsoNormal\">ISBN: 9786182021255<\/p>\n<p class=\"MsoNormal\">Leto izdaje: 2023<\/p>\n<p class=\"MsoNormal\">Dimenzije: 17\u00d724 cm<\/p>\n<p class=\"MsoNormal\">Notranjost knjige: Barvna<\/p>\n<p class=\"MsoNormal\">Jezik: gr\u0161\u010dina<\/p>","protected":false},"excerpt":{"rendered":"<p class=\"MsoNormal\">Tretji del nove serije knjig Izobra\u017eevalna robotika, ki temelji na Spike Prime (razli\u010dica 2.+.+), novem izobra\u017eevalnem paketu Lego Education, je namenjen tako u\u010dencem kot odraslim, ki so si v prvih dveh delih pridobili vse potrebno znanje programiranja.<\/p>","protected":false},"featured_media":5047,"comment_status":"open","ping_status":"closed","template":"","meta":{"site-sidebar-layout":"default","site-content-layout":"","ast-site-content-layout":"default","site-content-style":"default","site-sidebar-style":"default","ast-global-header-display":"","ast-banner-title-visibility":"","ast-main-header-display":"","ast-hfb-above-header-display":"","ast-hfb-below-header-display":"","ast-hfb-mobile-header-display":"","site-post-title":"","ast-breadcrumbs-content":"","ast-featured-img":"","footer-sml-layout":"","ast-disable-related-posts":"","theme-transparent-header-meta":"default","adv-header-id-meta":"","stick-header-meta":"","header-above-stick-meta":"","header-main-stick-meta":"","header-below-stick-meta":"","astra-migrate-meta-layouts":"set","ast-page-background-enabled":"default","ast-page-background-meta":{"desktop":{"background-color":"var(--ast-global-color-5)","background-image":"","background-repeat":"repeat","background-position":"center center","background-size":"auto","background-attachment":"scroll","background-type":"","background-media":"","overlay-type":"","overlay-color":"","overlay-opacity":"","overlay-gradient":""},"tablet":{"background-color":"","background-image":"","background-repeat":"repeat","background-position":"center center","background-size":"auto","background-attachment":"scroll","background-type":"","background-media":"","overlay-type":"","overlay-color":"","overlay-opacity":"","overlay-gradient":""},"mobile":{"background-color":"","background-image":"","background-repeat":"repeat","background-position":"center center","background-size":"auto","background-attachment":"scroll","background-type":"","background-media":"","overlay-type":"","overlay-color":"","overlay-opacity":"","overlay-gradient":""}},"ast-content-background-meta":{"desktop":{"background-color":"var(--ast-global-color-4)","background-image":"","background-repeat":"repeat","background-position":"center center","background-size":"auto","background-attachment":"scroll","background-type":"","background-media":"","overlay-type":"","overlay-color":"","overlay-opacity":"","overlay-gradient":""},"tablet":{"background-color":"var(--ast-global-color-4)","background-image":"","background-repeat":"repeat","background-position":"center center","background-size":"auto","background-attachment":"scroll","background-type":"","background-media":"","overlay-type":"","overlay-color":"","overlay-opacity":"","overlay-gradient":""},"mobile":{"background-color":"var(--ast-global-color-4)","background-image":"","background-repeat":"repeat","background-position":"center center","background-size":"auto","background-attachment":"scroll","background-type":"","background-media":"","overlay-type":"","overlay-color":"","overlay-opacity":"","overlay-gradient":""}}},"product_brand":[108],"product_cat":[25],"product_tag":[],"class_list":{"0":"post-6875","1":"product","2":"type-product","3":"status-publish","4":"has-post-thumbnail","6":"product_brand-disigma","7":"product_cat--steam","8":"desktop-align-left","9":"tablet-align-left","10":"mobile-align-left","12":"first","13":"instock","14":"taxable","15":"shipping-taxable","16":"purchasable","17":"product-type-simple"},"_links":{"self":[{"href":"https:\/\/stem-eshop.gr\/sl\/wp-json\/wp\/v2\/product\/6875","targetHints":{"allow":["GET"]}}],"collection":[{"href":"https:\/\/stem-eshop.gr\/sl\/wp-json\/wp\/v2\/product"}],"about":[{"href":"https:\/\/stem-eshop.gr\/sl\/wp-json\/wp\/v2\/types\/product"}],"replies":[{"embeddable":true,"href":"https:\/\/stem-eshop.gr\/sl\/wp-json\/wp\/v2\/comments?post=6875"}],"wp:featuredmedia":[{"embeddable":true,"href":"https:\/\/stem-eshop.gr\/sl\/wp-json\/wp\/v2\/media\/5047"}],"wp:attachment":[{"href":"https:\/\/stem-eshop.gr\/sl\/wp-json\/wp\/v2\/media?parent=6875"}],"wp:term":[{"taxonomy":"product_brand","embeddable":true,"href":"https:\/\/stem-eshop.gr\/sl\/wp-json\/wp\/v2\/product_brand?post=6875"},{"taxonomy":"product_cat","embeddable":true,"href":"https:\/\/stem-eshop.gr\/sl\/wp-json\/wp\/v2\/product_cat?post=6875"},{"taxonomy":"product_tag","embeddable":true,"href":"https:\/\/stem-eshop.gr\/sl\/wp-json\/wp\/v2\/product_tag?post=6875"}],"curies":[{"name":"wp","href":"https:\/\/api.w.org\/{rel}","templated":true}]}}