{"id":6874,"date":"2025-05-19T08:54:49","date_gmt":"2025-05-19T08:54:49","guid":{"rendered":"https:\/\/stem-eshop.gr\/product\/%ce%b5%ce%ba%cf%80%ce%b1%ce%b9%ce%b4%ce%b5%cf%85%cf%84%ce%b9%ce%ba%ce%ae-%cf%81%ce%bf%ce%bc%cf%80%ce%bf%cf%84%ce%b9%ce%ba%ce%ae-%ce%bc%ce%b5-spike-prime-%cf%84%cf%8c%ce%bc%ce%bf%cf%82-2\/"},"modified":"2025-10-23T13:09:34","modified_gmt":"2025-10-23T10:09:34","slug":"%ce%b5%ce%ba%cf%80%ce%b1%ce%b9%ce%b4%ce%b5%cf%85%cf%84%ce%b9%ce%ba%ce%ae-%cf%81%ce%bf%ce%bc%cf%80%ce%bf%cf%84%ce%b9%ce%ba%ce%ae-%ce%bc%ce%b5-spike-prime-%cf%84%cf%8c%ce%bc%ce%bf%cf%82-2","status":"publish","type":"product","link":"https:\/\/stem-eshop.gr\/sl\/izdelek\/%ce%b5%ce%ba%cf%80%ce%b1%ce%b9%ce%b4%ce%b5%cf%85%cf%84%ce%b9%ce%ba%ce%ae-%cf%81%ce%bf%ce%bc%cf%80%ce%bf%cf%84%ce%b9%ce%ba%ce%ae-%ce%bc%ce%b5-spike-prime-%cf%84%cf%8c%ce%bc%ce%bf%cf%82-2\/","title":{"rendered":"Izobra\u017eevalna robotika s Spikeom Primeom (2. del)"},"content":{"rendered":"<p class=\"MsoNormal\">Namenjen je tako \u0161tudentom kot odraslim, ki so si osnovno znanje programiranja pridobili \u017ee iz prvega dela serije.<\/p>\n<p class=\"MsoNormal\">U\u010ditelji, ki bodo pridobili to knjigo, bodo imeli v rokah podroben vodnik po dejavnostih, ki jih lahko u\u010denci izvajajo v razredu.<\/p>\n<p class=\"MsoNormal\">Vsako poglavje podrobno in korak za korakom pojasnjuje napredne programske kode, ki se uporabljajo na uradnih izobra\u017eevalnih tekmovanjih v robotiki, tako v Gr\u010diji kot v tujini.<\/p>\n<p class=\"MsoNormal\">Na voljo so tudi predlagane nere\u0161ene naloge in evalvacijski listi za spremljanje u\u010dnega napredka u\u010dencev.<\/p>\n<p class=\"MsoNormal\">\u010carobno potovanje v svet Spike Primea se nadaljuje ...<\/p>\n<p class=\"MsoNormal\">\n<p class=\"MsoNormal\">Avtorji: Argyris Koureas, Konstantinos Natsikas, Alkiviadis Tsimiris<\/p>\n<p class=\"MsoNormal\">Te\u017ea: 0,252 kg.<\/p>\n<p class=\"MsoNormal\">Strani: 120<\/p>\n<p class=\"MsoNormal\">ISBN: 9786182021057<\/p>\n<p class=\"MsoNormal\">Leto izdaje: 2022<\/p>\n<p class=\"MsoNormal\">Dimenzije: 17\u00d724 cm<\/p>\n<p class=\"MsoNormal\">Notranjost knjige: Barvna<\/p>\n<p class=\"MsoNormal\">Jezik: gr\u0161\u010dina<\/p>","protected":false},"excerpt":{"rendered":"<p class=\"MsoNormal\">Ta knjiga, ki temelji na Spike Primeu, novem izobra\u017eevalnem paketu Lego Education, je drugi del nove serije knjig o izobra\u017eevalni robotiki \u2013 STEM.<\/p>","protected":false},"featured_media":5044,"comment_status":"open","ping_status":"closed","template":"","meta":{"site-sidebar-layout":"default","site-content-layout":"","ast-site-content-layout":"default","site-content-style":"default","site-sidebar-style":"default","ast-global-header-display":"","ast-banner-title-visibility":"","ast-main-header-display":"","ast-hfb-above-header-display":"","ast-hfb-below-header-display":"","ast-hfb-mobile-header-display":"","site-post-title":"","ast-breadcrumbs-content":"","ast-featured-img":"","footer-sml-layout":"","ast-disable-related-posts":"","theme-transparent-header-meta":"default","adv-header-id-meta":"","stick-header-meta":"","header-above-stick-meta":"","header-main-stick-meta":"","header-below-stick-meta":"","astra-migrate-meta-layouts":"set","ast-page-background-enabled":"default","ast-page-background-meta":{"desktop":{"background-color":"var(--ast-global-color-5)","background-image":"","background-repeat":"repeat","background-position":"center center","background-size":"auto","background-attachment":"scroll","background-type":"","background-media":"","overlay-type":"","overlay-color":"","overlay-opacity":"","overlay-gradient":""},"tablet":{"background-color":"","background-image":"","background-repeat":"repeat","background-position":"center center","background-size":"auto","background-attachment":"scroll","background-type":"","background-media":"","overlay-type":"","overlay-color":"","overlay-opacity":"","overlay-gradient":""},"mobile":{"background-color":"","background-image":"","background-repeat":"repeat","background-position":"center center","background-size":"auto","background-attachment":"scroll","background-type":"","background-media":"","overlay-type":"","overlay-color":"","overlay-opacity":"","overlay-gradient":""}},"ast-content-background-meta":{"desktop":{"background-color":"var(--ast-global-color-4)","background-image":"","background-repeat":"repeat","background-position":"center center","background-size":"auto","background-attachment":"scroll","background-type":"","background-media":"","overlay-type":"","overlay-color":"","overlay-opacity":"","overlay-gradient":""},"tablet":{"background-color":"var(--ast-global-color-4)","background-image":"","background-repeat":"repeat","background-position":"center center","background-size":"auto","background-attachment":"scroll","background-type":"","background-media":"","overlay-type":"","overlay-color":"","overlay-opacity":"","overlay-gradient":""},"mobile":{"background-color":"var(--ast-global-color-4)","background-image":"","background-repeat":"repeat","background-position":"center center","background-size":"auto","background-attachment":"scroll","background-type":"","background-media":"","overlay-type":"","overlay-color":"","overlay-opacity":"","overlay-gradient":""}}},"product_brand":[108],"product_cat":[25],"product_tag":[],"class_list":{"0":"post-6874","1":"product","2":"type-product","3":"status-publish","4":"has-post-thumbnail","6":"product_brand-disigma","7":"product_cat--steam","8":"desktop-align-left","9":"tablet-align-left","10":"mobile-align-left","12":"first","13":"instock","14":"taxable","15":"shipping-taxable","16":"purchasable","17":"product-type-simple"},"_links":{"self":[{"href":"https:\/\/stem-eshop.gr\/sl\/wp-json\/wp\/v2\/product\/6874","targetHints":{"allow":["GET"]}}],"collection":[{"href":"https:\/\/stem-eshop.gr\/sl\/wp-json\/wp\/v2\/product"}],"about":[{"href":"https:\/\/stem-eshop.gr\/sl\/wp-json\/wp\/v2\/types\/product"}],"replies":[{"embeddable":true,"href":"https:\/\/stem-eshop.gr\/sl\/wp-json\/wp\/v2\/comments?post=6874"}],"wp:featuredmedia":[{"embeddable":true,"href":"https:\/\/stem-eshop.gr\/sl\/wp-json\/wp\/v2\/media\/5044"}],"wp:attachment":[{"href":"https:\/\/stem-eshop.gr\/sl\/wp-json\/wp\/v2\/media?parent=6874"}],"wp:term":[{"taxonomy":"product_brand","embeddable":true,"href":"https:\/\/stem-eshop.gr\/sl\/wp-json\/wp\/v2\/product_brand?post=6874"},{"taxonomy":"product_cat","embeddable":true,"href":"https:\/\/stem-eshop.gr\/sl\/wp-json\/wp\/v2\/product_cat?post=6874"},{"taxonomy":"product_tag","embeddable":true,"href":"https:\/\/stem-eshop.gr\/sl\/wp-json\/wp\/v2\/product_tag?post=6874"}],"curies":[{"name":"wp","href":"https:\/\/api.w.org\/{rel}","templated":true}]}}