{"id":6868,"date":"2025-05-19T08:54:47","date_gmt":"2025-05-19T08:54:47","guid":{"rendered":"https:\/\/stem-eshop.gr\/product\/%ce%b5%cf%80%ce%b9%cf%83%cf%84%ce%ae%ce%bc%ce%b7-%cf%83%cf%84%ce%b7%ce%bd-%cf%80%cf%81%ce%ac%ce%be%ce%b7\/"},"modified":"2025-10-23T12:48:23","modified_gmt":"2025-10-23T09:48:23","slug":"%ce%b5%cf%80%ce%b9%cf%83%cf%84%ce%ae%ce%bc%ce%b7-%cf%83%cf%84%ce%b7%ce%bd-%cf%80%cf%81%ce%ac%ce%be%ce%b7","status":"publish","type":"product","link":"https:\/\/stem-eshop.gr\/sl\/izdelek\/%ce%b5%cf%80%ce%b9%cf%83%cf%84%ce%ae%ce%bc%ce%b7-%cf%83%cf%84%ce%b7%ce%bd-%cf%80%cf%81%ce%ac%ce%be%ce%b7\/","title":{"rendered":"Znanost v praksi"},"content":{"rendered":"<p><span style=\"color: #222222;font-family: Commissioner, sans-serif;font-size: 16px;background-color: #ffffff\">Skozi spoznavanje osnovnih vsakdanjih poklicev se otroci u\u010dijo, kako uporabljamo znanstvena odkritja v vsakdanjem \u017eivljenju.<\/span><br style=\"margin: 0px;padding: 0px;font-family: Commissioner, sans-serif;line-height: normal;color: #222222;font-size: 16px;background-color: #ffffff\" \/><span style=\"color: #222222;font-family: Commissioner, sans-serif;font-size: 16px;background-color: #ffffff\">Ali lahko to storim?<\/span><br style=\"margin: 0px;padding: 0px;font-family: Commissioner, sans-serif;line-height: normal;color: #222222;font-size: 16px;background-color: #ffffff\" \/><span style=\"color: #222222;font-family: Commissioner, sans-serif;font-size: 16px;background-color: #ffffff\">In seveda lahko!<\/span><br style=\"margin: 0px;padding: 0px;font-family: Commissioner, sans-serif;line-height: normal;color: #222222;font-size: 16px;background-color: #ffffff\" \/><span style=\"color: #222222;font-family: Commissioner, sans-serif;font-size: 16px;background-color: #ffffff\">Odkrijte znanost vse okoli sebe!<\/span><br style=\"margin: 0px;padding: 0px;font-family: Commissioner, sans-serif;line-height: normal;color: #222222;font-size: 16px;background-color: #ffffff\" \/><span style=\"color: #222222;font-family: Commissioner, sans-serif;font-size: 16px;background-color: #ffffff\">Ljudje nenehno uporabljajo znanstveno znanje, v mnogih primerih pa se tega sploh ne zavedajo. Od frizerjev, ki s kemijo spreminjajo barvo las, do prometnih policistov, ki s fiziko ustavljajo voznike, ki prehitro vozijo, vam bodo strokovnjaki, ki jih boste sre\u010dali na straneh te izvirne knjige, pomagali razumeti uporabnost znanosti v na\u0161em vsakdanjem \u017eivljenju.<\/span><br style=\"margin: 0px;padding: 0px;font-family: Commissioner, sans-serif;line-height: normal;color: #222222;font-size: 16px;background-color: #ffffff\" \/><span style=\"color: #222222;font-family: Commissioner, sans-serif;font-size: 16px;background-color: #ffffff\">Znanost skozi 12 poklicev:<\/span><br style=\"margin: 0px;padding: 0px;font-family: Commissioner, sans-serif;line-height: normal;color: #222222;font-size: 16px;background-color: #ffffff\" \/><span style=\"color: #222222;font-family: Commissioner, sans-serif;font-size: 16px;background-color: #ffffff\">cvetli\u010dar, zdravnik, dostavljavec, kapitan, frizer, pasji frizer, barista, re\u0161evalec iz vode, gasilec, prometni redar, pek, oskrbnik \u017eivalskega vrta<\/span><\/p>\n<p class=\"MsoNormal\">Informacije<\/p>\n<p class=\"MsoNormal\">ISBN: 978-618-03-3687-0<\/p>\n<p class=\"MsoNormal\">Datum izdaje: 23. 11. 2023<\/p>\n<p class=\"MsoNormal\">Avtor<span lang=\"en-us\" xml:lang=\"en-us\">: <\/span><a href=\"https:\/\/www.metaixmio.gr\/el\/contributor\/kim-hankinson?code=author\" rel=\"noopener\"><span lang=\"en-us\" style=\"text-decoration: none\" xml:lang=\"en-us\">Kim Hankinson,\u00a0<\/span><\/a><a href=\"https:\/\/www.metaixmio.gr\/el\/contributor\/jenny-jacoby?code=author\" rel=\"noopener\"><span lang=\"en-us\" style=\"text-decoration: none\" xml:lang=\"en-us\">Jenny Jacoby<\/span><\/a><\/p>\n<p class=\"MsoNormal\">Prevod: Sofija Grigoriou<\/p>\n<p class=\"MsoNormal\">Starostna kategorija: <a href=\"https:\/\/www.metaixmio.gr\/categories\/catalog?q=attr:%CE%97%CE%BB%CE%B9%CE%BA%CE%B9%CE%B1%CE%BA%CE%AE%20%CE%BA%CE%B1%CF%84%CE%B7%CE%B3%CE%BF%CF%81%CE%AF%CE%B1;%CE%93%CE%B9%CE%B1%20%CF%80%CE%B1%CE%B9%CE%B4%CE%B9%CE%AC%20%CE%B1%CF%80%CF%8C%208%20%CE%B5%CF%84%CF%8E%CE%BD\" rel=\"noopener\"><span style=\"text-decoration: none\">Za otroke od 8. leta starosti<\/span><\/a><\/p>\n<p class=\"MsoNormal\">Strani: 32<\/p>\n<p class=\"MsoNormal\">Vrsta platnice: Mehka platnica<\/p>\n<p class=\"MsoNormal\">Dimenzije: 21 x 28<\/p>\n<p class=\"MsoNormal\">\u039e\u03b5\u03bd\u03cc\u03b3\u03bb\u03c9\u03c3\u03c3\u03bf\u03c2 \u03c4\u03af\u03c4\u03bb\u03bf\u03c2<span lang=\"en-us\" xml:lang=\"en-us\">Uporabljamo znanost<\/span><\/p>","protected":false},"excerpt":{"rendered":"<p class=\"MsoNormal\">Odkrijte znanost v osnovnih poklicih in vsakdanjem \u017eivljenju<\/p>\n<p class=\"MsoNormal\">Skozi spoznavanje osnovnih vsakdanjih poklicev se otroci u\u010dijo, kako uporabljamo znanstvena odkritja v vsakdanjem \u017eivljenju.<\/p>","protected":false},"featured_media":5031,"comment_status":"open","ping_status":"closed","template":"","meta":{"site-sidebar-layout":"default","site-content-layout":"","ast-site-content-layout":"default","site-content-style":"default","site-sidebar-style":"default","ast-global-header-display":"","ast-banner-title-visibility":"","ast-main-header-display":"","ast-hfb-above-header-display":"","ast-hfb-below-header-display":"","ast-hfb-mobile-header-display":"","site-post-title":"","ast-breadcrumbs-content":"","ast-featured-img":"","footer-sml-layout":"","ast-disable-related-posts":"","theme-transparent-header-meta":"default","adv-header-id-meta":"","stick-header-meta":"","header-above-stick-meta":"","header-main-stick-meta":"","header-below-stick-meta":"","astra-migrate-meta-layouts":"set","ast-page-background-enabled":"default","ast-page-background-meta":{"desktop":{"background-color":"var(--ast-global-color-5)","background-image":"","background-repeat":"repeat","background-position":"center center","background-size":"auto","background-attachment":"scroll","background-type":"","background-media":"","overlay-type":"","overlay-color":"","overlay-opacity":"","overlay-gradient":""},"tablet":{"background-color":"","background-image":"","background-repeat":"repeat","background-position":"center center","background-size":"auto","background-attachment":"scroll","background-type":"","background-media":"","overlay-type":"","overlay-color":"","overlay-opacity":"","overlay-gradient":""},"mobile":{"background-color":"","background-image":"","background-repeat":"repeat","background-position":"center center","background-size":"auto","background-attachment":"scroll","background-type":"","background-media":"","overlay-type":"","overlay-color":"","overlay-opacity":"","overlay-gradient":""}},"ast-content-background-meta":{"desktop":{"background-color":"var(--ast-global-color-4)","background-image":"","background-repeat":"repeat","background-position":"center center","background-size":"auto","background-attachment":"scroll","background-type":"","background-media":"","overlay-type":"","overlay-color":"","overlay-opacity":"","overlay-gradient":""},"tablet":{"background-color":"var(--ast-global-color-4)","background-image":"","background-repeat":"repeat","background-position":"center center","background-size":"auto","background-attachment":"scroll","background-type":"","background-media":"","overlay-type":"","overlay-color":"","overlay-opacity":"","overlay-gradient":""},"mobile":{"background-color":"var(--ast-global-color-4)","background-image":"","background-repeat":"repeat","background-position":"center center","background-size":"auto","background-attachment":"scroll","background-type":"","background-media":"","overlay-type":"","overlay-color":"","overlay-opacity":"","overlay-gradient":""}}},"product_brand":[115],"product_cat":[25],"product_tag":[],"class_list":{"0":"post-6868","1":"product","2":"type-product","3":"status-publish","4":"has-post-thumbnail","6":"product_brand-metaixmio","7":"product_cat--steam","8":"desktop-align-left","9":"tablet-align-left","10":"mobile-align-left","12":"first","13":"instock","14":"taxable","15":"shipping-taxable","16":"purchasable","17":"product-type-simple"},"_links":{"self":[{"href":"https:\/\/stem-eshop.gr\/sl\/wp-json\/wp\/v2\/product\/6868","targetHints":{"allow":["GET"]}}],"collection":[{"href":"https:\/\/stem-eshop.gr\/sl\/wp-json\/wp\/v2\/product"}],"about":[{"href":"https:\/\/stem-eshop.gr\/sl\/wp-json\/wp\/v2\/types\/product"}],"replies":[{"embeddable":true,"href":"https:\/\/stem-eshop.gr\/sl\/wp-json\/wp\/v2\/comments?post=6868"}],"wp:featuredmedia":[{"embeddable":true,"href":"https:\/\/stem-eshop.gr\/sl\/wp-json\/wp\/v2\/media\/5031"}],"wp:attachment":[{"href":"https:\/\/stem-eshop.gr\/sl\/wp-json\/wp\/v2\/media?parent=6868"}],"wp:term":[{"taxonomy":"product_brand","embeddable":true,"href":"https:\/\/stem-eshop.gr\/sl\/wp-json\/wp\/v2\/product_brand?post=6868"},{"taxonomy":"product_cat","embeddable":true,"href":"https:\/\/stem-eshop.gr\/sl\/wp-json\/wp\/v2\/product_cat?post=6868"},{"taxonomy":"product_tag","embeddable":true,"href":"https:\/\/stem-eshop.gr\/sl\/wp-json\/wp\/v2\/product_tag?post=6868"}],"curies":[{"name":"wp","href":"https:\/\/api.w.org\/{rel}","templated":true}]}}