{"id":6867,"date":"2025-05-19T08:54:46","date_gmt":"2025-05-19T08:54:46","guid":{"rendered":"https:\/\/stem-eshop.gr\/product\/%ce%bc%ce%b9%ce%ba%cf%81%ce%ae-%ce%b2%ce%b9%ce%b2%ce%bb%ce%b9%ce%bf%ce%b8%ce%ae%ce%ba%ce%b7-%ce%b3%ce%b9%ce%b1-%ce%bd%ce%b5%ce%b1%cf%81%ce%ac-%ce%b1%ce%bd%ce%ae%cf%83%cf%85%cf%87%ce%b1-%cf%80%ce%bd\/"},"modified":"2025-05-22T21:13:35","modified_gmt":"2025-05-22T18:13:35","slug":"%ce%bc%ce%b9%ce%ba%cf%81%ce%ae-%ce%b2%ce%b9%ce%b2%ce%bb%ce%b9%ce%bf%ce%b8%ce%ae%ce%ba%ce%b7-%ce%b3%ce%b9%ce%b1-%ce%bd%ce%b5%ce%b1%cf%81%ce%ac-%ce%b1%ce%bd%ce%ae%cf%83%cf%85%cf%87%ce%b1-%cf%80%ce%bd","status":"publish","type":"product","link":"https:\/\/stem-eshop.gr\/sl\/izdelek\/%ce%bc%ce%b9%ce%ba%cf%81%ce%ae-%ce%b2%ce%b9%ce%b2%ce%bb%ce%b9%ce%bf%ce%b8%ce%ae%ce%ba%ce%b7-%ce%b3%ce%b9%ce%b1-%ce%bd%ce%b5%ce%b1%cf%81%ce%ac-%ce%b1%ce%bd%ce%ae%cf%83%cf%85%cf%87%ce%b1-%cf%80%ce%bd\/","title":{"rendered":"Mala knji\u017enica za mlade nemirne du\u0161e 3: Roboti, pripomo\u010dki in umetna inteligenca ... in kako spreminjajo na\u0161 svet"},"content":{"rendered":"<p><span style=\"color:#222222;font-family:Commissioner, sans-serif;font-size:16px;background-color:#ffffff\">Ste se kdaj vpra\u0161ali, kaj je umetna inteligenca? Se \u017eelite nau\u010diti, kako delujejo roboti? Ta knjiga vas bo nau\u010dila vsega, kar morate vedeti!<\/span><br style=\"margin:0px;padding:0px;font-family:Commissioner, sans-serif;line-height:normal;color:#222222;font-size:16px;background-color:#ffffff\" \/><span style=\"color:#222222;font-family:Commissioner, sans-serif;font-size:16px;background-color:#ffffff\">Razkrila vam bo skrivnosti umetne inteligence in informacije o robotih preteklosti in prihodnosti.<\/span><br style=\"margin:0px;padding:0px;font-family:Commissioner, sans-serif;line-height:normal;color:#222222;font-size:16px;background-color:#ffffff\" \/><span style=\"color:#222222;font-family:Commissioner, sans-serif;font-size:16px;background-color:#ffffff\">Dal vam bo dejstva, \u0161tevilke in terminologijo, ki jo potrebujete, da boste govorili kot znanstvenik.<\/span><br style=\"margin:0px;padding:0px;font-family:Commissioner, sans-serif;line-height:normal;color:#222222;font-size:16px;background-color:#ffffff\" \/><span style=\"color:#222222;font-family:Commissioner, sans-serif;font-size:16px;background-color:#ffffff\">Navdihnilo vas bo s fotografijami, slikami, skicami in zgodbami o robotskih junakih.<\/span><br style=\"margin:0px;padding:0px;font-family:Commissioner, sans-serif;line-height:normal;color:#222222;font-size:16px;background-color:#ffffff\" \/><br style=\"margin:0px;padding:0px;font-family:Commissioner, sans-serif;line-height:normal;color:#222222;font-size:16px;background-color:#ffffff\" \/><span style=\"color:#222222;font-family:Commissioner, sans-serif;font-size:16px;background-color:#ffffff\">Vsaka knjiga vsebuje 150\u2013200 barvnih slik (stripov, fotografij in diagramov) ter glosar in kazalo.<\/span><\/p>\n<p><span style=\"color:#222222;font-family:Commissioner, sans-serif;font-size:16px;background-color:#ffffff\">Serija temelji na originalnih angle\u0161kih izdajah zalo\u017ebe Oxford University Press in je raz\u0161iritev uspe\u0161ne istoimenske serije za odrasle (ki zdaj \u0161teje ve\u010d kot 700 naslovov in je bila prevedena v 51 jezikov).<\/span><br style=\"margin:0px;padding:0px;font-family:Commissioner, sans-serif;line-height:normal;color:#222222;font-size:16px;background-color:#ffffff\" \/><br style=\"margin:0px;padding:0px;font-family:Commissioner, sans-serif;line-height:normal;color:#222222;font-size:16px;background-color:#ffffff\" \/><img decoding=\"async\" src=\"https:\/\/api.metaixmio.gr\/data\/manager\/blogs\/oxford_university_press_logo.jpg\" alt=\"Oxford University Press\" style=\"margin:0px;padding:0px;max-width:none;vertical-align:middle;font-family:Commissioner, sans-serif;line-height:normal;color:#222222;font-size:16px;background-color:#ffffff;height:104px;width:300px\" \/><span style=\"color:#222222;font-family:Commissioner, sans-serif;font-size:16px;background-color:#ffffff\"><\/span><\/p>\n<p class=\"MsoNormal\"><span lang=\"en-us\" xml:lang=\"en-us\">Jaz<\/span>SBN<span lang=\"en-us\" xml:lang=\"en-us\">: <\/span>978-618-03-3019-9<\/p>\n<\/p>\n<p class=\"MsoNormal\">Datum izdaje<span lang=\"en-us\" xml:lang=\"en-us\">: <\/span>13\/10\/2022<\/p>\n<\/p>\n<p class=\"MsoNormal\">Avtor: <a href=\"https:\/\/www.metaixmio.gr\/el\/contributor\/tom-jackson?code=author\" rel=\"noopener\"><span style=\"text-decoration:none\">Tom Jackson<\/span><\/a><\/p>\n<\/p>\n<p class=\"MsoNormal\">Prevod: Irini Paidousi<\/p>\n<\/p>\n<p class=\"MsoNormal\">Ilustracija<span lang=\"en-us\" xml:lang=\"en-us\">: <\/span><a href=\"https:\/\/www.metaixmio.gr\/el\/contributor\/ana-seixas?code=illustrator\" rel=\"noopener\"><span lang=\"en-us\" style=\"text-decoration:none\" xml:lang=\"en-us\">Ana Seixas,\u00a0<\/span><\/a><a href=\"https:\/\/www.metaixmio.gr\/el\/contributor\/adam-quest?code=illustrator\" rel=\"noopener\"><span lang=\"en-us\" style=\"text-decoration:none\" xml:lang=\"en-us\">Adam Quest<\/span><\/a><span lang=\"en-us\" xml:lang=\"en-us\"><\/span><\/p>\n<\/p>\n<p class=\"MsoNormal\">Starostna kategorija: <a href=\"https:\/\/www.metaixmio.gr\/categories\/catalog?q=attr:%CE%97%CE%BB%CE%B9%CE%BA%CE%B9%CE%B1%CE%BA%CE%AE%20%CE%BA%CE%B1%CF%84%CE%B7%CE%B3%CE%BF%CF%81%CE%AF%CE%B1;%CE%93%CE%B9%CE%B1%20%CF%80%CE%B1%CE%B9%CE%B4%CE%B9%CE%AC%20%CE%B1%CF%80%CF%8C%209%20%CE%B5%CF%84%CF%8E%CE%BD\" rel=\"noopener\"><span style=\"text-decoration:none\">Za otroke od 9. leta starosti<\/span><\/a><\/p>\n<\/p>\n<p class=\"MsoNormal\">\u0160tevilka serije knjig: 3<\/p>\n<\/p>\n<p class=\"MsoNormal\">Strani: 96<\/p>\n<\/p>\n<p class=\"MsoNormal\">Vrsta platnice: Mehka platnica<\/p>\n<\/p>\n<p class=\"MsoNormal\">Dimenzije: 11,1 x 17,4<\/p>\n<\/p>\n<p class=\"MsoNormal\">Naslov v tujem jeziku: <span lang=\"en-us\" xml:lang=\"en-us\">Roboti<\/span>, <span lang=\"en-us\" xml:lang=\"en-us\">Pripomo\u010dki<\/span><span lang=\"en-us\" xml:lang=\"en-us\"> <\/span><span lang=\"en-us\" xml:lang=\"en-us\">in<\/span><span lang=\"en-us\" xml:lang=\"en-us\"> <\/span><span lang=\"en-us\" xml:lang=\"en-us\">Umetno<\/span><span lang=\"en-us\" xml:lang=\"en-us\"> <\/span><span lang=\"en-us\" xml:lang=\"en-us\">Obve\u0161\u010devalne storitve<\/span><\/p><\/p>","protected":false},"excerpt":{"rendered":"<p><span style=\"color:#222222;font-family:Commissioner, sans-serif;font-size:16px;background-color:#ffffff\">Nova serija knjig znanja, dragoceno enciklopedi\u010dno orodje, za katero jam\u010di zalo\u017eba Oxford University Press. Strokovnjaki na posameznih podro\u010djih pi\u0161ejo na razumljiv na\u010din, ki otrokom predstavi vsako temo na le nekaj straneh.<\/span><\/p>","protected":false},"featured_media":5029,"comment_status":"open","ping_status":"closed","template":"","meta":{"site-sidebar-layout":"default","site-content-layout":"","ast-site-content-layout":"default","site-content-style":"default","site-sidebar-style":"default","ast-global-header-display":"","ast-banner-title-visibility":"","ast-main-header-display":"","ast-hfb-above-header-display":"","ast-hfb-below-header-display":"","ast-hfb-mobile-header-display":"","site-post-title":"","ast-breadcrumbs-content":"","ast-featured-img":"","footer-sml-layout":"","ast-disable-related-posts":"","theme-transparent-header-meta":"","adv-header-id-meta":"","stick-header-meta":"","header-above-stick-meta":"","header-main-stick-meta":"","header-below-stick-meta":"","astra-migrate-meta-layouts":"default","ast-page-background-enabled":"default","ast-page-background-meta":{"desktop":{"background-color":"var(--ast-global-color-5)","background-image":"","background-repeat":"repeat","background-position":"center center","background-size":"auto","background-attachment":"scroll","background-type":"","background-media":"","overlay-type":"","overlay-color":"","overlay-opacity":"","overlay-gradient":""},"tablet":{"background-color":"","background-image":"","background-repeat":"repeat","background-position":"center center","background-size":"auto","background-attachment":"scroll","background-type":"","background-media":"","overlay-type":"","overlay-color":"","overlay-opacity":"","overlay-gradient":""},"mobile":{"background-color":"","background-image":"","background-repeat":"repeat","background-position":"center center","background-size":"auto","background-attachment":"scroll","background-type":"","background-media":"","overlay-type":"","overlay-color":"","overlay-opacity":"","overlay-gradient":""}},"ast-content-background-meta":{"desktop":{"background-color":"var(--ast-global-color-4)","background-image":"","background-repeat":"repeat","background-position":"center center","background-size":"auto","background-attachment":"scroll","background-type":"","background-media":"","overlay-type":"","overlay-color":"","overlay-opacity":"","overlay-gradient":""},"tablet":{"background-color":"var(--ast-global-color-4)","background-image":"","background-repeat":"repeat","background-position":"center center","background-size":"auto","background-attachment":"scroll","background-type":"","background-media":"","overlay-type":"","overlay-color":"","overlay-opacity":"","overlay-gradient":""},"mobile":{"background-color":"var(--ast-global-color-4)","background-image":"","background-repeat":"repeat","background-position":"center center","background-size":"auto","background-attachment":"scroll","background-type":"","background-media":"","overlay-type":"","overlay-color":"","overlay-opacity":"","overlay-gradient":""}}},"product_brand":[115],"product_cat":[25],"product_tag":[],"class_list":{"0":"post-6867","1":"product","2":"type-product","3":"status-publish","4":"has-post-thumbnail","6":"product_brand-metaixmio","7":"product_cat--steam","8":"desktop-align-left","9":"tablet-align-left","10":"mobile-align-left","12":"first","13":"instock","14":"taxable","15":"shipping-taxable","16":"purchasable","17":"product-type-simple"},"_links":{"self":[{"href":"https:\/\/stem-eshop.gr\/sl\/wp-json\/wp\/v2\/product\/6867","targetHints":{"allow":["GET"]}}],"collection":[{"href":"https:\/\/stem-eshop.gr\/sl\/wp-json\/wp\/v2\/product"}],"about":[{"href":"https:\/\/stem-eshop.gr\/sl\/wp-json\/wp\/v2\/types\/product"}],"replies":[{"embeddable":true,"href":"https:\/\/stem-eshop.gr\/sl\/wp-json\/wp\/v2\/comments?post=6867"}],"wp:featuredmedia":[{"embeddable":true,"href":"https:\/\/stem-eshop.gr\/sl\/wp-json\/wp\/v2\/media\/5029"}],"wp:attachment":[{"href":"https:\/\/stem-eshop.gr\/sl\/wp-json\/wp\/v2\/media?parent=6867"}],"wp:term":[{"taxonomy":"product_brand","embeddable":true,"href":"https:\/\/stem-eshop.gr\/sl\/wp-json\/wp\/v2\/product_brand?post=6867"},{"taxonomy":"product_cat","embeddable":true,"href":"https:\/\/stem-eshop.gr\/sl\/wp-json\/wp\/v2\/product_cat?post=6867"},{"taxonomy":"product_tag","embeddable":true,"href":"https:\/\/stem-eshop.gr\/sl\/wp-json\/wp\/v2\/product_tag?post=6867"}],"curies":[{"name":"wp","href":"https:\/\/api.w.org\/{rel}","templated":true}]}}