{"id":6852,"date":"2025-05-19T08:54:31","date_gmt":"2025-05-19T08:54:31","guid":{"rendered":"https:\/\/stem-eshop.gr\/product\/4m-toys-%ce%b5%cf%80%ce%b9%cf%83%cf%84%ce%ae%ce%bc%ce%b7-%ce%ba%cf%85%ce%b1%ce%bb%ce%b9-%ce%bd%cf%85%cf%87%cf%84%ce%b5%cf%81%ce%b9%ce%bd%ce%b7%cf%83-%ce%bf%cf%81%ce%b1%cf%83%ce%b7%cf%83\/"},"modified":"2025-10-06T10:47:57","modified_gmt":"2025-10-06T07:47:57","slug":"4m-toys-%ce%b5%cf%80%ce%b9%cf%83%cf%84%ce%ae%ce%bc%ce%b7-%ce%ba%cf%85%ce%b1%ce%bb%ce%b9-%ce%bd%cf%85%cf%87%cf%84%ce%b5%cf%81%ce%b9%ce%bd%ce%b7%cf%83-%ce%bf%cf%81%ce%b1%cf%83%ce%b7%cf%83","status":"publish","type":"product","link":"https:\/\/stem-eshop.gr\/sl\/izdelek\/4m-toys-%ce%b5%cf%80%ce%b9%cf%83%cf%84%ce%ae%ce%bc%ce%b7-%ce%ba%cf%85%ce%b1%ce%bb%ce%b9-%ce%bd%cf%85%cf%87%cf%84%ce%b5%cf%81%ce%b9%ce%bd%ce%b7%cf%83-%ce%bf%cf%81%ce%b1%cf%83%ce%b7%cf%83\/","title":{"rendered":"4M Toys \u2013 Science: O\u010cALA ZA NO\u010cNI VID"},"content":{"rendered":"<p style=\"margin: 0px 0px 10px;padding: 0px;font-family: 'Open Sans', sans-serif;font-size: 15px;line-height: 1.3;letter-spacing: 0.7px;background-color: #ffffff\">KAKO DELUJE: Daljnogled ima dve le\u010di. Svetlobni \u017earki predmeta, ki ga gledate, najprej preidejo skozi veliko le\u010do. To je znano kot objektivna le\u010da. Le\u010da lomi svetlobne \u017earke drug proti drugemu, da ustvari majhno sliko predmeta. Majhna le\u010da, imenovana okularna le\u010da, lomi svetlobne \u017earke v va\u0161e oko, tako da lahko vidite sliko. Slika je videti ve\u010dja od predmeta, tako da lahko predmet vidite pove\u010danega. Rde\u010di filter odstrani vse barve svetlobe, ki prihaja iz predmeta, vendar prepu\u0161\u010da rde\u010do svetlobo. Gumb za ostrenje spreminja razdaljo med le\u010dama, tako da lahko predmete vidite pri razli\u010dnih pove\u010davah.<\/p>\n<p style=\"margin: 0px 0px 10px;padding: 0px;font-family: 'Open Sans', sans-serif;font-size: 15px;line-height: 1.3;letter-spacing: 0.7px;background-color: #ffffff\">VSEBINA: 1 ohi\u0161je za baterije, 1 ohi\u0161je za opremo, 1 okular, 1 nosilec objektiva, 1 majhen obro\u010d, 1 pokrov\u010dek objektiva, 1 nosilec filtra, 1 zapora\/varnost filtra, 1 gumb za ostrenje, 1 zati\u010d, 1 rde\u010di filter, 1 majhna le\u010da, 1 velika le\u010da. Potreben je tudi majhen kri\u017eni izvija\u010d za zamenjavo baterij, vendar ni vklju\u010den v ta paket.<\/p>\n<p style=\"margin: 0px 0px 10px;padding: 0px;font-family: 'Open Sans', sans-serif;font-size: 15px;line-height: 1.3;letter-spacing: 0.7px;background-color: #ffffff\">Navodila so prilo\u017eena v gr\u0161\u010dini.<\/p>","protected":false},"excerpt":{"rendered":"<p><span style=\"font-family: 'Open Sans', sans-serif;font-size: 15px;letter-spacing: 0.7px;background-color: #ffffff\">Izdelajte si svoj daljnogled z LED svetlobnim snopom in barvno le\u010do s filtrom, ki posnema tehnologijo no\u010dnega vida za vznemirljive vohunske igre.\u00a0<\/span><\/p>","protected":false},"featured_media":4956,"comment_status":"open","ping_status":"closed","template":"","meta":{"site-sidebar-layout":"default","site-content-layout":"","ast-site-content-layout":"default","site-content-style":"default","site-sidebar-style":"default","ast-global-header-display":"","ast-banner-title-visibility":"","ast-main-header-display":"","ast-hfb-above-header-display":"","ast-hfb-below-header-display":"","ast-hfb-mobile-header-display":"","site-post-title":"","ast-breadcrumbs-content":"","ast-featured-img":"","footer-sml-layout":"","ast-disable-related-posts":"","theme-transparent-header-meta":"default","adv-header-id-meta":"","stick-header-meta":"","header-above-stick-meta":"","header-main-stick-meta":"","header-below-stick-meta":"","astra-migrate-meta-layouts":"set","ast-page-background-enabled":"default","ast-page-background-meta":{"desktop":{"background-color":"var(--ast-global-color-5)","background-image":"","background-repeat":"repeat","background-position":"center center","background-size":"auto","background-attachment":"scroll","background-type":"","background-media":"","overlay-type":"","overlay-color":"","overlay-opacity":"","overlay-gradient":""},"tablet":{"background-color":"","background-image":"","background-repeat":"repeat","background-position":"center center","background-size":"auto","background-attachment":"scroll","background-type":"","background-media":"","overlay-type":"","overlay-color":"","overlay-opacity":"","overlay-gradient":""},"mobile":{"background-color":"","background-image":"","background-repeat":"repeat","background-position":"center center","background-size":"auto","background-attachment":"scroll","background-type":"","background-media":"","overlay-type":"","overlay-color":"","overlay-opacity":"","overlay-gradient":""}},"ast-content-background-meta":{"desktop":{"background-color":"var(--ast-global-color-4)","background-image":"","background-repeat":"repeat","background-position":"center center","background-size":"auto","background-attachment":"scroll","background-type":"","background-media":"","overlay-type":"","overlay-color":"","overlay-opacity":"","overlay-gradient":""},"tablet":{"background-color":"var(--ast-global-color-4)","background-image":"","background-repeat":"repeat","background-position":"center center","background-size":"auto","background-attachment":"scroll","background-type":"","background-media":"","overlay-type":"","overlay-color":"","overlay-opacity":"","overlay-gradient":""},"mobile":{"background-color":"var(--ast-global-color-4)","background-image":"","background-repeat":"repeat","background-position":"center center","background-size":"auto","background-attachment":"scroll","background-type":"","background-media":"","overlay-type":"","overlay-color":"","overlay-opacity":"","overlay-gradient":""}}},"product_brand":[96],"product_cat":[43,39,52,38,29,30,26,59,58],"product_tag":[],"class_list":{"0":"post-6852","1":"product","2":"type-product","3":"status-publish","4":"has-post-thumbnail","6":"product_brand-4m","7":"product_cat-43","8":"product_cat-39","9":"product_cat-52","10":"product_cat-38","11":"product_cat-29","12":"product_cat--6-9-","13":"product_cat-26","14":"product_cat-59","15":"product_cat-58","16":"desktop-align-left","17":"tablet-align-left","18":"mobile-align-left","20":"first","21":"instock","22":"taxable","23":"shipping-taxable","24":"purchasable","25":"product-type-simple"},"_links":{"self":[{"href":"https:\/\/stem-eshop.gr\/sl\/wp-json\/wp\/v2\/product\/6852","targetHints":{"allow":["GET"]}}],"collection":[{"href":"https:\/\/stem-eshop.gr\/sl\/wp-json\/wp\/v2\/product"}],"about":[{"href":"https:\/\/stem-eshop.gr\/sl\/wp-json\/wp\/v2\/types\/product"}],"replies":[{"embeddable":true,"href":"https:\/\/stem-eshop.gr\/sl\/wp-json\/wp\/v2\/comments?post=6852"}],"wp:featuredmedia":[{"embeddable":true,"href":"https:\/\/stem-eshop.gr\/sl\/wp-json\/wp\/v2\/media\/4956"}],"wp:attachment":[{"href":"https:\/\/stem-eshop.gr\/sl\/wp-json\/wp\/v2\/media?parent=6852"}],"wp:term":[{"taxonomy":"product_brand","embeddable":true,"href":"https:\/\/stem-eshop.gr\/sl\/wp-json\/wp\/v2\/product_brand?post=6852"},{"taxonomy":"product_cat","embeddable":true,"href":"https:\/\/stem-eshop.gr\/sl\/wp-json\/wp\/v2\/product_cat?post=6852"},{"taxonomy":"product_tag","embeddable":true,"href":"https:\/\/stem-eshop.gr\/sl\/wp-json\/wp\/v2\/product_tag?post=6852"}],"curies":[{"name":"wp","href":"https:\/\/api.w.org\/{rel}","templated":true}]}}