{"id":6846,"date":"2025-05-19T08:54:23","date_gmt":"2025-05-19T08:54:23","guid":{"rendered":"https:\/\/stem-eshop.gr\/product\/%ce%b5%ce%ba%cf%80%ce%b1%ce%b9%ce%b4%ce%b5%cf%85%cf%84%ce%b9%ce%ba%cf%8c-%cf%80%ce%b1%ce%b9%cf%87%ce%bd%ce%af%ce%b4%ce%b9-e%ce%be%ce%bf%ce%b9%ce%ba%ce%bf%ce%bd%cf%8c%ce%bc%ce%b7%cf%83%ce%b7-%ce%bd\/"},"modified":"2026-03-12T04:58:32","modified_gmt":"2026-03-12T01:58:32","slug":"%ce%b5%ce%ba%cf%80%ce%b1%ce%b9%ce%b4%ce%b5%cf%85%cf%84%ce%b9%ce%ba%cf%8c-%cf%80%ce%b1%ce%b9%cf%87%ce%bd%ce%af%ce%b4%ce%b9-e%ce%be%ce%bf%ce%b9%ce%ba%ce%bf%ce%bd%cf%8c%ce%bc%ce%b7%cf%83%ce%b7-%ce%bd","status":"publish","type":"product","link":"https:\/\/stem-eshop.gr\/sl\/izdelek\/%ce%b5%ce%ba%cf%80%ce%b1%ce%b9%ce%b4%ce%b5%cf%85%cf%84%ce%b9%ce%ba%cf%8c-%cf%80%ce%b1%ce%b9%cf%87%ce%bd%ce%af%ce%b4%ce%b9-e%ce%be%ce%bf%ce%b9%ce%ba%ce%bf%ce%bd%cf%8c%ce%bc%ce%b7%cf%83%ce%b7-%ce%bd\/","title":{"rendered":"Izobra\u017eevalna igra - Var\u010devanje z vodo"},"content":{"rendered":"<p>Otroke spodbujamo k prepoznavanju pravilnih in napa\u010dnih praks, povezanih z rabo vode, in k u\u010denju, kako jo bolje upravljati. Z interaktivnimi dejavnostmi, kot je povezovanje pravilnih in napa\u010dnih dejanj, otroci razumejo posledice zapravljanja vode in kako lahko s preprostimi vsakdanjimi navadami prispevajo k varovanju okolja.<\/p>\n<p class=\"MsoNormal\">Komplet vsebuje 30 ilustriranih kartic (16,5 \u00d7 13,5) cm s sistemom za samopopravljanje. V zavihku s prilo\u017eenimi datotekami si lahko prenesete vodnik z dejavnostmi in besedila 6 zgodb, napisanih v gr\u0161\u010dini. Vsaka zgodba traja pribli\u017eno 20 minut.<\/p><\/p>","protected":false},"excerpt":{"rendered":"<p><span style=\"font-size:11pt;line-height:107%;font-family:Calibri, sans-serif\">AKROS Educational-ova izobra\u017eevalna igra \u00bbVar\u010devanje z vodo\u00ab je namenjena ozave\u0161\u010danju otrok o pomenu var\u010devanja z vodo in racionalni rabi tega dragocenega vira.<\/span><\/p>\n<p><span style=\"font-size:11pt;line-height:107%;font-family:Calibri, sans-serif\">Koristno je <\/span><span style=\"font-size:11pt;line-height:107%;font-family:Calibri, sans-serif\">Visokokakovostni u\u010dni materiali so bistveni tudi v specialni pedagogiki.<\/span><\/p>\n<p><span style=\"font-size:11pt;line-height:107%;font-family:Calibri, sans-serif\"><span style=\"font-size:11pt\">6 zabavnih zgodb, ki pripovedujejo dogodiv\u0161\u010dine dveh bratov, ki se nau\u010dita nekaj preprostih metod za var\u010devanje z vodo. Vsaka zgodba je prikazana na 5 ilustriranih karticah, ki jih je treba pravilno razporediti po opisu zgodbe.<\/span>\u00a0<\/span><\/p>","protected":false},"featured_media":4908,"comment_status":"open","ping_status":"closed","template":"","meta":{"site-sidebar-layout":"default","site-content-layout":"","ast-site-content-layout":"default","site-content-style":"default","site-sidebar-style":"default","ast-global-header-display":"","ast-banner-title-visibility":"","ast-main-header-display":"","ast-hfb-above-header-display":"","ast-hfb-below-header-display":"","ast-hfb-mobile-header-display":"","site-post-title":"","ast-breadcrumbs-content":"","ast-featured-img":"","footer-sml-layout":"","ast-disable-related-posts":"","theme-transparent-header-meta":"","adv-header-id-meta":"","stick-header-meta":"","header-above-stick-meta":"","header-main-stick-meta":"","header-below-stick-meta":"","astra-migrate-meta-layouts":"default","ast-page-background-enabled":"default","ast-page-background-meta":{"desktop":{"background-color":"var(--ast-global-color-5)","background-image":"","background-repeat":"repeat","background-position":"center center","background-size":"auto","background-attachment":"scroll","background-type":"","background-media":"","overlay-type":"","overlay-color":"","overlay-opacity":"","overlay-gradient":""},"tablet":{"background-color":"","background-image":"","background-repeat":"repeat","background-position":"center center","background-size":"auto","background-attachment":"scroll","background-type":"","background-media":"","overlay-type":"","overlay-color":"","overlay-opacity":"","overlay-gradient":""},"mobile":{"background-color":"","background-image":"","background-repeat":"repeat","background-position":"center center","background-size":"auto","background-attachment":"scroll","background-type":"","background-media":"","overlay-type":"","overlay-color":"","overlay-opacity":"","overlay-gradient":""}},"ast-content-background-meta":{"desktop":{"background-color":"var(--ast-global-color-4)","background-image":"","background-repeat":"repeat","background-position":"center center","background-size":"auto","background-attachment":"scroll","background-type":"","background-media":"","overlay-type":"","overlay-color":"","overlay-opacity":"","overlay-gradient":""},"tablet":{"background-color":"var(--ast-global-color-4)","background-image":"","background-repeat":"repeat","background-position":"center center","background-size":"auto","background-attachment":"scroll","background-type":"","background-media":"","overlay-type":"","overlay-color":"","overlay-opacity":"","overlay-gradient":""},"mobile":{"background-color":"var(--ast-global-color-4)","background-image":"","background-repeat":"repeat","background-position":"center center","background-size":"auto","background-attachment":"scroll","background-type":"","background-media":"","overlay-type":"","overlay-color":"","overlay-opacity":"","overlay-gradient":""}}},"product_brand":[98],"product_cat":[39,38,56,30,54,26,58],"product_tag":[],"class_list":{"0":"post-6846","1":"product","2":"type-product","3":"status-publish","4":"has-post-thumbnail","6":"product_brand-akros","7":"product_cat-39","8":"product_cat-38","9":"product_cat-56","10":"product_cat--6-9-","11":"product_cat-54","12":"product_cat-26","13":"product_cat-58","14":"desktop-align-left","15":"tablet-align-left","16":"mobile-align-left","18":"first","19":"instock","20":"taxable","21":"shipping-taxable","22":"purchasable","23":"product-type-simple"},"_links":{"self":[{"href":"https:\/\/stem-eshop.gr\/sl\/wp-json\/wp\/v2\/product\/6846","targetHints":{"allow":["GET"]}}],"collection":[{"href":"https:\/\/stem-eshop.gr\/sl\/wp-json\/wp\/v2\/product"}],"about":[{"href":"https:\/\/stem-eshop.gr\/sl\/wp-json\/wp\/v2\/types\/product"}],"replies":[{"embeddable":true,"href":"https:\/\/stem-eshop.gr\/sl\/wp-json\/wp\/v2\/comments?post=6846"}],"wp:featuredmedia":[{"embeddable":true,"href":"https:\/\/stem-eshop.gr\/sl\/wp-json\/wp\/v2\/media\/4908"}],"wp:attachment":[{"href":"https:\/\/stem-eshop.gr\/sl\/wp-json\/wp\/v2\/media?parent=6846"}],"wp:term":[{"taxonomy":"product_brand","embeddable":true,"href":"https:\/\/stem-eshop.gr\/sl\/wp-json\/wp\/v2\/product_brand?post=6846"},{"taxonomy":"product_cat","embeddable":true,"href":"https:\/\/stem-eshop.gr\/sl\/wp-json\/wp\/v2\/product_cat?post=6846"},{"taxonomy":"product_tag","embeddable":true,"href":"https:\/\/stem-eshop.gr\/sl\/wp-json\/wp\/v2\/product_tag?post=6846"}],"curies":[{"name":"wp","href":"https:\/\/api.w.org\/{rel}","templated":true}]}}