{"id":6822,"date":"2025-05-19T08:52:12","date_gmt":"2025-05-19T08:52:12","guid":{"rendered":"https:\/\/stem-eshop.gr\/product\/ngs-%ce%ba%ce%b9%cf%84-%ce%be%cf%8d%ce%bb%ce%b9%ce%bd%ce%bf%cf%85-%ce%bc%ce%b7%cf%87%ce%b1%ce%bd%ce%ae%ce%bc%ce%b1%cf%84%ce%bf%cf%82-%ce%bc%ce%b5%cf%84%ce%b1%cf%84%cf%81%ce%bf%cf%80%ce%ae%cf%82-%ce%b5\/"},"modified":"2025-11-19T11:10:18","modified_gmt":"2025-11-19T08:10:18","slug":"ngs-%ce%ba%ce%b9%cf%84-%ce%be%cf%8d%ce%bb%ce%b9%ce%bd%ce%bf%cf%85-%ce%bc%ce%b7%cf%87%ce%b1%ce%bd%ce%ae%ce%bc%ce%b1%cf%84%ce%bf%cf%82-%ce%bc%ce%b5%cf%84%ce%b1%cf%84%cf%81%ce%bf%cf%80%ce%ae%cf%82-%ce%b5","status":"publish","type":"product","link":"https:\/\/stem-eshop.gr\/sl\/izdelek\/ngs-%ce%ba%ce%b9%cf%84-%ce%be%cf%8d%ce%bb%ce%b9%ce%bd%ce%bf%cf%85-%ce%bc%ce%b7%cf%87%ce%b1%ce%bd%ce%ae%ce%bc%ce%b1%cf%84%ce%bf%cf%82-%ce%bc%ce%b5%cf%84%ce%b1%cf%84%cf%81%ce%bf%cf%80%ce%ae%cf%82-%ce%b5\/","title":{"rendered":"Komplet stroja za pretvorbo lesne energije NGS"},"content":{"rendered":"<p>Spoznajte zakon o ohranjanju energije v fiziki.<\/p>\n<\/p>\n<p>Kemijska energija v suhi celici se pretvori v elektri\u010dno energijo, ki se prek kabla prena\u0161a v motor. Motor pretvori elektri\u010dno energijo v mehansko energijo, tako da se motor vrti. Motor poganja jermen.<\/p>\n<\/p>\n<p>Rotor v generatorju se vrti in re\u017ee linije magnetnega polja, da proizvaja elektriko.<\/p><\/p>","protected":false},"excerpt":{"rendered":"<p>Spoznajte zakon o ohranjanju energije v fiziki. Kemijska energija v suhem \u010dlenu se pretvori v elektri\u010dno energijo, ki se po \u017eici prenese v motor. Motor pretvori elektri\u010dno energijo v mehansko energijo, tako da se motor vrti. Motor poganja jermen. Rotor v generatorju se vrti in re\u017ee linije magnetnega polja, da proizvaja elektriko.\u00a0<\/p>","protected":false},"featured_media":7726,"comment_status":"open","ping_status":"closed","template":"","meta":{"site-sidebar-layout":"default","site-content-layout":"","ast-site-content-layout":"default","site-content-style":"default","site-sidebar-style":"default","ast-global-header-display":"","ast-banner-title-visibility":"","ast-main-header-display":"","ast-hfb-above-header-display":"","ast-hfb-below-header-display":"","ast-hfb-mobile-header-display":"","site-post-title":"","ast-breadcrumbs-content":"","ast-featured-img":"","footer-sml-layout":"","ast-disable-related-posts":"","theme-transparent-header-meta":"","adv-header-id-meta":"","stick-header-meta":"","header-above-stick-meta":"","header-main-stick-meta":"","header-below-stick-meta":"","astra-migrate-meta-layouts":"default","ast-page-background-enabled":"default","ast-page-background-meta":{"desktop":{"background-color":"var(--ast-global-color-5)","background-image":"","background-repeat":"repeat","background-position":"center center","background-size":"auto","background-attachment":"scroll","background-type":"","background-media":"","overlay-type":"","overlay-color":"","overlay-opacity":"","overlay-gradient":""},"tablet":{"background-color":"","background-image":"","background-repeat":"repeat","background-position":"center center","background-size":"auto","background-attachment":"scroll","background-type":"","background-media":"","overlay-type":"","overlay-color":"","overlay-opacity":"","overlay-gradient":""},"mobile":{"background-color":"","background-image":"","background-repeat":"repeat","background-position":"center center","background-size":"auto","background-attachment":"scroll","background-type":"","background-media":"","overlay-type":"","overlay-color":"","overlay-opacity":"","overlay-gradient":""}},"ast-content-background-meta":{"desktop":{"background-color":"var(--ast-global-color-4)","background-image":"","background-repeat":"repeat","background-position":"center center","background-size":"auto","background-attachment":"scroll","background-type":"","background-media":"","overlay-type":"","overlay-color":"","overlay-opacity":"","overlay-gradient":""},"tablet":{"background-color":"var(--ast-global-color-4)","background-image":"","background-repeat":"repeat","background-position":"center center","background-size":"auto","background-attachment":"scroll","background-type":"","background-media":"","overlay-type":"","overlay-color":"","overlay-opacity":"","overlay-gradient":""},"mobile":{"background-color":"var(--ast-global-color-4)","background-image":"","background-repeat":"repeat","background-position":"center center","background-size":"auto","background-attachment":"scroll","background-type":"","background-media":"","overlay-type":"","overlay-color":"","overlay-opacity":"","overlay-gradient":""}}},"product_brand":[107],"product_cat":[39,38,29,56,32,57,35,30,59,58],"product_tag":[],"class_list":{"0":"post-6822","1":"product","2":"type-product","3":"status-publish","4":"has-post-thumbnail","6":"product_brand-ngs","7":"product_cat-39","8":"product_cat-38","9":"product_cat-29","10":"product_cat-56","11":"product_cat-32","12":"product_cat-57","13":"product_cat--10-12-","14":"product_cat--6-9-","15":"product_cat-59","16":"product_cat-58","17":"desktop-align-left","18":"tablet-align-left","19":"mobile-align-left","21":"first","22":"instock","23":"taxable","24":"shipping-taxable","25":"purchasable","26":"product-type-simple"},"_links":{"self":[{"href":"https:\/\/stem-eshop.gr\/sl\/wp-json\/wp\/v2\/product\/6822","targetHints":{"allow":["GET"]}}],"collection":[{"href":"https:\/\/stem-eshop.gr\/sl\/wp-json\/wp\/v2\/product"}],"about":[{"href":"https:\/\/stem-eshop.gr\/sl\/wp-json\/wp\/v2\/types\/product"}],"replies":[{"embeddable":true,"href":"https:\/\/stem-eshop.gr\/sl\/wp-json\/wp\/v2\/comments?post=6822"}],"wp:featuredmedia":[{"embeddable":true,"href":"https:\/\/stem-eshop.gr\/sl\/wp-json\/wp\/v2\/media\/7726"}],"wp:attachment":[{"href":"https:\/\/stem-eshop.gr\/sl\/wp-json\/wp\/v2\/media?parent=6822"}],"wp:term":[{"taxonomy":"product_brand","embeddable":true,"href":"https:\/\/stem-eshop.gr\/sl\/wp-json\/wp\/v2\/product_brand?post=6822"},{"taxonomy":"product_cat","embeddable":true,"href":"https:\/\/stem-eshop.gr\/sl\/wp-json\/wp\/v2\/product_cat?post=6822"},{"taxonomy":"product_tag","embeddable":true,"href":"https:\/\/stem-eshop.gr\/sl\/wp-json\/wp\/v2\/product_tag?post=6822"}],"curies":[{"name":"wp","href":"https:\/\/api.w.org\/{rel}","templated":true}]}}