{"id":6819,"date":"2025-05-19T08:52:08","date_gmt":"2025-05-19T08:52:08","guid":{"rendered":"https:\/\/stem-eshop.gr\/product\/soft-clemmy-%ce%b1%ce%b9%cf%83%ce%b8%ce%b7%cf%84%ce%b7%cf%81%ce%b9%ce%b1%ce%ba%cf%8c%cf%82-%ce%ba%ce%bf%cf%85%ce%b2%ce%ac%cf%82-%ce%bc%ce%b5-15-%ce%bc%ce%b1%ce%bb%ce%b1%ce%ba%ce%ac-premium-%cf%84\/"},"modified":"2025-10-15T17:09:12","modified_gmt":"2025-10-15T14:09:12","slug":"soft-clemmy-%ce%b1%ce%b9%cf%83%ce%b8%ce%b7%cf%84%ce%b7%cf%81%ce%b9%ce%b1%ce%ba%cf%8c%cf%82-%ce%ba%ce%bf%cf%85%ce%b2%ce%ac%cf%82-%ce%bc%ce%b5-15-%ce%bc%ce%b1%ce%bb%ce%b1%ce%ba%ce%ac-premium-%cf%84","status":"publish","type":"product","link":"https:\/\/stem-eshop.gr\/sl\/izdelek\/soft-clemmy-%ce%b1%ce%b9%cf%83%ce%b8%ce%b7%cf%84%ce%b7%cf%81%ce%b9%ce%b1%ce%ba%cf%8c%cf%82-%ce%ba%ce%bf%cf%85%ce%b2%ce%ac%cf%82-%ce%bc%ce%b5-15-%ce%bc%ce%b1%ce%bb%ce%b1%ce%ba%ce%ac-premium-%cf%84\/","title":{"rendered":"Mehko senzori\u010dno vedro Clemmy s 15 mehkimi vrhunskimi kockami za 6-36 mesecev"},"content":{"rendered":"<p class=\"MsoNormal\">Mehke in pisane kocke pomagajo otroku razvijati ro\u010dne spretnosti, ob\u010dutek dotika in vidno zaznavanje. <span lang=\"en-us\" xml:lang=\"en-us\"><\/span><\/p>\n<p class=\"MsoNormal\">Novi pokrov je del igre, kocke je mogo\u010de zlagati na re\u017ee ali pa jih vstavljati v ko\u0161 skozi odprtino v obliki ro\u017ee.<\/p>\n<p class=\"MsoNormal\">Proizvaja se v Italiji. <span lang=\"en-us\" xml:lang=\"en-us\"><\/span><\/p>\n<p class=\"MsoNormal\">Mehak, barvit svet Clemmyja je tu, da se va\u0161 otrok varno igra in zabava. V prvih mesecih so mehke kocke Soft Clemmy idealne, saj so posebej zasnovane za starost od 6 do 36 mesecev. Izdelane so iz nestrupenih materialov, zato jih je enostavno prati in \u010distiti ter so popolnoma varne! So \u0161e posebej trpe\u017ene in ponujajo veliko ur ustvarjalne igre! Mehke kocke Clemmy, ekskluzivni patent Clementonija, spodbujajo otrokovo vizualno zaznavanje, domi\u0161ljijo in opazovanje.<\/p><\/p>","protected":false},"excerpt":{"rendered":"<p class=\"MsoNormal\">Novo vedro z mehkim pokrovom, ki zdru\u017euje razli\u010dne teksture. Reliefne povr\u0161ine in 15 mehkih Clemmy kock za neskon\u010dno igro.<\/p><\/p>","protected":false},"featured_media":5657,"comment_status":"open","ping_status":"closed","template":"","meta":{"site-sidebar-layout":"default","site-content-layout":"","ast-site-content-layout":"default","site-content-style":"default","site-sidebar-style":"default","ast-global-header-display":"","ast-banner-title-visibility":"","ast-main-header-display":"","ast-hfb-above-header-display":"","ast-hfb-below-header-display":"","ast-hfb-mobile-header-display":"","site-post-title":"","ast-breadcrumbs-content":"","ast-featured-img":"","footer-sml-layout":"","ast-disable-related-posts":"","theme-transparent-header-meta":"","adv-header-id-meta":"","stick-header-meta":"","header-above-stick-meta":"","header-main-stick-meta":"","header-below-stick-meta":"","astra-migrate-meta-layouts":"default","ast-page-background-enabled":"default","ast-page-background-meta":{"desktop":{"background-color":"var(--ast-global-color-5)","background-image":"","background-repeat":"repeat","background-position":"center center","background-size":"auto","background-attachment":"scroll","background-type":"","background-media":"","overlay-type":"","overlay-color":"","overlay-opacity":"","overlay-gradient":""},"tablet":{"background-color":"","background-image":"","background-repeat":"repeat","background-position":"center center","background-size":"auto","background-attachment":"scroll","background-type":"","background-media":"","overlay-type":"","overlay-color":"","overlay-opacity":"","overlay-gradient":""},"mobile":{"background-color":"","background-image":"","background-repeat":"repeat","background-position":"center center","background-size":"auto","background-attachment":"scroll","background-type":"","background-media":"","overlay-type":"","overlay-color":"","overlay-opacity":"","overlay-gradient":""}},"ast-content-background-meta":{"desktop":{"background-color":"var(--ast-global-color-4)","background-image":"","background-repeat":"repeat","background-position":"center center","background-size":"auto","background-attachment":"scroll","background-type":"","background-media":"","overlay-type":"","overlay-color":"","overlay-opacity":"","overlay-gradient":""},"tablet":{"background-color":"var(--ast-global-color-4)","background-image":"","background-repeat":"repeat","background-position":"center center","background-size":"auto","background-attachment":"scroll","background-type":"","background-media":"","overlay-type":"","overlay-color":"","overlay-opacity":"","overlay-gradient":""},"mobile":{"background-color":"var(--ast-global-color-4)","background-image":"","background-repeat":"repeat","background-position":"center center","background-size":"auto","background-attachment":"scroll","background-type":"","background-media":"","overlay-type":"","overlay-color":"","overlay-opacity":"","overlay-gradient":""}}},"product_brand":[102],"product_cat":[126,43,50,29,55,26],"product_tag":[],"class_list":{"0":"post-6819","1":"product","2":"type-product","3":"status-publish","4":"has-post-thumbnail","6":"product_brand-clementoni","7":"product_cat-126","8":"product_cat-43","9":"product_cat-50","10":"product_cat-29","11":"product_cat-55","12":"product_cat-26","13":"desktop-align-left","14":"tablet-align-left","15":"mobile-align-left","17":"first","18":"instock","19":"taxable","20":"shipping-taxable","21":"purchasable","22":"product-type-simple"},"_links":{"self":[{"href":"https:\/\/stem-eshop.gr\/sl\/wp-json\/wp\/v2\/product\/6819","targetHints":{"allow":["GET"]}}],"collection":[{"href":"https:\/\/stem-eshop.gr\/sl\/wp-json\/wp\/v2\/product"}],"about":[{"href":"https:\/\/stem-eshop.gr\/sl\/wp-json\/wp\/v2\/types\/product"}],"replies":[{"embeddable":true,"href":"https:\/\/stem-eshop.gr\/sl\/wp-json\/wp\/v2\/comments?post=6819"}],"wp:featuredmedia":[{"embeddable":true,"href":"https:\/\/stem-eshop.gr\/sl\/wp-json\/wp\/v2\/media\/5657"}],"wp:attachment":[{"href":"https:\/\/stem-eshop.gr\/sl\/wp-json\/wp\/v2\/media?parent=6819"}],"wp:term":[{"taxonomy":"product_brand","embeddable":true,"href":"https:\/\/stem-eshop.gr\/sl\/wp-json\/wp\/v2\/product_brand?post=6819"},{"taxonomy":"product_cat","embeddable":true,"href":"https:\/\/stem-eshop.gr\/sl\/wp-json\/wp\/v2\/product_cat?post=6819"},{"taxonomy":"product_tag","embeddable":true,"href":"https:\/\/stem-eshop.gr\/sl\/wp-json\/wp\/v2\/product_tag?post=6819"}],"curies":[{"name":"wp","href":"https:\/\/api.w.org\/{rel}","templated":true}]}}