{"id":6816,"date":"2025-05-19T08:52:03","date_gmt":"2025-05-19T08:52:03","guid":{"rendered":"https:\/\/stem-eshop.gr\/product\/%cf%83%ce%b5%cf%84-%cf%80%ce%b1%ce%b6%ce%bb-%ce%ba%ce%bb%ce%b5%ce%b9%ce%b4%ce%b1%cf%81%ce%b9%ce%ac%cf%82-%ce%ba%ce%bf%ce%bd%ce%b3%ce%ba%ce%bc%ce%b9%ce%bd%ce%b3%ce%ba-3-%cf%84%ce%b5%ce%bc%ce%ac%cf%87\/"},"modified":"2025-05-22T07:49:13","modified_gmt":"2025-05-22T07:49:13","slug":"%cf%83%ce%b5%cf%84-%cf%80%ce%b1%ce%b6%ce%bb-%ce%ba%ce%bb%ce%b5%ce%b9%ce%b4%ce%b1%cf%81%ce%b9%ce%ac%cf%82-%ce%ba%ce%bf%ce%bd%ce%b3%ce%ba%ce%bc%ce%b9%ce%bd%ce%b3%ce%ba-3-%cf%84%ce%b5%ce%bc%ce%ac%cf%87","status":"publish","type":"product","link":"https:\/\/stem-eshop.gr\/sl\/izdelek\/%cf%83%ce%b5%cf%84-%cf%80%ce%b1%ce%b6%ce%bb-%ce%ba%ce%bb%ce%b5%ce%b9%ce%b4%ce%b1%cf%81%ce%b9%ce%ac%cf%82-%ce%ba%ce%bf%ce%bd%ce%b3%ce%ba%ce%bc%ce%b9%ce%bd%ce%b3%ce%ba-3-%cf%84%ce%b5%ce%bc%ce%ac%cf%87\/","title":{"rendered":"Komplet sestavljank Kongming Lock, 3 kosi"},"content":{"rendered":"<p>Prednosti<\/p>\n<p>Izbolj\u0161anje miselnih sposobnosti: Razviti logi\u010dno mi\u0161ljenje, ustvarjalnost in sposobnosti re\u0161evanja problemov<\/p>\n<p>Sprostitev in zabava: Zabaven na\u010din za odklop od vsakodnevne rutine, hkrati pa ohranjanje aktivnega uma<\/p>\n<p>Izobra\u017eevalna vrednost: Idealno za otroke, najstnike in odrasle, ki \u017eelijo izbolj\u0161ati potrpe\u017eljivost, pozornost do podrobnosti in vztrajnost.<\/p>\n<p>Idealno za<\/p>\n<p>Darila za ljubitelje ugank in ustvarjanja.<\/p>\n<p>Dru\u017einske dejavnosti in skupinske igre.<\/p>\n<p>Izobra\u017eevalna uporaba v \u0161olah in centrih za kreativno zaposlovanje.<\/p>\n<p>Komplet sestavljank Kongming Lock ponuja edinstveno kombinacijo tradicije, tehnike in zabave, zaradi \u010desar je idealen za vse starosti in prilo\u017enosti. Sprostite svojo modrost in iznajdljivost!<\/p>","protected":false},"excerpt":{"rendered":"<p>Odkrijte starodavno umetnost ugank s kompletom Kongming Lock Puzzle Set, zbirko lesenih ugank, ki jih navdihuje tradicionalna kitajska filozofija in iznajdljivost. Ta komplet, idealen za vse starosti, bo izzval va\u0161 um in vam zagotovil ure zabave in koncentracije.<\/p>","protected":false},"featured_media":4881,"comment_status":"open","ping_status":"closed","template":"","meta":{"site-sidebar-layout":"default","site-content-layout":"","ast-site-content-layout":"default","site-content-style":"default","site-sidebar-style":"default","ast-global-header-display":"","ast-banner-title-visibility":"","ast-main-header-display":"","ast-hfb-above-header-display":"","ast-hfb-below-header-display":"","ast-hfb-mobile-header-display":"","site-post-title":"","ast-breadcrumbs-content":"","ast-featured-img":"","footer-sml-layout":"","ast-disable-related-posts":"","theme-transparent-header-meta":"default","adv-header-id-meta":"","stick-header-meta":"","header-above-stick-meta":"","header-main-stick-meta":"","header-below-stick-meta":"","astra-migrate-meta-layouts":"set","ast-page-background-enabled":"default","ast-page-background-meta":{"desktop":{"background-color":"var(--ast-global-color-5)","background-image":"","background-repeat":"repeat","background-position":"center center","background-size":"auto","background-attachment":"scroll","background-type":"","background-media":"","overlay-type":"","overlay-color":"","overlay-opacity":"","overlay-gradient":""},"tablet":{"background-color":"","background-image":"","background-repeat":"repeat","background-position":"center center","background-size":"auto","background-attachment":"scroll","background-type":"","background-media":"","overlay-type":"","overlay-color":"","overlay-opacity":"","overlay-gradient":""},"mobile":{"background-color":"","background-image":"","background-repeat":"repeat","background-position":"center center","background-size":"auto","background-attachment":"scroll","background-type":"","background-media":"","overlay-type":"","overlay-color":"","overlay-opacity":"","overlay-gradient":""}},"ast-content-background-meta":{"desktop":{"background-color":"var(--ast-global-color-4)","background-image":"","background-repeat":"repeat","background-position":"center center","background-size":"auto","background-attachment":"scroll","background-type":"","background-media":"","overlay-type":"","overlay-color":"","overlay-opacity":"","overlay-gradient":""},"tablet":{"background-color":"var(--ast-global-color-4)","background-image":"","background-repeat":"repeat","background-position":"center center","background-size":"auto","background-attachment":"scroll","background-type":"","background-media":"","overlay-type":"","overlay-color":"","overlay-opacity":"","overlay-gradient":""},"mobile":{"background-color":"var(--ast-global-color-4)","background-image":"","background-repeat":"repeat","background-position":"center center","background-size":"auto","background-attachment":"scroll","background-type":"","background-media":"","overlay-type":"","overlay-color":"","overlay-opacity":"","overlay-gradient":""}}},"product_brand":[107],"product_cat":[43,56,47,35,40,30,55],"product_tag":[],"class_list":{"0":"post-6816","1":"product","2":"type-product","3":"status-publish","4":"has-post-thumbnail","6":"product_brand-ngs","7":"product_cat-43","8":"product_cat-56","9":"product_cat-47","10":"product_cat--10-12-","11":"product_cat--12-","12":"product_cat--6-9-","13":"product_cat-55","14":"desktop-align-left","15":"tablet-align-left","16":"mobile-align-left","18":"first","19":"instock","20":"taxable","21":"shipping-taxable","22":"purchasable","23":"product-type-simple"},"_links":{"self":[{"href":"https:\/\/stem-eshop.gr\/sl\/wp-json\/wp\/v2\/product\/6816","targetHints":{"allow":["GET"]}}],"collection":[{"href":"https:\/\/stem-eshop.gr\/sl\/wp-json\/wp\/v2\/product"}],"about":[{"href":"https:\/\/stem-eshop.gr\/sl\/wp-json\/wp\/v2\/types\/product"}],"replies":[{"embeddable":true,"href":"https:\/\/stem-eshop.gr\/sl\/wp-json\/wp\/v2\/comments?post=6816"}],"wp:featuredmedia":[{"embeddable":true,"href":"https:\/\/stem-eshop.gr\/sl\/wp-json\/wp\/v2\/media\/4881"}],"wp:attachment":[{"href":"https:\/\/stem-eshop.gr\/sl\/wp-json\/wp\/v2\/media?parent=6816"}],"wp:term":[{"taxonomy":"product_brand","embeddable":true,"href":"https:\/\/stem-eshop.gr\/sl\/wp-json\/wp\/v2\/product_brand?post=6816"},{"taxonomy":"product_cat","embeddable":true,"href":"https:\/\/stem-eshop.gr\/sl\/wp-json\/wp\/v2\/product_cat?post=6816"},{"taxonomy":"product_tag","embeddable":true,"href":"https:\/\/stem-eshop.gr\/sl\/wp-json\/wp\/v2\/product_tag?post=6816"}],"curies":[{"name":"wp","href":"https:\/\/api.w.org\/{rel}","templated":true}]}}