{"id":6814,"date":"2025-05-19T08:51:59","date_gmt":"2025-05-19T08:51:59","guid":{"rendered":"https:\/\/stem-eshop.gr\/product\/pop-bubbles-simple-dimple-fidget-spinners\/"},"modified":"2025-10-30T18:24:22","modified_gmt":"2025-10-30T15:24:22","slug":"pop-bubbles-simple-dimple-fidget-spinners","status":"publish","type":"product","link":"https:\/\/stem-eshop.gr\/sl\/izdelek\/pop-bubbles-simple-dimple-fidget-spinners\/","title":{"rendered":"Pop Bubbles Simple Dimple Fidget Spinners"},"content":{"rendered":"<p class=\"MsoNormal\">Podrobno:<\/p>\n<p class=\"MsoNormal\">Interaktivno oblikovanje:<\/p>\n<p class=\"MsoNormal\">Zdru\u017euje klasi\u010dni spinner z privla\u010dnimi mehur\u010dki, kar zagotavlja dvojno funkcionalnost.<\/p>\n<p class=\"MsoNormal\">Pop mehur\u010dki so pro\u017ene povr\u0161ine, ki jih je mogo\u010de stisniti, kar ustvarja prijeten ob\u010dutek in zvok.<\/p>\n<p class=\"MsoNormal\">Visokokakovostni materiali:<\/p>\n<p class=\"MsoNormal\">Izdelano iz varnega, nestrupenega silikonskega materiala za mehur\u010dke in trpe\u017ene plastike za podstavek vrte\u010dega se igra\u010da.<\/p>\n<p class=\"MsoNormal\">Prenese pogosto uporabo brez obrabe.<\/p>\n<p class=\"MsoNormal\">Enostavnost uporabe:<\/p>\n<p class=\"MsoNormal\">Lahka in ergonomska, idealna za otroke in odrasle.<\/p>\n<p class=\"MsoNormal\">Enostaven za prena\u0161anje, idealen za uporabo doma, v \u0161oli ali pisarni.<\/p>\n<p class=\"MsoNormal\">Prednosti:<\/p>\n<p class=\"MsoNormal\">S senzori\u010dno igro laj\u0161a stres in pomaga pri sprostitvi.<\/p>\n<p class=\"MsoNormal\">Izbolj\u0161a koncentracijo in osredoto\u010denost.<\/p>\n<p class=\"MsoNormal\">Idealno za ljudi, ki potrebujejo nekaj, s \u010dimer bi zaposlili roke, na primer \u0161tudente ali delavce.<\/p>\n<p class=\"MsoNormal\">Barve in slogi:<\/p>\n<p class=\"MsoNormal\">Na voljo v razli\u010dnih \u017eivahnih barvah, zaradi \u010desar je \u0161e bolj privla\u010den.<\/p>\n<p class=\"MsoNormal\">Ve\u010dkratna zabava:<\/p>\n<p class=\"MsoNormal\">Zdru\u017euje rotacijsko delovanje vrtljive vrte\u010de se igra\u010de s pomirjujo\u010dim delovanjem mehur\u010dkov.<\/p>\n<p class=\"MsoNormal\">Vrte\u010de igra\u010de Pop Bubbles Simple Dimple so odli\u010den pripomo\u010dek za zabavo, laj\u0161anje stresa in senzori\u010dno sprostitev, idealne za vse starosti.<\/p>","protected":false},"excerpt":{"rendered":"<p>Vrte\u010de igra\u010de Pop Bubbles Simple Dimple so kombinacija zabave in sprostitve, ki ponuja edinstveno senzori\u010dno igralno izku\u0161njo.<\/p>","protected":false},"featured_media":4868,"comment_status":"open","ping_status":"closed","template":"","meta":{"site-sidebar-layout":"default","site-content-layout":"","ast-site-content-layout":"default","site-content-style":"default","site-sidebar-style":"default","ast-global-header-display":"","ast-banner-title-visibility":"","ast-main-header-display":"","ast-hfb-above-header-display":"","ast-hfb-below-header-display":"","ast-hfb-mobile-header-display":"","site-post-title":"","ast-breadcrumbs-content":"","ast-featured-img":"","footer-sml-layout":"","ast-disable-related-posts":"","theme-transparent-header-meta":"default","adv-header-id-meta":"","stick-header-meta":"","header-above-stick-meta":"","header-main-stick-meta":"","header-below-stick-meta":"","astra-migrate-meta-layouts":"set","ast-page-background-enabled":"default","ast-page-background-meta":{"desktop":{"background-color":"var(--ast-global-color-5)","background-image":"","background-repeat":"repeat","background-position":"center center","background-size":"auto","background-attachment":"scroll","background-type":"","background-media":"","overlay-type":"","overlay-color":"","overlay-opacity":"","overlay-gradient":""},"tablet":{"background-color":"","background-image":"","background-repeat":"repeat","background-position":"center center","background-size":"auto","background-attachment":"scroll","background-type":"","background-media":"","overlay-type":"","overlay-color":"","overlay-opacity":"","overlay-gradient":""},"mobile":{"background-color":"","background-image":"","background-repeat":"repeat","background-position":"center center","background-size":"auto","background-attachment":"scroll","background-type":"","background-media":"","overlay-type":"","overlay-color":"","overlay-opacity":"","overlay-gradient":""}},"ast-content-background-meta":{"desktop":{"background-color":"var(--ast-global-color-4)","background-image":"","background-repeat":"repeat","background-position":"center center","background-size":"auto","background-attachment":"scroll","background-type":"","background-media":"","overlay-type":"","overlay-color":"","overlay-opacity":"","overlay-gradient":""},"tablet":{"background-color":"var(--ast-global-color-4)","background-image":"","background-repeat":"repeat","background-position":"center center","background-size":"auto","background-attachment":"scroll","background-type":"","background-media":"","overlay-type":"","overlay-color":"","overlay-opacity":"","overlay-gradient":""},"mobile":{"background-color":"var(--ast-global-color-4)","background-image":"","background-repeat":"repeat","background-position":"center center","background-size":"auto","background-attachment":"scroll","background-type":"","background-media":"","overlay-type":"","overlay-color":"","overlay-opacity":"","overlay-gradient":""}}},"product_brand":[107],"product_cat":[126,44,56,47,35,40,30,55,26],"product_tag":[],"class_list":{"0":"post-6814","1":"product","2":"type-product","3":"status-publish","4":"has-post-thumbnail","6":"product_brand-ngs","7":"product_cat-126","8":"product_cat-44","9":"product_cat-56","10":"product_cat-47","11":"product_cat--10-12-","12":"product_cat--12-","13":"product_cat--6-9-","14":"product_cat-55","15":"product_cat-26","16":"desktop-align-left","17":"tablet-align-left","18":"mobile-align-left","20":"first","21":"instock","22":"taxable","23":"shipping-taxable","24":"purchasable","25":"product-type-simple"},"_links":{"self":[{"href":"https:\/\/stem-eshop.gr\/sl\/wp-json\/wp\/v2\/product\/6814","targetHints":{"allow":["GET"]}}],"collection":[{"href":"https:\/\/stem-eshop.gr\/sl\/wp-json\/wp\/v2\/product"}],"about":[{"href":"https:\/\/stem-eshop.gr\/sl\/wp-json\/wp\/v2\/types\/product"}],"replies":[{"embeddable":true,"href":"https:\/\/stem-eshop.gr\/sl\/wp-json\/wp\/v2\/comments?post=6814"}],"wp:featuredmedia":[{"embeddable":true,"href":"https:\/\/stem-eshop.gr\/sl\/wp-json\/wp\/v2\/media\/4868"}],"wp:attachment":[{"href":"https:\/\/stem-eshop.gr\/sl\/wp-json\/wp\/v2\/media?parent=6814"}],"wp:term":[{"taxonomy":"product_brand","embeddable":true,"href":"https:\/\/stem-eshop.gr\/sl\/wp-json\/wp\/v2\/product_brand?post=6814"},{"taxonomy":"product_cat","embeddable":true,"href":"https:\/\/stem-eshop.gr\/sl\/wp-json\/wp\/v2\/product_cat?post=6814"},{"taxonomy":"product_tag","embeddable":true,"href":"https:\/\/stem-eshop.gr\/sl\/wp-json\/wp\/v2\/product_tag?post=6814"}],"curies":[{"name":"wp","href":"https:\/\/api.w.org\/{rel}","templated":true}]}}