{"id":6812,"date":"2025-05-19T08:51:55","date_gmt":"2025-05-19T08:51:55","guid":{"rendered":"https:\/\/stem-eshop.gr\/product\/3d-fidget-spinner\/"},"modified":"2025-12-31T09:06:27","modified_gmt":"2025-12-31T06:06:27","slug":"3d-fidget-spinner","status":"publish","type":"product","link":"https:\/\/stem-eshop.gr\/sl\/izdelek\/3d-fidget-spinner\/","title":{"rendered":"3D vrtljivka"},"content":{"rendered":"<p class=\"MsoNormal\">Opis sledi:<\/p>\n<p class=\"MsoNormal\">Revolucionarna zasnova:<\/p>\n<p class=\"MsoNormal\">Izdelana z geometrijskim 3D neskon\u010dnim dizajnom, ki ponuja impresivno vizualno gibanje med vrtenjem.<\/p>\n<p class=\"MsoNormal\">Idealno za tiste, ki imajo radi sodobne pripomo\u010dke s futuristi\u010dno estetiko.<\/p>\n<p class=\"MsoNormal\">Visokokakovostni materiali:<\/p>\n<p class=\"MsoNormal\">Izdelano iz trpe\u017ene kovine ali visokokakovostne plastike za vzdr\u017eljivost in nemoteno delovanje.<\/p>\n<p class=\"MsoNormal\">Gladki in varni robovi za udobno uporabo.<\/p>\n<p class=\"MsoNormal\">Visoka zmogljivost:<\/p>\n<p class=\"MsoNormal\">Opremljen z natan\u010dnim mehanizmom in visokokakovostnimi le\u017eaji za hitro, tiho in gladko vrtenje.<\/p>\n<p class=\"MsoNormal\">Podalj\u0161ano trajanje vrtenja za maksimalen u\u017eitek.<\/p>\n<p class=\"MsoNormal\">Prenosna in lahka:<\/p>\n<p class=\"MsoNormal\">Kompaktna velikost in lahka konstrukcija, idealna za no\u0161enje v torbi ali \u017eepu.<\/p>\n<p class=\"MsoNormal\">Uporabljate ga lahko kjer koli, od pisarne do vsakdanjega \u017eivljenja.<\/p>\n<p class=\"MsoNormal\">Prednosti:<\/p>\n<p class=\"MsoNormal\">Laj\u0161a stres in pomaga pri sprostitvi.<\/p>\n<p class=\"MsoNormal\">Izbolj\u0161a koncentracijo in osredoto\u010denost med u\u010denjem ali delom.<\/p>\n<p class=\"MsoNormal\">Odli\u010dno orodje za delo in zabavo.<\/p>\n<p class=\"MsoNormal\">3D Fidget Spinner je edinstvena izbira za darilo ali osebno uporabo, saj zdru\u017euje zabavo, stil in funkcionalnost!<\/p>","protected":false},"excerpt":{"rendered":"<p>3D Fidget Spinner je inovativna in moderna igra\u010da za sprostitev, zasnovana tako, da ponuja edinstveno izku\u0161njo zabave in miru.<\/p>","protected":false},"featured_media":4858,"comment_status":"open","ping_status":"closed","template":"","meta":{"site-sidebar-layout":"default","site-content-layout":"","ast-site-content-layout":"default","site-content-style":"default","site-sidebar-style":"default","ast-global-header-display":"","ast-banner-title-visibility":"","ast-main-header-display":"","ast-hfb-above-header-display":"","ast-hfb-below-header-display":"","ast-hfb-mobile-header-display":"","site-post-title":"","ast-breadcrumbs-content":"","ast-featured-img":"","footer-sml-layout":"","ast-disable-related-posts":"","theme-transparent-header-meta":"default","adv-header-id-meta":"","stick-header-meta":"","header-above-stick-meta":"","header-main-stick-meta":"","header-below-stick-meta":"","astra-migrate-meta-layouts":"set","ast-page-background-enabled":"default","ast-page-background-meta":{"desktop":{"background-color":"var(--ast-global-color-5)","background-image":"","background-repeat":"repeat","background-position":"center center","background-size":"auto","background-attachment":"scroll","background-type":"","background-media":"","overlay-type":"","overlay-color":"","overlay-opacity":"","overlay-gradient":""},"tablet":{"background-color":"","background-image":"","background-repeat":"repeat","background-position":"center center","background-size":"auto","background-attachment":"scroll","background-type":"","background-media":"","overlay-type":"","overlay-color":"","overlay-opacity":"","overlay-gradient":""},"mobile":{"background-color":"","background-image":"","background-repeat":"repeat","background-position":"center center","background-size":"auto","background-attachment":"scroll","background-type":"","background-media":"","overlay-type":"","overlay-color":"","overlay-opacity":"","overlay-gradient":""}},"ast-content-background-meta":{"desktop":{"background-color":"var(--ast-global-color-4)","background-image":"","background-repeat":"repeat","background-position":"center center","background-size":"auto","background-attachment":"scroll","background-type":"","background-media":"","overlay-type":"","overlay-color":"","overlay-opacity":"","overlay-gradient":""},"tablet":{"background-color":"var(--ast-global-color-4)","background-image":"","background-repeat":"repeat","background-position":"center center","background-size":"auto","background-attachment":"scroll","background-type":"","background-media":"","overlay-type":"","overlay-color":"","overlay-opacity":"","overlay-gradient":""},"mobile":{"background-color":"var(--ast-global-color-4)","background-image":"","background-repeat":"repeat","background-position":"center center","background-size":"auto","background-attachment":"scroll","background-type":"","background-media":"","overlay-type":"","overlay-color":"","overlay-opacity":"","overlay-gradient":""}}},"product_brand":[107],"product_cat":[126,50,56,47,37,35,40,30,55],"product_tag":[],"class_list":{"0":"post-6812","1":"product","2":"type-product","3":"status-publish","4":"has-post-thumbnail","6":"product_brand-ngs","7":"product_cat-126","8":"product_cat-50","9":"product_cat-56","10":"product_cat-47","11":"product_cat-37","12":"product_cat--10-12-","13":"product_cat--12-","14":"product_cat--6-9-","15":"product_cat-55","16":"desktop-align-left","17":"tablet-align-left","18":"mobile-align-left","20":"first","21":"outofstock","22":"taxable","23":"shipping-taxable","24":"purchasable","25":"product-type-simple"},"_links":{"self":[{"href":"https:\/\/stem-eshop.gr\/sl\/wp-json\/wp\/v2\/product\/6812","targetHints":{"allow":["GET"]}}],"collection":[{"href":"https:\/\/stem-eshop.gr\/sl\/wp-json\/wp\/v2\/product"}],"about":[{"href":"https:\/\/stem-eshop.gr\/sl\/wp-json\/wp\/v2\/types\/product"}],"replies":[{"embeddable":true,"href":"https:\/\/stem-eshop.gr\/sl\/wp-json\/wp\/v2\/comments?post=6812"}],"wp:featuredmedia":[{"embeddable":true,"href":"https:\/\/stem-eshop.gr\/sl\/wp-json\/wp\/v2\/media\/4858"}],"wp:attachment":[{"href":"https:\/\/stem-eshop.gr\/sl\/wp-json\/wp\/v2\/media?parent=6812"}],"wp:term":[{"taxonomy":"product_brand","embeddable":true,"href":"https:\/\/stem-eshop.gr\/sl\/wp-json\/wp\/v2\/product_brand?post=6812"},{"taxonomy":"product_cat","embeddable":true,"href":"https:\/\/stem-eshop.gr\/sl\/wp-json\/wp\/v2\/product_cat?post=6812"},{"taxonomy":"product_tag","embeddable":true,"href":"https:\/\/stem-eshop.gr\/sl\/wp-json\/wp\/v2\/product_tag?post=6812"}],"curies":[{"name":"wp","href":"https:\/\/api.w.org\/{rel}","templated":true}]}}