{"id":6810,"date":"2025-05-19T08:51:52","date_gmt":"2025-05-19T08:51:52","guid":{"rendered":"https:\/\/stem-eshop.gr\/product\/%ce%bc%ce%af%ce%bd%ce%b9-%ce%bc%cf%80%cf%81%ce%b5%ce%bb%cf%8c%ce%ba-%ce%ba%cf%8d%ce%b2%ce%bf%cf%82-%cf%84%ce%bf%cf%85-rubik-3x3\/"},"modified":"2025-05-22T07:40:45","modified_gmt":"2025-05-22T07:40:45","slug":"%ce%bc%ce%af%ce%bd%ce%b9-%ce%bc%cf%80%cf%81%ce%b5%ce%bb%cf%8c%ce%ba-%ce%ba%cf%8d%ce%b2%ce%bf%cf%82-%cf%84%ce%bf%cf%85-rubik-3x3","status":"publish","type":"product","link":"https:\/\/stem-eshop.gr\/sl\/izdelek\/%ce%bc%ce%af%ce%bd%ce%b9-%ce%bc%cf%80%cf%81%ce%b5%ce%bb%cf%8c%ce%ba-%ce%ba%cf%8d%ce%b2%ce%bf%cf%82-%cf%84%ce%bf%cf%85-rubik-3x3\/","title":{"rendered":"Mini obesek za klju\u010de Rubikova kocka 3\u00d73"},"content":{"rendered":"<p class=\"MsoNormal\">Dimenzije: Obi\u010dajno manj kot 3 cm na vsaki strani, zato je enostavno za prena\u0161anje.<\/p>\n<\/p>\n<p class=\"MsoNormal\">Funkcionalnost: Kljub majhnosti je popolnoma funkcionalna, z mo\u017enostjo vrtenja stranic, kot navadna kocka 3\u00d73.<\/p>\n<\/p>\n<p class=\"MsoNormal\">Material konstrukcije: Izdelano iz trpe\u017ene plastike z drznimi, jasno vidnimi barvnimi stranicami.<\/p>\n<\/p>\n<p class=\"MsoNormal\">Pritrditev: Vklju\u010duje veri\u017eico ali obesek za klju\u010de za enostavno pritrditev na klju\u010de, torbe ali zadrge.<\/p>\n<\/p>\n<p class=\"MsoNormal\">Uporaba: Idealno za zbiratelje, navdu\u0161ence nad Rubikovo kocko ali vse, ki si \u017eelijo imeti vedno s seboj majhno, zabavno sestavljanko.<\/p>\n<\/p>\n<p class=\"MsoNormal\">Te\u017ea: Lahka, primerna za vsakodnevno uporabo.<\/p>\n<\/p>\n<p class=\"MsoNormal\">Ta mini obesek za klju\u010de je edinstvena kombinacija uporabe in igre, saj ponuja zabaven izziv v majhni velikosti!<\/p><\/p>","protected":false},"excerpt":{"rendered":"<p>Obesek za klju\u010de Mini Rubikova kocka 3\u00d73 je miniaturna razli\u010dica klasi\u010dne Rubikove kocke, zasnovana za zabavo na poti.<\/p>","protected":false},"featured_media":4849,"comment_status":"open","ping_status":"closed","template":"","meta":{"site-sidebar-layout":"default","site-content-layout":"","ast-site-content-layout":"default","site-content-style":"default","site-sidebar-style":"default","ast-global-header-display":"","ast-banner-title-visibility":"","ast-main-header-display":"","ast-hfb-above-header-display":"","ast-hfb-below-header-display":"","ast-hfb-mobile-header-display":"","site-post-title":"","ast-breadcrumbs-content":"","ast-featured-img":"","footer-sml-layout":"","ast-disable-related-posts":"","theme-transparent-header-meta":"","adv-header-id-meta":"","stick-header-meta":"","header-above-stick-meta":"","header-main-stick-meta":"","header-below-stick-meta":"","astra-migrate-meta-layouts":"default","ast-page-background-enabled":"default","ast-page-background-meta":{"desktop":{"background-color":"var(--ast-global-color-5)","background-image":"","background-repeat":"repeat","background-position":"center center","background-size":"auto","background-attachment":"scroll","background-type":"","background-media":"","overlay-type":"","overlay-color":"","overlay-opacity":"","overlay-gradient":""},"tablet":{"background-color":"","background-image":"","background-repeat":"repeat","background-position":"center center","background-size":"auto","background-attachment":"scroll","background-type":"","background-media":"","overlay-type":"","overlay-color":"","overlay-opacity":"","overlay-gradient":""},"mobile":{"background-color":"","background-image":"","background-repeat":"repeat","background-position":"center center","background-size":"auto","background-attachment":"scroll","background-type":"","background-media":"","overlay-type":"","overlay-color":"","overlay-opacity":"","overlay-gradient":""}},"ast-content-background-meta":{"desktop":{"background-color":"var(--ast-global-color-4)","background-image":"","background-repeat":"repeat","background-position":"center center","background-size":"auto","background-attachment":"scroll","background-type":"","background-media":"","overlay-type":"","overlay-color":"","overlay-opacity":"","overlay-gradient":""},"tablet":{"background-color":"var(--ast-global-color-4)","background-image":"","background-repeat":"repeat","background-position":"center center","background-size":"auto","background-attachment":"scroll","background-type":"","background-media":"","overlay-type":"","overlay-color":"","overlay-opacity":"","overlay-gradient":""},"mobile":{"background-color":"var(--ast-global-color-4)","background-image":"","background-repeat":"repeat","background-position":"center center","background-size":"auto","background-attachment":"scroll","background-type":"","background-media":"","overlay-type":"","overlay-color":"","overlay-opacity":"","overlay-gradient":""}}},"product_brand":[107],"product_cat":[126,50,56,47,37,35,40,30,55],"product_tag":[],"class_list":{"0":"post-6810","1":"product","2":"type-product","3":"status-publish","4":"has-post-thumbnail","6":"product_brand-ngs","7":"product_cat-126","8":"product_cat-50","9":"product_cat-56","10":"product_cat-47","11":"product_cat-37","12":"product_cat--10-12-","13":"product_cat--12-","14":"product_cat--6-9-","15":"product_cat-55","16":"desktop-align-left","17":"tablet-align-left","18":"mobile-align-left","20":"first","21":"instock","22":"taxable","23":"shipping-taxable","24":"purchasable","25":"product-type-simple"},"_links":{"self":[{"href":"https:\/\/stem-eshop.gr\/sl\/wp-json\/wp\/v2\/product\/6810","targetHints":{"allow":["GET"]}}],"collection":[{"href":"https:\/\/stem-eshop.gr\/sl\/wp-json\/wp\/v2\/product"}],"about":[{"href":"https:\/\/stem-eshop.gr\/sl\/wp-json\/wp\/v2\/types\/product"}],"replies":[{"embeddable":true,"href":"https:\/\/stem-eshop.gr\/sl\/wp-json\/wp\/v2\/comments?post=6810"}],"wp:featuredmedia":[{"embeddable":true,"href":"https:\/\/stem-eshop.gr\/sl\/wp-json\/wp\/v2\/media\/4849"}],"wp:attachment":[{"href":"https:\/\/stem-eshop.gr\/sl\/wp-json\/wp\/v2\/media?parent=6810"}],"wp:term":[{"taxonomy":"product_brand","embeddable":true,"href":"https:\/\/stem-eshop.gr\/sl\/wp-json\/wp\/v2\/product_brand?post=6810"},{"taxonomy":"product_cat","embeddable":true,"href":"https:\/\/stem-eshop.gr\/sl\/wp-json\/wp\/v2\/product_cat?post=6810"},{"taxonomy":"product_tag","embeddable":true,"href":"https:\/\/stem-eshop.gr\/sl\/wp-json\/wp\/v2\/product_tag?post=6810"}],"curies":[{"name":"wp","href":"https:\/\/api.w.org\/{rel}","templated":true}]}}