{"id":6797,"date":"2025-05-19T08:51:31","date_gmt":"2025-05-19T08:51:31","guid":{"rendered":"https:\/\/stem-eshop.gr\/product\/%ce%be%cf%8d%ce%bb%ce%b9%ce%bd%ce%bf-%cf%80%ce%b1%ce%b6%ce%bb-%ce%bc%ce%b1%ce%b3%ce%b9%ce%ba%ce%ae-%ce%bc%cf%80%ce%ac%ce%bb%ce%b1-%ce%b5%ce%ba%cf%80%ce%b1%ce%b9%ce%b4%ce%b5%cf%85%cf%84%ce%b9%ce%ba\/"},"modified":"2025-12-21T15:23:06","modified_gmt":"2025-12-21T12:23:06","slug":"%ce%be%cf%8d%ce%bb%ce%b9%ce%bd%ce%bf-%cf%80%ce%b1%ce%b6%ce%bb-%ce%bc%ce%b1%ce%b3%ce%b9%ce%ba%ce%ae-%ce%bc%cf%80%ce%ac%ce%bb%ce%b1-%ce%b5%ce%ba%cf%80%ce%b1%ce%b9%ce%b4%ce%b5%cf%85%cf%84%ce%b9%ce%ba","status":"publish","type":"product","link":"https:\/\/stem-eshop.gr\/sl\/izdelek\/%ce%be%cf%8d%ce%bb%ce%b9%ce%bd%ce%bf-%cf%80%ce%b1%ce%b6%ce%bb-%ce%bc%ce%b1%ce%b3%ce%b9%ce%ba%ce%ae-%ce%bc%cf%80%ce%ac%ce%bb%ce%b1-%ce%b5%ce%ba%cf%80%ce%b1%ce%b9%ce%b4%ce%b5%cf%85%cf%84%ce%b9%ce%ba\/","title":{"rendered":"Lesena sestavljanka \u00bb\u010carobna krogla\u00ab \u2013 Izobra\u017eevalna in obve\u0161\u010devalna igra"},"content":{"rendered":"<p class=\"MsoNormal\">Zna\u010dilnosti:<\/p>\n<p class=\"MsoNormal\">Inovativna zasnova: \u00bb\u010carobna krogla\u00ab je sestavljena iz lesenih kosov, ki jih je treba sestaviti v kroglasto obliko. Zahteva strate\u0161ko razmi\u0161ljanje in potrpe\u017eljivost.<\/p>\n<p class=\"MsoNormal\">Izobra\u017eevanje skozi zabavo: Razvija logi\u010dno mi\u0161ljenje, ustvarjalnost in re\u0161evanje problemov.<\/p>\n<p class=\"MsoNormal\">Visokokakovostni materiali: Izdelano iz naravnega, okolju prijaznega lesa, z gladko povr\u0161ino za varnost in vzdr\u017eljivost.<\/p>\n<p class=\"MsoNormal\">Prenosna velikost: Enostaven za prena\u0161anje, lahko ga vzamete s seboj kamor koli za neskon\u010dno zabavo.<\/p>\n<p class=\"MsoNormal\">Prednosti:<\/p>\n<p class=\"MsoNormal\">Izbolj\u0161uje koncentracijo in potrpe\u017eljivost.<\/p>\n<p class=\"MsoNormal\">Idealno za razvoj motori\u010dnih sposobnosti in koordinacije rok in o\u010di.<\/p>\n<p class=\"MsoNormal\">Primerno za vse starosti, ponuja zabavno in izzivov polno izku\u0161njo.<\/p>\n<p><span style=\"font-size: 11pt; line-height: 107%; font-family: Calibri, sans-serif;\">Ta igra je popolno darilo za tiste, ki imajo radi izzive, hkrati pa je odli\u010dno orodje za izobra\u017eevalno uporabo z otroki!!<\/span><\/p>","protected":false},"excerpt":{"rendered":"<p>Lesena sestavljanka &quot;\u010carobna krogla&quot;<strong>&#8220;<\/strong> je izobra\u017eevalna igra, ki zdru\u017euje zabavo z razvojem miselnih sposobnosti. S svojo edinstveno zasnovo ponuja zahtevno izku\u0161njo re\u0161evanja ugank, idealno za otroke in odrasle.<\/p>","protected":false},"featured_media":4776,"comment_status":"open","ping_status":"closed","template":"","meta":{"site-sidebar-layout":"default","site-content-layout":"","ast-site-content-layout":"default","site-content-style":"default","site-sidebar-style":"default","ast-global-header-display":"","ast-banner-title-visibility":"","ast-main-header-display":"","ast-hfb-above-header-display":"","ast-hfb-below-header-display":"","ast-hfb-mobile-header-display":"","site-post-title":"","ast-breadcrumbs-content":"","ast-featured-img":"","footer-sml-layout":"","ast-disable-related-posts":"","theme-transparent-header-meta":"default","adv-header-id-meta":"","stick-header-meta":"","header-above-stick-meta":"","header-main-stick-meta":"","header-below-stick-meta":"","astra-migrate-meta-layouts":"set","ast-page-background-enabled":"default","ast-page-background-meta":{"desktop":{"background-color":"var(--ast-global-color-5)","background-image":"","background-repeat":"repeat","background-position":"center center","background-size":"auto","background-attachment":"scroll","background-type":"","background-media":"","overlay-type":"","overlay-color":"","overlay-opacity":"","overlay-gradient":""},"tablet":{"background-color":"","background-image":"","background-repeat":"repeat","background-position":"center center","background-size":"auto","background-attachment":"scroll","background-type":"","background-media":"","overlay-type":"","overlay-color":"","overlay-opacity":"","overlay-gradient":""},"mobile":{"background-color":"","background-image":"","background-repeat":"repeat","background-position":"center center","background-size":"auto","background-attachment":"scroll","background-type":"","background-media":"","overlay-type":"","overlay-color":"","overlay-opacity":"","overlay-gradient":""}},"ast-content-background-meta":{"desktop":{"background-color":"var(--ast-global-color-4)","background-image":"","background-repeat":"repeat","background-position":"center center","background-size":"auto","background-attachment":"scroll","background-type":"","background-media":"","overlay-type":"","overlay-color":"","overlay-opacity":"","overlay-gradient":""},"tablet":{"background-color":"var(--ast-global-color-4)","background-image":"","background-repeat":"repeat","background-position":"center center","background-size":"auto","background-attachment":"scroll","background-type":"","background-media":"","overlay-type":"","overlay-color":"","overlay-opacity":"","overlay-gradient":""},"mobile":{"background-color":"var(--ast-global-color-4)","background-image":"","background-repeat":"repeat","background-position":"center center","background-size":"auto","background-attachment":"scroll","background-type":"","background-media":"","overlay-type":"","overlay-color":"","overlay-opacity":"","overlay-gradient":""}}},"product_brand":[107],"product_cat":[43,56,47,37,40,55],"product_tag":[],"class_list":{"0":"post-6797","1":"product","2":"type-product","3":"status-publish","4":"has-post-thumbnail","6":"product_brand-ngs","7":"product_cat-43","8":"product_cat-56","9":"product_cat-47","10":"product_cat-37","11":"product_cat--12-","12":"product_cat-55","13":"desktop-align-left","14":"tablet-align-left","15":"mobile-align-left","17":"first","18":"outofstock","19":"taxable","20":"shipping-taxable","21":"purchasable","22":"product-type-simple"},"_links":{"self":[{"href":"https:\/\/stem-eshop.gr\/sl\/wp-json\/wp\/v2\/product\/6797","targetHints":{"allow":["GET"]}}],"collection":[{"href":"https:\/\/stem-eshop.gr\/sl\/wp-json\/wp\/v2\/product"}],"about":[{"href":"https:\/\/stem-eshop.gr\/sl\/wp-json\/wp\/v2\/types\/product"}],"replies":[{"embeddable":true,"href":"https:\/\/stem-eshop.gr\/sl\/wp-json\/wp\/v2\/comments?post=6797"}],"wp:featuredmedia":[{"embeddable":true,"href":"https:\/\/stem-eshop.gr\/sl\/wp-json\/wp\/v2\/media\/4776"}],"wp:attachment":[{"href":"https:\/\/stem-eshop.gr\/sl\/wp-json\/wp\/v2\/media?parent=6797"}],"wp:term":[{"taxonomy":"product_brand","embeddable":true,"href":"https:\/\/stem-eshop.gr\/sl\/wp-json\/wp\/v2\/product_brand?post=6797"},{"taxonomy":"product_cat","embeddable":true,"href":"https:\/\/stem-eshop.gr\/sl\/wp-json\/wp\/v2\/product_cat?post=6797"},{"taxonomy":"product_tag","embeddable":true,"href":"https:\/\/stem-eshop.gr\/sl\/wp-json\/wp\/v2\/product_tag?post=6797"}],"curies":[{"name":"wp","href":"https:\/\/api.w.org\/{rel}","templated":true}]}}