{"id":6795,"date":"2025-05-19T08:51:28","date_gmt":"2025-05-19T08:51:28","guid":{"rendered":"https:\/\/stem-eshop.gr\/product\/4m-toys-%ce%b5%cf%80%ce%b9%cf%83%cf%84%ce%ae%ce%bc%ce%b7-%cf%80%ce%b5%cf%80%cf%84%ce%b9%ce%ba%ce%bf-%cf%83%cf%85%cf%83%cf%84%ce%b7%ce%bc%ce%b1-%ce%bc%ce%b5-buzzer\/"},"modified":"2025-11-06T11:25:35","modified_gmt":"2025-11-06T08:25:35","slug":"4m-toys-%ce%b5%cf%80%ce%b9%cf%83%cf%84%ce%ae%ce%bc%ce%b7-%cf%80%ce%b5%cf%80%cf%84%ce%b9%ce%ba%ce%bf-%cf%83%cf%85%cf%83%cf%84%ce%b7%ce%bc%ce%b1-%ce%bc%ce%b5-buzzer","status":"publish","type":"product","link":"https:\/\/stem-eshop.gr\/sl\/izdelek\/4m-toys-%ce%b5%cf%80%ce%b9%cf%83%cf%84%ce%ae%ce%bc%ce%b7-%cf%80%ce%b5%cf%80%cf%84%ce%b9%ce%ba%ce%bf-%cf%83%cf%85%cf%83%cf%84%ce%b7%ce%bc%ce%b1-%ce%bc%ce%b5-buzzer\/","title":{"rendered":"4M Toys \u2013 Znanost: PREBAVNI SISTEM Z ZVO\u010cNIM ZVOKOM"},"content":{"rendered":"<p style=\"margin:0px 0px 10px;padding:0px;font-family:'Open Sans', sans-serif;font-size:15px;line-height:1.3;letter-spacing:0.7px;background-color:#ffffff\">KAKO DELUJE: Konica palice je sestavljena iz osrednjega \u017eeblja, okoli katerega je vzmet. Baterija, stikalo, bren\u010dalo, \u017eebelj in \u017eica so povezani in tvorijo elektri\u010dni tokokrog. Palica deluje kot dodatno stikalo v tokokrogu. Ko se s palico dotaknete robov poti, se vzmet upogne in se dotakne \u017eeblja. S tem se tokokrog sklene, zaradi \u010desar energija ste\u010de skozi bren\u010dalo in ga aktivira. \u00a0 \u00a0 \u00a0 \u00a0 \u00a0 \u00a0 \u00a0 \u00a0 \u00a0 \u00a0 \u00a0 \u00a0 \u00a0<\/p>\n<p style=\"margin:0px 0px 10px;padding:0px;font-family:'Open Sans', sans-serif;font-size:15px;line-height:1.3;letter-spacing:0.7px;background-color:#ffffff\">Navodila so prilo\u017eena v gr\u0161\u010dini.\u00a0<\/p>","protected":false},"excerpt":{"rendered":"<p style=\"margin:0px 0px 10px;padding:0px;font-family:'Open Sans', sans-serif;font-size:15px;line-height:1.3;letter-spacing:0.7px;background-color:#ffffff\">Odkrijte pot, ki jo hrana opravi skozi \u010dlove\u0161ki sistem, in spoznajte delovanje prebavnega sistema. Vam bo uspelo prebroditi pot s palico, ne da bi se oglasil zvo\u010dni signal? Preberite zabavna dejstva, ki so vklju\u010dena v navodila, in se nau\u010dite zanimivih informacij o organih prebavnega sistema.<\/p>\n<p style=\"margin:0px 0px 10px;padding:0px;font-family:'Open Sans', sans-serif;font-size:15px;line-height:1.3;letter-spacing:0.7px;background-color:#ffffff\">VSEBINA: 1. del: Podstavek x 1, 2. del: Jezi\u010dek x 2, 3. del: Palica x 1, 4. del: Pokrov predal\u010dka za baterije x 1, 5. del: Plasti\u010dni \u017eeblji x 4, 6. del: Pokrov priklju\u010dkov x 2, 7. del: Noga x 2, 8. del: Vijak x 1.<\/p>","protected":false},"featured_media":4765,"comment_status":"open","ping_status":"closed","template":"","meta":{"site-sidebar-layout":"default","site-content-layout":"","ast-site-content-layout":"default","site-content-style":"default","site-sidebar-style":"default","ast-global-header-display":"","ast-banner-title-visibility":"","ast-main-header-display":"","ast-hfb-above-header-display":"","ast-hfb-below-header-display":"","ast-hfb-mobile-header-display":"","site-post-title":"","ast-breadcrumbs-content":"","ast-featured-img":"","footer-sml-layout":"","ast-disable-related-posts":"","theme-transparent-header-meta":"","adv-header-id-meta":"","stick-header-meta":"","header-above-stick-meta":"","header-main-stick-meta":"","header-below-stick-meta":"","astra-migrate-meta-layouts":"default","ast-page-background-enabled":"default","ast-page-background-meta":{"desktop":{"background-color":"var(--ast-global-color-5)","background-image":"","background-repeat":"repeat","background-position":"center center","background-size":"auto","background-attachment":"scroll","background-type":"","background-media":"","overlay-type":"","overlay-color":"","overlay-opacity":"","overlay-gradient":""},"tablet":{"background-color":"","background-image":"","background-repeat":"repeat","background-position":"center center","background-size":"auto","background-attachment":"scroll","background-type":"","background-media":"","overlay-type":"","overlay-color":"","overlay-opacity":"","overlay-gradient":""},"mobile":{"background-color":"","background-image":"","background-repeat":"repeat","background-position":"center center","background-size":"auto","background-attachment":"scroll","background-type":"","background-media":"","overlay-type":"","overlay-color":"","overlay-opacity":"","overlay-gradient":""}},"ast-content-background-meta":{"desktop":{"background-color":"var(--ast-global-color-4)","background-image":"","background-repeat":"repeat","background-position":"center center","background-size":"auto","background-attachment":"scroll","background-type":"","background-media":"","overlay-type":"","overlay-color":"","overlay-opacity":"","overlay-gradient":""},"tablet":{"background-color":"var(--ast-global-color-4)","background-image":"","background-repeat":"repeat","background-position":"center center","background-size":"auto","background-attachment":"scroll","background-type":"","background-media":"","overlay-type":"","overlay-color":"","overlay-opacity":"","overlay-gradient":""},"mobile":{"background-color":"var(--ast-global-color-4)","background-image":"","background-repeat":"repeat","background-position":"center center","background-size":"auto","background-attachment":"scroll","background-type":"","background-media":"","overlay-type":"","overlay-color":"","overlay-opacity":"","overlay-gradient":""}}},"product_brand":[96],"product_cat":[126,53,39,38,56,47,35,40,30],"product_tag":[],"class_list":{"0":"post-6795","1":"product","2":"type-product","3":"status-publish","4":"has-post-thumbnail","6":"product_brand-4m","7":"product_cat-126","8":"product_cat-53","9":"product_cat-39","10":"product_cat-38","11":"product_cat-56","12":"product_cat-47","13":"product_cat--10-12-","14":"product_cat--12-","15":"product_cat--6-9-","16":"desktop-align-left","17":"tablet-align-left","18":"mobile-align-left","20":"first","21":"instock","22":"taxable","23":"shipping-taxable","24":"purchasable","25":"product-type-simple"},"_links":{"self":[{"href":"https:\/\/stem-eshop.gr\/sl\/wp-json\/wp\/v2\/product\/6795","targetHints":{"allow":["GET"]}}],"collection":[{"href":"https:\/\/stem-eshop.gr\/sl\/wp-json\/wp\/v2\/product"}],"about":[{"href":"https:\/\/stem-eshop.gr\/sl\/wp-json\/wp\/v2\/types\/product"}],"replies":[{"embeddable":true,"href":"https:\/\/stem-eshop.gr\/sl\/wp-json\/wp\/v2\/comments?post=6795"}],"wp:featuredmedia":[{"embeddable":true,"href":"https:\/\/stem-eshop.gr\/sl\/wp-json\/wp\/v2\/media\/4765"}],"wp:attachment":[{"href":"https:\/\/stem-eshop.gr\/sl\/wp-json\/wp\/v2\/media?parent=6795"}],"wp:term":[{"taxonomy":"product_brand","embeddable":true,"href":"https:\/\/stem-eshop.gr\/sl\/wp-json\/wp\/v2\/product_brand?post=6795"},{"taxonomy":"product_cat","embeddable":true,"href":"https:\/\/stem-eshop.gr\/sl\/wp-json\/wp\/v2\/product_cat?post=6795"},{"taxonomy":"product_tag","embeddable":true,"href":"https:\/\/stem-eshop.gr\/sl\/wp-json\/wp\/v2\/product_tag?post=6795"}],"curies":[{"name":"wp","href":"https:\/\/api.w.org\/{rel}","templated":true}]}}