{"id":6758,"date":"2025-05-19T08:35:24","date_gmt":"2025-05-19T08:35:24","guid":{"rendered":"https:\/\/stem-eshop.gr\/product\/%cf%80%cf%89%cf%82-%ce%bb%ce%b5%ce%b9%cf%84%ce%bf%cf%85%cf%81%ce%b3%ce%b5%ce%af-%ce%b7-%ce%ac%ce%bd%cf%89%cf%83%ce%b7\/"},"modified":"2025-05-22T21:13:29","modified_gmt":"2025-05-22T18:13:29","slug":"%cf%80%cf%89%cf%82-%ce%bb%ce%b5%ce%b9%cf%84%ce%bf%cf%85%cf%81%ce%b3%ce%b5%ce%af-%ce%b7-%ce%ac%ce%bd%cf%89%cf%83%ce%b7","status":"publish","type":"product","link":"https:\/\/stem-eshop.gr\/sl\/izdelek\/%cf%80%cf%89%cf%82-%ce%bb%ce%b5%ce%b9%cf%84%ce%bf%cf%85%cf%81%ce%b3%ce%b5%ce%af-%ce%b7-%ce%ac%ce%bd%cf%89%cf%83%ce%b7\/","title":{"rendered":"Kako deluje vzgon"},"content":{"rendered":"<p>Ko otroci kon\u010dajo s poskusi, si lahko snamejo klobuke in primejo za barvice, da okrasijo svoje lastne nalepke.<\/p>\n<p>Poleg tega bodo mladi u\u010denci prejeli barvno knji\u017eico, ki vsebuje:<\/p>\n<p>Kratka zgodovina pomorske trgovine z neznanimi dejstvi<\/p>\n<p>Zabaven STEM eksperiment s podmornico<\/p>\n<p>Teorija gravitacije, tlaka, gostote in vzgonskih sil, enostavna za razumevanje<\/p>\n<p>Kviz za preverjanje znanja osnovnih konceptov STEM<\/p>\n<p>Enostavna navodila za gradnjo<\/p>\n<p>Natisljive skine za vadbo oblikovalskih ve\u0161\u010din<\/p>\n<p>Potrebujete navdih? Uporabite na\u0161o interaktivno 3D aplikacijo na svojem ra\u010dunalniku in gradite v virtualni resni\u010dnosti!<\/p>\n<p>Enginove izobra\u017eevalne igra\u010de STEAM so celovita u\u010dna orodja STEAM, zasnovana tako, da mlade u\u010dence pripravijo na vse\u017eivljenjsko znanstveno odkrivanje. Za ve\u010d informacij o na\u0161em izobra\u017eevalnem sistemu kliknite tukaj.<\/p>\n<p>Varnost in skladnost izdelkov.<\/p>\n<p>Ta izdelek je skladen z veljavnimi varnostnimi standardi in predpisi za otro\u0161ke izdelke.<\/p>","protected":false},"excerpt":{"rendered":"<p>Mladi in\u017eenirji zgradijo 4 neverjetna morska plovila, vklju\u010dno z lastnim futuristi\u010dnim plavajo\u010dim hotelom, medtem ko s tem interaktivnim kompletom STEAM raziskujejo znanost, ki stoji za plovbo, in se u\u010dijo o neverjetni zgodovini pomorskega potovanja in trgovine.<\/p>","protected":false},"featured_media":6759,"comment_status":"open","ping_status":"closed","template":"","meta":{"site-sidebar-layout":"default","site-content-layout":"","ast-site-content-layout":"default","site-content-style":"default","site-sidebar-style":"default","ast-global-header-display":"","ast-banner-title-visibility":"","ast-main-header-display":"","ast-hfb-above-header-display":"","ast-hfb-below-header-display":"","ast-hfb-mobile-header-display":"","site-post-title":"","ast-breadcrumbs-content":"","ast-featured-img":"","footer-sml-layout":"","ast-disable-related-posts":"","theme-transparent-header-meta":"default","adv-header-id-meta":"","stick-header-meta":"","header-above-stick-meta":"","header-main-stick-meta":"","header-below-stick-meta":"","astra-migrate-meta-layouts":"set","ast-page-background-enabled":"default","ast-page-background-meta":{"desktop":{"background-color":"var(--ast-global-color-5)","background-image":"","background-repeat":"repeat","background-position":"center center","background-size":"auto","background-attachment":"scroll","background-type":"","background-media":"","overlay-type":"","overlay-color":"","overlay-opacity":"","overlay-gradient":""},"tablet":{"background-color":"","background-image":"","background-repeat":"repeat","background-position":"center center","background-size":"auto","background-attachment":"scroll","background-type":"","background-media":"","overlay-type":"","overlay-color":"","overlay-opacity":"","overlay-gradient":""},"mobile":{"background-color":"","background-image":"","background-repeat":"repeat","background-position":"center center","background-size":"auto","background-attachment":"scroll","background-type":"","background-media":"","overlay-type":"","overlay-color":"","overlay-opacity":"","overlay-gradient":""}},"ast-content-background-meta":{"desktop":{"background-color":"var(--ast-global-color-4)","background-image":"","background-repeat":"repeat","background-position":"center center","background-size":"auto","background-attachment":"scroll","background-type":"","background-media":"","overlay-type":"","overlay-color":"","overlay-opacity":"","overlay-gradient":""},"tablet":{"background-color":"var(--ast-global-color-4)","background-image":"","background-repeat":"repeat","background-position":"center center","background-size":"auto","background-attachment":"scroll","background-type":"","background-media":"","overlay-type":"","overlay-color":"","overlay-opacity":"","overlay-gradient":""},"mobile":{"background-color":"var(--ast-global-color-4)","background-image":"","background-repeat":"repeat","background-position":"center center","background-size":"auto","background-attachment":"scroll","background-type":"","background-media":"","overlay-type":"","overlay-color":"","overlay-opacity":"","overlay-gradient":""}}},"product_brand":[95],"product_cat":[39,52,38,56,37,35,30,58,51],"product_tag":[],"class_list":{"0":"post-6758","1":"product","2":"type-product","3":"status-publish","4":"has-post-thumbnail","6":"product_brand-engino","7":"product_cat-39","8":"product_cat-52","9":"product_cat-38","10":"product_cat-56","11":"product_cat-37","12":"product_cat--10-12-","13":"product_cat--6-9-","14":"product_cat-58","15":"product_cat-51","16":"desktop-align-left","17":"tablet-align-left","18":"mobile-align-left","20":"first","21":"instock","22":"taxable","23":"shipping-taxable","24":"purchasable","25":"product-type-simple"},"_links":{"self":[{"href":"https:\/\/stem-eshop.gr\/sl\/wp-json\/wp\/v2\/product\/6758","targetHints":{"allow":["GET"]}}],"collection":[{"href":"https:\/\/stem-eshop.gr\/sl\/wp-json\/wp\/v2\/product"}],"about":[{"href":"https:\/\/stem-eshop.gr\/sl\/wp-json\/wp\/v2\/types\/product"}],"replies":[{"embeddable":true,"href":"https:\/\/stem-eshop.gr\/sl\/wp-json\/wp\/v2\/comments?post=6758"}],"wp:featuredmedia":[{"embeddable":true,"href":"https:\/\/stem-eshop.gr\/sl\/wp-json\/wp\/v2\/media\/6759"}],"wp:attachment":[{"href":"https:\/\/stem-eshop.gr\/sl\/wp-json\/wp\/v2\/media?parent=6758"}],"wp:term":[{"taxonomy":"product_brand","embeddable":true,"href":"https:\/\/stem-eshop.gr\/sl\/wp-json\/wp\/v2\/product_brand?post=6758"},{"taxonomy":"product_cat","embeddable":true,"href":"https:\/\/stem-eshop.gr\/sl\/wp-json\/wp\/v2\/product_cat?post=6758"},{"taxonomy":"product_tag","embeddable":true,"href":"https:\/\/stem-eshop.gr\/sl\/wp-json\/wp\/v2\/product_tag?post=6758"}],"curies":[{"name":"wp","href":"https:\/\/api.w.org\/{rel}","templated":true}]}}