{"id":6737,"date":"2025-05-19T08:34:38","date_gmt":"2025-05-19T08:34:38","guid":{"rendered":"https:\/\/stem-eshop.gr\/product\/ngs-%ce%b4%ce%b9%ce%ac%cf%84%cf%81%ce%b7%cf%84%ce%bf%cf%82-%cf%80%ce%af%ce%bd%ce%b1%ce%ba%ce%b1%cf%82-%ce%bc%ce%b5-%ce%bb%ce%b1%cf%83%cf%84%ce%b9%cf%87%ce%ac%ce%ba%ce%b9%ce%b1\/"},"modified":"2025-09-24T19:30:23","modified_gmt":"2025-09-24T16:30:23","slug":"ngs-%ce%b4%ce%b9%ce%ac%cf%84%cf%81%ce%b7%cf%84%ce%bf%cf%82-%cf%80%ce%af%ce%bd%ce%b1%ce%ba%ce%b1%cf%82-%ce%bc%ce%b5-%ce%bb%ce%b1%cf%83%cf%84%ce%b9%cf%87%ce%ac%ce%ba%ce%b9%ce%b1","status":"publish","type":"product","link":"https:\/\/stem-eshop.gr\/sl\/izdelek\/ngs-%ce%b4%ce%b9%ce%ac%cf%84%cf%81%ce%b7%cf%84%ce%bf%cf%82-%cf%80%ce%af%ce%bd%ce%b1%ce%ba%ce%b1%cf%82-%ce%bc%ce%b5-%ce%bb%ce%b1%cf%83%cf%84%ce%b9%cf%87%ce%ac%ce%ba%ce%b9%ce%b1\/","title":{"rendered":"NGS plo\u0161\u010da z gumicami"},"content":{"rendered":"<p>Pogosto se uporablja v \u0161olah ali izobra\u017eevalnih centrih za pou\u010devanje osnovnih matemati\u010dnih in geometrijskih konceptov.<\/p>\n<p>Otroci ga lahko uporabljajo za prosto ustvarjanje oblik in vzorcev, medtem ko se u\u010dijo skozi igro.<\/p>\n<p>Uporablja se lahko v terapevtskih vajah za razvoj spretnosti in koordinacije pri otrocih ali odraslih.<\/p>\n<p>Pegirana tabla z gumicami zdru\u017euje u\u010denje in igro na zabaven na\u010din ter pomaga razvijati \u0161tevilne spretnosti z interakcijo s preprostimi materiali.<\/p>","protected":false},"excerpt":{"rendered":"<p>Pegirana plo\u0161\u010da je ustvarjalno in izobra\u017eevalno orodje, ki otrokom in odraslim omogo\u010da oblikovanje razli\u010dnih oblik in vzorcev z uporabo gumic na pegirani plo\u0161\u010di. Plo\u0161\u010da je sestavljena iz vrste lukenj ali stebri\u010dkov, na katere je mogo\u010de pritrditi majhne opore ali \u017eeblje, \u010dez katere so napete gumice.<\/p>","protected":false},"featured_media":6738,"comment_status":"open","ping_status":"closed","template":"","meta":{"site-sidebar-layout":"default","site-content-layout":"","ast-site-content-layout":"default","site-content-style":"default","site-sidebar-style":"default","ast-global-header-display":"","ast-banner-title-visibility":"","ast-main-header-display":"","ast-hfb-above-header-display":"","ast-hfb-below-header-display":"","ast-hfb-mobile-header-display":"","site-post-title":"","ast-breadcrumbs-content":"","ast-featured-img":"","footer-sml-layout":"","ast-disable-related-posts":"","theme-transparent-header-meta":"default","adv-header-id-meta":"","stick-header-meta":"","header-above-stick-meta":"","header-main-stick-meta":"","header-below-stick-meta":"","astra-migrate-meta-layouts":"set","ast-page-background-enabled":"default","ast-page-background-meta":{"desktop":{"background-color":"var(--ast-global-color-5)","background-image":"","background-repeat":"repeat","background-position":"center center","background-size":"auto","background-attachment":"scroll","background-type":"","background-media":"","overlay-type":"","overlay-color":"","overlay-opacity":"","overlay-gradient":""},"tablet":{"background-color":"","background-image":"","background-repeat":"repeat","background-position":"center center","background-size":"auto","background-attachment":"scroll","background-type":"","background-media":"","overlay-type":"","overlay-color":"","overlay-opacity":"","overlay-gradient":""},"mobile":{"background-color":"","background-image":"","background-repeat":"repeat","background-position":"center center","background-size":"auto","background-attachment":"scroll","background-type":"","background-media":"","overlay-type":"","overlay-color":"","overlay-opacity":"","overlay-gradient":""}},"ast-content-background-meta":{"desktop":{"background-color":"var(--ast-global-color-4)","background-image":"","background-repeat":"repeat","background-position":"center center","background-size":"auto","background-attachment":"scroll","background-type":"","background-media":"","overlay-type":"","overlay-color":"","overlay-opacity":"","overlay-gradient":""},"tablet":{"background-color":"var(--ast-global-color-4)","background-image":"","background-repeat":"repeat","background-position":"center center","background-size":"auto","background-attachment":"scroll","background-type":"","background-media":"","overlay-type":"","overlay-color":"","overlay-opacity":"","overlay-gradient":""},"mobile":{"background-color":"var(--ast-global-color-4)","background-image":"","background-repeat":"repeat","background-position":"center center","background-size":"auto","background-attachment":"scroll","background-type":"","background-media":"","overlay-type":"","overlay-color":"","overlay-opacity":"","overlay-gradient":""}}},"product_brand":[107],"product_cat":[126,43,39,50,29,37,30,26],"product_tag":[],"class_list":{"0":"post-6737","1":"product","2":"type-product","3":"status-publish","4":"has-post-thumbnail","6":"product_brand-ngs","7":"product_cat-126","8":"product_cat-43","9":"product_cat-39","10":"product_cat-50","11":"product_cat-29","12":"product_cat-37","13":"product_cat--6-9-","14":"product_cat-26","15":"desktop-align-left","16":"tablet-align-left","17":"mobile-align-left","19":"first","20":"instock","21":"taxable","22":"shipping-taxable","23":"purchasable","24":"product-type-simple"},"_links":{"self":[{"href":"https:\/\/stem-eshop.gr\/sl\/wp-json\/wp\/v2\/product\/6737","targetHints":{"allow":["GET"]}}],"collection":[{"href":"https:\/\/stem-eshop.gr\/sl\/wp-json\/wp\/v2\/product"}],"about":[{"href":"https:\/\/stem-eshop.gr\/sl\/wp-json\/wp\/v2\/types\/product"}],"replies":[{"embeddable":true,"href":"https:\/\/stem-eshop.gr\/sl\/wp-json\/wp\/v2\/comments?post=6737"}],"wp:featuredmedia":[{"embeddable":true,"href":"https:\/\/stem-eshop.gr\/sl\/wp-json\/wp\/v2\/media\/6738"}],"wp:attachment":[{"href":"https:\/\/stem-eshop.gr\/sl\/wp-json\/wp\/v2\/media?parent=6737"}],"wp:term":[{"taxonomy":"product_brand","embeddable":true,"href":"https:\/\/stem-eshop.gr\/sl\/wp-json\/wp\/v2\/product_brand?post=6737"},{"taxonomy":"product_cat","embeddable":true,"href":"https:\/\/stem-eshop.gr\/sl\/wp-json\/wp\/v2\/product_cat?post=6737"},{"taxonomy":"product_tag","embeddable":true,"href":"https:\/\/stem-eshop.gr\/sl\/wp-json\/wp\/v2\/product_tag?post=6737"}],"curies":[{"name":"wp","href":"https:\/\/api.w.org\/{rel}","templated":true}]}}