{"id":6696,"date":"2025-05-19T08:33:28","date_gmt":"2025-05-19T08:33:28","guid":{"rendered":"https:\/\/stem-eshop.gr\/product\/funduino-starter-kit-mega2560-r3-basic-%ce%b3%ce%b9%ce%b1-arduino-%ce%bc%ce%b5-%ce%b2%ce%b9%ce%b2%ce%bb%ce%af%ce%bf-%ce%b5%cf%81%ce%b3%ce%b1%cf%83%ce%af%ce%b1%cf%82\/"},"modified":"2026-01-18T20:42:38","modified_gmt":"2026-01-18T17:42:38","slug":"funduino-starter-kit-mega2560-r3-basic-%ce%b3%ce%b9%ce%b1-arduino-%ce%bc%ce%b5-%ce%b2%ce%b9%ce%b2%ce%bb%ce%af%ce%bf-%ce%b5%cf%81%ce%b3%ce%b1%cf%83%ce%af%ce%b1%cf%82","status":"publish","type":"product","link":"https:\/\/stem-eshop.gr\/sl\/izdelek\/funduino-starter-kit-mega2560-r3-basic-%ce%b3%ce%b9%ce%b1-arduino-%ce%bc%ce%b5-%ce%b2%ce%b9%ce%b2%ce%bb%ce%af%ce%bf-%ce%b5%cf%81%ce%b3%ce%b1%cf%83%ce%af%ce%b1%cf%82\/","title":{"rendered":"Funduino za\u010detni komplet-MEGA2560 R3-Basic za Arduino z delovnim zvezkom"},"content":{"rendered":"<p class=\"MsoNormal\">Vklju\u010duje prilo\u017eeno knji\u017eico\/delovni zvezek (ve\u010d kot 130 strani, 29 projektov)<\/p>\n<p class=\"MsoNormal\">Vsebuje primere razli\u010dnih projektov, npr. krmiljenje LED, meritve temperature in krmiljenje motorjev<\/p>\n<p class=\"MsoNormal\">Vse komponente so enostavne za priklju\u010ditev in uporabo (plug-and-play)<\/p>\n<p class=\"MsoNormal\">Z vzdr\u017eljivim plasti\u010dnim etuijem za sortiranje, zaradi \u010desar je \u0161e posebej trajnosten pri uporabi<\/p>\n<p>Programiranja se lahko nau\u010di vsakdo s kompletom Funduino Starter Kit za Arduino<\/p>\n<p>Na\u0161 za\u010detni komplet za Arduino ne zahteva predhodnega znanja in je posebej zasnovan za za\u010detnike.<\/p>\n<p>\u017de od samega za\u010detka se skupaj u\u010dimo osnov mikroelektronike \u2013 in se postopoma izbolj\u0161ujemo!<\/p>\n<p>Ko je Funduino ustvaril za\u010detni komplet za Arduino, je imel dva glavna cilja:<\/p>\n<p>Namesto naklju\u010dno izbranih elektronskih komponent se Funduino zana\u0161a na popolnoma usklajen izbor komponent, ki jih je mogo\u010de med seboj kombinirati za ustvarjanje odli\u010dnih projektov. Zato v za\u010detnem kompletu ne boste na\u0161li neuporabnih komponent, temve\u010d le uporabne in vznemirljive!<\/p>\n<p>Edinstvena lastnost: Vsak komplet ima prilo\u017een izvod knjige \u00bbARDUINO lernen \u2013 Arbeitsbuch zum Erlernen der Arduino Entwicklungsumgebung\u00ab. Na ve\u010d kot 130 straneh in skozi 29 projektov podrobno pojasnjuje vse elektronske komponente kompleta. Poleg informacij o komponentah vklju\u010duje tudi seznam materialov, sheme vezij in primere programov.<\/p>\n<p class=\"MsoNormal\">\n<p class=\"MsoNormal\">&quot;Osnovna&quot; razli\u010dica<\/p>\n<\/p>\n<p class=\"MsoNormal\">Utripajo\u010da LED-dioda<\/p>\n<\/p>\n<p class=\"MsoNormal\">Izmeni\u010dna bliskavica<\/p>\n<\/p>\n<p class=\"MsoNormal\">Pulzna LED<\/p>\n<\/p>\n<p class=\"MsoNormal\">So\u010dasni svetlobni in zvo\u010dni signal<\/p>\n<\/p>\n<p class=\"MsoNormal\">Aktivacija LED diode s pritiskom na gumb<\/p>\n<\/p>\n<p class=\"MsoNormal\">Delovanje semaforja<\/p>\n<\/p>\n<p class=\"MsoNormal\">RGB LED nadzor<\/p>\n<\/p>\n<p class=\"MsoNormal\">Detektor gibanja z alarmnim sistemom<\/p>\n<\/p>\n<p class=\"MsoNormal\">Merjenje jakosti svetlobe<\/p>\n<\/p>\n<p class=\"MsoNormal\">Utripajo\u010da LED dioda s potenciometrom<\/p>\n<\/p>\n<p class=\"MsoNormal\">Merjenje temperature z NTC senzorjem<\/p>\n<\/p>\n<p class=\"MsoNormal\">Ultrazvo\u010dno merjenje razdalje<\/p>\n<\/p>\n<p class=\"MsoNormal\">Krmiljenje servo motorja<\/p>\n<\/p>\n<p class=\"MsoNormal\">Produkcija zvoka in glasbe<\/p>\n<\/p>\n<p class=\"MsoNormal\">Uporaba senzorja nagiba<\/p>","protected":false},"excerpt":{"rendered":"<p class=\"MsoNormal\">Va\u0161 vstop v svet mikroelektronike!!!<\/p>\n<p class=\"MsoNormal\">Za\u010detni komplet z najpomembnej\u0161imi elektronskimi komponentami za mikrokrmilnike Arduino<\/p>\n<p class=\"MsoNormal\">Nenehno se razvija v tesnem sodelovanju z u\u010ditelji in profesorji<\/p>\n<p class=\"MsoNormal\">Idealno za za\u010detnike na podro\u010dju elektronike in IT<\/p>","protected":false},"featured_media":5638,"comment_status":"open","ping_status":"closed","template":"","meta":{"site-sidebar-layout":"default","site-content-layout":"","ast-site-content-layout":"default","site-content-style":"default","site-sidebar-style":"default","ast-global-header-display":"","ast-banner-title-visibility":"","ast-main-header-display":"","ast-hfb-above-header-display":"","ast-hfb-below-header-display":"","ast-hfb-mobile-header-display":"","site-post-title":"","ast-breadcrumbs-content":"","ast-featured-img":"","footer-sml-layout":"","ast-disable-related-posts":"","theme-transparent-header-meta":"","adv-header-id-meta":"","stick-header-meta":"","header-above-stick-meta":"","header-main-stick-meta":"","header-below-stick-meta":"","astra-migrate-meta-layouts":"default","ast-page-background-enabled":"default","ast-page-background-meta":{"desktop":{"background-color":"var(--ast-global-color-5)","background-image":"","background-repeat":"repeat","background-position":"center center","background-size":"auto","background-attachment":"scroll","background-type":"","background-media":"","overlay-type":"","overlay-color":"","overlay-opacity":"","overlay-gradient":""},"tablet":{"background-color":"","background-image":"","background-repeat":"repeat","background-position":"center center","background-size":"auto","background-attachment":"scroll","background-type":"","background-media":"","overlay-type":"","overlay-color":"","overlay-opacity":"","overlay-gradient":""},"mobile":{"background-color":"","background-image":"","background-repeat":"repeat","background-position":"center center","background-size":"auto","background-attachment":"scroll","background-type":"","background-media":"","overlay-type":"","overlay-color":"","overlay-opacity":"","overlay-gradient":""}},"ast-content-background-meta":{"desktop":{"background-color":"var(--ast-global-color-4)","background-image":"","background-repeat":"repeat","background-position":"center center","background-size":"auto","background-attachment":"scroll","background-type":"","background-media":"","overlay-type":"","overlay-color":"","overlay-opacity":"","overlay-gradient":""},"tablet":{"background-color":"var(--ast-global-color-4)","background-image":"","background-repeat":"repeat","background-position":"center center","background-size":"auto","background-attachment":"scroll","background-type":"","background-media":"","overlay-type":"","overlay-color":"","overlay-opacity":"","overlay-gradient":""},"mobile":{"background-color":"var(--ast-global-color-4)","background-image":"","background-repeat":"repeat","background-position":"center center","background-size":"auto","background-attachment":"scroll","background-type":"","background-media":"","overlay-type":"","overlay-color":"","overlay-opacity":"","overlay-gradient":""}}},"product_brand":[103],"product_cat":[33,52,29,32,57,35,40,45,59],"product_tag":[],"class_list":{"0":"post-6696","1":"product","2":"type-product","3":"status-publish","4":"has-post-thumbnail","6":"product_brand-funduino","7":"product_cat-33","8":"product_cat-52","9":"product_cat-29","10":"product_cat-32","11":"product_cat-57","12":"product_cat--10-12-","13":"product_cat--12-","14":"product_cat-45","15":"product_cat-59","16":"desktop-align-left","17":"tablet-align-left","18":"mobile-align-left","20":"first","21":"instock","22":"taxable","23":"shipping-taxable","24":"purchasable","25":"product-type-simple"},"_links":{"self":[{"href":"https:\/\/stem-eshop.gr\/sl\/wp-json\/wp\/v2\/product\/6696","targetHints":{"allow":["GET"]}}],"collection":[{"href":"https:\/\/stem-eshop.gr\/sl\/wp-json\/wp\/v2\/product"}],"about":[{"href":"https:\/\/stem-eshop.gr\/sl\/wp-json\/wp\/v2\/types\/product"}],"replies":[{"embeddable":true,"href":"https:\/\/stem-eshop.gr\/sl\/wp-json\/wp\/v2\/comments?post=6696"}],"wp:featuredmedia":[{"embeddable":true,"href":"https:\/\/stem-eshop.gr\/sl\/wp-json\/wp\/v2\/media\/5638"}],"wp:attachment":[{"href":"https:\/\/stem-eshop.gr\/sl\/wp-json\/wp\/v2\/media?parent=6696"}],"wp:term":[{"taxonomy":"product_brand","embeddable":true,"href":"https:\/\/stem-eshop.gr\/sl\/wp-json\/wp\/v2\/product_brand?post=6696"},{"taxonomy":"product_cat","embeddable":true,"href":"https:\/\/stem-eshop.gr\/sl\/wp-json\/wp\/v2\/product_cat?post=6696"},{"taxonomy":"product_tag","embeddable":true,"href":"https:\/\/stem-eshop.gr\/sl\/wp-json\/wp\/v2\/product_tag?post=6696"}],"curies":[{"name":"wp","href":"https:\/\/api.w.org\/{rel}","templated":true}]}}