{"id":6681,"date":"2025-05-19T08:32:01","date_gmt":"2025-05-19T08:32:01","guid":{"rendered":"https:\/\/stem-eshop.gr\/product\/%ce%bc%ce%ac%ce%b8%ce%b5%cf%84%ce%b5-arduino-%ce%b5%ce%b3%cf%87%ce%b5%ce%b9%cf%81%ce%af%ce%b4%ce%b9%ce%bf-%ce%b5%ce%ba%ce%bc%ce%ac%ce%b8%ce%b7%cf%83%ce%b7%cf%82-%cf%84%ce%bf%cf%85-%cf%80%ce%b5%cf%81\/"},"modified":"2025-12-17T15:41:54","modified_gmt":"2025-12-17T12:41:54","slug":"%ce%bc%ce%ac%ce%b8%ce%b5%cf%84%ce%b5-arduino-%ce%b5%ce%b3%cf%87%ce%b5%ce%b9%cf%81%ce%af%ce%b4%ce%b9%ce%bf-%ce%b5%ce%ba%ce%bc%ce%ac%ce%b8%ce%b7%cf%83%ce%b7%cf%82-%cf%84%ce%bf%cf%85-%cf%80%ce%b5%cf%81","status":"publish","type":"product","link":"https:\/\/stem-eshop.gr\/sl\/izdelek\/%ce%bc%ce%ac%ce%b8%ce%b5%cf%84%ce%b5-arduino-%ce%b5%ce%b3%cf%87%ce%b5%ce%b9%cf%81%ce%af%ce%b4%ce%b9%ce%bf-%ce%b5%ce%ba%ce%bc%ce%ac%ce%b8%ce%b7%cf%83%ce%b7%cf%82-%cf%84%ce%bf%cf%85-%cf%80%ce%b5%cf%81\/","title":{"rendered":"Nau\u010dite se ARDUINO \u2013 priro\u010dnik za u\u010denje razvojnega okolja za Arduino"},"content":{"rendered":"<p class=\"MsoNormal\">\u00bbNaredi si svoj projekt\u00ab \u2013 to je ogla\u0161evalski slogan znane trgovine z DIY materiali.<\/p>\n<\/p>\n<p class=\"MsoNormal\">Projekti se ne za\u010dnejo s trdim delom, ampak dozorijo v mislih, pogosto ne da bi se kdaj uresni\u010dili.<\/p>\n<\/p>\n<p class=\"MsoNormal\">Velike ideje, ki vsak dan navdihujejo milijone ljudi na spletnih platformah, zahtevajo ve\u010d kot le kladivo in \u017eago.<\/p>\n<\/p>\n<p class=\"MsoNormal\">\n<p>\u00a0<\/p>\n<p class=\"MsoNormal\">Resni\u010dno vznemirljivi projekti prihajajo s podro\u010dja mikroelektronike.<\/p>\n<\/p>\n<p class=\"MsoNormal\">Svetloba, gibanje in interakcija ustvarjajo izku\u0161njo \u00bbaha\u00ab z razvojnim okoljem Arduino.<\/p>\n<\/p>\n<p class=\"MsoNormal\">Uporabite Arduino (strojno in programsko opremo) kot vsestransko orodje, ki spodbuja ustvarjalnost in produktivnost.<\/p>\n<\/p>\n<p class=\"MsoNormal\">\n<p>\u00a0<\/p>\n<p class=\"MsoNormal\">Kaj se lahko nau\u010di\u0161?<\/p>\n<\/p>\n<p class=\"MsoNormal\">Preprosto programirajte avtomat za pija\u010do, govore\u010di aparat za kavo ali sistem za avtomatsko zalivanje rastlin<\/p>\n<\/p>\n<p class=\"MsoNormal\">Ustvarite samovoze\u010di elektri\u010dni avtomobil ali sistem za avtomatizacijo pametnega doma<\/p>\n<\/p>\n<p class=\"MsoNormal\">Dostop do va\u0161ega doma prek \u010dip kartice ali pametnega telefona? Ni problema! Ampak kje za\u010deti? Tukaj in zdaj!<\/p>\n<\/p>\n<p class=\"MsoNormal\">\n<p>\u00a0<\/p>\n<p class=\"MsoNormal\">S temi prakti\u010dnimi navodili se boste korak za korakom nau\u010dili, kako ustvarjati, eksperimentirati in uresni\u010devati ideje z mikrokrmilniki Arduino v preprostem in razumljivem jeziku.<\/p>\n<p class=\"MsoNormal\">\n<p class=\"MsoNormal\">Informacije o knjigi:<\/p>\n<\/p>\n<p class=\"MsoNormal\">Zalo\u017enik: Funduino GmbH<\/p>\n<\/p>\n<p class=\"MsoNormal\">Jezik: nem\u0161\u010dina ali angle\u0161\u010dina<\/p>\n<\/p>\n<p class=\"MsoNormal\">\u0160tevilo strani: 136 strani<\/p><\/p>","protected":false},"excerpt":{"rendered":"<p class=\"MsoNormal\">Nau\u010dite se ARDUINO \u2013 priro\u010dnik za u\u010denje razvojnega okolja za Arduino<\/p>\n<\/p>\n<p class=\"MsoNormal\">Preprosto se nau\u010dite, kako vstopiti v svet mikrokontrolerjev.<\/p>\n<\/p>\n<p class=\"MsoNormal\">Vklju\u010duje 33 navodil in projektov v nem\u0161\u010dini ali angle\u0161\u010dini.<\/p>\n<\/p>\n<p class=\"MsoNormal\">Didakti\u010dno pripravljeno s strani u\u010diteljev.<\/p>\n<\/p>\n<p class=\"MsoNormal\">Vklju\u010duje: kontrolni seznam, vpra\u0161alnik in dodatno navdih.<\/p><\/p>","protected":false},"featured_media":4659,"comment_status":"open","ping_status":"closed","template":"","meta":{"site-sidebar-layout":"default","site-content-layout":"","ast-site-content-layout":"default","site-content-style":"default","site-sidebar-style":"default","ast-global-header-display":"","ast-banner-title-visibility":"","ast-main-header-display":"","ast-hfb-above-header-display":"","ast-hfb-below-header-display":"","ast-hfb-mobile-header-display":"","site-post-title":"","ast-breadcrumbs-content":"","ast-featured-img":"","footer-sml-layout":"","ast-disable-related-posts":"","theme-transparent-header-meta":"","adv-header-id-meta":"","stick-header-meta":"","header-above-stick-meta":"","header-main-stick-meta":"","header-below-stick-meta":"","astra-migrate-meta-layouts":"default","ast-page-background-enabled":"default","ast-page-background-meta":{"desktop":{"background-color":"var(--ast-global-color-5)","background-image":"","background-repeat":"repeat","background-position":"center center","background-size":"auto","background-attachment":"scroll","background-type":"","background-media":"","overlay-type":"","overlay-color":"","overlay-opacity":"","overlay-gradient":""},"tablet":{"background-color":"","background-image":"","background-repeat":"repeat","background-position":"center center","background-size":"auto","background-attachment":"scroll","background-type":"","background-media":"","overlay-type":"","overlay-color":"","overlay-opacity":"","overlay-gradient":""},"mobile":{"background-color":"","background-image":"","background-repeat":"repeat","background-position":"center center","background-size":"auto","background-attachment":"scroll","background-type":"","background-media":"","overlay-type":"","overlay-color":"","overlay-opacity":"","overlay-gradient":""}},"ast-content-background-meta":{"desktop":{"background-color":"var(--ast-global-color-4)","background-image":"","background-repeat":"repeat","background-position":"center center","background-size":"auto","background-attachment":"scroll","background-type":"","background-media":"","overlay-type":"","overlay-color":"","overlay-opacity":"","overlay-gradient":""},"tablet":{"background-color":"var(--ast-global-color-4)","background-image":"","background-repeat":"repeat","background-position":"center center","background-size":"auto","background-attachment":"scroll","background-type":"","background-media":"","overlay-type":"","overlay-color":"","overlay-opacity":"","overlay-gradient":""},"mobile":{"background-color":"var(--ast-global-color-4)","background-image":"","background-repeat":"repeat","background-position":"center center","background-size":"auto","background-attachment":"scroll","background-type":"","background-media":"","overlay-type":"","overlay-color":"","overlay-opacity":"","overlay-gradient":""}}},"product_brand":[103],"product_cat":[39,33,52,32,57,35,40,45,59],"product_tag":[],"class_list":{"0":"post-6681","1":"product","2":"type-product","3":"status-publish","4":"has-post-thumbnail","6":"product_brand-funduino","7":"product_cat-39","8":"product_cat-33","9":"product_cat-52","10":"product_cat-32","11":"product_cat-57","12":"product_cat--10-12-","13":"product_cat--12-","14":"product_cat-45","15":"product_cat-59","16":"desktop-align-left","17":"tablet-align-left","18":"mobile-align-left","20":"first","21":"instock","22":"taxable","23":"shipping-taxable","24":"purchasable","25":"product-type-simple"},"_links":{"self":[{"href":"https:\/\/stem-eshop.gr\/sl\/wp-json\/wp\/v2\/product\/6681","targetHints":{"allow":["GET"]}}],"collection":[{"href":"https:\/\/stem-eshop.gr\/sl\/wp-json\/wp\/v2\/product"}],"about":[{"href":"https:\/\/stem-eshop.gr\/sl\/wp-json\/wp\/v2\/types\/product"}],"replies":[{"embeddable":true,"href":"https:\/\/stem-eshop.gr\/sl\/wp-json\/wp\/v2\/comments?post=6681"}],"wp:featuredmedia":[{"embeddable":true,"href":"https:\/\/stem-eshop.gr\/sl\/wp-json\/wp\/v2\/media\/4659"}],"wp:attachment":[{"href":"https:\/\/stem-eshop.gr\/sl\/wp-json\/wp\/v2\/media?parent=6681"}],"wp:term":[{"taxonomy":"product_brand","embeddable":true,"href":"https:\/\/stem-eshop.gr\/sl\/wp-json\/wp\/v2\/product_brand?post=6681"},{"taxonomy":"product_cat","embeddable":true,"href":"https:\/\/stem-eshop.gr\/sl\/wp-json\/wp\/v2\/product_cat?post=6681"},{"taxonomy":"product_tag","embeddable":true,"href":"https:\/\/stem-eshop.gr\/sl\/wp-json\/wp\/v2\/product_tag?post=6681"}],"curies":[{"name":"wp","href":"https:\/\/api.w.org\/{rel}","templated":true}]}}