{"id":6680,"date":"2025-05-19T08:31:59","date_gmt":"2025-05-19T08:31:59","guid":{"rendered":"https:\/\/stem-eshop.gr\/product\/%cf%80%ce%b9%ce%b5%ce%b6%ce%bf%ce%b7%ce%bb%ce%b5%ce%ba%cf%84%cf%81%ce%b9%ce%ba%cf%8c-%ce%b7%cf%87%ce%b5%ce%af%ce%bf-5v-%ce%b7%cf%87%ce%b5%ce%af%ce%bf-%cf%83%cf%85%ce%bc%ce%b2%ce%b1%cf%84%cf%8c\/"},"modified":"2025-05-22T21:13:34","modified_gmt":"2025-05-22T18:13:34","slug":"%cf%80%ce%b9%ce%b5%ce%b6%ce%bf%ce%b7%ce%bb%ce%b5%ce%ba%cf%84%cf%81%ce%b9%ce%ba%cf%8c-%ce%b7%cf%87%ce%b5%ce%af%ce%bf-5v-%ce%b7%cf%87%ce%b5%ce%af%ce%bf-%cf%83%cf%85%ce%bc%ce%b2%ce%b1%cf%84%cf%8c","status":"publish","type":"product","link":"https:\/\/stem-eshop.gr\/sl\/izdelek\/%cf%80%ce%b9%ce%b5%ce%b6%ce%bf%ce%b7%ce%bb%ce%b5%ce%ba%cf%84%cf%81%ce%b9%ce%ba%cf%8c-%ce%b7%cf%87%ce%b5%ce%af%ce%bf-5v-%ce%b7%cf%87%ce%b5%ce%af%ce%bf-%cf%83%cf%85%ce%bc%ce%b2%ce%b1%cf%84%cf%8c\/","title":{"rendered":"Piezoelektri\u010dni zvo\u010dnik 5V \/ zvo\u010dnik, zdru\u017eljiv z Arduinom"},"content":{"rendered":"<p class=\"MsoNormal\">Opis:<\/p>\n<\/p>\n<p class=\"MsoNormal\">Piezoelektri\u010dni zvo\u010dnik je akusti\u010dna izhodna naprava, ki uporablja piezoelektri\u010dno lastnost za ustvarjanje zvoka.<\/p>\n<p class=\"MsoNormal\">Piezoelektri\u010dni materiali pri mehanski deformaciji proizvajajo elektri\u010dni naboj.<\/p>\n<\/p>\n<p class=\"MsoNormal\">Postopek deluje tudi obratno: uporaba elektri\u010dne napetosti povzro\u010di mehansko deformacijo.<\/p>\n<\/p>\n<p class=\"MsoNormal\">Ta lastnost se uporablja v piezoelektri\u010dnih zvo\u010dnikih za ustvarjanje zvo\u010dnih valov.<\/p>\n<\/p>\n<p class=\"MsoNormal\">Ta zvo\u010dnik ustvarja izmeni\u010dni tok iz 5V enosmerne napetosti, ki se dovaja na tanek piezoelektri\u010dni element.<\/p>\n<\/p>\n<p class=\"MsoNormal\">Ko se nanj priklju\u010di napetost, se piezoelektri\u010dni element periodi\u010dno \u0161iri in kr\u010di, kar ustvarja zvo\u010dne valove.<\/p>\n<\/p>\n<p class=\"MsoNormal\">\n<p class=\"MsoNormal\">Pregled:<\/p>\n<\/p>\n<p class=\"MsoNormal\">Napajanje: 5V<\/p>\n<\/p>\n<p class=\"MsoNormal\">Dimenzije: 12 \u00d7 9,5 mm<\/p>\n<\/p>\n<p class=\"MsoNormal\">Kontaktna razdalja: ~7 mm (zdru\u017eljivo s plo\u0161\u010do za testiranje)<\/p><\/p>","protected":false},"excerpt":{"rendered":"<p>Ta piezoelektri\u010dni zvo\u010dnik je isti model, kot je vklju\u010den v na\u0161e Arduino komplete.<\/p>","protected":false},"featured_media":4656,"comment_status":"open","ping_status":"closed","template":"","meta":{"site-sidebar-layout":"default","site-content-layout":"","ast-site-content-layout":"default","site-content-style":"default","site-sidebar-style":"default","ast-global-header-display":"","ast-banner-title-visibility":"","ast-main-header-display":"","ast-hfb-above-header-display":"","ast-hfb-below-header-display":"","ast-hfb-mobile-header-display":"","site-post-title":"","ast-breadcrumbs-content":"","ast-featured-img":"","footer-sml-layout":"","ast-disable-related-posts":"","theme-transparent-header-meta":"","adv-header-id-meta":"","stick-header-meta":"","header-above-stick-meta":"","header-main-stick-meta":"","header-below-stick-meta":"","astra-migrate-meta-layouts":"default","ast-page-background-enabled":"default","ast-page-background-meta":{"desktop":{"background-color":"var(--ast-global-color-5)","background-image":"","background-repeat":"repeat","background-position":"center center","background-size":"auto","background-attachment":"scroll","background-type":"","background-media":"","overlay-type":"","overlay-color":"","overlay-opacity":"","overlay-gradient":""},"tablet":{"background-color":"","background-image":"","background-repeat":"repeat","background-position":"center center","background-size":"auto","background-attachment":"scroll","background-type":"","background-media":"","overlay-type":"","overlay-color":"","overlay-opacity":"","overlay-gradient":""},"mobile":{"background-color":"","background-image":"","background-repeat":"repeat","background-position":"center center","background-size":"auto","background-attachment":"scroll","background-type":"","background-media":"","overlay-type":"","overlay-color":"","overlay-opacity":"","overlay-gradient":""}},"ast-content-background-meta":{"desktop":{"background-color":"var(--ast-global-color-4)","background-image":"","background-repeat":"repeat","background-position":"center center","background-size":"auto","background-attachment":"scroll","background-type":"","background-media":"","overlay-type":"","overlay-color":"","overlay-opacity":"","overlay-gradient":""},"tablet":{"background-color":"var(--ast-global-color-4)","background-image":"","background-repeat":"repeat","background-position":"center center","background-size":"auto","background-attachment":"scroll","background-type":"","background-media":"","overlay-type":"","overlay-color":"","overlay-opacity":"","overlay-gradient":""},"mobile":{"background-color":"var(--ast-global-color-4)","background-image":"","background-repeat":"repeat","background-position":"center center","background-size":"auto","background-attachment":"scroll","background-type":"","background-media":"","overlay-type":"","overlay-color":"","overlay-opacity":"","overlay-gradient":""}}},"product_brand":[103],"product_cat":[52,29,32,57,35,40,59],"product_tag":[],"class_list":{"0":"post-6680","1":"product","2":"type-product","3":"status-publish","4":"has-post-thumbnail","6":"product_brand-funduino","7":"product_cat-52","8":"product_cat-29","9":"product_cat-32","10":"product_cat-57","11":"product_cat--10-12-","12":"product_cat--12-","13":"product_cat-59","14":"desktop-align-left","15":"tablet-align-left","16":"mobile-align-left","18":"first","19":"instock","20":"taxable","21":"shipping-taxable","22":"purchasable","23":"product-type-simple"},"_links":{"self":[{"href":"https:\/\/stem-eshop.gr\/sl\/wp-json\/wp\/v2\/product\/6680","targetHints":{"allow":["GET"]}}],"collection":[{"href":"https:\/\/stem-eshop.gr\/sl\/wp-json\/wp\/v2\/product"}],"about":[{"href":"https:\/\/stem-eshop.gr\/sl\/wp-json\/wp\/v2\/types\/product"}],"replies":[{"embeddable":true,"href":"https:\/\/stem-eshop.gr\/sl\/wp-json\/wp\/v2\/comments?post=6680"}],"wp:featuredmedia":[{"embeddable":true,"href":"https:\/\/stem-eshop.gr\/sl\/wp-json\/wp\/v2\/media\/4656"}],"wp:attachment":[{"href":"https:\/\/stem-eshop.gr\/sl\/wp-json\/wp\/v2\/media?parent=6680"}],"wp:term":[{"taxonomy":"product_brand","embeddable":true,"href":"https:\/\/stem-eshop.gr\/sl\/wp-json\/wp\/v2\/product_brand?post=6680"},{"taxonomy":"product_cat","embeddable":true,"href":"https:\/\/stem-eshop.gr\/sl\/wp-json\/wp\/v2\/product_cat?post=6680"},{"taxonomy":"product_tag","embeddable":true,"href":"https:\/\/stem-eshop.gr\/sl\/wp-json\/wp\/v2\/product_tag?post=6680"}],"curies":[{"name":"wp","href":"https:\/\/api.w.org\/{rel}","templated":true}]}}