{"id":6673,"date":"2025-05-19T08:31:38","date_gmt":"2025-05-19T08:31:38","guid":{"rendered":"https:\/\/stem-eshop.gr\/product\/%ce%b1%ce%bd%ce%b9%cf%87%ce%bd%ce%b5%cf%85%cf%84%ce%ae%cf%82-%ce%ba%ce%af%ce%bd%ce%b7%cf%83%ce%b7%cf%82-sr602-mini-pir-%ce%b1%ce%b9%cf%83%ce%b8%ce%b7%cf%84%ce%ae%cf%81%ce%b1%cf%82-%ce%b1%ce%bd%ce%af\/"},"modified":"2025-05-22T21:13:34","modified_gmt":"2025-05-22T18:13:34","slug":"%ce%b1%ce%bd%ce%b9%cf%87%ce%bd%ce%b5%cf%85%cf%84%ce%ae%cf%82-%ce%ba%ce%af%ce%bd%ce%b7%cf%83%ce%b7%cf%82-sr602-mini-pir-%ce%b1%ce%b9%cf%83%ce%b8%ce%b7%cf%84%ce%ae%cf%81%ce%b1%cf%82-%ce%b1%ce%bd%ce%af","status":"publish","type":"product","link":"https:\/\/stem-eshop.gr\/sl\/izdelek\/%ce%b1%ce%bd%ce%b9%cf%87%ce%bd%ce%b5%cf%85%cf%84%ce%ae%cf%82-%ce%ba%ce%af%ce%bd%ce%b7%cf%83%ce%b7%cf%82-sr602-mini-pir-%ce%b1%ce%b9%cf%83%ce%b8%ce%b7%cf%84%ce%ae%cf%81%ce%b1%cf%82-%ce%b1%ce%bd%ce%af\/","title":{"rendered":"Detektor gibanja SR602 MINI PIR senzor za zaznavanje gibanja."},"content":{"rendered":"<p>Ta model ima visoko ob\u010dutljivost, hiter odziv, nizko porabo energije v stanju pripravljenosti, majhno velikost in enostavno namestitev. Le\u010da in glava zati\u010da sta \u017ee spajkani, napajanje pa je zagotovljeno brez te\u017eav.<\/p>\n<p>Uporablja se lahko za osvetlitev s telesnimi senzorji, alarme, varnost, nadzor dostopa. \u010cas visoke ravni izhoda tega izdelka je nastavljiv, s tovarni\u0161ko prednastavljenim \u010dasom izhoda od 2,5 sekunde do 1 ure.<\/p>\n<p>Privzeti \u010das je pribli\u017eno 3 sekunde. Ta \u010das je mogo\u010de spremeniti s spajkanjem uporov, \u010deprav je to redko uporabno za uporabo z Arduinom.<\/p>\n<p>Napajalna napetost modela je od 3,3 V do 15 V, omejitev napetosti pa je od 2,8 V do 18 V.<\/p>\n<p>Izhod senzorja je naslednji: 2 sekundi po vklopu ustvari visoko raven, nato pa preide na nizko raven in preklopi v stanje pripravljenosti.<\/p>\n<p>Ta model je zelo ob\u010dutljiv, zato bodite pozorni na mesto namestitve in se izogibajte virom toplote (npr. zra\u010dnim kanalom ali neposredni son\u010dni svetlobi). Ob\u010dutljivost je mogo\u010de spremeniti tudi z uporom (plo\u0161\u010do).<\/p>\n<\/p>\n<p>Tehni\u010dne specifikacije:<\/p>\n<p>Model: SR-602 (piroelektri\u010dni infrarde\u010di senzor za \u010dlove\u0161ko telo)<\/p>\n<p>Razdalja zaznavanja: do 5 metrov (priporo\u010dena razdalja: 0\u20133,5 m)<\/p>\n<p>Izhod: Visoka = 3,3 V, Nizka = 0 V<\/p>\n<p>Napajanje: enosmerni tok 3,3 V \u2013 15 V<\/p>\n<p>Tok v stanju pripravljenosti: 20 \u03bcA<\/p>\n<p>Premer senzorja: 13,5 mm<\/p>\n<p>Premer le\u010de: 10 mm<\/p><\/p>","protected":false},"excerpt":{"rendered":"<p>Ta detektor gibanja je novej\u0161a in bolj kompaktna razli\u010dica tako imenovanega PIR senzorja (detektorja gibanja).<\/p>\n<p>Prednost senzorja je, da ga je mogo\u010de namestiti na plo\u0161\u010do z uporabo navzdol obrnjenih no\u017eic. Vendar pa so podrobne nastavitve, kot je ob\u010dutljivost, bolj zapletene in se izvajajo s spajkanjem uporov.<\/p>","protected":false},"featured_media":5578,"comment_status":"open","ping_status":"closed","template":"","meta":{"site-sidebar-layout":"default","site-content-layout":"","ast-site-content-layout":"default","site-content-style":"default","site-sidebar-style":"default","ast-global-header-display":"","ast-banner-title-visibility":"","ast-main-header-display":"","ast-hfb-above-header-display":"","ast-hfb-below-header-display":"","ast-hfb-mobile-header-display":"","site-post-title":"","ast-breadcrumbs-content":"","ast-featured-img":"","footer-sml-layout":"","ast-disable-related-posts":"","theme-transparent-header-meta":"","adv-header-id-meta":"","stick-header-meta":"","header-above-stick-meta":"","header-main-stick-meta":"","header-below-stick-meta":"","astra-migrate-meta-layouts":"default","ast-page-background-enabled":"default","ast-page-background-meta":{"desktop":{"background-color":"var(--ast-global-color-5)","background-image":"","background-repeat":"repeat","background-position":"center center","background-size":"auto","background-attachment":"scroll","background-type":"","background-media":"","overlay-type":"","overlay-color":"","overlay-opacity":"","overlay-gradient":""},"tablet":{"background-color":"","background-image":"","background-repeat":"repeat","background-position":"center center","background-size":"auto","background-attachment":"scroll","background-type":"","background-media":"","overlay-type":"","overlay-color":"","overlay-opacity":"","overlay-gradient":""},"mobile":{"background-color":"","background-image":"","background-repeat":"repeat","background-position":"center center","background-size":"auto","background-attachment":"scroll","background-type":"","background-media":"","overlay-type":"","overlay-color":"","overlay-opacity":"","overlay-gradient":""}},"ast-content-background-meta":{"desktop":{"background-color":"var(--ast-global-color-4)","background-image":"","background-repeat":"repeat","background-position":"center center","background-size":"auto","background-attachment":"scroll","background-type":"","background-media":"","overlay-type":"","overlay-color":"","overlay-opacity":"","overlay-gradient":""},"tablet":{"background-color":"var(--ast-global-color-4)","background-image":"","background-repeat":"repeat","background-position":"center center","background-size":"auto","background-attachment":"scroll","background-type":"","background-media":"","overlay-type":"","overlay-color":"","overlay-opacity":"","overlay-gradient":""},"mobile":{"background-color":"var(--ast-global-color-4)","background-image":"","background-repeat":"repeat","background-position":"center center","background-size":"auto","background-attachment":"scroll","background-type":"","background-media":"","overlay-type":"","overlay-color":"","overlay-opacity":"","overlay-gradient":""}}},"product_brand":[103],"product_cat":[52,29,32,57,35,40,59],"product_tag":[],"class_list":{"0":"post-6673","1":"product","2":"type-product","3":"status-publish","4":"has-post-thumbnail","6":"product_brand-funduino","7":"product_cat-52","8":"product_cat-29","9":"product_cat-32","10":"product_cat-57","11":"product_cat--10-12-","12":"product_cat--12-","13":"product_cat-59","14":"desktop-align-left","15":"tablet-align-left","16":"mobile-align-left","18":"first","19":"instock","20":"taxable","21":"shipping-taxable","22":"purchasable","23":"product-type-simple"},"_links":{"self":[{"href":"https:\/\/stem-eshop.gr\/sl\/wp-json\/wp\/v2\/product\/6673","targetHints":{"allow":["GET"]}}],"collection":[{"href":"https:\/\/stem-eshop.gr\/sl\/wp-json\/wp\/v2\/product"}],"about":[{"href":"https:\/\/stem-eshop.gr\/sl\/wp-json\/wp\/v2\/types\/product"}],"replies":[{"embeddable":true,"href":"https:\/\/stem-eshop.gr\/sl\/wp-json\/wp\/v2\/comments?post=6673"}],"wp:featuredmedia":[{"embeddable":true,"href":"https:\/\/stem-eshop.gr\/sl\/wp-json\/wp\/v2\/media\/5578"}],"wp:attachment":[{"href":"https:\/\/stem-eshop.gr\/sl\/wp-json\/wp\/v2\/media?parent=6673"}],"wp:term":[{"taxonomy":"product_brand","embeddable":true,"href":"https:\/\/stem-eshop.gr\/sl\/wp-json\/wp\/v2\/product_brand?post=6673"},{"taxonomy":"product_cat","embeddable":true,"href":"https:\/\/stem-eshop.gr\/sl\/wp-json\/wp\/v2\/product_cat?post=6673"},{"taxonomy":"product_tag","embeddable":true,"href":"https:\/\/stem-eshop.gr\/sl\/wp-json\/wp\/v2\/product_tag?post=6673"}],"curies":[{"name":"wp","href":"https:\/\/api.w.org\/{rel}","templated":true}]}}