{"id":6656,"date":"2025-05-19T08:31:18","date_gmt":"2025-05-19T08:31:18","guid":{"rendered":"https:\/\/stem-eshop.gr\/product\/%ce%b1%ce%b9%cf%83%ce%b8%ce%b7%cf%84%ce%ae%cf%81%ce%b1%cf%82-%ce%b8%ce%b5%cf%81%ce%bc%ce%bf%ce%ba%cf%81%ce%b1%cf%83%ce%af%ce%b1%cf%82-tmp36gt9z\/"},"modified":"2025-11-06T11:25:36","modified_gmt":"2025-11-06T08:25:36","slug":"%ce%b1%ce%b9%cf%83%ce%b8%ce%b7%cf%84%ce%ae%cf%81%ce%b1%cf%82-%ce%b8%ce%b5%cf%81%ce%bc%ce%bf%ce%ba%cf%81%ce%b1%cf%83%ce%af%ce%b1%cf%82-tmp36gt9z","status":"publish","type":"product","link":"https:\/\/stem-eshop.gr\/sl\/izdelek\/%ce%b1%ce%b9%cf%83%ce%b8%ce%b7%cf%84%ce%ae%cf%81%ce%b1%cf%82-%ce%b8%ce%b5%cf%81%ce%bc%ce%bf%ce%ba%cf%81%ce%b1%cf%83%ce%af%ce%b1%cf%82-tmp36gt9z\/","title":{"rendered":"Temperaturni senzor TMP36GT9Z"},"content":{"rendered":"<p class=\"MsoNormal\">Zdru\u017eljivost: Arduino, Raspberry Pi in drugi.<\/p>\n<\/p>\n<p class=\"MsoNormal\">Dimenzija mre\u017ee: 2,54 mm<\/p>\n<\/p>\n<p class=\"MsoNormal\">Izhodni signal: Analogni<\/p>\n<\/p>\n<p class=\"MsoNormal\">Napajanje: 2,7 \u2013 5,5 V<\/p>\n<\/p>\n<p class=\"MsoNormal\">Lo\u010dljivost: 10 mV\/\u00b0C<\/p>\n<\/p>\n<p class=\"MsoNormal\">Natan\u010dnost merjenja: \u00b1 3 \u00b0C<\/p>\n<\/p>\n<p class=\"MsoNormal\">Delovna temperatura: od -40 \u00b0C do 150 \u00b0C<\/p><\/p>","protected":false},"excerpt":{"rendered":"<p class=\"MsoNormal\">Temperaturni senzor TMP36, ki je vklju\u010den tudi v na\u0161e izobra\u017eevalne komplete Arduino.<\/p>","protected":false},"featured_media":5525,"comment_status":"open","ping_status":"closed","template":"","meta":{"site-sidebar-layout":"default","site-content-layout":"","ast-site-content-layout":"default","site-content-style":"default","site-sidebar-style":"default","ast-global-header-display":"","ast-banner-title-visibility":"","ast-main-header-display":"","ast-hfb-above-header-display":"","ast-hfb-below-header-display":"","ast-hfb-mobile-header-display":"","site-post-title":"","ast-breadcrumbs-content":"","ast-featured-img":"","footer-sml-layout":"","ast-disable-related-posts":"","theme-transparent-header-meta":"","adv-header-id-meta":"","stick-header-meta":"","header-above-stick-meta":"","header-main-stick-meta":"","header-below-stick-meta":"","astra-migrate-meta-layouts":"default","ast-page-background-enabled":"default","ast-page-background-meta":{"desktop":{"background-color":"var(--ast-global-color-5)","background-image":"","background-repeat":"repeat","background-position":"center center","background-size":"auto","background-attachment":"scroll","background-type":"","background-media":"","overlay-type":"","overlay-color":"","overlay-opacity":"","overlay-gradient":""},"tablet":{"background-color":"","background-image":"","background-repeat":"repeat","background-position":"center center","background-size":"auto","background-attachment":"scroll","background-type":"","background-media":"","overlay-type":"","overlay-color":"","overlay-opacity":"","overlay-gradient":""},"mobile":{"background-color":"","background-image":"","background-repeat":"repeat","background-position":"center center","background-size":"auto","background-attachment":"scroll","background-type":"","background-media":"","overlay-type":"","overlay-color":"","overlay-opacity":"","overlay-gradient":""}},"ast-content-background-meta":{"desktop":{"background-color":"var(--ast-global-color-4)","background-image":"","background-repeat":"repeat","background-position":"center center","background-size":"auto","background-attachment":"scroll","background-type":"","background-media":"","overlay-type":"","overlay-color":"","overlay-opacity":"","overlay-gradient":""},"tablet":{"background-color":"var(--ast-global-color-4)","background-image":"","background-repeat":"repeat","background-position":"center center","background-size":"auto","background-attachment":"scroll","background-type":"","background-media":"","overlay-type":"","overlay-color":"","overlay-opacity":"","overlay-gradient":""},"mobile":{"background-color":"var(--ast-global-color-4)","background-image":"","background-repeat":"repeat","background-position":"center center","background-size":"auto","background-attachment":"scroll","background-type":"","background-media":"","overlay-type":"","overlay-color":"","overlay-opacity":"","overlay-gradient":""}}},"product_brand":[103],"product_cat":[52,29,32,57,35,40,59],"product_tag":[],"class_list":{"0":"post-6656","1":"product","2":"type-product","3":"status-publish","4":"has-post-thumbnail","6":"product_brand-funduino","7":"product_cat-52","8":"product_cat-29","9":"product_cat-32","10":"product_cat-57","11":"product_cat--10-12-","12":"product_cat--12-","13":"product_cat-59","14":"desktop-align-left","15":"tablet-align-left","16":"mobile-align-left","18":"first","19":"instock","20":"taxable","21":"shipping-taxable","22":"purchasable","23":"product-type-simple"},"_links":{"self":[{"href":"https:\/\/stem-eshop.gr\/sl\/wp-json\/wp\/v2\/product\/6656","targetHints":{"allow":["GET"]}}],"collection":[{"href":"https:\/\/stem-eshop.gr\/sl\/wp-json\/wp\/v2\/product"}],"about":[{"href":"https:\/\/stem-eshop.gr\/sl\/wp-json\/wp\/v2\/types\/product"}],"replies":[{"embeddable":true,"href":"https:\/\/stem-eshop.gr\/sl\/wp-json\/wp\/v2\/comments?post=6656"}],"wp:featuredmedia":[{"embeddable":true,"href":"https:\/\/stem-eshop.gr\/sl\/wp-json\/wp\/v2\/media\/5525"}],"wp:attachment":[{"href":"https:\/\/stem-eshop.gr\/sl\/wp-json\/wp\/v2\/media?parent=6656"}],"wp:term":[{"taxonomy":"product_brand","embeddable":true,"href":"https:\/\/stem-eshop.gr\/sl\/wp-json\/wp\/v2\/product_brand?post=6656"},{"taxonomy":"product_cat","embeddable":true,"href":"https:\/\/stem-eshop.gr\/sl\/wp-json\/wp\/v2\/product_cat?post=6656"},{"taxonomy":"product_tag","embeddable":true,"href":"https:\/\/stem-eshop.gr\/sl\/wp-json\/wp\/v2\/product_tag?post=6656"}],"curies":[{"name":"wp","href":"https:\/\/api.w.org\/{rel}","templated":true}]}}