{"id":6643,"date":"2025-05-19T08:31:01","date_gmt":"2025-05-19T08:31:01","guid":{"rendered":"https:\/\/stem-eshop.gr\/product\/%cf%83%ce%b5%cf%84-%ce%bc%ce%b1%ce%b3%ce%bd%ce%b7%cf%84%ce%b9%ce%ba%ce%ac-%cf%84%ce%bf%cf%85%ce%b2%ce%bb%ce%ac%ce%ba%ce%b9%ce%b1-80-%cf%84%ce%b5%ce%bc%ce%b1%cf%87%ce%af%cf%89%ce%bd\/"},"modified":"2025-05-24T12:16:29","modified_gmt":"2025-05-24T09:16:29","slug":"%cf%83%ce%b5%cf%84-%ce%bc%ce%b1%ce%b3%ce%bd%ce%b7%cf%84%ce%b9%ce%ba%ce%ac-%cf%84%ce%bf%cf%85%ce%b2%ce%bb%ce%ac%ce%ba%ce%b9%ce%b1-80-%cf%84%ce%b5%ce%bc%ce%b1%cf%87%ce%af%cf%89%ce%bd","status":"publish","type":"product","link":"https:\/\/stem-eshop.gr\/sl\/izdelek\/%cf%83%ce%b5%cf%84-%ce%bc%ce%b1%ce%b3%ce%bd%ce%b7%cf%84%ce%b9%ce%ba%ce%ac-%cf%84%ce%bf%cf%85%ce%b2%ce%bb%ce%ac%ce%ba%ce%b9%ce%b1-80-%cf%84%ce%b5%ce%bc%ce%b1%cf%87%ce%af%cf%89%ce%bd\/","title":{"rendered":"Komplet magnetnih gradnikov, 80 kosov"},"content":{"rendered":"<p class=\"MsoNormal\">Zna\u010dilnosti:<\/p>\n<p class=\"MsoNormal\">80 kosov razli\u010dnih oblik in barv: Vklju\u010duje trikotnike, kvadrate in druge geometrijske oblike za neskon\u010dne kombinacije.<\/p>\n<p class=\"MsoNormal\">Mo\u010dni magneti: Opeke se enostavno povezujejo, kar zagotavlja stabilnost konstrukcij.<\/p>\n<p class=\"MsoNormal\">Varen material: Izdelano iz nestrupene, visokokakovostne ABS plastike, odporne na udarce.<\/p>\n<p class=\"MsoNormal\">Ve\u010d mo\u017enosti konstrukcije: Omogo\u010da otrokom ustvarjanje razli\u010dnih geometrijskih oblik in \u0161e veliko ve\u010d.<\/p>\n<p class=\"MsoNormal\">Izobra\u017eevalne koristi:<\/p>\n<p class=\"MsoNormal\">Razvoj STEM ve\u0161\u010din: Otroke seznani s koncepti in\u017eenirstva, geometrije in fizike.<\/p>\n<p class=\"MsoNormal\">Ustvarjalnost in domi\u0161ljija: Otroke spodbujamo k ustvarjanju edinstvenih konstrukcij, kar krepi njihovo domi\u0161ljijo.<\/p>\n<p class=\"MsoNormal\">Koordinacija rok in o\u010di: Izbolj\u0161uje motori\u010dne sposobnosti in finomotori\u010dne sposobnosti.<\/p>\n<p class=\"MsoNormal\">Sodelovanje in dru\u017eabnost: Idealno za timsko igro, ki krepi sodelovanje.<\/p>\n<p class=\"MsoNormal\">Idealno za:<\/p>\n<p class=\"MsoNormal\">Otroci, stari 3 leta in ve\u010d.<\/p>\n<p class=\"MsoNormal\">Izobra\u017eevalna uporaba v u\u010dilnicah ali ustvarjalna igra doma.<\/p>\n<p class=\"MsoNormal\">80-delni komplet magnetnih gradbenih kock je odli\u010dno orodje za uvajanje otrok v svet znanosti in in\u017eenirstva ter jim ponuja ure ustvarjalne in pou\u010dne zabave!<\/p>","protected":false},"excerpt":{"rendered":"<p class=\"MsoNormal\">80-delni komplet magnetnih kock ponuja neskon\u010dne ure ustvarjalne zabave in u\u010denja.<\/p>\n<p class=\"MsoNormal\">Z \u017eivahnimi barvami in mo\u010dnimi magneti so kocke idealne za otroke, ki radi gradijo, hkrati pa razvijajo svoje STEM (znanost, tehnologija, in\u017eenirstvo, matematika) ve\u0161\u010dine.<\/p>","protected":false},"featured_media":5465,"comment_status":"open","ping_status":"closed","template":"","meta":{"site-sidebar-layout":"default","site-content-layout":"","ast-site-content-layout":"default","site-content-style":"default","site-sidebar-style":"default","ast-global-header-display":"","ast-banner-title-visibility":"","ast-main-header-display":"","ast-hfb-above-header-display":"","ast-hfb-below-header-display":"","ast-hfb-mobile-header-display":"","site-post-title":"","ast-breadcrumbs-content":"","ast-featured-img":"","footer-sml-layout":"","ast-disable-related-posts":"","theme-transparent-header-meta":"default","adv-header-id-meta":"","stick-header-meta":"","header-above-stick-meta":"","header-main-stick-meta":"","header-below-stick-meta":"","astra-migrate-meta-layouts":"set","ast-page-background-enabled":"default","ast-page-background-meta":{"desktop":{"background-color":"var(--ast-global-color-5)","background-image":"","background-repeat":"repeat","background-position":"center center","background-size":"auto","background-attachment":"scroll","background-type":"","background-media":"","overlay-type":"","overlay-color":"","overlay-opacity":"","overlay-gradient":""},"tablet":{"background-color":"","background-image":"","background-repeat":"repeat","background-position":"center center","background-size":"auto","background-attachment":"scroll","background-type":"","background-media":"","overlay-type":"","overlay-color":"","overlay-opacity":"","overlay-gradient":""},"mobile":{"background-color":"","background-image":"","background-repeat":"repeat","background-position":"center center","background-size":"auto","background-attachment":"scroll","background-type":"","background-media":"","overlay-type":"","overlay-color":"","overlay-opacity":"","overlay-gradient":""}},"ast-content-background-meta":{"desktop":{"background-color":"var(--ast-global-color-4)","background-image":"","background-repeat":"repeat","background-position":"center center","background-size":"auto","background-attachment":"scroll","background-type":"","background-media":"","overlay-type":"","overlay-color":"","overlay-opacity":"","overlay-gradient":""},"tablet":{"background-color":"var(--ast-global-color-4)","background-image":"","background-repeat":"repeat","background-position":"center center","background-size":"auto","background-attachment":"scroll","background-type":"","background-media":"","overlay-type":"","overlay-color":"","overlay-opacity":"","overlay-gradient":""},"mobile":{"background-color":"var(--ast-global-color-4)","background-image":"","background-repeat":"repeat","background-position":"center center","background-size":"auto","background-attachment":"scroll","background-type":"","background-media":"","overlay-type":"","overlay-color":"","overlay-opacity":"","overlay-gradient":""}}},"product_brand":[107],"product_cat":[126,43,29,32,57,30,26,59],"product_tag":[],"class_list":{"0":"post-6643","1":"product","2":"type-product","3":"status-publish","4":"has-post-thumbnail","6":"product_brand-ngs","7":"product_cat-126","8":"product_cat-43","9":"product_cat-29","10":"product_cat-32","11":"product_cat-57","12":"product_cat--6-9-","13":"product_cat-26","14":"product_cat-59","15":"desktop-align-left","16":"tablet-align-left","17":"mobile-align-left","19":"first","20":"instock","21":"taxable","22":"shipping-taxable","23":"purchasable","24":"product-type-simple"},"_links":{"self":[{"href":"https:\/\/stem-eshop.gr\/sl\/wp-json\/wp\/v2\/product\/6643","targetHints":{"allow":["GET"]}}],"collection":[{"href":"https:\/\/stem-eshop.gr\/sl\/wp-json\/wp\/v2\/product"}],"about":[{"href":"https:\/\/stem-eshop.gr\/sl\/wp-json\/wp\/v2\/types\/product"}],"replies":[{"embeddable":true,"href":"https:\/\/stem-eshop.gr\/sl\/wp-json\/wp\/v2\/comments?post=6643"}],"wp:featuredmedia":[{"embeddable":true,"href":"https:\/\/stem-eshop.gr\/sl\/wp-json\/wp\/v2\/media\/5465"}],"wp:attachment":[{"href":"https:\/\/stem-eshop.gr\/sl\/wp-json\/wp\/v2\/media?parent=6643"}],"wp:term":[{"taxonomy":"product_brand","embeddable":true,"href":"https:\/\/stem-eshop.gr\/sl\/wp-json\/wp\/v2\/product_brand?post=6643"},{"taxonomy":"product_cat","embeddable":true,"href":"https:\/\/stem-eshop.gr\/sl\/wp-json\/wp\/v2\/product_cat?post=6643"},{"taxonomy":"product_tag","embeddable":true,"href":"https:\/\/stem-eshop.gr\/sl\/wp-json\/wp\/v2\/product_tag?post=6643"}],"curies":[{"name":"wp","href":"https:\/\/api.w.org\/{rel}","templated":true}]}}