{"id":6641,"date":"2025-05-19T08:30:58","date_gmt":"2025-05-19T08:30:58","guid":{"rendered":"https:\/\/stem-eshop.gr\/product\/mega-builds-dual-motor-helicopter\/"},"modified":"2025-05-22T21:13:31","modified_gmt":"2025-05-22T18:13:31","slug":"mega-builds-dual-motor-helicopter","status":"publish","type":"product","link":"https:\/\/stem-eshop.gr\/sl\/izdelek\/mega-builds-dual-motor-helicopter\/","title":{"rendered":"MEGA GRADBE: Dvomotorni helikopter"},"content":{"rendered":"<p>Seveda je mogo\u010de modele razstaviti, uporabniki pa lahko dele ENGINO preoblikujejo, da razvijejo lastne ideje. Bogastvo funkcij spro\u0161\u010da ustvarjalnost in domi\u0161ljijo ter ponuja vrhunski gradbeni izziv.<\/p>\n<p>Novi kompleti MEGA BUILDS so vrhunske kakovosti in so na voljo v velikih plasti\u010dnih posodah za varno shranjevanje delov. Otroci lahko v te plasti\u010dne posode dodajo ve\u010d delov kot v druge komplete ENGINO, ki jih imajo.<\/p>\n<p>Zaradi velikosti in kompleksnosti modelov so vsa navodila za sestavljanje na voljo v virtualni interaktivni obliki, ki je na voljo prek brezpla\u010dne aplikacije kidCAD za iOS in Android. Prvi \u0161tirje kompleti v seriji vklju\u010dujejo motorizirano Londonsko oko, 1,5 metra visok Eifflov stolp, vesoljsko plovilo Nasa Challenger z izstrelitvenimi raketami in helikopter z dvojnimi motorji in prestavami.<\/p>","protected":false},"excerpt":{"rendered":"<p>Po velikem uspehu modelov Discovering Mega je bila razvita nova posebna serija za najbolj navdu\u0161ene uporabnike ENGINO, ki \u017eelijo sestaviti velik model MEGA in ga imeti na stalni razstavi.<\/p>","protected":false},"featured_media":5452,"comment_status":"open","ping_status":"closed","template":"","meta":{"site-sidebar-layout":"default","site-content-layout":"","ast-site-content-layout":"default","site-content-style":"default","site-sidebar-style":"default","ast-global-header-display":"","ast-banner-title-visibility":"","ast-main-header-display":"","ast-hfb-above-header-display":"","ast-hfb-below-header-display":"","ast-hfb-mobile-header-display":"","site-post-title":"","ast-breadcrumbs-content":"","ast-featured-img":"","footer-sml-layout":"","ast-disable-related-posts":"","theme-transparent-header-meta":"default","adv-header-id-meta":"","stick-header-meta":"","header-above-stick-meta":"","header-main-stick-meta":"","header-below-stick-meta":"","astra-migrate-meta-layouts":"set","ast-page-background-enabled":"default","ast-page-background-meta":{"desktop":{"background-color":"var(--ast-global-color-5)","background-image":"","background-repeat":"repeat","background-position":"center center","background-size":"auto","background-attachment":"scroll","background-type":"","background-media":"","overlay-type":"","overlay-color":"","overlay-opacity":"","overlay-gradient":""},"tablet":{"background-color":"","background-image":"","background-repeat":"repeat","background-position":"center center","background-size":"auto","background-attachment":"scroll","background-type":"","background-media":"","overlay-type":"","overlay-color":"","overlay-opacity":"","overlay-gradient":""},"mobile":{"background-color":"","background-image":"","background-repeat":"repeat","background-position":"center center","background-size":"auto","background-attachment":"scroll","background-type":"","background-media":"","overlay-type":"","overlay-color":"","overlay-opacity":"","overlay-gradient":""}},"ast-content-background-meta":{"desktop":{"background-color":"var(--ast-global-color-4)","background-image":"","background-repeat":"repeat","background-position":"center center","background-size":"auto","background-attachment":"scroll","background-type":"","background-media":"","overlay-type":"","overlay-color":"","overlay-opacity":"","overlay-gradient":""},"tablet":{"background-color":"var(--ast-global-color-4)","background-image":"","background-repeat":"repeat","background-position":"center center","background-size":"auto","background-attachment":"scroll","background-type":"","background-media":"","overlay-type":"","overlay-color":"","overlay-opacity":"","overlay-gradient":""},"mobile":{"background-color":"var(--ast-global-color-4)","background-image":"","background-repeat":"repeat","background-position":"center center","background-size":"auto","background-attachment":"scroll","background-type":"","background-media":"","overlay-type":"","overlay-color":"","overlay-opacity":"","overlay-gradient":""}}},"product_brand":[95],"product_cat":[43,44,38,29,32,57,35,40,59,58],"product_tag":[],"class_list":{"0":"post-6641","1":"product","2":"type-product","3":"status-publish","4":"has-post-thumbnail","6":"product_brand-engino","7":"product_cat-43","8":"product_cat-44","9":"product_cat-38","10":"product_cat-29","11":"product_cat-32","12":"product_cat-57","13":"product_cat--10-12-","14":"product_cat--12-","15":"product_cat-59","16":"product_cat-58","17":"desktop-align-left","18":"tablet-align-left","19":"mobile-align-left","21":"first","22":"instock","23":"taxable","24":"shipping-taxable","25":"purchasable","26":"product-type-simple"},"_links":{"self":[{"href":"https:\/\/stem-eshop.gr\/sl\/wp-json\/wp\/v2\/product\/6641","targetHints":{"allow":["GET"]}}],"collection":[{"href":"https:\/\/stem-eshop.gr\/sl\/wp-json\/wp\/v2\/product"}],"about":[{"href":"https:\/\/stem-eshop.gr\/sl\/wp-json\/wp\/v2\/types\/product"}],"replies":[{"embeddable":true,"href":"https:\/\/stem-eshop.gr\/sl\/wp-json\/wp\/v2\/comments?post=6641"}],"wp:featuredmedia":[{"embeddable":true,"href":"https:\/\/stem-eshop.gr\/sl\/wp-json\/wp\/v2\/media\/5452"}],"wp:attachment":[{"href":"https:\/\/stem-eshop.gr\/sl\/wp-json\/wp\/v2\/media?parent=6641"}],"wp:term":[{"taxonomy":"product_brand","embeddable":true,"href":"https:\/\/stem-eshop.gr\/sl\/wp-json\/wp\/v2\/product_brand?post=6641"},{"taxonomy":"product_cat","embeddable":true,"href":"https:\/\/stem-eshop.gr\/sl\/wp-json\/wp\/v2\/product_cat?post=6641"},{"taxonomy":"product_tag","embeddable":true,"href":"https:\/\/stem-eshop.gr\/sl\/wp-json\/wp\/v2\/product_tag?post=6641"}],"curies":[{"name":"wp","href":"https:\/\/api.w.org\/{rel}","templated":true}]}}