{"id":6633,"date":"2025-05-19T08:30:46","date_gmt":"2025-05-19T08:30:46","guid":{"rendered":"https:\/\/stem-eshop.gr\/product\/creative-engineering-20-in-1-maker-master\/"},"modified":"2026-02-03T10:25:50","modified_gmt":"2026-02-03T07:25:50","slug":"creative-engineering-20-in-1-maker-master","status":"publish","type":"product","link":"https:\/\/stem-eshop.gr\/sl\/izdelek\/creative-engineering-20-in-1-maker-master\/","title":{"rendered":"KREATIVNI IN\u017dENIRING 20 v 1 MAJSTER IZDELOVALNIKA"},"content":{"rendered":"<p>Vsak komplet je dobavljen v plasti\u010dni posodi za enostavno shranjevanje in nadaljnjo uporabo. Komplet \u00bbMaker Junior\u00ab je namenjen pred\u0161olskim otrokom, starim od 4 do 6 let, in uporablja nagrajeni sistem Qboidz\u00ae, medtem ko je \u00bbMaker Master\u00ab idealna re\u0161itev za otroke, stare od 7 do 12 let+. Kompleti \u00bbMaker Master\u00ab se za\u010dnejo s posodo \u00bb20 modelov v 1\u00ab in se stopnjujejo po kompleksnosti in ustvarjalnem potencialu s posodo \u00bb60 modelov v 1\u00ab, ki vklju\u010duje tudi motorizirano upravljanje.<\/p>\n<p>\u010ceprav je sistem ENGINO\u00ae primeren za fante in dekleta, je na voljo tudi posebna razli\u010dica z imenom \u00bbMaker Girl\u00ab, namenjena aktivnej\u0161emu vklju\u010devanju deklet v STEM.<\/p>","protected":false},"excerpt":{"rendered":"<p>Nova serija CREATIVE ENGINEERING je najkompaktnej\u0161a predstavitev sistema ENGINO\u00ae, idealna za spletne trgovine, saj prihrani prostor pri shranjevanju in zmanj\u0161a stro\u0161ke prevoza. V teh kompletih so zdru\u017eeni najbolj priljubljeni modeli iz tradicionalne serije ENGINO\u00ae, kar otrokom daje prilo\u017enost, da postanejo mladi in\u017eenirji in izumitelji. Serija daje poseben poudarek ustvarjalnosti, saj omogo\u010da izdelavo ve\u010d modelov iz istega kompleta. Modeli imajo vsebino STEMIFIED\u2122, ki aktivira novo, pedago\u0161ko napredno digitalno gradivo, ki zajema osnovna na\u010dela STEM s teorijo in eksperimentalnimi dejavnostmi.<\/p>","protected":false},"featured_media":4576,"comment_status":"open","ping_status":"closed","template":"","meta":{"site-sidebar-layout":"default","site-content-layout":"","ast-site-content-layout":"default","site-content-style":"default","site-sidebar-style":"default","ast-global-header-display":"","ast-banner-title-visibility":"","ast-main-header-display":"","ast-hfb-above-header-display":"","ast-hfb-below-header-display":"","ast-hfb-mobile-header-display":"","site-post-title":"","ast-breadcrumbs-content":"","ast-featured-img":"","footer-sml-layout":"","ast-disable-related-posts":"","theme-transparent-header-meta":"","adv-header-id-meta":"","stick-header-meta":"","header-above-stick-meta":"","header-main-stick-meta":"","header-below-stick-meta":"","astra-migrate-meta-layouts":"default","ast-page-background-enabled":"default","ast-page-background-meta":{"desktop":{"background-color":"var(--ast-global-color-5)","background-image":"","background-repeat":"repeat","background-position":"center center","background-size":"auto","background-attachment":"scroll","background-type":"","background-media":"","overlay-type":"","overlay-color":"","overlay-opacity":"","overlay-gradient":""},"tablet":{"background-color":"","background-image":"","background-repeat":"repeat","background-position":"center center","background-size":"auto","background-attachment":"scroll","background-type":"","background-media":"","overlay-type":"","overlay-color":"","overlay-opacity":"","overlay-gradient":""},"mobile":{"background-color":"","background-image":"","background-repeat":"repeat","background-position":"center center","background-size":"auto","background-attachment":"scroll","background-type":"","background-media":"","overlay-type":"","overlay-color":"","overlay-opacity":"","overlay-gradient":""}},"ast-content-background-meta":{"desktop":{"background-color":"var(--ast-global-color-4)","background-image":"","background-repeat":"repeat","background-position":"center center","background-size":"auto","background-attachment":"scroll","background-type":"","background-media":"","overlay-type":"","overlay-color":"","overlay-opacity":"","overlay-gradient":""},"tablet":{"background-color":"var(--ast-global-color-4)","background-image":"","background-repeat":"repeat","background-position":"center center","background-size":"auto","background-attachment":"scroll","background-type":"","background-media":"","overlay-type":"","overlay-color":"","overlay-opacity":"","overlay-gradient":""},"mobile":{"background-color":"var(--ast-global-color-4)","background-image":"","background-repeat":"repeat","background-position":"center center","background-size":"auto","background-attachment":"scroll","background-type":"","background-media":"","overlay-type":"","overlay-color":"","overlay-opacity":"","overlay-gradient":""}}},"product_brand":[95],"product_cat":[43,39,52,29,32,57,35,30,59],"product_tag":[],"class_list":{"0":"post-6633","1":"product","2":"type-product","3":"status-publish","4":"has-post-thumbnail","6":"product_brand-engino","7":"product_cat-43","8":"product_cat-39","9":"product_cat-52","10":"product_cat-29","11":"product_cat-32","12":"product_cat-57","13":"product_cat--10-12-","14":"product_cat--6-9-","15":"product_cat-59","16":"desktop-align-left","17":"tablet-align-left","18":"mobile-align-left","20":"first","21":"instock","22":"taxable","23":"shipping-taxable","24":"purchasable","25":"product-type-simple"},"_links":{"self":[{"href":"https:\/\/stem-eshop.gr\/sl\/wp-json\/wp\/v2\/product\/6633","targetHints":{"allow":["GET"]}}],"collection":[{"href":"https:\/\/stem-eshop.gr\/sl\/wp-json\/wp\/v2\/product"}],"about":[{"href":"https:\/\/stem-eshop.gr\/sl\/wp-json\/wp\/v2\/types\/product"}],"replies":[{"embeddable":true,"href":"https:\/\/stem-eshop.gr\/sl\/wp-json\/wp\/v2\/comments?post=6633"}],"wp:featuredmedia":[{"embeddable":true,"href":"https:\/\/stem-eshop.gr\/sl\/wp-json\/wp\/v2\/media\/4576"}],"wp:attachment":[{"href":"https:\/\/stem-eshop.gr\/sl\/wp-json\/wp\/v2\/media?parent=6633"}],"wp:term":[{"taxonomy":"product_brand","embeddable":true,"href":"https:\/\/stem-eshop.gr\/sl\/wp-json\/wp\/v2\/product_brand?post=6633"},{"taxonomy":"product_cat","embeddable":true,"href":"https:\/\/stem-eshop.gr\/sl\/wp-json\/wp\/v2\/product_cat?post=6633"},{"taxonomy":"product_tag","embeddable":true,"href":"https:\/\/stem-eshop.gr\/sl\/wp-json\/wp\/v2\/product_tag?post=6633"}],"curies":[{"name":"wp","href":"https:\/\/api.w.org\/{rel}","templated":true}]}}