{"id":6590,"date":"2025-05-19T08:15:04","date_gmt":"2025-05-19T08:15:04","guid":{"rendered":"https:\/\/stem-eshop.gr\/product\/ngs-%ce%ba%ce%b9%cf%84-%cf%80%ce%b5%ce%b9%cf%81%ce%b1%ce%bc%ce%ac%cf%84%cf%89%ce%bd-%ce%b7%ce%bb%ce%b9%ce%b1%ce%ba%ce%bf%cf%8d-%ce%b5%ce%bb%ce%b9%ce%ba%ce%bf%cf%80%cf%84%ce%ad%cf%81%ce%bf%cf%85\/"},"modified":"2025-05-22T09:16:39","modified_gmt":"2025-05-22T09:16:39","slug":"ngs-%ce%ba%ce%b9%cf%84-%cf%80%ce%b5%ce%b9%cf%81%ce%b1%ce%bc%ce%ac%cf%84%cf%89%ce%bd-%ce%b7%ce%bb%ce%b9%ce%b1%ce%ba%ce%bf%cf%8d-%ce%b5%ce%bb%ce%b9%ce%ba%ce%bf%cf%80%cf%84%ce%ad%cf%81%ce%bf%cf%85","status":"publish","type":"product","link":"https:\/\/stem-eshop.gr\/sl\/izdelek\/ngs-%ce%ba%ce%b9%cf%84-%cf%80%ce%b5%ce%b9%cf%81%ce%b1%ce%bc%ce%ac%cf%84%cf%89%ce%bd-%ce%b7%ce%bb%ce%b9%ce%b1%ce%ba%ce%bf%cf%8d-%ce%b5%ce%bb%ce%b9%ce%ba%ce%bf%cf%80%cf%84%ce%ad%cf%81%ce%bf%cf%85\/","title":{"rendered":"Komplet za eksperimentiranje s son\u010dnim helikopterjem NGS"},"content":{"rendered":"<p>Proizvodnja fotovoltai\u010dne energije temelji na na\u010delu fotovoltai\u010dnega u\u010dinka \u2013 uporabi son\u010dnih celic za neposredno pretvorbo son\u010dne energije v elektri\u010dno energijo.<\/p>\n<p>Ko son\u010dne celice absorbirajo energijo son\u010dne svetlobe, pretvarjajo son\u010dno energijo v elektri\u010dno energijo.<\/p>","protected":false},"excerpt":{"rendered":"<p>Fotovoltai\u010dna proizvodnja energije temelji na na\u010delu fotovoltai\u010dnega u\u010dinka \u2013 uporabi son\u010dnih celic za neposredno pretvorbo son\u010dne energije v elektri\u010dno energijo. Ko son\u010dni paneli absorbirajo energijo son\u010dne svetlobe, jo pretvorijo v elektri\u010dno energijo.<\/p>","protected":false},"featured_media":7675,"comment_status":"open","ping_status":"closed","template":"","meta":{"site-sidebar-layout":"default","site-content-layout":"","ast-site-content-layout":"default","site-content-style":"default","site-sidebar-style":"default","ast-global-header-display":"","ast-banner-title-visibility":"","ast-main-header-display":"","ast-hfb-above-header-display":"","ast-hfb-below-header-display":"","ast-hfb-mobile-header-display":"","site-post-title":"","ast-breadcrumbs-content":"","ast-featured-img":"","footer-sml-layout":"","ast-disable-related-posts":"","theme-transparent-header-meta":"default","adv-header-id-meta":"","stick-header-meta":"","header-above-stick-meta":"","header-main-stick-meta":"","header-below-stick-meta":"","astra-migrate-meta-layouts":"set","ast-page-background-enabled":"default","ast-page-background-meta":{"desktop":{"background-color":"var(--ast-global-color-5)","background-image":"","background-repeat":"repeat","background-position":"center center","background-size":"auto","background-attachment":"scroll","background-type":"","background-media":"","overlay-type":"","overlay-color":"","overlay-opacity":"","overlay-gradient":""},"tablet":{"background-color":"","background-image":"","background-repeat":"repeat","background-position":"center center","background-size":"auto","background-attachment":"scroll","background-type":"","background-media":"","overlay-type":"","overlay-color":"","overlay-opacity":"","overlay-gradient":""},"mobile":{"background-color":"","background-image":"","background-repeat":"repeat","background-position":"center center","background-size":"auto","background-attachment":"scroll","background-type":"","background-media":"","overlay-type":"","overlay-color":"","overlay-opacity":"","overlay-gradient":""}},"ast-content-background-meta":{"desktop":{"background-color":"var(--ast-global-color-4)","background-image":"","background-repeat":"repeat","background-position":"center center","background-size":"auto","background-attachment":"scroll","background-type":"","background-media":"","overlay-type":"","overlay-color":"","overlay-opacity":"","overlay-gradient":""},"tablet":{"background-color":"var(--ast-global-color-4)","background-image":"","background-repeat":"repeat","background-position":"center center","background-size":"auto","background-attachment":"scroll","background-type":"","background-media":"","overlay-type":"","overlay-color":"","overlay-opacity":"","overlay-gradient":""},"mobile":{"background-color":"var(--ast-global-color-4)","background-image":"","background-repeat":"repeat","background-position":"center center","background-size":"auto","background-attachment":"scroll","background-type":"","background-media":"","overlay-type":"","overlay-color":"","overlay-opacity":"","overlay-gradient":""}}},"product_brand":[107],"product_cat":[46,39,38,29,56,32,35,40,30,59,58],"product_tag":[],"class_list":{"0":"post-6590","1":"product","2":"type-product","3":"status-publish","4":"has-post-thumbnail","6":"product_brand-ngs","7":"product_cat-46","8":"product_cat-39","9":"product_cat-38","10":"product_cat-29","11":"product_cat-56","12":"product_cat-32","13":"product_cat--10-12-","14":"product_cat--12-","15":"product_cat--6-9-","16":"product_cat-59","17":"product_cat-58","18":"desktop-align-left","19":"tablet-align-left","20":"mobile-align-left","22":"first","23":"instock","24":"taxable","25":"shipping-taxable","26":"purchasable","27":"product-type-simple"},"_links":{"self":[{"href":"https:\/\/stem-eshop.gr\/sl\/wp-json\/wp\/v2\/product\/6590","targetHints":{"allow":["GET"]}}],"collection":[{"href":"https:\/\/stem-eshop.gr\/sl\/wp-json\/wp\/v2\/product"}],"about":[{"href":"https:\/\/stem-eshop.gr\/sl\/wp-json\/wp\/v2\/types\/product"}],"replies":[{"embeddable":true,"href":"https:\/\/stem-eshop.gr\/sl\/wp-json\/wp\/v2\/comments?post=6590"}],"wp:featuredmedia":[{"embeddable":true,"href":"https:\/\/stem-eshop.gr\/sl\/wp-json\/wp\/v2\/media\/7675"}],"wp:attachment":[{"href":"https:\/\/stem-eshop.gr\/sl\/wp-json\/wp\/v2\/media?parent=6590"}],"wp:term":[{"taxonomy":"product_brand","embeddable":true,"href":"https:\/\/stem-eshop.gr\/sl\/wp-json\/wp\/v2\/product_brand?post=6590"},{"taxonomy":"product_cat","embeddable":true,"href":"https:\/\/stem-eshop.gr\/sl\/wp-json\/wp\/v2\/product_cat?post=6590"},{"taxonomy":"product_tag","embeddable":true,"href":"https:\/\/stem-eshop.gr\/sl\/wp-json\/wp\/v2\/product_tag?post=6590"}],"curies":[{"name":"wp","href":"https:\/\/api.w.org\/{rel}","templated":true}]}}