{"id":6536,"date":"2025-05-19T08:12:05","date_gmt":"2025-05-19T08:12:05","guid":{"rendered":"https:\/\/stem-eshop.gr\/product\/%cf%80%ce%b1%ce%ba%ce%ad%cf%84%ce%bf-%ce%b3%ce%b9%ce%b1-%ce%b2%cf%81%ce%b5%cf%86%ce%b9%ce%ba%cf%8c-%cf%83%cf%84%ce%b1%ce%b8%ce%bc%cf%8c\/"},"modified":"2025-05-24T12:11:48","modified_gmt":"2025-05-24T09:11:48","slug":"%cf%80%ce%b1%ce%ba%ce%ad%cf%84%ce%bf-%ce%b3%ce%b9%ce%b1-%ce%b2%cf%81%ce%b5%cf%86%ce%b9%ce%ba%cf%8c-%cf%83%cf%84%ce%b1%ce%b8%ce%bc%cf%8c","status":"publish","type":"product","link":"https:\/\/stem-eshop.gr\/sl\/izdelek\/%cf%80%ce%b1%ce%ba%ce%ad%cf%84%ce%bf-%ce%b3%ce%b9%ce%b1-%ce%b2%cf%81%ce%b5%cf%86%ce%b9%ce%ba%cf%8c-%cf%83%cf%84%ce%b1%ce%b8%ce%bc%cf%8c\/","title":{"rendered":"Paket za vrtec"},"content":{"rendered":"<p class=\"MsoNormal\">Podrobneje, paket vklju\u010duje:<\/p>\n<p class=\"MsoNormal\">-Lesene izobra\u017eevalne igra\u010de Montessori z ujemajo\u010dimi se geometrijskimi oblikami: te igra\u010de so interaktivna in izobra\u017eevalna orodja, ki zdru\u017eujejo zabavo z u\u010denjem in izbolj\u0161ujejo otrokove spretnosti skozi igro.<\/p>\n<p class=\"MsoNormal\">\n<p class=\"MsoNormal\">- Komplet lesenih izobra\u017eevalnih igra\u010d Montessori 8 v 1 - ve\u010dnamenska \u0161katla: Komplet vsebuje 8 razli\u010dnih izobra\u017eevalnih igra\u010d v eni \u0161katli, ki pokrivajo razli\u010dne vidike otrokovega razvoja. Dejavnosti vklju\u010dujejo: \u017eogo, povezovanje \u017eivali, ribolov, prepoznavanje oblik in barv, formacije in vzorce.<\/p>\n<p class=\"MsoNormal\">\n<p class=\"MsoNormal\">- Komplet lesenih pisanih ropotuljic za dojen\u010dke: Komplet lesenih pisanih ropotuljic za dojen\u010dke je varna izobra\u017eevalna igra\u010da, zasnovana posebej za dojen\u010dke in mal\u010dke. Vklju\u010duje ropotuljice razli\u010dnih oblik.<\/p>\n<p class=\"MsoNormal\">\n<p class=\"MsoNormal\">-Lesena izobra\u017eevalna igra\u010da, aktivnostna tabla: Tabla vsebuje vrsto aktivnosti, vklju\u010dno s sponkami, zadrgami, klju\u010davnicami, stikali in drugimi mehanizmi, ki jih otroci lahko raziskujejo. Te aktivnosti pomagajo razvijati motori\u010dne sposobnosti in logi\u010dno razmi\u0161ljanje.<\/p>","protected":false},"excerpt":{"rendered":"<p>Ta komplet lesenih izobra\u017eevalnih igra\u010d je zasnovan za izbolj\u0161anje otrokovega u\u010denja, saj ponuja zabavne in izobra\u017eevalne dejavnosti, ki spodbujajo razvoj ve\u0161\u010din, kot so logi\u010dno razmi\u0161ljanje, motori\u010dni razvoj, prepoznavanje oblik in barv, usklajeno gibanje in ustvarjalnost. Te igra\u010de so idealne za otroke vseh starosti in zdru\u017eujejo u\u010denje z zabavo.<\/p>","protected":false},"featured_media":6113,"comment_status":"open","ping_status":"closed","template":"","meta":{"site-sidebar-layout":"default","site-content-layout":"","ast-site-content-layout":"default","site-content-style":"default","site-sidebar-style":"default","ast-global-header-display":"","ast-banner-title-visibility":"","ast-main-header-display":"","ast-hfb-above-header-display":"","ast-hfb-below-header-display":"","ast-hfb-mobile-header-display":"","site-post-title":"","ast-breadcrumbs-content":"","ast-featured-img":"","footer-sml-layout":"","ast-disable-related-posts":"","theme-transparent-header-meta":"default","adv-header-id-meta":"","stick-header-meta":"","header-above-stick-meta":"","header-main-stick-meta":"","header-below-stick-meta":"","astra-migrate-meta-layouts":"set","ast-page-background-enabled":"default","ast-page-background-meta":{"desktop":{"background-color":"var(--ast-global-color-5)","background-image":"","background-repeat":"repeat","background-position":"center center","background-size":"auto","background-attachment":"scroll","background-type":"","background-media":"","overlay-type":"","overlay-color":"","overlay-opacity":"","overlay-gradient":""},"tablet":{"background-color":"","background-image":"","background-repeat":"repeat","background-position":"center center","background-size":"auto","background-attachment":"scroll","background-type":"","background-media":"","overlay-type":"","overlay-color":"","overlay-opacity":"","overlay-gradient":""},"mobile":{"background-color":"","background-image":"","background-repeat":"repeat","background-position":"center center","background-size":"auto","background-attachment":"scroll","background-type":"","background-media":"","overlay-type":"","overlay-color":"","overlay-opacity":"","overlay-gradient":""}},"ast-content-background-meta":{"desktop":{"background-color":"var(--ast-global-color-4)","background-image":"","background-repeat":"repeat","background-position":"center center","background-size":"auto","background-attachment":"scroll","background-type":"","background-media":"","overlay-type":"","overlay-color":"","overlay-opacity":"","overlay-gradient":""},"tablet":{"background-color":"var(--ast-global-color-4)","background-image":"","background-repeat":"repeat","background-position":"center center","background-size":"auto","background-attachment":"scroll","background-type":"","background-media":"","overlay-type":"","overlay-color":"","overlay-opacity":"","overlay-gradient":""},"mobile":{"background-color":"var(--ast-global-color-4)","background-image":"","background-repeat":"repeat","background-position":"center center","background-size":"auto","background-attachment":"scroll","background-type":"","background-media":"","overlay-type":"","overlay-color":"","overlay-opacity":"","overlay-gradient":""}}},"product_brand":[],"product_cat":[21,20],"product_tag":[],"class_list":{"0":"post-6536","1":"product","2":"type-product","3":"status-publish","4":"has-post-thumbnail","6":"product_cat-stem--","7":"product_cat-20","8":"desktop-align-left","9":"tablet-align-left","10":"mobile-align-left","12":"first","13":"instock","14":"sale","15":"taxable","16":"shipping-taxable","17":"purchasable","18":"product-type-simple"},"_links":{"self":[{"href":"https:\/\/stem-eshop.gr\/sl\/wp-json\/wp\/v2\/product\/6536","targetHints":{"allow":["GET"]}}],"collection":[{"href":"https:\/\/stem-eshop.gr\/sl\/wp-json\/wp\/v2\/product"}],"about":[{"href":"https:\/\/stem-eshop.gr\/sl\/wp-json\/wp\/v2\/types\/product"}],"replies":[{"embeddable":true,"href":"https:\/\/stem-eshop.gr\/sl\/wp-json\/wp\/v2\/comments?post=6536"}],"wp:featuredmedia":[{"embeddable":true,"href":"https:\/\/stem-eshop.gr\/sl\/wp-json\/wp\/v2\/media\/6113"}],"wp:attachment":[{"href":"https:\/\/stem-eshop.gr\/sl\/wp-json\/wp\/v2\/media?parent=6536"}],"wp:term":[{"taxonomy":"product_brand","embeddable":true,"href":"https:\/\/stem-eshop.gr\/sl\/wp-json\/wp\/v2\/product_brand?post=6536"},{"taxonomy":"product_cat","embeddable":true,"href":"https:\/\/stem-eshop.gr\/sl\/wp-json\/wp\/v2\/product_cat?post=6536"},{"taxonomy":"product_tag","embeddable":true,"href":"https:\/\/stem-eshop.gr\/sl\/wp-json\/wp\/v2\/product_tag?post=6536"}],"curies":[{"name":"wp","href":"https:\/\/api.w.org\/{rel}","templated":true}]}}