{"id":6535,"date":"2025-05-19T08:12:04","date_gmt":"2025-05-19T08:12:04","guid":{"rendered":"https:\/\/stem-eshop.gr\/product\/%cf%80%ce%b1%ce%ba%ce%ad%cf%84%ce%bf-%cf%86%cf%85%cf%83%ce%b9%ce%ba%ce%ac-%cf%83%cf%84-%ce%b4%ce%b7%ce%bc%ce%bf%cf%84%ce%b9%ce%ba%ce%bf%cf%8d\/"},"modified":"2025-05-24T12:11:18","modified_gmt":"2025-05-24T09:11:18","slug":"%cf%80%ce%b1%ce%ba%ce%ad%cf%84%ce%bf-%cf%86%cf%85%cf%83%ce%b9%ce%ba%ce%ac-%cf%83%cf%84-%ce%b4%ce%b7%ce%bc%ce%bf%cf%84%ce%b9%ce%ba%ce%bf%cf%8d","status":"publish","type":"product","link":"https:\/\/stem-eshop.gr\/sl\/izdelek\/%cf%80%ce%b1%ce%ba%ce%ad%cf%84%ce%bf-%cf%86%cf%85%cf%83%ce%b9%ce%ba%ce%ac-%cf%83%cf%84-%ce%b4%ce%b7%ce%bc%ce%bf%cf%84%ce%b9%ce%ba%ce%bf%cf%8d\/","title":{"rendered":"Naravoslovni paket za 6. razred"},"content":{"rendered":"<p>Tukaj je opis za vsako kategorijo.<\/p>\n<p>1. ENERGIJA<\/p>\n<p>Son\u010dna energija 2.0: Izdelava son\u010dne celice, ki pretvarja son\u010dno energijo v elektri\u010dno energijo in poganja motor.<\/p>\n<p>Konstrukcija vetrnih turbin: Ujemanje vetra in njegova pretvorba v elektri\u010dno energijo.<\/p>\n<p>Konstrukcija vodne \u010drpalke na son\u010dno energijo: \u010crpanje vode s pomo\u010djo son\u010dne energije.<\/p>\n<p>2. TOPLOTNA TEMPERATURA<\/p>\n<p>Poskus z vremenskimi pojavi: Razumevanje nastanka vremenskih pojavov in u\u010dinkov tople grede, strel, oblakov itd.<\/p>\n<p>Komplet za aerodinamiko avtomobila NGS: Za pogon avtomobila uporablja stisnjen zrak, s poudarkom na toploti in tlaku.<\/p>\n<p>3. EMBI-AVIA<\/p>\n<p>Moj prvi mikroskop: Opazujte mikrosvet okoli sebe s 150-kratno pove\u010davo, odkrivajte cvetni prah, liste, kristale soli in druge majhne podrobnosti.<\/p>\n<p>4. RASTLINE<\/p>\n<p>Vzgojite labirint: Razi\u0161\u010dite rast rastlin skozi labirint in se nau\u010dite o fiziologiji rastlin.<\/p>\n<p>Naravni rastlinjak: Ustvarite svoj naravni rastlinjak, da boste razumeli ekolo\u0161ko kmetovanje.<\/p>\n<p>5. \u017dIVALI<\/p>\n<p>\u017divali BrainBox: Razi\u0161\u010dite \u017eivalsko kraljestvo z zabavno dru\u017eabno igro spomina s 600 vpra\u0161anji o \u017eivalih.<\/p>\n<p>6. EKOSISTEM<\/p>\n<p>BrainBox Ecosystems: Razi\u0161\u010dite svetovno floro in favno s slikami in informacijami o naravnih ekosistemih.<\/p>\n<p>7. DIHALA IN OBTO\u010cILNI SISTEM<\/p>\n<p>Anatomska sestavljanka \u010dlove\u0161kega telesa: Pou\u010duje anatomijo \u010dlove\u0161kega telesa s snemljivimi sestavljankami in predstavitvijo telesnih organov.<\/p>\n<p>8. ELEKTROMAGNETIZEM<\/p>\n<p>NGS Elektromagnetno nihanje: Poskus za razumevanje elektromagnetnega nihanja.<\/p>\n<p>Komplet elektromagnetnih vezij NGS: Konstrukcija in razumevanje elektromagnetnih vezij.<\/p>\n<p>Gigo Elektrika in magnetizem: Popoln komplet za raziskovanje elektrike in magnetizma s poskusi.<\/p>\n<p>9. SVETLOBA<\/p>\n<p>NGS laserski odboj: Razi\u0161\u010dite odboj laserske svetlobe.<\/p>\n<p>10. KISLINE-BAZE-SOLI<\/p>\n<p>Znanstveni komplet NGS s 30 laboratorijskimi poskusi: Poskusi za razumevanje kislin, baz in soli.<\/p>\n<p>11. NALEZLJIVE BOLEZNI<\/p>\n<p>Igra spomina o zdravju in higieni: Izobra\u017eevalna igra o higieni in prepre\u010devanju nalezljivih bolezni.<\/p>\n<p>12. REPRODUKTIVNI SISTEM<\/p>\n<p>Model \u010dlove\u0161kih organov NGS: Izobra\u017eevalni model za razumevanje \u010dlove\u0161kega reproduktivnega sistema.<\/p>\n<p>Ta paket zajema \u0161irok spekter znanstvenih podro\u010dij, od fizike in kemije do biologije in anatomije, ter otrokom ponuja zabavne in pou\u010dne na\u010dine spoznavanja sveta okoli sebe.<\/p>","protected":false},"excerpt":{"rendered":"<p>Ta paket vklju\u010duje razli\u010dne izobra\u017eevalne igre in dejavnosti, ki zajemajo \u0161tevilne znanstvene koncepte, od energije in temperature do biologije in anatomije \u010dlove\u0161kega telesa.<\/p>","protected":false},"featured_media":6110,"comment_status":"open","ping_status":"closed","template":"","meta":{"site-sidebar-layout":"default","site-content-layout":"","ast-site-content-layout":"default","site-content-style":"default","site-sidebar-style":"default","ast-global-header-display":"","ast-banner-title-visibility":"","ast-main-header-display":"","ast-hfb-above-header-display":"","ast-hfb-below-header-display":"","ast-hfb-mobile-header-display":"","site-post-title":"","ast-breadcrumbs-content":"","ast-featured-img":"","footer-sml-layout":"","ast-disable-related-posts":"","theme-transparent-header-meta":"default","adv-header-id-meta":"","stick-header-meta":"","header-above-stick-meta":"","header-main-stick-meta":"","header-below-stick-meta":"","astra-migrate-meta-layouts":"set","ast-page-background-enabled":"default","ast-page-background-meta":{"desktop":{"background-color":"var(--ast-global-color-5)","background-image":"","background-repeat":"repeat","background-position":"center center","background-size":"auto","background-attachment":"scroll","background-type":"","background-media":"","overlay-type":"","overlay-color":"","overlay-opacity":"","overlay-gradient":""},"tablet":{"background-color":"","background-image":"","background-repeat":"repeat","background-position":"center center","background-size":"auto","background-attachment":"scroll","background-type":"","background-media":"","overlay-type":"","overlay-color":"","overlay-opacity":"","overlay-gradient":""},"mobile":{"background-color":"","background-image":"","background-repeat":"repeat","background-position":"center center","background-size":"auto","background-attachment":"scroll","background-type":"","background-media":"","overlay-type":"","overlay-color":"","overlay-opacity":"","overlay-gradient":""}},"ast-content-background-meta":{"desktop":{"background-color":"var(--ast-global-color-4)","background-image":"","background-repeat":"repeat","background-position":"center center","background-size":"auto","background-attachment":"scroll","background-type":"","background-media":"","overlay-type":"","overlay-color":"","overlay-opacity":"","overlay-gradient":""},"tablet":{"background-color":"var(--ast-global-color-4)","background-image":"","background-repeat":"repeat","background-position":"center center","background-size":"auto","background-attachment":"scroll","background-type":"","background-media":"","overlay-type":"","overlay-color":"","overlay-opacity":"","overlay-gradient":""},"mobile":{"background-color":"var(--ast-global-color-4)","background-image":"","background-repeat":"repeat","background-position":"center center","background-size":"auto","background-attachment":"scroll","background-type":"","background-media":"","overlay-type":"","overlay-color":"","overlay-opacity":"","overlay-gradient":""}}},"product_brand":[],"product_cat":[21,20],"product_tag":[],"class_list":{"0":"post-6535","1":"product","2":"type-product","3":"status-publish","4":"has-post-thumbnail","6":"product_cat-stem--","7":"product_cat-20","8":"desktop-align-left","9":"tablet-align-left","10":"mobile-align-left","12":"first","13":"instock","14":"sale","15":"taxable","16":"shipping-taxable","17":"purchasable","18":"product-type-simple"},"_links":{"self":[{"href":"https:\/\/stem-eshop.gr\/sl\/wp-json\/wp\/v2\/product\/6535","targetHints":{"allow":["GET"]}}],"collection":[{"href":"https:\/\/stem-eshop.gr\/sl\/wp-json\/wp\/v2\/product"}],"about":[{"href":"https:\/\/stem-eshop.gr\/sl\/wp-json\/wp\/v2\/types\/product"}],"replies":[{"embeddable":true,"href":"https:\/\/stem-eshop.gr\/sl\/wp-json\/wp\/v2\/comments?post=6535"}],"wp:featuredmedia":[{"embeddable":true,"href":"https:\/\/stem-eshop.gr\/sl\/wp-json\/wp\/v2\/media\/6110"}],"wp:attachment":[{"href":"https:\/\/stem-eshop.gr\/sl\/wp-json\/wp\/v2\/media?parent=6535"}],"wp:term":[{"taxonomy":"product_brand","embeddable":true,"href":"https:\/\/stem-eshop.gr\/sl\/wp-json\/wp\/v2\/product_brand?post=6535"},{"taxonomy":"product_cat","embeddable":true,"href":"https:\/\/stem-eshop.gr\/sl\/wp-json\/wp\/v2\/product_cat?post=6535"},{"taxonomy":"product_tag","embeddable":true,"href":"https:\/\/stem-eshop.gr\/sl\/wp-json\/wp\/v2\/product_tag?post=6535"}],"curies":[{"name":"wp","href":"https:\/\/api.w.org\/{rel}","templated":true}]}}