{"id":6533,"date":"2025-05-19T08:12:03","date_gmt":"2025-05-19T08:12:03","guid":{"rendered":"https:\/\/stem-eshop.gr\/product\/%cf%80%ce%b1%ce%ba%ce%ad%cf%84%ce%bf-%ce%b3%ce%b9%ce%b1-%cf%84%ce%b7%ce%bd-%ce%b5-%ce%b4%ce%b7%ce%bc%ce%bf%cf%84%ce%b9%ce%ba%ce%bf%cf%8d\/"},"modified":"2025-05-22T07:55:54","modified_gmt":"2025-05-22T07:55:54","slug":"%cf%80%ce%b1%ce%ba%ce%ad%cf%84%ce%bf-%ce%b3%ce%b9%ce%b1-%cf%84%ce%b7%ce%bd-%ce%b5-%ce%b4%ce%b7%ce%bc%ce%bf%cf%84%ce%b9%ce%ba%ce%bf%cf%8d","status":"publish","type":"product","link":"https:\/\/stem-eshop.gr\/sl\/izdelek\/%cf%80%ce%b1%ce%ba%ce%ad%cf%84%ce%bf-%ce%b3%ce%b9%ce%b1-%cf%84%ce%b7%ce%bd-%ce%b5-%ce%b4%ce%b7%ce%bc%ce%bf%cf%84%ce%b9%ce%ba%ce%bf%cf%8d\/","title":{"rendered":"Paket za 5. razred"},"content":{"rendered":"<p>Paket je idealen za otroke, ki se \u017eelijo u\u010diti skozi poskuse in igre, saj vklju\u010duje:<\/p>\n<ol>\n<li>Laboratorij za u\u010denje in ustvarjanje: Anatomija za velike ume \u2013 Ustvarjanje \u010dlove\u0161ke lobanje in raziskovanje njene notranjosti z resni\u010dnimi modeli.<\/li>\n<li>BrainBox: Matemati\u010dna dru\u017eabna igra \u2013 Zabavna igra za izbolj\u0161anje matemati\u010dnih spretnosti s slikami, ki pomagajo razumeti koncepte, kot so izra\u010duni in geometrija.<\/li>\n<li>Laboratorij za u\u010denje in ustvarjanje: Super kemija \u2013 Eksperimentalni kompleti za raziskovanje kemije z reagenti in epruvetami.<\/li>\n<li>Laboratorij za u\u010denje in ustvarjanje: Elektrika \u2013 Varno ustvarjanje elektronskih vezij.<\/li>\n<li>4M Toys: Prebavni sistem z bren\u010dalom \u2013 Interaktivna dejavnost za spoznavanje \u010dlove\u0161kega prebavnega sistema.<\/li>\n<li>Smarty: Poznam svet \u2013 Namizna igra za odkrivanje geografije sveta.<\/li>\n<li>Makerzoid 200-v-1 Scratch Jr komplet za kodiranje robotov \u2013 Kodiranje robotov in ustvarjanje 200 razli\u010dnih robotskih konstrukcij.<\/li>\n<li>Mehanika: Zobniki in pol\u017easti pogoni \u2013 Izobra\u017eevalna igra, ki razlaga delovanje zobnikov z 12 modeli mehanskih sistemov.<\/li>\n<\/ol>\n<p>Ta paket je idealen za u\u010dence osnovne \u0161ole, saj ponuja obilico prakti\u010dnih orodij za u\u010denje znanstvenih konceptov na prijeten in izkustven na\u010din.<\/p>","protected":false},"excerpt":{"rendered":"<p>Izobra\u017eevalni paket za OSNOVNO \u0160OLO ponuja vrsto izobra\u017eevalnih iger in dejavnosti za male znanstvenike in raziskovalce, katerih cilj je na zabaven in prakti\u010den na\u010din razvijati znanje na podro\u010djih, kot so anatomija, matematika, kemija, elektrika, geografija in in\u017eenirstvo.<\/p>","protected":false},"featured_media":6106,"comment_status":"open","ping_status":"closed","template":"","meta":{"site-sidebar-layout":"default","site-content-layout":"","ast-site-content-layout":"default","site-content-style":"default","site-sidebar-style":"default","ast-global-header-display":"","ast-banner-title-visibility":"","ast-main-header-display":"","ast-hfb-above-header-display":"","ast-hfb-below-header-display":"","ast-hfb-mobile-header-display":"","site-post-title":"","ast-breadcrumbs-content":"","ast-featured-img":"","footer-sml-layout":"","ast-disable-related-posts":"","theme-transparent-header-meta":"default","adv-header-id-meta":"","stick-header-meta":"","header-above-stick-meta":"","header-main-stick-meta":"","header-below-stick-meta":"","astra-migrate-meta-layouts":"set","ast-page-background-enabled":"default","ast-page-background-meta":{"desktop":{"background-color":"var(--ast-global-color-5)","background-image":"","background-repeat":"repeat","background-position":"center center","background-size":"auto","background-attachment":"scroll","background-type":"","background-media":"","overlay-type":"","overlay-color":"","overlay-opacity":"","overlay-gradient":""},"tablet":{"background-color":"","background-image":"","background-repeat":"repeat","background-position":"center center","background-size":"auto","background-attachment":"scroll","background-type":"","background-media":"","overlay-type":"","overlay-color":"","overlay-opacity":"","overlay-gradient":""},"mobile":{"background-color":"","background-image":"","background-repeat":"repeat","background-position":"center center","background-size":"auto","background-attachment":"scroll","background-type":"","background-media":"","overlay-type":"","overlay-color":"","overlay-opacity":"","overlay-gradient":""}},"ast-content-background-meta":{"desktop":{"background-color":"var(--ast-global-color-4)","background-image":"","background-repeat":"repeat","background-position":"center center","background-size":"auto","background-attachment":"scroll","background-type":"","background-media":"","overlay-type":"","overlay-color":"","overlay-opacity":"","overlay-gradient":""},"tablet":{"background-color":"var(--ast-global-color-4)","background-image":"","background-repeat":"repeat","background-position":"center center","background-size":"auto","background-attachment":"scroll","background-type":"","background-media":"","overlay-type":"","overlay-color":"","overlay-opacity":"","overlay-gradient":""},"mobile":{"background-color":"var(--ast-global-color-4)","background-image":"","background-repeat":"repeat","background-position":"center center","background-size":"auto","background-attachment":"scroll","background-type":"","background-media":"","overlay-type":"","overlay-color":"","overlay-opacity":"","overlay-gradient":""}}},"product_brand":[],"product_cat":[21,20],"product_tag":[],"class_list":{"0":"post-6533","1":"product","2":"type-product","3":"status-publish","4":"has-post-thumbnail","6":"product_cat-stem--","7":"product_cat-20","8":"desktop-align-left","9":"tablet-align-left","10":"mobile-align-left","12":"first","13":"instock","14":"taxable","15":"shipping-taxable","16":"purchasable","17":"product-type-simple"},"_links":{"self":[{"href":"https:\/\/stem-eshop.gr\/sl\/wp-json\/wp\/v2\/product\/6533","targetHints":{"allow":["GET"]}}],"collection":[{"href":"https:\/\/stem-eshop.gr\/sl\/wp-json\/wp\/v2\/product"}],"about":[{"href":"https:\/\/stem-eshop.gr\/sl\/wp-json\/wp\/v2\/types\/product"}],"replies":[{"embeddable":true,"href":"https:\/\/stem-eshop.gr\/sl\/wp-json\/wp\/v2\/comments?post=6533"}],"wp:featuredmedia":[{"embeddable":true,"href":"https:\/\/stem-eshop.gr\/sl\/wp-json\/wp\/v2\/media\/6106"}],"wp:attachment":[{"href":"https:\/\/stem-eshop.gr\/sl\/wp-json\/wp\/v2\/media?parent=6533"}],"wp:term":[{"taxonomy":"product_brand","embeddable":true,"href":"https:\/\/stem-eshop.gr\/sl\/wp-json\/wp\/v2\/product_brand?post=6533"},{"taxonomy":"product_cat","embeddable":true,"href":"https:\/\/stem-eshop.gr\/sl\/wp-json\/wp\/v2\/product_cat?post=6533"},{"taxonomy":"product_tag","embeddable":true,"href":"https:\/\/stem-eshop.gr\/sl\/wp-json\/wp\/v2\/product_tag?post=6533"}],"curies":[{"name":"wp","href":"https:\/\/api.w.org\/{rel}","templated":true}]}}